{"id":25491,"date":"2026-05-04T15:12:03","date_gmt":"2026-05-04T13:12:03","guid":{"rendered":"https:\/\/us.edu.pl\/szkola-doktorska\/?page_id=25491"},"modified":"2026-05-04T15:16:21","modified_gmt":"2026-05-04T13:16:21","slug":"interdyscyplinarne-badania-nad-struktura-dynamika-i-stabilnoscia-zlozonych-ukladow-molekularnych","status":"publish","type":"page","link":"https:\/\/us.edu.pl\/szkola-doktorska\/en\/interdyscyplinarne-badania-nad-struktura-dynamika-i-stabilnoscia-zlozonych-ukladow-molekularnych\/","title":{"rendered":"(Polski) Interdyscyplinarne badania nad struktur\u0105, dynamik\u0105 i stabilno\u015bci\u0105 z\u0142o\u017conych uk\u0142ad\u00f3w molekularnych"},"content":{"rendered":"<p class=\"qtranxs-available-languages-message qtranxs-available-languages-message-en\">Sorry, this entry is only available in <a href=\"https:\/\/us.edu.pl\/szkola-doktorska\/pl\/wp-json\/wp\/v2\/pages\/25491\" class=\"qtranxs-available-language-link qtranxs-available-language-link-pl\" title=\"Polski\">Polish<\/a>.<\/p>","protected":false},"excerpt":{"rendered":"<p>Sorry, this entry is only available in Polish. [&#8230;]<\/p>\n<p><a class=\"btn btn-secondary understrap-read-more-link\" href=\"https:\/\/us.edu.pl\/szkola-doktorska\/en\/interdyscyplinarne-badania-nad-struktura-dynamika-i-stabilnoscia-zlozonych-ukladow-molekularnych\/\">Read More&#8230;<\/a><\/p>\n","protected":false},"author":205,"featured_media":0,"parent":0,"menu_order":0,"comment_status":"closed","ping_status":"closed","template":"","meta":{"_expiration-date-status":"","_expiration-date":0,"_expiration-date-type":"","_expiration-date-categories":[],"_expiration-date-options":[]},"acf":[],"_links":{"self":[{"href":"https:\/\/us.edu.pl\/szkola-doktorska\/en\/wp-json\/wp\/v2\/pages\/25491"}],"collection":[{"href":"https:\/\/us.edu.pl\/szkola-doktorska\/en\/wp-json\/wp\/v2\/pages"}],"about":[{"href":"https:\/\/us.edu.pl\/szkola-doktorska\/en\/wp-json\/wp\/v2\/types\/page"}],"author":[{"embeddable":true,"href":"https:\/\/us.edu.pl\/szkola-doktorska\/en\/wp-json\/wp\/v2\/users\/205"}],"replies":[{"embeddable":true,"href":"https:\/\/us.edu.pl\/szkola-doktorska\/en\/wp-json\/wp\/v2\/comments?post=25491"}],"version-history":[{"count":0,"href":"https:\/\/us.edu.pl\/szkola-doktorska\/en\/wp-json\/wp\/v2\/pages\/25491\/revisions"}],"wp:attachment":[{"href":"https:\/\/us.edu.pl\/szkola-doktorska\/en\/wp-json\/wp\/v2\/media?parent=25491"}],"curies":[{"name":"wp","href":"https:\/\/api.w.org\/{rel}","templated":true}]}}