{"id":4524,"date":"2021-02-10T14:53:01","date_gmt":"2021-02-10T13:53:01","guid":{"rendered":"https:\/\/us.edu.pl\/szkola-doktorska\/?page_id=4524"},"modified":"2022-02-02T20:42:11","modified_gmt":"2022-02-02T19:42:11","slug":"plan-zajec-semestr-letni-ii-rok-sd","status":"publish","type":"page","link":"https:\/\/us.edu.pl\/szkola-doktorska\/en\/harmonogram-zajec-semestr-letni-2020-2021\/plan-zajec-semestr-letni-ii-rok-sd\/","title":{"rendered":"Schedule of classes &#8211; summer semester &#8211; 2nd year"},"content":{"rendered":"<p>[vc_row][vc_column]\r\n                <div class=\"text-modules \">\r\n                    <div class=\"container\">\r\n                        <h3 class=\"section-title section-title_border-bottom\">Doctoral seminar and tutoring<\/h3> \r\n                        <div class=\"row m-0\">\r\n                            <div class=\"text-modules__content\">\r\n                                Individual courses (seminars, tutoring) are organized as before. The teacher and the PhD student decide jointly about the form of classes and the criteria for obtaining credit. If something needs improvement in USOS &#8211; <a href=\"mailto:agnieszka.filipowska@us.edu.pl\">report it<\/a>.<\/p>\n<p>&nbsp;<\/p>\n<p>More about tutoring: <a href=\"\/szkola-doktorska\/en\/ksztalcenie-indywidualne\/tutoring\/\">expert tutoring in the Doctoral School<\/a> \r\n                                <div class=\"mt-3\"><\/div>\r\n                            <\/div>\r\n                            \r\n                            <div class=\"text-modules__img\"><img src=\"https:\/\/us.edu.pl\/szkola-doktorska\/wp-content\/uploads\/sites\/50\/2019\/11\/apple-256268_1920-300x199.jpg\" alt=\"img\"><\/div>\r\n                        <\/div>\r\n                    <\/div>\r\n                <\/div>[\/vc_column][\/vc_row][vc_row][vc_column]\r\n                <div class=\"text-modules \">\r\n                    <div class=\"container\">\r\n                        <h3 class=\"section-title section-title_border-bottom\">Scientific English<\/h3> <h3 class=\"subtitle text-modules__subtitle\">continuation of the winter semester classes<\/h3>\r\n                        <div class=\"row m-0\">\r\n                            <div class=\"text-modules__content\">\r\n                                Classes are corresponding to their discipline. Studies will be conducted in three-hour blocks from February to April, except for those disciplines in which doctoral students have declared that they prefer regular classes throughout the semester (possible change in agreement with the teacher).<\/p>\n<p>We launched a separate group for PhD students in communication and media studies<\/p>\n<ul style=\"list-style-type: circle\">\n<li>physical sciences, materials engineering &#8211; dr hab. Seweryn Kowalski, prof. U\u015a, dr hab. Zbigniew Dendzik, prof. U\u015a &#8211; Thursday 9: 00-11: 15 from February 25 to April 22<\/li>\n<li>chemical sciences &#8211; dr hab. Tadeusz Pluta, prof. U\u015a &#8211; Thursday 9: 00-11: 15 from February 25 to April 22<\/li>\n<li>biological sciences, earth and environmental sciences &#8211; dr hab. Alexander Betekhtin, prof. U\u015a &#8211; Thursday 9: 00-11: 15 from February 25 to April 22<\/li>\n<li>mathematics, technical informatics &#8211; Dr. Thomas Z\u00fcrcher &#8211; Thursday 17: 00-19: 15 from February 25 to April 22<\/li>\n<li>literary studies, cultural and religious studies &#8211; dr hab. Sonia Front &#8211; Thursday 9: 00-11: 15 from February 25 to April 22<\/li>\n<li>linguistics &#8211; dr hab. Krystyna Warcha\u0142, prof. U\u015a &#8211; Thursday 14: 45-17: 00 from February 25 to April 22<\/li>\n<li>philosophy, history &#8211; dr hab. Piotr Machura &#8211; Thursday 9: 00-11: 15 from February 25 to April 22<\/li>\n<li>law &#8211; Joanna Jakubiec-Bontko &#8211; Thursday 9: 45-11: 15 from February 25 to June 10<\/li>\n<li>education, psychology &#8211; dr Wojciech Kruszelnicki &#8211; Thursday 17: 30-19: 45 from February 25 to April 22<\/li>\n<li>sociology, political science and public administration &#8211; dr Robert Radek &#8211; Thursday 8: 30-10: 45 from February 25 to June 10<\/li>\n<li>communication and Media Studies &#8211; dr Sylwia Szostak &#8211; Thursday 9: 00-11: 15 from February 25 to April 22<\/li>\n<\/ul>\n<p>Classes do not require logging in. \r\n                                <div class=\"mt-3\"><\/div>\r\n                            <\/div>\r\n                            \r\n                            <div class=\"text-modules__img\"><img src=\"https:\/\/us.edu.pl\/szkola-doktorska\/wp-content\/uploads\/sites\/50\/Nieprzypisane\/pexels-pixabay-415071-300x178.jpg\" alt=\"img\"><\/div>\r\n                        <\/div>\r\n                    <\/div>\r\n                <\/div>[\/vc_column][\/vc_row][vc_row][vc_column]\r\n                <div class=\"text-modules \">\r\n                    <div class=\"container\">\r\n                        <h3 class=\"section-title section-title_border-bottom\">Developing scientific papers and critical text analysis<\/h3> \r\n                        <div class=\"row m-0\">\r\n                            <div class=\"text-modules__content\">\r\n                                The course aims to develop a doctoral student&#8217;s writing workshop in writing scientific articles and longer whole, such as a doctoral dissertation or a book. The classes are divided into two parts. In the humanities and social field, one deals with technical and editorial writing skills, the other with creating texts typical of the discipline. The area of science and natural sciences, and engineering and technology &#8211; one is for writing in Polish and the other in English.<\/p>\n<p>Three class hours &#8211; 10 weeks of classes from February 25 to May 6<\/p>\n<p>Groups:<\/p>\n<p>1. the area of \u200b\u200bexact and natural sciences as well as engineering and technical sciences (optional) &#8211; dr hab. Katarzyna Wyrwas, prof. U\u015a, dr Adam Palka &#8211; Thursday 13: 00-15: 15<\/p>\n<p>2. the area of \u200b\u200bexact and natural sciences as well as engineering and technical sciences (optional) &#8211; dr hab. Katarzyna Wyrwas, prof. U\u015a, dr Adam Palka &#8211; Thursday 15:30 &#8211; 17:45<\/p>\n<p>3. literary studies, film and theater arts, theological sciences &#8211; dr hab. Magdalena Zdrada-Cok, prof. U\u015a, dr hab. Alina \u015awie\u015bciak-Fast, prof. U\u015a &#8211; Thursday 11: 30-13: 45<\/p>\n<p>4. culture and religion studies, philosophy, history &#8211; prof. dr hab. Aldona Skudrzyk, dr Maciej Stanek &#8211; Thursday 13: 45-16: 00<\/p>\n<p>5. linguistics &#8211; prof. dr hab. Aldona Skudrzyk, dr hab. Katarzyna Wyrwas, prof. U\u015a Thursday 11: 30-13: 45 (prof. Skudrzyk &#8211; until February 25) \/ Monday 11: 30-13: 45 (prof. Wyrwas &#8211; from April 6)<\/p>\n<p>6. communication and media studies, sociology &#8211; prof. dr hab. Ma\u0142gorzata Kita, dr Sylwia Szostak &#8211; Thursday 11: 30-13: 45<\/p>\n<p>7. law &#8211; prof. dr hab. Ma\u0142gorzata Kita, dr Dorota Kiebzak-Mandera &#8211; Thursday 14: 15-16: 30<\/p>\n<p>8. education, psychology &#8211; prof. dr hab. Ma\u0142gorzata Kita, prof. dr hab. Ewa Jarosz &#8211; Thursdays 11: 30-13: 45<\/p>\n<p>9. political science and public administration &#8211; prof. dr hab. Ma\u0142gorzata Kita, dr hab. Agnieszka Turska-Kawa, prof. U\u015a &#8211; Thursday 11: 30-13: 45<\/p>\n<p>Groups 1 and 2 &#8211; logging in the week preceding the start of the semester<\/p>\n<p>Groups 6, 8 and 9 &#8211; classes with prof. dr hab. Ma\u0142gorzata Kita are held in a common group \r\n                                <div class=\"mt-3\"><\/div>\r\n                            <\/div>\r\n                            \r\n                            <div class=\"text-modules__img\"><img src=\"https:\/\/us.edu.pl\/szkola-doktorska\/wp-content\/uploads\/sites\/50\/Nieprzypisane\/paper-623167_640-300x183.jpg\" alt=\"img\"><\/div>\r\n                        <\/div>\r\n                    <\/div>\r\n                <\/div>[\/vc_column][\/vc_row][vc_row][vc_column]\r\n                <div class=\"text-modules \">\r\n                    <div class=\"container\">\r\n                        <h3 class=\"section-title section-title_border-bottom\">Self-presentation and dissemination of research findings<\/h3> \r\n                        <div class=\"row m-0\">\r\n                            <div class=\"text-modules__content\">\r\n                                Introduce doctoral students to various modern forms of research dissemination and improve the ability to present your research results in popular science.<\/p>\n<p>Classes will be held in the form of workshops &#8211; each doctoral student chooses one group regardless of the discipline. Experiential knowledge scientists conduct the workshops. A detailed offer of each class will be published soon.<\/p>\n<p>At the first meeting &#8211; on Monday, February 22 at 11: 30-14: 30 &#8211; all presenters will present their experiences in the form of short presentations and talk about the diversity of dissemination of knowledge.<\/p>\n<p>Subsequent meetings will be held in predetermined groups:<\/p>\n<p>dr Andrzej Boczarowski &#8211; Monday from 3.30 p.m. for 3 hours<\/p>\n<p>dr Jerzy Jarosz, prof. U\u015a &#8211; Monday from 11:30<\/p>\n<p>dr Marek Kaczmarzyk &#8211; Monday from 9:45<\/p>\n<p>Rados\u0142aw Aksamit, MA &#8211; Monday from 13:45 (first meeting)<\/p>\n<p>Wiktor Niedzicki, MA &#8211; Monday 10: 15-13: 30<\/p>\n<p>Registration for classes will take place in the week preceding the start of classes. \r\n                                <div class=\"mt-3\"><\/div>\r\n                            <\/div>\r\n                            \r\n                            <div class=\"text-modules__img\"><img src=\"https:\/\/us.edu.pl\/szkola-doktorska\/wp-content\/uploads\/sites\/50\/Nieprzypisane\/silhouette-of-person-holding-glass-mason-jar-1274260a-300x200.jpg\" alt=\"img\"><\/div>\r\n                        <\/div>\r\n                    <\/div>\r\n                <\/div>[\/vc_column][\/vc_row]<\/p>","protected":false},"excerpt":{"rendered":"<p>[vc_row][vc_column][\/vc_column][\/vc_row][vc_row][vc_column][\/vc_column][\/vc_row][vc_row][vc_column][\/vc_column][\/vc_row][vc_row][vc_column][\/vc_column][\/vc_row] [&#8230;]<\/p>\n<p><a class=\"btn btn-secondary understrap-read-more-link\" href=\"https:\/\/us.edu.pl\/szkola-doktorska\/en\/harmonogram-zajec-semestr-letni-2020-2021\/plan-zajec-semestr-letni-ii-rok-sd\/\">Read More&#8230;<\/a><\/p>\n","protected":false},"author":42,"featured_media":0,"parent":4541,"menu_order":0,"comment_status":"closed","ping_status":"closed","template":"","meta":{"_expiration-date-status":"saved","_expiration-date":0,"_expiration-date-type":"","_expiration-date-categories":[],"_expiration-date-options":[]},"acf":[],"_links":{"self":[{"href":"https:\/\/us.edu.pl\/szkola-doktorska\/en\/wp-json\/wp\/v2\/pages\/4524"}],"collection":[{"href":"https:\/\/us.edu.pl\/szkola-doktorska\/en\/wp-json\/wp\/v2\/pages"}],"about":[{"href":"https:\/\/us.edu.pl\/szkola-doktorska\/en\/wp-json\/wp\/v2\/types\/page"}],"author":[{"embeddable":true,"href":"https:\/\/us.edu.pl\/szkola-doktorska\/en\/wp-json\/wp\/v2\/users\/42"}],"replies":[{"embeddable":true,"href":"https:\/\/us.edu.pl\/szkola-doktorska\/en\/wp-json\/wp\/v2\/comments?post=4524"}],"version-history":[{"count":9,"href":"https:\/\/us.edu.pl\/szkola-doktorska\/en\/wp-json\/wp\/v2\/pages\/4524\/revisions"}],"predecessor-version":[{"id":6799,"href":"https:\/\/us.edu.pl\/szkola-doktorska\/en\/wp-json\/wp\/v2\/pages\/4524\/revisions\/6799"}],"up":[{"embeddable":true,"href":"https:\/\/us.edu.pl\/szkola-doktorska\/en\/wp-json\/wp\/v2\/pages\/4541"}],"wp:attachment":[{"href":"https:\/\/us.edu.pl\/szkola-doktorska\/en\/wp-json\/wp\/v2\/media?parent=4524"}],"curies":[{"name":"wp","href":"https:\/\/api.w.org\/{rel}","templated":true}]}}