{"id":4675,"date":"2021-03-12T12:49:11","date_gmt":"2021-03-12T11:49:11","guid":{"rendered":"https:\/\/us.edu.pl\/szkola-doktorska\/?page_id=4675"},"modified":"2022-11-08T14:03:28","modified_gmt":"2022-11-08T13:03:28","slug":"prom-procedura-przygotowania-wyjazdu","status":"publish","type":"page","link":"https:\/\/us.edu.pl\/szkola-doktorska\/en\/prom-procedura-przygotowania-wyjazdu\/","title":{"rendered":"PROM &#8211; departure preparation procedure"},"content":{"rendered":"<p>[vc_row][vc_column][vc_row_inner][vc_column_inner]\r\n                <div class=\"text-modules\">\r\n                    <div class=\"container\">\r\n                        <h3 class=\"page-title text__title\">Stage I - Rector's consent<\/h3>\r\n                        <div class=\"text-modules__content\"><p>Until revoke of Level 2 of COVID-19 security, each PhD student and employee must obtain the Rector&#8217;s consent to travel abroad. Therefore, you should:<\/p>\n<p>&nbsp;<\/p>\n<ol>\n<li>Prepare an application addressed to the Vice-Rector through the Department of International Cooperation. The application must include a justification for the trip (e.g., in the context of preparing the doctoral dissertation) and information on epidemiological safety (regarding the country and place to which the trip is planned). Data from the organizer (e.g., about admission to a conference, invitation to an internship, etc.) will add value to the application.<\/li>\n<li>PhD student should deliver the application to the Doctoral School&#8217;s office in person or the form of a scan sent to <a href=\"mailto:diana.pasek@us.edu.pl\">diana.pasek@us.edu.pl<\/a> and <a href=\"mailto:prom@us.edu.pl\">prom@us.edu.pl<\/a>.<\/li>\n<li>After receiving information about the Rector&#8217;s consent (e-mail information from the Department of International Cooperation or the Doctoral School), the following stages can be carried out.<\/li>\n<\/ol>\n<p>\n<\/div>\r\n                    <\/div>\r\n                <\/div>[\/vc_column_inner][\/vc_row_inner][\/vc_column][\/vc_row][vc_row][vc_column]\r\n                <div class=\"text-modules\">\r\n                    <div class=\"container\">\r\n                        <h3 class=\"page-title text__title\">Stage II - travel preparation (data and documents)<\/h3>\r\n                        <div class=\"text-modules__content\"><p>At this stage, you should precisely determine the date of departure and obtain information from the organizer\/host about the possibility of arrival. In the case of conferences and training, it is also about costs. After getting the Rector&#8217;s consent for the trip, the doctoral student sends the following pre-filled documents (in the form of editable files) to the address prom@us.edu.pl or other indicated in the correspondence with the Doctoral School office:<\/p>\n<ul style=\"list-style-type: circle;\">\n<li><a class=\"mtli_attachment mtli_doc mtli_attachment mtli_doc mtli_attachment mtli_doc\" href=\"https:\/\/us.edu.pl\/szkola-doktorska\/wp-content\/uploads\/sites\/50\/Nieprzypisane\/zalacznik_nr_1_-_wniosek_o_wyjazd_za_granice-5.doc\" data-mtli=\"mtli_filesize37850kB\" data-mtli=\"mtli_filesize37850kB\" rel=\"mtli_filesize378,50kB\">zalacznik_nr_1_-_wniosek_o_wyjazd_za_granice (5)<\/a><\/li>\n<li><a class=\"mtli_attachment mtli_docx mtli_attachment mtli_docx mtli_attachment mtli_docx\" href=\"https:\/\/us.edu.pl\/szkola-doktorska\/wp-content\/uploads\/sites\/50\/Nieprzypisane\/zalacznik_nr_3_do_regulaminu_-_zlecenie_platnosci_0.docx\" data-mtli=\"mtli_filesize26995kB\" data-mtli=\"mtli_filesize26995kB\" rel=\"mtli_filesize269,95kB\">zalacznik_nr_3_do_regulaminu_-_zlecenie_platnosci_0<\/a><\/li>\n<li><a class=\"mtli_attachment mtli_xlsx mtli_attachment mtli_xlsx mtli_attachment mtli_xlsx\" href=\"https:\/\/us.edu.pl\/szkola-doktorska\/wp-content\/uploads\/sites\/50\/Nieprzypisane\/dane-do-umowy-data-for-the-agreement.xlsx\" data-mtli=\"mtli_filesize1635kB\" data-mtli=\"mtli_filesize1635kB\" rel=\"mtli_filesize16,35kB\">dane do umowy \u2013 data for the agreement<\/a><\/li>\n<li>confirmation of the organizer\/host about the consent to departure, or verification of the Supervisor about the implementation of the project (in the form of a scan or email)<\/li>\n<\/ul>\n<p>After sending the documents, the Doctoral School office contacts to arrange the meeting&#8217;s date and sign all documents.<\/p>\n<style type=\"text\/css\">a[data-mtli~=\"mtli_filesize37850kB\"]:after {content:\" (378.50 kB)\"}a[data-mtli~=\"mtli_filesize26995kB\"]:after {content:\" (269.95 kB)\"}a[data-mtli~=\"mtli_filesize1635kB\"]:after {content:\" (16.35 kB)\"}<\/style><\/div>\r\n                    <\/div>\r\n                <\/div>[\/vc_column][\/vc_row][vc_row][vc_column]\r\n                <div class=\"text-modules\">\r\n                    <div class=\"container\">\r\n                        <h3 class=\"page-title text__title\">Stage III - signing the documents<\/h3>\r\n                        <div class=\"text-modules__content\"><p>After the doctoral student sends the documents, the office prepares the final documents for signature. An office worker responsible for a given case contacts the doctoral student and arranges the date of signing the papers. At this stage, the doctoral student must come to the Doctoral School&#8217;s office.<\/p>\n<p>The doctoral student brings with him the following printed documents:<\/p>\n<ul>\n<li><a class=\"mtli_attachment mtli_doc mtli_attachment mtli_doc mtli_attachment mtli_doc\" href=\"https:\/\/us.edu.pl\/szkola-doktorska\/wp-content\/uploads\/sites\/50\/Nieprzypisane\/16.10.2020_O%C5%9Bwiadczenie_COVID_WS-1.doc\" rel=\"mtli_filesize26,50kB\">16.10.2020_O\u015bwiadczenie_COVID_WS<\/a><\/li>\n<li><a class=\"mtli_attachment mtli_docx mtli_attachment mtli_docx mtli_attachment mtli_docx\" href=\"https:\/\/us.edu.pl\/szkola-doktorska\/wp-content\/uploads\/sites\/50\/Nieprzypisane\/formularz-zg%C5%82oszeniowy-uczestnika-projektu.docx\" rel=\"mtli_filesize80,05kB\">formularz zg\u0142oszeniowy uczestnika projektu<\/a> (necessarily in color &#8211; if this is not possible &#8211; please send the completed document to the office)<\/li>\n<\/ul>\n<p>The remaining documents, including those sent earlier, are printed by the office.<\/p>\n<\/div>\r\n                    <\/div>\r\n                <\/div>[\/vc_column][\/vc_row][vc_row][vc_column]\r\n                <div class=\"text-modules\">\r\n                    <div class=\"container\">\r\n                        \r\n                        <div class=\"text-modules__content\"><p><img class=\"aligncenter size-large wp-image-466\" src=\"http:\/\/us.edu.pl\/szkola-doktorska\/wp-content\/uploads\/sites\/50\/2019\/11\/logotypy-pl-1024x136.jpg\" alt=\"\" width=\"640\" height=\"85\" srcset=\"https:\/\/us.edu.pl\/szkola-doktorska\/wp-content\/uploads\/sites\/50\/2019\/11\/logotypy-pl.jpg 1024w, https:\/\/us.edu.pl\/szkola-doktorska\/wp-content\/uploads\/sites\/50\/2019\/11\/logotypy-pl-300x40.jpg 300w, https:\/\/us.edu.pl\/szkola-doktorska\/wp-content\/uploads\/sites\/50\/2019\/11\/logotypy-pl-768x102.jpg 768w, https:\/\/us.edu.pl\/szkola-doktorska\/wp-content\/uploads\/sites\/50\/2019\/11\/logotypy-pl-575x76.jpg 575w\" sizes=\"(max-width: 640px) 100vw, 640px\" \/><\/p>\n<p><em><span style=\"font-size: 10pt;\">Program jest wsp\u00f3\u0142finansowany ze \u015brodk\u00f3w Europejskiego Funduszu Spo\u0142ecznego w ramach Programu Operacyjnego Wiedza Edukacja Rozw\u00f3j, projekt pozakonkursowy pt. \u201eMi\u0119dzynarodowa wymiana stypendialna doktorant\u00f3w i kadry akademickiej\u201d, realizowany w ramach Dzia\u0142ania okre\u015blony we wniosku o dofinansowanie projektu nr POWR.03.03.00-00-PN13\/18.<\/span><\/em><\/p>\n<\/div>\r\n                    <\/div>\r\n                <\/div>[\/vc_column][\/vc_row]<\/p>\n<style type=\"text\/css\">a[data-mtli~=\"mtli_filesize37850kB\"]:after {content:\" (378.50 kB)\"}a[data-mtli~=\"mtli_filesize26995kB\"]:after {content:\" (269.95 kB)\"}a[data-mtli~=\"mtli_filesize1635kB\"]:after {content:\" (16.35 kB)\"}a[data-mtli~=\"mtli_filesize2650kB\"]:after {content:\" (26.50 kB)\"}a[data-mtli~=\"mtli_filesize8005kB\"]:after {content:\" (80.05 kB)\"}<\/style>","protected":false},"excerpt":{"rendered":"<p>[vc_row][vc_column][vc_row_inner][vc_column_inner][\/vc_column_inner][\/vc_row_inner][\/vc_column][\/vc_row][vc_row][vc_column][\/vc_column][\/vc_row][vc_row][vc_column][\/vc_column][\/vc_row][vc_row][vc_column][\/vc_column][\/vc_row] [&#8230;]<\/p>\n<p><a class=\"btn btn-secondary understrap-read-more-link\" href=\"https:\/\/us.edu.pl\/szkola-doktorska\/en\/prom-procedura-przygotowania-wyjazdu\/\">Read More&#8230;<\/a><\/p>\n","protected":false},"author":42,"featured_media":0,"parent":0,"menu_order":0,"comment_status":"closed","ping_status":"closed","template":"page-templates\/page-with-sidebar.php","meta":{"_expiration-date-status":"","_expiration-date":0,"_expiration-date-type":"","_expiration-date-categories":[],"_expiration-date-options":[]},"acf":[],"_links":{"self":[{"href":"https:\/\/us.edu.pl\/szkola-doktorska\/en\/wp-json\/wp\/v2\/pages\/4675"}],"collection":[{"href":"https:\/\/us.edu.pl\/szkola-doktorska\/en\/wp-json\/wp\/v2\/pages"}],"about":[{"href":"https:\/\/us.edu.pl\/szkola-doktorska\/en\/wp-json\/wp\/v2\/types\/page"}],"author":[{"embeddable":true,"href":"https:\/\/us.edu.pl\/szkola-doktorska\/en\/wp-json\/wp\/v2\/users\/42"}],"replies":[{"embeddable":true,"href":"https:\/\/us.edu.pl\/szkola-doktorska\/en\/wp-json\/wp\/v2\/comments?post=4675"}],"version-history":[{"count":10,"href":"https:\/\/us.edu.pl\/szkola-doktorska\/en\/wp-json\/wp\/v2\/pages\/4675\/revisions"}],"predecessor-version":[{"id":7727,"href":"https:\/\/us.edu.pl\/szkola-doktorska\/en\/wp-json\/wp\/v2\/pages\/4675\/revisions\/7727"}],"wp:attachment":[{"href":"https:\/\/us.edu.pl\/szkola-doktorska\/en\/wp-json\/wp\/v2\/media?parent=4675"}],"curies":[{"name":"wp","href":"https:\/\/api.w.org\/{rel}","templated":true}]}}