{"id":6207,"date":"2021-10-27T14:52:48","date_gmt":"2021-10-27T12:52:48","guid":{"rendered":"https:\/\/us.edu.pl\/szkola-doktorska\/?page_id=6207"},"modified":"2021-10-27T15:10:49","modified_gmt":"2021-10-27T13:10:49","slug":"projekty-finansowane-ze-srodkow-szkoly-doktorskiej","status":"publish","type":"page","link":"https:\/\/us.edu.pl\/szkola-doktorska\/en\/srodki-na-dzialalnosc-naukowa-doktorantow-2022\/konkurs-dla-doktorantow-srodki-na-dzialalnosc-naukowa\/projekty-finansowane-ze-srodkow-szkoly-doktorskiej\/","title":{"rendered":"Projects financed by the Doctoral School"},"content":{"rendered":"<p>[vc_row][vc_column]\r\n                <div class=\"text-modules\">\r\n                    <div class=\"container\">\r\n                        \r\n                        <div class=\"text-modules__content\"><p>Funds awarded in the competition for the scientific activity of PhD canidates of the Doctoral School &#8211; decision 27 October 2021.<\/p>\n<table width=\"1197\">\n<tbody>\n<tr>\n<td style=\"width: 26.0156px;\">No.<\/td>\n<td style=\"width: 157.125px;\">PhD student<\/td>\n<td style=\"width: 139.109px;\">Scientific discipline<\/td>\n<td style=\"width: 655.547px;\">Name of the research task (in orignal language)<\/td>\n<td style=\"width: 185.203px;\">Funds<\/td>\n<\/tr>\n<tr>\n<td style=\"width: 26.0156px;\">1<\/td>\n<td style=\"width: 157.125px;\">Agata Hofelmajer-Ro\u015b<\/td>\n<td style=\"width: 139.109px;\">culture and religion studies<\/td>\n<td style=\"width: 655.547px;\">Zgromadzenie informacji w obszarze praktyk metodycznych i metodologicznych z zakresu edukacji filmowej skupionej wok\u00f3\u0142 tre\u015bci zwi\u0105zanych z gramatyk\u0105 j\u0119zyka filmowego prowadzonych przez 2 podmioty: dzia\u0142 edukacji Stowarzyszenia Nowe Horyzonty Edukacji Filmowej i Filmotek\u0119 Szkoln\u0105 dzia\u0142aj\u0105c\u0105 w ramach Filmoteki Narodowej &#8211; Instytutu Audiowizualnego.<\/td>\n<td style=\"width: 185.203px;\">1 380,00 z\u0142<\/td>\n<\/tr>\n<tr>\n<td style=\"width: 26.0156px;\">2<\/td>\n<td style=\"width: 157.125px;\">Kamil Wrzeszcz<\/td>\n<td style=\"width: 139.109px;\">culture and religion studies<\/td>\n<td style=\"width: 655.547px;\">Artyku\u0142 do angloj\u0119zycznego czasopisma<\/td>\n<td style=\"width: 185.203px;\">1 000,00 z\u0142<\/td>\n<\/tr>\n<tr>\n<td style=\"width: 26.0156px;\">3<\/td>\n<td style=\"width: 157.125px;\">Karolina Gembara<\/td>\n<td style=\"width: 139.109px;\">film and theatre<\/td>\n<td style=\"width: 655.547px;\">Zakup negatyw\u00f3w \u015bredniego formatu<\/td>\n<td style=\"width: 185.203px;\">2 350,00 z\u0142<\/td>\n<\/tr>\n<tr>\n<td style=\"width: 26.0156px;\">4<\/td>\n<td style=\"width: 157.125px;\">Daniel Stopa<\/td>\n<td style=\"width: 139.109px;\">film and theatre<\/td>\n<td style=\"width: 655.547px;\">Realizacja fina\u0142owej sceny do pe\u0142nometra\u017cowego filmu dokumentalnego pt. &#8220;Kiosk&#8221;<\/td>\n<td style=\"width: 185.203px;\">5 000,00 z\u0142<\/td>\n<\/tr>\n<tr>\n<td style=\"width: 26.0156px;\">5<\/td>\n<td style=\"width: 157.125px;\">Anna Anzorge-Potrzebowska<\/td>\n<td style=\"width: 139.109px;\">history<\/td>\n<td style=\"width: 655.547px;\">Przejawy kultury pami\u0119ci w reprezentatywnych zbiorach monet antycznych<\/td>\n<td style=\"width: 185.203px;\">4 955,00 z\u0142<\/td>\n<\/tr>\n<tr>\n<td style=\"width: 26.0156px;\">6<\/td>\n<td style=\"width: 157.125px;\">Marek Jurkowski<\/td>\n<td style=\"width: 139.109px;\">history<\/td>\n<td style=\"width: 655.547px;\">Ojkonimia eponimiczna Cesarstwa Rzymskiego: mi\u0119dzy uzusem a polityk\u0105 nazewnicz\u0105<\/td>\n<td style=\"width: 185.203px;\">1 340,00 z\u0142<\/td>\n<\/tr>\n<tr>\n<td style=\"width: 26.0156px;\">7<\/td>\n<td style=\"width: 157.125px;\">Pawe\u0142 Golda<\/td>\n<td style=\"width: 139.109px;\">linguistics<\/td>\n<td style=\"width: 655.547px;\">Frazeologia w przek\u0142adzie &#8211; Publikacja naukowa<\/td>\n<td style=\"width: 185.203px;\">500,00 z\u0142<\/td>\n<\/tr>\n<tr>\n<td style=\"width: 26.0156px;\">8<\/td>\n<td style=\"width: 157.125px;\">Judyta M\u0119\u017cyk<\/td>\n<td style=\"width: 139.109px;\">linguistics<\/td>\n<td style=\"width: 655.547px;\">Korekta artyku\u0142u naukowego<\/td>\n<td style=\"width: 185.203px;\">300,00 z\u0142<\/td>\n<\/tr>\n<tr>\n<td style=\"width: 26.0156px;\">9<\/td>\n<td style=\"width: 157.125px;\">B\u0142a\u017cej Wieczorek<\/td>\n<td style=\"width: 139.109px;\">linguistics<\/td>\n<td style=\"width: 655.547px;\">Oszacowanie wp\u0142ywu p\u0142ci osoby na\u015bladowanej na zakres imitacji parametru VOT w j\u0119zyku obcym<\/td>\n<td style=\"width: 185.203px;\">350,00 z\u0142<\/td>\n<\/tr>\n<tr>\n<td style=\"width: 26.0156px;\">10<\/td>\n<td style=\"width: 157.125px;\">Andrzej Juchniewicz<\/td>\n<td style=\"width: 139.109px;\">literary studies<\/td>\n<td style=\"width: 655.547px;\">Kwerenda w celu zinwentaryzowania i zanalizowania r\u0119kopis\u00f3w Erny Rosenstein<\/td>\n<td style=\"width: 185.203px;\">490,00 z\u0142<\/td>\n<\/tr>\n<tr>\n<td style=\"width: 26.0156px;\">11<\/td>\n<td style=\"width: 157.125px;\">Magdalena Krzy\u017canowska<\/td>\n<td style=\"width: 139.109px;\">literary studies<\/td>\n<td style=\"width: 655.547px;\">Badanie p\u0142ci kulturowej w biografiach J. Iwaszkiewicza (udzia\u0142 w seminarium badawczym)<\/td>\n<td style=\"width: 185.203px;\">1 572,76 z\u0142<\/td>\n<\/tr>\n<tr>\n<td style=\"width: 26.0156px;\">12<\/td>\n<td style=\"width: 157.125px;\">Krzysztof Ma\u0142ek<\/td>\n<td style=\"width: 139.109px;\">literary studies<\/td>\n<td style=\"width: 655.547px;\">Wyjazd studyjny do Warszawy<\/td>\n<td style=\"width: 185.203px;\">2 500,00 z\u0142<\/td>\n<\/tr>\n<tr>\n<td style=\"width: 26.0156px;\">13<\/td>\n<td style=\"width: 157.125px;\">Patrycja Prze\u0142ucka<\/td>\n<td style=\"width: 139.109px;\">literary studies<\/td>\n<td style=\"width: 655.547px;\">Artyku\u0142 pt. &#8220;Polish, Italian, French, and Dutch Translations of the Titles of the Discworld Novels by Terry Pratchett: a Study of the Death Novel Subseries&#8221; we wsp\u00f3\u0142autorstwie z Paw\u0142em Golda i Joann\u0105 Gadacz<\/td>\n<td style=\"width: 185.203px;\">500,00 z\u0142<\/td>\n<\/tr>\n<tr>\n<td style=\"width: 26.0156px;\">14<\/td>\n<td style=\"width: 157.125px;\">Pierre Van Cutsem<\/td>\n<td style=\"width: 139.109px;\">literary studies<\/td>\n<td style=\"width: 655.547px;\">Fantastyka okresu modernizmu a fantastyka Stefana Grabi\u0144skiego: por\u00f3wnywanie<\/td>\n<td style=\"width: 185.203px;\">3 323,00 z\u0142<\/td>\n<\/tr>\n<tr>\n<td style=\"width: 26.0156px;\">15<\/td>\n<td style=\"width: 157.125px;\">Jeremiasz Szyndler<\/td>\n<td style=\"width: 139.109px;\">philosophy<\/td>\n<td style=\"width: 655.547px;\">Mi\u0119dzynarodowy sta\u017c i kwerenda 2021\/2022. Udzia\u0142 w mi\u0119dzynarodowym kursie Uniwersytetu w Amsterdamie &#8220;Anthropocene: Ecologies, Tensions, Futures&#8221;<\/td>\n<td style=\"width: 185.203px;\">3 720,00 z\u0142<\/td>\n<\/tr>\n<tr>\n<td style=\"width: 26.0156px;\">16<\/td>\n<td style=\"width: 157.125px;\">Iryna Bodnaruk<\/td>\n<td style=\"width: 139.109px;\">biological sciences<\/td>\n<td style=\"width: 655.547px;\">Biochemiczna charakterystyka bakterii endofitycznych wyizolowanych z ro\u015blin eksponowanych na metale ci\u0119\u017ckie<\/td>\n<td style=\"width: 185.203px;\">4 685,98 z\u0142<\/td>\n<\/tr>\n<tr>\n<td style=\"width: 26.0156px;\">17<\/td>\n<td style=\"width: 157.125px;\">Mateusz Glenszczyk<\/td>\n<td style=\"width: 139.109px;\">biological sciences<\/td>\n<td style=\"width: 655.547px;\">Por\u00f3wnanie wp\u0142ywu homogenat\u00f3w z kokon\u00f3w i jaj paj\u0119czych Parasteatoda tepidariorum na wzrost i rozw\u00f3j drobnoustroj\u00f3w: Escherichia coli oraz Saccharomyces cerevisiae.<\/td>\n<td style=\"width: 185.203px;\">4 968,16 z\u0142<\/td>\n<\/tr>\n<tr>\n<td style=\"width: 26.0156px;\">18<\/td>\n<td style=\"width: 157.125px;\">Hanna Gorol<\/td>\n<td style=\"width: 139.109px;\">biological sciences<\/td>\n<td style=\"width: 655.547px;\">Wykorzystanie transmisyjnej mikroskopii elektronowej (TEM) w analizie wp\u0142ywu bisfenolu A na osobniki krewetki Neocaridina davidi<\/td>\n<td style=\"width: 185.203px;\">5 000,00 z\u0142<\/td>\n<\/tr>\n<tr>\n<td style=\"width: 26.0156px;\">19<\/td>\n<td style=\"width: 157.125px;\">Kamila Malik<\/td>\n<td style=\"width: 139.109px;\">biological sciences<\/td>\n<td style=\"width: 655.547px;\">Przygotowanie materia\u0142u obejmuj\u0105cego wybrane gatunki mszyc z rodzaju Drepanaphis (Hemiptera, Aphidoidea) do skaningowej mikroskopii elektronowej<\/td>\n<td style=\"width: 185.203px;\">2 811,48 z\u0142<\/td>\n<\/tr>\n<tr>\n<td style=\"width: 26.0156px;\">20<\/td>\n<td style=\"width: 157.125px;\">Adrian Mas\u0142owski<\/td>\n<td style=\"width: 139.109px;\">biological sciences<\/td>\n<td style=\"width: 655.547px;\">Wst\u0119pne badania struktur ultramorfologicznych odn\u00f3\u017cy wybranych gatunk\u00f3w pluskwiak\u00f3w\u00a0 z grupy Cimicomorpha (Heteroptera: Insecta) z u\u017cyciem SEM (skaningowego mikroskopu elektronowego).<\/td>\n<td style=\"width: 185.203px;\">1 837,00 z\u0142<\/td>\n<\/tr>\n<tr>\n<td style=\"width: 26.0156px;\">21<\/td>\n<td style=\"width: 157.125px;\">Aleksandra Miernik<\/td>\n<td style=\"width: 139.109px;\">biological sciences<\/td>\n<td style=\"width: 655.547px;\">Wyjazd na sta\u017c naukowy na Uniwersytet im. Adama Mickiewicza w Poznaniu (Zak\u0142ad Taksonomii i Ekologii Owad\u00f3w) w celu poznania technik wprowadzania niesporczak\u00f3w w stan anhydrobiozy<\/td>\n<td style=\"width: 185.203px;\">1 018,00 z\u0142<\/td>\n<\/tr>\n<tr>\n<td style=\"width: 26.0156px;\">22<\/td>\n<td style=\"width: 157.125px;\">Bartosz Og\u0142aza<\/td>\n<td style=\"width: 139.109px;\">biological sciences<\/td>\n<td style=\"width: 655.547px;\">Nauka technik obr\u00f3bki bursztynu i przygotowania inkluzji owadzich do analiz mikroskopowych.<\/td>\n<td style=\"width: 185.203px;\">2 084,00 z\u0142<\/td>\n<\/tr>\n<tr>\n<td style=\"width: 26.0156px;\">23<\/td>\n<td style=\"width: 157.125px;\">Klaudia Peczyk<\/td>\n<td style=\"width: 139.109px;\">biological sciences<\/td>\n<td style=\"width: 655.547px;\">Oznaczanie toksyczno\u015bci w\u0119glowodor\u00f3w wobec bakterii<\/td>\n<td style=\"width: 185.203px;\">1 820,00 z\u0142<\/td>\n<\/tr>\n<tr>\n<td style=\"width: 26.0156px;\">24<\/td>\n<td style=\"width: 157.125px;\">Ewa Pierzcha\u0142a<\/td>\n<td style=\"width: 139.109px;\">biological sciences<\/td>\n<td style=\"width: 655.547px;\">Badania fenologii nietoperzy \u015brodowisk miejskich \u2013 nagrania g\u0142os\u00f3w nietoperzy na wytypowanych stanowiskach; Mikro i makroskalowe badania u\u017cytkowania przestrzeni miejskiej przez nietoperze w zale\u017cno\u015bci od stopnia zurbanizowania<\/td>\n<td style=\"width: 185.203px;\">1 415,00 z\u0142<\/td>\n<\/tr>\n<tr>\n<td style=\"width: 26.0156px;\">25<\/td>\n<td style=\"width: 157.125px;\">Dominika Ra\u015b<\/td>\n<td style=\"width: 139.109px;\">biological sciences<\/td>\n<td style=\"width: 655.547px;\">Optymalizacja serologicznych metod diagnostycznych s\u0142u\u017c\u0105cych do rozpoznawania zaka\u017ce\u0144 bakteriami z rodzaju Bartonella.<\/td>\n<td style=\"width: 185.203px;\">5 000,00 z\u0142<\/td>\n<\/tr>\n<tr>\n<td style=\"width: 26.0156px;\">26<\/td>\n<td style=\"width: 157.125px;\">Anna Romaniak-Janusz<\/td>\n<td style=\"width: 139.109px;\">biological sciences<\/td>\n<td style=\"width: 655.547px;\">Poznanie cech diagnostycznych i ewolucyjnych rodzin pluskwiak\u00f3w z grupy Fulgoromorpha (Hemiptera: Insecta) oraz ich specjalizacji troficznej.<\/td>\n<td style=\"width: 185.203px;\">768,00 z\u0142<\/td>\n<\/tr>\n<tr>\n<td style=\"width: 26.0156px;\">27<\/td>\n<td style=\"width: 157.125px;\">Ewa Szwajczak<\/td>\n<td style=\"width: 139.109px;\">biological sciences<\/td>\n<td style=\"width: 655.547px;\">Opracowanie procedur badawczych dla ro\u015blin uprawnych i dziko rosn\u0105cych w warunkach ex situ<\/td>\n<td style=\"width: 185.203px;\">5 000,00 z\u0142<\/td>\n<\/tr>\n<tr>\n<td style=\"width: 26.0156px;\">28<\/td>\n<td style=\"width: 157.125px;\">Joanna Zyga\u0142a<\/td>\n<td style=\"width: 139.109px;\">biological sciences<\/td>\n<td style=\"width: 655.547px;\">Przygotowanie pr\u00f3bek do mikroskopii skaningowej cz\u0119\u015bci z wyselekcjonowanych gatunk\u00f3w zajadkowatych (Hemiptera, Heteroptera: Reduviidae)<\/td>\n<td style=\"width: 185.203px;\">4 638,24 z\u0142<\/td>\n<\/tr>\n<tr>\n<td style=\"width: 26.0156px;\">29<\/td>\n<td style=\"width: 157.125px;\">Agata Hadry\u015b<\/td>\n<td style=\"width: 139.109px;\">chemical sciences<\/td>\n<td style=\"width: 655.547px;\">Witaminy A i D do zastosowania w skojarzonej terapii nowotworu trzustki<\/td>\n<td style=\"width: 185.203px;\">4 876,95 z\u0142<\/td>\n<\/tr>\n<tr>\n<td style=\"width: 26.0156px;\">30<\/td>\n<td style=\"width: 157.125px;\">Marlena Pa\u017adzior<\/td>\n<td style=\"width: 139.109px;\">chemical sciences<\/td>\n<td style=\"width: 655.547px;\">Oznaczenie aktywno\u015bci cytotoksycznej nanono\u015bnik\u00f3w stosowanych do sporz\u0105dzania formulacji lekowej<\/td>\n<td style=\"width: 185.203px;\">4 783,47 z\u0142<\/td>\n<\/tr>\n<tr>\n<td style=\"width: 26.0156px;\">31<\/td>\n<td style=\"width: 157.125px;\">Daniel Swoboda<\/td>\n<td style=\"width: 139.109px;\">chemical sciences<\/td>\n<td style=\"width: 655.547px;\">II.1 Synteza i oczyszczanie prekursor\u00f3w barwnik\u00f3w, zaawansowanych; II.2 Synteza i oczyszczanie barwnik\u00f3w zaawansowanych;<\/td>\n<td style=\"width: 185.203px;\">2 045,37 z\u0142<\/td>\n<\/tr>\n<tr>\n<td style=\"width: 26.0156px;\">32<\/td>\n<td style=\"width: 157.125px;\">Joanna Adamczyk<\/td>\n<td style=\"width: 139.109px;\">Earth and related environmental sciences<\/td>\n<td style=\"width: 655.547px;\">Analiza mineralogiczna popio\u0142\u00f3w ze wsp\u00f3\u0142spalania biomasy (40%, 60%) i w\u0119gla kamiennego metod\u0105 XRD<\/td>\n<td style=\"width: 185.203px;\">1 500,00 z\u0142<\/td>\n<\/tr>\n<tr>\n<td style=\"width: 26.0156px;\">33<\/td>\n<td style=\"width: 157.125px;\">Karol Miko\u0142ajewski<\/td>\n<td style=\"width: 139.109px;\">Earth and related environmental sciences<\/td>\n<td style=\"width: 655.547px;\">Korekta j\u0119zykowa (Proofreading)<\/td>\n<td style=\"width: 185.203px;\">1 000,00 z\u0142<\/td>\n<\/tr>\n<tr>\n<td style=\"width: 26.0156px;\">34<\/td>\n<td style=\"width: 157.125px;\">Aleksandra Renc<\/td>\n<td style=\"width: 139.109px;\">Earth and related environmental sciences<\/td>\n<td style=\"width: 655.547px;\">Korekta j\u0119zykowa publikacji naukowej<\/td>\n<td style=\"width: 185.203px;\">1 000,00 z\u0142<\/td>\n<\/tr>\n<tr>\n<td style=\"width: 26.0156px;\">35<\/td>\n<td style=\"width: 157.125px;\">Aleksandra Renc<\/td>\n<td style=\"width: 139.109px;\">Earth and related environmental sciences<\/td>\n<td style=\"width: 655.547px;\">Szkolenie ze specjalistycznego oprogramowania teledetekcyjnego ENVI<\/td>\n<td style=\"width: 185.203px;\">3 690,00 z\u0142<\/td>\n<\/tr>\n<tr>\n<td style=\"width: 26.0156px;\">36<\/td>\n<td style=\"width: 157.125px;\">Wojciech Ryka\u0142a<\/td>\n<td style=\"width: 139.109px;\">Earth and related environmental sciences<\/td>\n<td style=\"width: 655.547px;\">&#8220;Konsekwencje po\u017caru wybranego sk\u0142adowiska odpad\u00f3w na niezabezpieczonym pod\u0142o\u017cu wysypiska&#8221;<\/td>\n<td style=\"width: 185.203px;\">2 897,48 z\u0142<\/td>\n<\/tr>\n<tr>\n<td style=\"width: 26.0156px;\">37<\/td>\n<td style=\"width: 157.125px;\">Dorota Staneczek<\/td>\n<td style=\"width: 139.109px;\">Earth and related environmental sciences<\/td>\n<td style=\"width: 655.547px;\">Analizy magnetyczne pr\u00f3b z obszaru Podhala i Tatr.<\/td>\n<td style=\"width: 185.203px;\">1 725,00 z\u0142<\/td>\n<\/tr>\n<tr>\n<td style=\"width: 26.0156px;\">38<\/td>\n<td style=\"width: 157.125px;\">Mateusz Kula<\/td>\n<td style=\"width: 139.109px;\">mathematics<\/td>\n<td style=\"width: 655.547px;\">Geometria aksjomatyczna w systemie Coq<\/td>\n<td style=\"width: 185.203px;\">2 000,00 z\u0142<\/td>\n<\/tr>\n<tr>\n<td style=\"width: 26.0156px;\">39<\/td>\n<td style=\"width: 157.125px;\">Timothy Nadhomi<\/td>\n<td style=\"width: 139.109px;\">mathematics<\/td>\n<td style=\"width: 655.547px;\">Functional Inequalities connected to Sugeno Integral.<\/td>\n<td style=\"width: 185.203px;\">2 300,00 z\u0142<\/td>\n<\/tr>\n<tr>\n<td style=\"width: 26.0156px;\">40<\/td>\n<td style=\"width: 157.125px;\">Chisom Okeke<\/td>\n<td style=\"width: 139.109px;\">mathematics<\/td>\n<td style=\"width: 655.547px;\">Solving generalized functional equations with an algorithm<\/td>\n<td style=\"width: 185.203px;\">400,00 z\u0142<\/td>\n<\/tr>\n<tr>\n<td style=\"width: 26.0156px;\">41<\/td>\n<td style=\"width: 157.125px;\">Joanna Grelska<\/td>\n<td style=\"width: 139.109px;\">physical sciences<\/td>\n<td style=\"width: 655.547px;\">Analiza danych dyfrakcyjnych w r\u00f3\u017cnych warunkach termodynamicznych<\/td>\n<td style=\"width: 185.203px;\">5 000,00 z\u0142<\/td>\n<\/tr>\n<tr>\n<td style=\"width: 26.0156px;\">42<\/td>\n<td style=\"width: 157.125px;\">Patryk Zio\u0142a<\/td>\n<td style=\"width: 139.109px;\">physical sciences<\/td>\n<td style=\"width: 655.547px;\">Wykrywanie reaktywnych form tlenu w kom\u00f3rkach glejaka wielopostaciowego<\/td>\n<td style=\"width: 185.203px;\">5 000,00 z\u0142<\/td>\n<\/tr>\n<tr>\n<td style=\"width: 26.0156px;\">43<\/td>\n<td style=\"width: 157.125px;\">Ma\u0142gorzata Klimasz<\/td>\n<td style=\"width: 139.109px;\">education<\/td>\n<td style=\"width: 655.547px;\">Kwerenda w zasobach bibliotecznych The London Library<\/td>\n<td style=\"width: 185.203px;\">4 442,00 z\u0142<\/td>\n<\/tr>\n<tr>\n<td style=\"width: 26.0156px;\">44<\/td>\n<td style=\"width: 157.125px;\">Joanna Kruszy\u0144ska-Szwedo<\/td>\n<td style=\"width: 139.109px;\">education<\/td>\n<td style=\"width: 655.547px;\">Sta\u017c<\/td>\n<td style=\"width: 185.203px;\">920,00 z\u0142<\/td>\n<\/tr>\n<tr>\n<td style=\"width: 26.0156px;\">45<\/td>\n<td style=\"width: 157.125px;\">Justyna Pawlak<\/td>\n<td style=\"width: 139.109px;\">education<\/td>\n<td style=\"width: 655.547px;\">Transkrypcja przeprowadzonych wywiad\u00f3w<\/td>\n<td style=\"width: 185.203px;\">600,00 z\u0142<\/td>\n<\/tr>\n<tr>\n<td style=\"width: 26.0156px;\">46<\/td>\n<td style=\"width: 157.125px;\">Dominik Gabor<\/td>\n<td style=\"width: 139.109px;\">law<\/td>\n<td style=\"width: 655.547px;\">Zakup literatury przedmiotu<\/td>\n<td style=\"width: 185.203px;\">345,73 z\u0142<\/td>\n<\/tr>\n<tr>\n<td style=\"width: 26.0156px;\">47<\/td>\n<td style=\"width: 157.125px;\">Dominik Gabor<\/td>\n<td style=\"width: 139.109px;\">law<\/td>\n<td style=\"width: 655.547px;\">III Konferencja: Prawo nowych technologii \u2013 aktualne problemy i nowe wyzwania<\/td>\n<td style=\"width: 185.203px;\">590,00 z\u0142<\/td>\n<\/tr>\n<tr>\n<td style=\"width: 26.0156px;\">48<\/td>\n<td style=\"width: 157.125px;\">Jeremiasz Kalus<\/td>\n<td style=\"width: 139.109px;\">law<\/td>\n<td style=\"width: 655.547px;\">Analiza bie\u017c\u0105cych zagadnie\u0144 zwi\u0105zanych z funkcjonowaniem schemat\u00f3w podatkowych w praktyce<\/td>\n<td style=\"width: 185.203px;\">3 500,00 z\u0142<\/td>\n<\/tr>\n<tr>\n<td style=\"width: 26.0156px;\">49<\/td>\n<td style=\"width: 157.125px;\">Martyna Kasperska<\/td>\n<td style=\"width: 139.109px;\">law<\/td>\n<td style=\"width: 655.547px;\">Og\u00f3lnopolska Konferencja pt. &#8220;Dobra osobiste w Polsce i Europie\u201d.<\/td>\n<td style=\"width: 185.203px;\">99,00 z\u0142<\/td>\n<\/tr>\n<tr>\n<td style=\"width: 26.0156px;\">50<\/td>\n<td style=\"width: 157.125px;\">Aleksandra Klefas<\/td>\n<td style=\"width: 139.109px;\">law<\/td>\n<td style=\"width: 655.547px;\">Korekta j\u0119zykowa tekstu naukowego<\/td>\n<td style=\"width: 185.203px;\">861,00 z\u0142<\/td>\n<\/tr>\n<tr>\n<td style=\"width: 26.0156px;\">51<\/td>\n<td style=\"width: 157.125px;\">Jakub Zwierzchowski<\/td>\n<td style=\"width: 139.109px;\">law<\/td>\n<td style=\"width: 655.547px;\">Analiza znaczenia podstawowych zasad prawa cywilnego dla oceny metodologii interpretacji i stosowania prawa cywilnego w orzecznictwie s\u0105d\u00f3w ChRL<\/td>\n<td style=\"width: 185.203px;\">4 230,00 z\u0142<\/td>\n<\/tr>\n<tr>\n<td style=\"width: 26.0156px;\">52<\/td>\n<td style=\"width: 157.125px;\">Barbara Bieniek<\/td>\n<td style=\"width: 139.109px;\">political science and public administration<\/td>\n<td style=\"width: 655.547px;\">Zakup bilet\u00f3w lotniczych w celu odbycia sta\u017cu naukowego w ramach programu NAWA<\/td>\n<td style=\"width: 185.203px;\">1 063,59 z\u0142<\/td>\n<\/tr>\n<tr>\n<td style=\"width: 26.0156px;\">53<\/td>\n<td style=\"width: 157.125px;\">Justyna Lipka<\/td>\n<td style=\"width: 139.109px;\">psychology<\/td>\n<td style=\"width: 655.547px;\">Przet\u0142umaczenie i korekta artyku\u0142u naukowego \u201eZale\u017cno\u015bci pomi\u0119dzy narcyzmem a postawami wobec samob\u00f3jstw altruistycznych b\u0119d\u0105cych form\u0105 protestu politycznego\u201d.<\/td>\n<td style=\"width: 185.203px;\">1 100,00 z\u0142<\/td>\n<\/tr>\n<tr>\n<td style=\"width: 26.0156px;\">54<\/td>\n<td style=\"width: 157.125px;\">Katarzyna Pypno<\/td>\n<td style=\"width: 139.109px;\">psychology<\/td>\n<td style=\"width: 655.547px;\">Wp\u0142ata \u015brodk\u00f3w na platform\u0119 Prolific<\/td>\n<td style=\"width: 185.203px;\">5 000,00 z\u0142<\/td>\n<\/tr>\n<tr>\n<td style=\"width: 26.0156px;\">55<\/td>\n<td style=\"width: 157.125px;\">Aleksandra \u017benda<\/td>\n<td style=\"width: 139.109px;\">psychology<\/td>\n<td style=\"width: 655.547px;\">Zlecenie wykonania bada\u0144 ankietowych do artyku\u0142u firmie zewn\u0119trznej<\/td>\n<td style=\"width: 185.203px;\">4 950,00 z\u0142<\/td>\n<\/tr>\n<\/tbody>\n<\/table>\n<p>\n<\/div>\r\n                    <\/div>\r\n                <\/div>[\/vc_column][\/vc_row]<\/p>","protected":false},"excerpt":{"rendered":"<p>[vc_row][vc_column][\/vc_column][\/vc_row] [&#8230;]<\/p>\n<p><a class=\"btn btn-secondary understrap-read-more-link\" href=\"https:\/\/us.edu.pl\/szkola-doktorska\/en\/srodki-na-dzialalnosc-naukowa-doktorantow-2022\/konkurs-dla-doktorantow-srodki-na-dzialalnosc-naukowa\/projekty-finansowane-ze-srodkow-szkoly-doktorskiej\/\">Read More&#8230;<\/a><\/p>\n","protected":false},"author":205,"featured_media":0,"parent":1031,"menu_order":0,"comment_status":"closed","ping_status":"closed","template":"page-templates\/page-with-bookmarks.php","meta":{"_expiration-date-status":"saved","_expiration-date":0,"_expiration-date-type":"","_expiration-date-categories":[],"_expiration-date-options":[]},"acf":[],"_links":{"self":[{"href":"https:\/\/us.edu.pl\/szkola-doktorska\/en\/wp-json\/wp\/v2\/pages\/6207"}],"collection":[{"href":"https:\/\/us.edu.pl\/szkola-doktorska\/en\/wp-json\/wp\/v2\/pages"}],"about":[{"href":"https:\/\/us.edu.pl\/szkola-doktorska\/en\/wp-json\/wp\/v2\/types\/page"}],"author":[{"embeddable":true,"href":"https:\/\/us.edu.pl\/szkola-doktorska\/en\/wp-json\/wp\/v2\/users\/205"}],"replies":[{"embeddable":true,"href":"https:\/\/us.edu.pl\/szkola-doktorska\/en\/wp-json\/wp\/v2\/comments?post=6207"}],"version-history":[{"count":1,"href":"https:\/\/us.edu.pl\/szkola-doktorska\/en\/wp-json\/wp\/v2\/pages\/6207\/revisions"}],"predecessor-version":[{"id":6216,"href":"https:\/\/us.edu.pl\/szkola-doktorska\/en\/wp-json\/wp\/v2\/pages\/6207\/revisions\/6216"}],"up":[{"embeddable":true,"href":"https:\/\/us.edu.pl\/szkola-doktorska\/en\/wp-json\/wp\/v2\/pages\/1031"}],"wp:attachment":[{"href":"https:\/\/us.edu.pl\/szkola-doktorska\/en\/wp-json\/wp\/v2\/media?parent=6207"}],"curies":[{"name":"wp","href":"https:\/\/api.w.org\/{rel}","templated":true}]}}