{"id":6727,"date":"2022-01-28T11:36:15","date_gmt":"2022-01-28T10:36:15","guid":{"rendered":"https:\/\/us.edu.pl\/szkola-doktorska\/?page_id=6727"},"modified":"2022-02-24T10:25:32","modified_gmt":"2022-02-24T09:25:32","slug":"plan-zajec-semestr-letni-ii-rok-2021-2022","status":"publish","type":"page","link":"https:\/\/us.edu.pl\/szkola-doktorska\/en\/harmonogram-zajec-semestr-letni-2021-2022\/plan-zajec-semestr-letni-ii-rok-2021-2022\/","title":{"rendered":"Schedue of classes &#8211; summer semester &#8211; 2nd year 2021\/2022"},"content":{"rendered":"<p>[vc_row][vc_column]\r\n                <div class=\"text-modules \">\r\n                    <div class=\"container\">\r\n                        <h3 class=\"section-title section-title_border-bottom\">Doctoral seminar and tutoring<\/h3> \r\n                        <div class=\"row m-0\">\r\n                            <div class=\"text-modules__content\">\r\n                                The applications carry out individual classes (seminars, tutoring). The tutor and the doctoral student decide jointly about classes and the criteria for obtaining credit.<\/p>\n<p>If something needs improvement in USOS &#8211; report it to the DS office.<\/p>\n<p>If you start cooperation with a tutor from outside the University of Silesia &#8211; inform the office about the terms of work and ask about signing the contract.<\/p>\n<p>Contact in both cases: <a href=\"mailto:agnieszka.filipowska@us.edu.pl\">Agnieszka Filipowska<\/a><\/p>\n<p>More on tutoring: <a href=\"https:\/\/us.edu.pl\/szkola-doktorska\/en\/ksztalcenie-indywidualne\/tutoring\/?doing_wp_cron=1643366934.2521629333496093750000\">expert tutoring at the Doctoral School<\/a> \r\n                                <div class=\"mt-3\"><\/div>\r\n                            <\/div>\r\n                            \r\n                            <div class=\"text-modules__img\"><img src=\"https:\/\/us.edu.pl\/szkola-doktorska\/wp-content\/uploads\/sites\/50\/2019\/11\/apple-256268_1920-300x199.jpg\" alt=\"img\"><\/div>\r\n                        <\/div>\r\n                    <\/div>\r\n                <\/div>\r\n                <div class=\"text-modules \">\r\n                    <div class=\"container\">\r\n                        <h3 class=\"section-title section-title_border-bottom\">Academic English<\/h3> <h3 class=\"subtitle text-modules__subtitle\">60 hours (30 in the winter semester and 30 in the summer semester), 4 ECTS<\/h3>\r\n                        <div class=\"row m-0\">\r\n                            <div class=\"text-modules__content\">\r\n                                Classes conducted remotely, using MS Teams. The lecturers contact doctoral students and determine the form of communication. Classes for all PhD candidates, including implementation and foreign language students.<\/p>\n<p>Classes were broken down into disciplines in three-hour blocks from February 23 to May 4 (possible extension by one week).<\/p>\n<p>Classes do not require logging in. Doctoral students are assigned to groups according to the discipline &#8211; any changes should be discussed with the teachers and reported to the SD office.<\/p>\n<p><strong>The area of \u200b\u200bexact and natural sciences as well as engineering and technical sciences<\/strong><\/p>\n<ul style=\"list-style-type: circle;\">\n<li>physical sciences, materials engineering &#8211; dr hab. Zbigniew Dendzik, prof. Of the University of Silesia, dr hab. Seweryn Kowalski, prof. U\u015a &#8211; Wednesday, 9:45-12:00<\/li>\n<li>chemical sciences &#8211; prof. dr hab. Stanis\u0142aw Kucharski, dr hab. Tadeusz Pluta, Wednesday, 13.00 &#8211; 15:15<\/li>\n<li>biological sciences &#8211; dr hab. Alexander Betekhtin, prof. U\u015a &#8211; Wednesday, 8:45-11:00<\/li>\n<li>earth and environmental sciences &#8211; dr Ashley Gumsley &#8211; Wednesday, 8: 45-11: 00<\/li>\n<li>mathematics, technical informatics and telecommunications &#8211; dr in\u017c. Przemys\u0142aw Kud\u0142acik, dr hab. Ekaterina Shulman, prof. U\u015a &#8211; Wednesday, 15:30-17:45<\/li>\n<\/ul>\n<p><strong>The area of \u200b\u200bhumanities, theological sciences and art<\/strong><\/p>\n<ul style=\"list-style-type: circle;\">\n<li>literary studies, cultural and religious studies, film and theater arts &#8211; dr Aleksandra Musia\u0142, dr Nina Augustynowicz &#8211; Wednesday, 15:30-17:45 (two groups divided according to the level of language proficiency)<\/li>\n<li>linguistics &#8211; dr hab. Krystyna Warcha\u0142, prof. U\u015a &#8211; Wednesdays, 9:45-12:00<\/li>\n<li>philosophy, history &#8211; dr hab. Piotr Machura, prof. U\u015a &#8211; Thursday 8:30-10:45<\/li>\n<\/ul>\n<p><strong>The area of \u200b\u200bsocial sciences<\/strong><\/p>\n<ul style=\"list-style-type: circle;\">\n<li>legal Sciences &#8211; Joanna Jakubiec-Bontko &#8211; Wednesdays, 9:45-12:00<\/li>\n<li>pedagogy, psychology &#8211; dr Wojciech Kruszelnicki &#8211; Wednesdays, 12:00-14:15<\/li>\n<li>political sciences and administration, sociological sciences &#8211; dr Robert Radek &#8211; Wednesdays, 8:30-10:45<\/li>\n<li>social communication and media studies &#8211; dr Sylwia Szostak &#8211; Wednesdays, 9:45-12:00<\/li>\n<\/ul>\n<div class=\"mt-3\"><\/div>\r\n                            <\/div>\r\n                            \r\n                            <div class=\"text-modules__img\"><img src=\"https:\/\/us.edu.pl\/szkola-doktorska\/wp-content\/uploads\/sites\/50\/Nieprzypisane\/pexels-pixabay-415071-300x178.jpg\" alt=\"img\"><\/div>\r\n                        <\/div>\r\n                    <\/div>\r\n                <\/div>\r\n                <div class=\"text-modules \">\r\n                    <div class=\"container\">\r\n                        <h3 class=\"section-title section-title_border-bottom\">Intellectual property rights and copyrights<\/h3> <h3 class=\"subtitle text-modules__subtitle\">15 hours, 2 ECTS<\/h3>\r\n                        <div class=\"row m-0\">\r\n                            <div class=\"text-modules__content\">\r\n                                Lecturer and coordinator: dr hab. Anna Chor\u0105\u017cewska, prof. U\u015a<\/p>\n<p>Classes conducted remotely, broken down into areas. In the summer semester, classes for the humanities and social sciences.<\/p>\n<p>There is no registration for these classes &#8211; doctoral students are assigned to groups according to the discipline (non-Polish-speaking students and implementing PhD students separately). Any changes in the group should be agreed upon with the teacher and then reported to the office of the Doctoral School (agnieszka.filipowska@us.edu.pl).<\/p>\n<p>&nbsp;<\/p>\n<p><strong>The area of \u200b\u200bhumanities, theology and art<\/strong><\/p>\n<p>Friday, March 11 11:30-15:30 (remotely with the option to transfer to stationary)<\/p>\n<p>Friday, March 18 11:30-15:30 (remotely with the option to transfer to stationary)<\/p>\n<p>Friday, March 25 11:30-15:30 (remotely with the option to transfer to stationary)<\/p>\n<p>&nbsp;<\/p>\n<p><strong>The area of \u200b\u200bsocial sciences<\/strong><\/p>\n<p>Friday, April 1 11:30-15: 0 (remotely with the option to transfer to stationary)<\/p>\n<p>Friday, April 8 11:30-15:30 (remotely with the option to transfer to stationary)<\/p>\n<p>Friday, April 22 11:30-15:30 (remotely with the option to transfer to stationary)<\/p>\n<p>English-speaking group, implementation doctoral students, and the area of \u200b\u200bexact and natural sciences as well as engineering and technical sciences &#8211; classes for these PhD candidates took place in the winter semester. Please contact the teacher if you need to catch up with your classes.<\/p>\n<div class=\"mt-3\"><\/div>\r\n                            <\/div>\r\n                            \r\n                            <div class=\"text-modules__img\"><img src=\"https:\/\/us.edu.pl\/szkola-doktorska\/wp-content\/uploads\/sites\/50\/Nieprzypisane\/wood-g586117a51_1280-300x210.jpg\" alt=\"img\"><\/div>\r\n                        <\/div>\r\n                    <\/div>\r\n                <\/div>\r\n                <div class=\"text-modules \">\r\n                    <div class=\"container\">\r\n                        <h3 class=\"section-title section-title_border-bottom\">Preparation of scientific texts and critical analysis of the text<\/h3> <h3 class=\"subtitle text-modules__subtitle\">30 hours, 4 ECTS<\/h3>\r\n                        <div class=\"row m-0\">\r\n                            <div class=\"text-modules__content\">\r\n                                Classes are divided into two parts:<\/p>\n<ul>\n<li>exercises with researchers experienced in preparing scientific publications and working with scientific texts<\/li>\n<li>meetings with editors of prestigious scientific journals<\/li>\n<\/ul>\n<p><strong>Classes<\/strong> &#8211; 15 hours of classes &#8211; 5 meetings of 3 hours each &#8211; remote classes from the beginning of the semester<\/p>\n<p><strong>The area of \u200b\u200bexact and natural sciences as well as engineering and technical sciences<\/strong><\/p>\n<ul>\n<li>chemical sciences &#8211; prof. dr hab. Monika Musia\u0142 &#8211; Wednesday, 4:00 p.m. &#8211; 6:15 p.m.<\/li>\n<li>biological sciences &#8211; dr Dawid Surmik &#8211; Wednesday, 13: 00-15: 15 (classes in English)<\/li>\n<li>earth and environmental cciences &#8211; dr Dawid Surmik &#8211; Wednesday, 4:00 p.m. &#8211; 6:15 p.m.<\/li>\n<li>mathematics &#8211; dr hab. Tomasz Szostok, prof. U\u015a &#8211; Wednesday, 13: 00-15: 15<\/li>\n<li>technical information technology and telecommunications &#8211; prof. dr hab. Piotr Porwik &#8211; Wednesday, 1 p.m. &#8211; 3:15 p.m.<\/li>\n<li>materials engineering &#8211; dr Mateusz Dulski, prof. U\u015a &#8211; Wednesday, 12: 45-15: 00<\/li>\n<li>physical sciences &#8211; prof. dr hab. Marian Paluch &#8211; Wednesday, 1 p.m. &#8211; 3:15 p.m.<\/li>\n<\/ul>\n<p><strong>The area of \u200b\u200bhumanities, theology and art<\/strong><\/p>\n<ul>\n<li>history &#8211; dr hab. Jakub Morawiec, prof. U\u015a &#8211; Wednesday, 10: 30-12: 45<\/li>\n<li>philosophy &#8211; dr hab. Aleksander Ba\u0144ka, prof. U\u015a &#8211; Tuesday, 4:00 p.m. &#8211; 6:15 p.m.<\/li>\n<li>polish linguistics &#8211; prof. dr hab. Aldona Skudrzyk &#8211; Wednesday, 13: 00-15: 15<\/li>\n<li>english linguistics &#8211; dr hab. Grzegorz Dro\u017cd\u017c, prof. U\u015a &#8211; Wednesday, 13: 00-15: 15<\/li>\n<li>literary studies, russian studies (translation studies) &#8211; dr hab. Beata Pawletko, prof. U\u015a &#8211; Wednesday, 16:00-18:15<\/li>\n<li>polish studies in literature &#8211; dr Marta Baron-Milian &#8211; Wednesday, 1 p.m. &#8211; 3:15 p.m.<\/li>\n<li>english literary studies &#8211; dr Aleksandra Musia\u0142 &#8211; Wednesday, 1:00 p.m. &#8211; 3:15 p.m.<\/li>\n<li>culture and religion studies &#8211; dr hab. Magdalena Kempna-Pieni\u0105\u017cek, prof. U\u015a &#8211; Wednesday, 13: 00-15: 15<\/li>\n<\/ul>\n<p><strong>The area of \u200b\u200bsocial sciences<\/strong><\/p>\n<ul>\n<li>pedagogy, psychology &#8211; prof. dr hab. Ewa Jarosz &#8211; Wednesday, 15: 30-17: 45, from March 2<\/li>\n<li>politics and administration, sociological sciences, social communication and media sciences &#8211; dr hab. Agnieszka Turska-Kawa, prof. U\u015a &#8211; Wednesday, 4:00 p.m. &#8211; 6:15 p.m., from March 2<\/li>\n<li>legal sciences &#8211; dr Dorota Kiebzak-Mandera &#8211; Wednesday, 16: 00-18: 15<\/li>\n<\/ul>\n<p><strong>Meetings with editors<\/strong><\/p>\n<p>Each PhD candidate must participate in at least three such meetings, lasting up to 5 hours, until the end of their education. The meeting schedule will be published on an ongoing basis on a separate website. \r\n                                <div class=\"mt-3\"><\/div>\r\n                            <\/div>\r\n                            \r\n                            <div class=\"text-modules__img\"><img src=\"https:\/\/us.edu.pl\/szkola-doktorska\/wp-content\/uploads\/sites\/50\/Nieprzypisane\/library-g7d681f1ca_1280-300x199.jpg\" alt=\"img\"><\/div>\r\n                        <\/div>\r\n                    <\/div>\r\n                <\/div>[\/vc_column][\/vc_row][vc_row][vc_column]\r\n                <div class=\"text-modules \">\r\n                    <div class=\"container\">\r\n                        <h3 class=\"section-title section-title_border-bottom\">Self-presentation and dissemination of research<\/h3> <h3 class=\"subtitle text-modules__subtitle\">15 hours, 2 ECTS<\/h3>\r\n                        <div class=\"row m-0\">\r\n                            <div class=\"text-modules__content\">\r\n                                Registration for classes from February 8<br \/>\nsee more (coming soon) \r\n                                <div class=\"mt-3\"><\/div>\r\n                            <\/div>\r\n                            \r\n                            <div class=\"text-modules__img\"><img src=\"https:\/\/us.edu.pl\/szkola-doktorska\/wp-content\/uploads\/sites\/50\/Nieprzypisane\/silhouette-of-person-holding-glass-mason-jar-1274260a-300x200.jpg\" alt=\"img\"><\/div>\r\n                        <\/div>\r\n                    <\/div>\r\n                <\/div>[\/vc_column][\/vc_row]<\/p>","protected":false},"excerpt":{"rendered":"<p>[vc_row][vc_column][\/vc_column][\/vc_row][vc_row][vc_column][\/vc_column][\/vc_row] [&#8230;]<\/p>\n<p><a class=\"btn btn-secondary understrap-read-more-link\" href=\"https:\/\/us.edu.pl\/szkola-doktorska\/en\/harmonogram-zajec-semestr-letni-2021-2022\/plan-zajec-semestr-letni-ii-rok-2021-2022\/\">Read More&#8230;<\/a><\/p>\n","protected":false},"author":42,"featured_media":0,"parent":6750,"menu_order":0,"comment_status":"closed","ping_status":"closed","template":"","meta":{"_expiration-date-status":"saved","_expiration-date":0,"_expiration-date-type":"","_expiration-date-categories":[],"_expiration-date-options":[]},"acf":[],"_links":{"self":[{"href":"https:\/\/us.edu.pl\/szkola-doktorska\/en\/wp-json\/wp\/v2\/pages\/6727"}],"collection":[{"href":"https:\/\/us.edu.pl\/szkola-doktorska\/en\/wp-json\/wp\/v2\/pages"}],"about":[{"href":"https:\/\/us.edu.pl\/szkola-doktorska\/en\/wp-json\/wp\/v2\/types\/page"}],"author":[{"embeddable":true,"href":"https:\/\/us.edu.pl\/szkola-doktorska\/en\/wp-json\/wp\/v2\/users\/42"}],"replies":[{"embeddable":true,"href":"https:\/\/us.edu.pl\/szkola-doktorska\/en\/wp-json\/wp\/v2\/comments?post=6727"}],"version-history":[{"count":10,"href":"https:\/\/us.edu.pl\/szkola-doktorska\/en\/wp-json\/wp\/v2\/pages\/6727\/revisions"}],"predecessor-version":[{"id":6842,"href":"https:\/\/us.edu.pl\/szkola-doktorska\/en\/wp-json\/wp\/v2\/pages\/6727\/revisions\/6842"}],"up":[{"embeddable":true,"href":"https:\/\/us.edu.pl\/szkola-doktorska\/en\/wp-json\/wp\/v2\/pages\/6750"}],"wp:attachment":[{"href":"https:\/\/us.edu.pl\/szkola-doktorska\/en\/wp-json\/wp\/v2\/media?parent=6727"}],"curies":[{"name":"wp","href":"https:\/\/api.w.org\/{rel}","templated":true}]}}