{"id":6858,"date":"2022-02-28T09:59:14","date_gmt":"2022-02-28T08:59:14","guid":{"rendered":"https:\/\/us.edu.pl\/szkola-doktorska\/?page_id=6858"},"modified":"2022-03-09T13:55:37","modified_gmt":"2022-03-09T12:55:37","slug":"plan-zajec-semestr-letni-i-rok-2021-2022","status":"publish","type":"page","link":"https:\/\/us.edu.pl\/szkola-doktorska\/en\/harmonogram-zajec-semestr-letni-2021-2022\/plan-zajec-semestr-letni-i-rok-2021-2022\/","title":{"rendered":"Schedule of classes &#8211; summer semester &#8211; Ist year 2021\/2022"},"content":{"rendered":"<p>[vc_row][vc_column]\r\n                <div class=\"text-modules \">\r\n                    <div class=\"container\">\r\n                        <h3 class=\"section-title section-title_border-bottom\">Doctoral seminar and tutoring<\/h3> \r\n                        <div class=\"row m-0\">\r\n                            <div class=\"text-modules__content\">\r\n                                The applications carry out individual classes (seminars, tutoring). The tutor and the doctoral student decide jointly about classes and the criteria for obtaining credit.<\/p>\n<p>If something needs improvement in USOS &#8211; report it to the DS office.<\/p>\n<p>If you start cooperation with a tutor from outside the University of Silesia &#8211; inform the office about the terms of work and ask about signing the contract.<\/p>\n<p>Contact in both cases: <a href=\"mailto:agnieszka.filipowska@us.edu.pl\">Agnieszka Filipowska<\/a><\/p>\n<p>More on tutoring: <a href=\"https:\/\/us.edu.pl\/szkola-doktorska\/en\/ksztalcenie-indywidualne\/tutoring\/?doing_wp_cron=1643366934.2521629333496093750000\">expert tutoring at the Doctoral School<\/a><\/p>\n<div class=\"mt-3\"><\/div>\r\n                            <\/div>\r\n                            \r\n                            <div class=\"text-modules__img\"><img src=\"https:\/\/us.edu.pl\/szkola-doktorska\/wp-content\/uploads\/sites\/50\/2019\/11\/apple-256268_1920-300x199.jpg\" alt=\"img\"><\/div>\r\n                        <\/div>\r\n                    <\/div>\r\n                <\/div>\r\n                <div class=\"text-modules \">\r\n                    <div class=\"container\">\r\n                        <h3 class=\"section-title section-title_border-bottom\">Research ethics<\/h3> \r\n                        <div class=\"row m-0\">\r\n                            <div class=\"text-modules__content\">\r\n                                compulsory classes in the 1st year, 15 hours, 2 ECTS<\/p>\n<p>coordinator: dr hab. Monika Jagielska, prof. of the University of Silesia<\/p>\n<p>lecturer: dr hab. Monika Jagielska, prof. U\u015a, dr hab. Mariusz Jagielski, prof. U\u015a, Natalia Galica, MA<\/p>\n<p>the cycle of classes: 4 obligatory meetings, 3 consultation dates, credit, <strong>all classes are conducted remotely<\/strong><\/p>\n<ul style=\"list-style-type: circle;\">\n<li>group 1 &#8211; area: exact and natural sciences and engineering and technical sciences &#8211; Wednesday from March 2, at 11:30 -13:00<\/li>\n<li>group 2 &#8211; area: humanities and social sciences &#8211; Wednesday from March 2, hours. 13:45 pm &#8211; 15:15<\/li>\n<li>group 3 &#8211; area: humanities and social sciences &#8211; Wednesday from March 2, hours. 17: 15-18: 45<\/li>\n<li>group 4 &#8211; area: humanities and social sciences &#8211; Thursday from March 3, hours. 13:45 &#8211; 15:15<\/li>\n<li>group 5 &#8211; English-speaking group &#8211; Thursday from March 3, hours. 15:00-17: 00<\/li>\n<li>group 6 &#8211; area: exact and natural sciences as well as engineering and technical sciences &#8211; Thursday from March 3, hours. 17:15-18:45<\/li>\n<\/ul>\n<div class=\"mt-3\"><\/div>\r\n                            <\/div>\r\n                            \r\n                            <div class=\"text-modules__img\"><img src=\"https:\/\/us.edu.pl\/szkola-doktorska\/wp-content\/uploads\/sites\/50\/Nieprzypisane\/animal-1554745_1280-300x195-1-300x195.jpg\" alt=\"img\"><\/div>\r\n                        <\/div>\r\n                    <\/div>\r\n                <\/div>\r\n                <div class=\"text-modules \">\r\n                    <div class=\"container\">\r\n                        <h3 class=\"section-title section-title_border-bottom\">Planning of a scientific career and personal development<\/h3> \r\n                        <div class=\"row m-0\">\r\n                            <div class=\"text-modules__content\">\r\n                                Workshops &#8211; 15 hours, 2 ECTS<\/p>\n<p>The classes consist of two parts &#8211; the obligatory workshop part and the open lecture part<\/p>\n<p><strong>Workshop part<\/strong> &#8211; registration from January 31 at 19:00 &#8211; classes in groups within the areas:<\/p>\n<p>&nbsp;<\/p>\n<p><strong>The area of \u200b\u200bexact and natural sciences as well as engineering and technical sciences<\/strong><\/p>\n<p>Group in Polish (limit: 25 people, USOS- gr. 1)<\/p>\n<p>dr hab. Jakub Spiechowicz, prof. U\u015a &#8211; Thursday 3 and 10 March 15: 30-17: 30<\/p>\n<p>prof. dr hab. Micha\u0142 Zato\u0144 &#8211; Thursday, March 17, 14: 30-17: 00, March 31, 15: 30-18: 00<\/p>\n<p>English group (limit: 20 people, USOS &#8211; group 2)<\/p>\n<p>dr hab. Jakub Spiechowicz, prof. U\u015a &#8211; Thursday 3 and 10 March 10: 00-12: 30<\/p>\n<p>prof. dr hab. Micha\u0142 Zato\u0144 &#8211; Thursday 17, 24 and 31 March 10: 00-12: 30<\/p>\n<p>&nbsp;<\/p>\n<p><strong>The area of \u200b\u200bhumanities, theology, and art<\/strong><\/p>\n<p>Polish group (USOS &#8211; group 3)<\/p>\n<p>dr hab. Micha\u0142 K\u0142osi\u0144ski, prof. U\u015a &#8211; Tuesdays from March 1 (five meetings), 16: 00-18: 15, remotely<\/p>\n<p>English group (USOS &#8211; group 4)<\/p>\n<p>prof. dr hab. Przemys\u0142aw Marciniak &#8211; Thursdays from March 3rd (dates: 3.03, 17.03, 31.03, 7.04, 21.04), 17.15-19.30, remotely<\/p>\n<p><strong>The area of \u200b\u200bsocial sciences<\/strong><\/p>\n<p>Polish group (USOS &#8211; group 5)<\/p>\n<p>dr hab. Miron Lakomy, prof. U\u015a &#8211; Tuesday, March 1 at 8: 45-12: 50, online<\/p>\n<p>dr hab. Agnieszka Turska-Kawa, prof. U\u015a &#8211; Thursday, March 3 9: 30-13: 00, on-site &#8211; Bankowa 14<\/p>\n<p>prof. dr hab. Micha\u0142 Zato\u0144 &#8211; Tuesday 15 March 9.15-13:15, Bankowa 14<\/p>\n<p>&nbsp;<\/p>\n<p>Group 2 in Polish (USOS &#8211; group 6)<\/p>\n<p>dr hab. Miron Lakomy, prof. U\u015a &#8211; Tuesday, March 8 at 8:45-12:50, online<\/p>\n<p>dr hab. Agnieszka Turska-Kawa, prof. U\u015a &#8211; Thursday, March 10 9: 30-13: 00, on site &#8211; Bankowa 14<\/p>\n<p>prof. dr hab. Micha\u0142 Zato\u0144 &#8211; Tuesday, March 22, 9.15-13:15, Bankowa 14<\/p>\n<p>&nbsp;<\/p>\n<p><strong>Lecture<\/strong> &#8211; open lectures by researchers with interesting experience in their scientific development<\/p>\n<p>information coming soon \r\n                                <div class=\"mt-3\"><\/div>\r\n                            <\/div>\r\n                            \r\n                            <div class=\"text-modules__img\"><img src=\"https:\/\/us.edu.pl\/szkola-doktorska\/wp-content\/uploads\/sites\/50\/Nieprzypisane\/provetas-118222_1280-300x183-2-300x183.jpg\" alt=\"img\"><\/div>\r\n                        <\/div>\r\n                    <\/div>\r\n                <\/div>\r\n                <div class=\"text-modules \">\r\n                    <div class=\"container\">\r\n                        <h3 class=\"section-title section-title_border-bottom\">Preparation and implementation of a research project<\/h3> \r\n                        <div class=\"row m-0\">\r\n                            <div class=\"text-modules__content\">\r\n                                36 hours, 5 ECTS<\/p>\n<p>Preparatory classes for applying for funding a research project. Completing the course is submitting the application &#8211; by the end of the second year of education.<\/p>\n<p>Classes consist of three elements:<\/p>\n<ol>\n<li>Information lectures &#8211; Project Department<\/li>\n<\/ol>\n<p>2. Workshops with specialists supporting the preparation of the application<\/p>\n<p>3. Consultations<\/p>\n<p>&nbsp;<\/p>\n<p><strong>Information lecture<\/strong> &#8211; Project Department:<\/p>\n<p>foreign and Polish sources of funding for research projects &#8211; dr Emilia Rekosz-Cebula (the date will be given)<\/p>\n<p>operating the panel in the OSF OPI system &#8211; mgr Karolina Habdas<\/p>\n<p>&nbsp;<\/p>\n<p><strong>Workshops<\/strong> &#8211; separate for individual areas and disciplines.<\/p>\n<p>Registration for the workshop from January 31 at 7:00 p.m. Registration covers all 1st-year doctoral students, but PhD candidates in the field of exact sciences are by definition assigned to specific lecturers &#8211; please confirm this choice by registering.<\/p>\n<ol>\n<li>chemical sciences &#8211; dr hab. Rafa\u0142 Podeszwa, prof. U\u015a (date &#8211; soon)<\/li>\n<\/ol>\n<p>2. physical sciences, mathematics, computer science, materials engineering &#8211; prof. dr hab. Marian Paluch, Tuesdays from March 8, 13:45 &#8211; 15:15 in Chorz\u00f3w<\/p>\n<p>3. earth and environment sciences &#8211; prof. dr hab. Micha\u0142 Zato\u0144 (Thursdays from March 31, 13: 15-15: 30)<\/p>\n<p>4. biological sciences &#8211; dr hab. Damian Gruszka, prof. U\u015a &#8211; Tuesday from March 15, 13:00-15:15<\/p>\n<p>5. humanities sciences &#8211; dr Maciej Stanek &#8211; Tuesday from March 15, 11:30-13:45, Bankowa 14, room 410<\/p>\n<p>6. humanities sciences &#8211; dr Maciej Stanek &#8211; Tuesday from March 15, 14:30-16:45, Bankowa 14, room 410<\/p>\n<p>7. social sciences and humanities (linguistics) &#8211; dr Dorota Kiebzak-Mandera &#8211; Thursday from February 24 13:45-15:15, Bankowa 14, room 410<\/p>\n<p>8. social sciences and humanities (linguistics) &#8211; dr Dorota Kiebzak-Mandera &#8211; Thursday from February 24 15:30-17:00, Bankowa 14, room 410<\/p>\n<p>9. social sciences and humanities (linguistics) &#8211; dr Dorota Kiebzak-Mandera &#8211; Thursday from February 24 17:15-18:45, Bankowa 14, room 410 \r\n                                <div class=\"mt-3\"><\/div>\r\n                            <\/div>\r\n                            \r\n                            <div class=\"text-modules__img\"><img src=\"https:\/\/us.edu.pl\/szkola-doktorska\/wp-content\/uploads\/sites\/50\/Nieprzypisane\/DSC6703-300x206.jpg\" alt=\"img\"><\/div>\r\n                        <\/div>\r\n                    <\/div>\r\n                <\/div>\r\n                <div class=\"text-modules reverse\">\r\n                    <div class=\"container\">\r\n                        <h3 class=\"section-title section-title_border-bottom\">English language course<\/h3> <h3 class=\"subtitle text-modules__subtitle\">additional (optional) classes, 2 ECTS<\/h3>\r\n                        <div class=\"row m-0\">\r\n                            <div class=\"text-modules__content\">\r\n                                Continuation of the classes from the first semester. \r\n                                <div class=\"mt-3\"><\/div>\r\n                            <\/div>\r\n                            \r\n                            <div class=\"text-modules__img\"><img src=\"https:\/\/us.edu.pl\/szkola-doktorska\/wp-content\/uploads\/sites\/50\/Nieprzypisane\/DSC4867-300x200.jpg\" alt=\"img\"><\/div>\r\n                        <\/div>\r\n                    <\/div>\r\n                <\/div>[\/vc_column][\/vc_row]<\/p>","protected":false},"excerpt":{"rendered":"<p>[vc_row][vc_column][\/vc_column][\/vc_row] [&#8230;]<\/p>\n<p><a class=\"btn btn-secondary understrap-read-more-link\" href=\"https:\/\/us.edu.pl\/szkola-doktorska\/en\/harmonogram-zajec-semestr-letni-2021-2022\/plan-zajec-semestr-letni-i-rok-2021-2022\/\">Read More&#8230;<\/a><\/p>\n","protected":false},"author":205,"featured_media":0,"parent":6750,"menu_order":0,"comment_status":"closed","ping_status":"closed","template":"","meta":{"_expiration-date-status":"saved","_expiration-date":0,"_expiration-date-type":"","_expiration-date-categories":[],"_expiration-date-options":[]},"acf":[],"_links":{"self":[{"href":"https:\/\/us.edu.pl\/szkola-doktorska\/en\/wp-json\/wp\/v2\/pages\/6858"}],"collection":[{"href":"https:\/\/us.edu.pl\/szkola-doktorska\/en\/wp-json\/wp\/v2\/pages"}],"about":[{"href":"https:\/\/us.edu.pl\/szkola-doktorska\/en\/wp-json\/wp\/v2\/types\/page"}],"author":[{"embeddable":true,"href":"https:\/\/us.edu.pl\/szkola-doktorska\/en\/wp-json\/wp\/v2\/users\/205"}],"replies":[{"embeddable":true,"href":"https:\/\/us.edu.pl\/szkola-doktorska\/en\/wp-json\/wp\/v2\/comments?post=6858"}],"version-history":[{"count":2,"href":"https:\/\/us.edu.pl\/szkola-doktorska\/en\/wp-json\/wp\/v2\/pages\/6858\/revisions"}],"predecessor-version":[{"id":6903,"href":"https:\/\/us.edu.pl\/szkola-doktorska\/en\/wp-json\/wp\/v2\/pages\/6858\/revisions\/6903"}],"up":[{"embeddable":true,"href":"https:\/\/us.edu.pl\/szkola-doktorska\/en\/wp-json\/wp\/v2\/pages\/6750"}],"wp:attachment":[{"href":"https:\/\/us.edu.pl\/szkola-doktorska\/en\/wp-json\/wp\/v2\/media?parent=6858"}],"curies":[{"name":"wp","href":"https:\/\/api.w.org\/{rel}","templated":true}]}}