{"id":6943,"date":"2022-03-22T19:07:17","date_gmt":"2022-03-22T18:07:17","guid":{"rendered":"https:\/\/us.edu.pl\/szkola-doktorska\/?page_id=6943"},"modified":"2022-03-22T19:07:17","modified_gmt":"2022-03-22T18:07:17","slug":"formularze-dokumentow-rekrutacyjnych-2022-2023","status":"publish","type":"page","link":"https:\/\/us.edu.pl\/szkola-doktorska\/en\/formularze-dokumentow-rekrutacyjnych-2022-2023\/","title":{"rendered":"Applicable document forms &#8211; admission 2022\/2023"},"content":{"rendered":"<p>[vc_row][vc_column]\r\n                <div class=\"text-modules\">\r\n                    <div class=\"container\">\r\n                        \r\n                        <div class=\"text-modules__content\"><p>Applicable document forms in the admission to the Doctoral School for the academic year 2022\/2023. Documents may be delivered in Polish or in English version:<\/p>\n<p><a href=\"https:\/\/us.edu.pl\/szkola-doktorska\/wp-content\/uploads\/sites\/50\/Nieprzypisane\/project-of-the-research-plan-2022.docx\" class=\"mtli_attachment mtli_docx\" class=\"mtli_attachment mtli_docx\">Project-of-the-research-plan-2022<\/a><\/p>\n<p><a href=\"https:\/\/us.edu.pl\/szkola-doktorska\/wp-content\/uploads\/sites\/50\/Nieprzypisane\/Projekt-planu-badawczego-2022.docx\" class=\"mtli_attachment mtli_docx\" class=\"mtli_attachment mtli_docx\">Projekt-planu-badawczego-2022<\/a><\/p>\n<p>&nbsp;<\/p>\n<p><a href=\"https:\/\/us.edu.pl\/szkola-doktorska\/wp-content\/uploads\/sites\/50\/Nieprzypisane\/Scientific-achievements-and-international-cooperation-2022.docx\" class=\"mtli_attachment mtli_docx\" class=\"mtli_attachment mtli_docx\">Scientific-achievements-and-international-cooperation-2022<\/a><\/p>\n<p><a href=\"https:\/\/us.edu.pl\/szkola-doktorska\/wp-content\/uploads\/sites\/50\/Nieprzypisane\/osi\u0105gni\u0119cia-naukowe-i-dzia\u0142ania-mi\u0119dzynarodowe-2022.docx\" class=\"mtli_attachment mtli_docx\" class=\"mtli_attachment mtli_docx\">Osi\u0105gni\u0119cia-naukowe-i-dzia\u0142ania-mi\u0119dzynarodowe-2022<\/a><\/p>\n<p>&nbsp;<\/p>\n<p>Note &#8211; above are only those documents for which a valid template has been prepared. This is not a closed list of documents that must be provided in the proceedings. The full list is available here: <a href=\"\/szkola-doktorska\/en\/rekrutacja-na-rok-akademicki-2022-2023\/\">https:\/\/us.edu.pl\/szkola-doktorska\/en\/rekrutacja-na-rok-akademicki-2022-2023\/<\/a> (&#8220;Information and documents necessary in the admission process&#8221;).<\/p>\n<p>All required documents and the form of their upload are also described in the <a href=\"https:\/\/irk.us.edu.pl\/irk\/site\/index?lang=en\">IRK system<\/a> (accessed from June 13). We encourage candidates to register quickly and become familiar with the information there &#8211; this is the easiest way to make sure that all recruitment requirements have been met.<\/p>\n<\/div>\r\n                    <\/div>\r\n                <\/div>[\/vc_column][\/vc_row]<\/p>","protected":false},"excerpt":{"rendered":"<p>[vc_row][vc_column][\/vc_column][\/vc_row] [&#8230;]<\/p>\n<p><a class=\"btn btn-secondary understrap-read-more-link\" href=\"https:\/\/us.edu.pl\/szkola-doktorska\/en\/formularze-dokumentow-rekrutacyjnych-2022-2023\/\">Read More&#8230;<\/a><\/p>\n","protected":false},"author":42,"featured_media":0,"parent":0,"menu_order":0,"comment_status":"closed","ping_status":"closed","template":"","meta":{"_expiration-date-status":"saved","_expiration-date":0,"_expiration-date-type":"","_expiration-date-categories":[],"_expiration-date-options":[]},"acf":[],"_links":{"self":[{"href":"https:\/\/us.edu.pl\/szkola-doktorska\/en\/wp-json\/wp\/v2\/pages\/6943"}],"collection":[{"href":"https:\/\/us.edu.pl\/szkola-doktorska\/en\/wp-json\/wp\/v2\/pages"}],"about":[{"href":"https:\/\/us.edu.pl\/szkola-doktorska\/en\/wp-json\/wp\/v2\/types\/page"}],"author":[{"embeddable":true,"href":"https:\/\/us.edu.pl\/szkola-doktorska\/en\/wp-json\/wp\/v2\/users\/42"}],"replies":[{"embeddable":true,"href":"https:\/\/us.edu.pl\/szkola-doktorska\/en\/wp-json\/wp\/v2\/comments?post=6943"}],"version-history":[{"count":1,"href":"https:\/\/us.edu.pl\/szkola-doktorska\/en\/wp-json\/wp\/v2\/pages\/6943\/revisions"}],"predecessor-version":[{"id":6949,"href":"https:\/\/us.edu.pl\/szkola-doktorska\/en\/wp-json\/wp\/v2\/pages\/6943\/revisions\/6949"}],"wp:attachment":[{"href":"https:\/\/us.edu.pl\/szkola-doktorska\/en\/wp-json\/wp\/v2\/media?parent=6943"}],"curies":[{"name":"wp","href":"https:\/\/api.w.org\/{rel}","templated":true}]}}