{"id":7798,"date":"2023-01-05T09:23:57","date_gmt":"2023-01-05T08:23:57","guid":{"rendered":"https:\/\/us.edu.pl\/szkola-doktorska\/?page_id=7798"},"modified":"2023-01-05T09:23:57","modified_gmt":"2023-01-05T08:23:57","slug":"projekty-finansowane-ze-srodkow-programu-inicjatywa-doskonalosci-badawczej-konkurs-sd-2-2020-2","status":"publish","type":"page","link":"https:\/\/us.edu.pl\/szkola-doktorska\/en\/projekty-finansowane-ze-srodkow-programu-inicjatywa-doskonalosci-badawczej-konkurs-sd-2-2020-2\/","title":{"rendered":"Projects financed from the Research Excellence Initiative program &#8211; competition SD 2\/2020"},"content":{"rendered":"<p>[vc_row][vc_column]\r\n                <div class=\"text-modules\">\r\n                    <div class=\"container\">\r\n                        <h3 class=\"page-title text__title\">Projekty finansowane ze \u015brodk\u00f3w Szko\u0142y Doktorskiej<\/h3>\r\n                        <div class=\"text-modules__content\"><p>Funds awarded in the competition for the scientific activity of doctoral students of the Doctoral School in competition No. 2\/2020 &#8211; funds from the Doctoral School.<\/p>\n<\/div>\r\n                    <\/div>\r\n                <\/div>\r\n                <div class=\"text-modules\">\r\n                    <div class=\"container\">\r\n                        \r\n                        <div class=\"text-modules__content\"><\/p>\n<table style=\"width: 90.3632%; height: 1028px;\" border=\"1\" width=\"1239\">\n<tfoot>\n<tr style=\"height: 18px;\">\n<td style=\"width: 5.38585%; text-align: left; height: 18px;\"><strong>Razem<\/strong><\/td>\n<td style=\"width: 17.6849%; text-align: left; height: 18px;\"><\/td>\n<td style=\"width: 20.8199%; text-align: left; height: 18px;\"><\/td>\n<td style=\"width: 43.0868%; text-align: left; height: 18px;\"><\/td>\n<td style=\"width: 12.2186%; height: 18px;\">82 459 PLN<\/td>\n<\/tr>\n<\/tfoot>\n<tbody>\n<tr style=\"height: 18px;\">\n<td style=\"width: 5.38585%; height: 18px;\"><strong>Lp.<\/strong><\/td>\n<td style=\"width: 17.6849%; height: 18px;\"><strong>kierownik projektu<\/strong><\/td>\n<td style=\"width: 20.8199%; height: 18px;\"><strong>Dyscyplina naukowa<\/strong><\/td>\n<td style=\"width: 43.0868%; height: 18px;\"><strong>Nazwa projektu<\/strong><\/td>\n<td style=\"width: 12.2186%; height: 18px;\"><strong>kwota finansowania<\/strong><\/td>\n<\/tr>\n<tr>\n<td style=\"width: 5.38585%;\" width=\"64\">1<\/td>\n<td style=\"width: 17.6849%;\" width=\"224\">Mateusz Sawczyn<\/td>\n<td style=\"width: 20.8199%;\" width=\"144\">Filozofia<\/td>\n<td style=\"width: 43.0868%;\" width=\"236\">Licencja: Prezi<\/td>\n<td style=\"width: 12.2186%;\" width=\"91\">290,00 PLN<\/td>\n<\/tr>\n<tr>\n<td style=\"width: 5.38585%;\">2<\/td>\n<td style=\"width: 17.6849%;\">Mateusz Sawczyn<\/td>\n<td style=\"width: 20.8199%;\">Filozofia<\/td>\n<td style=\"width: 43.0868%;\">Przygotowanie do analizy stanu bada\u0144 nad filozofi\u0105 Friedricha Nietzschego i Giorgia Collego oraz zakup literatury uzupe\u0142niaj\u0105cej<\/td>\n<td style=\"width: 12.2186%;\">1 500,00 PLN<\/td>\n<\/tr>\n<tr>\n<td style=\"width: 5.38585%;\">3<\/td>\n<td style=\"width: 17.6849%;\">Marta Szyma\u0144ska<\/td>\n<td style=\"width: 20.8199%;\">Historia<\/td>\n<td style=\"width: 43.0868%;\">Baza danych &#8211; korpus dyplomat\u00f3w W\u0142adys\u0142awa IV Wazy<\/td>\n<td style=\"width: 12.2186%;\">1 300,00 PLN<\/td>\n<\/tr>\n<tr>\n<td style=\"width: 5.38585%;\">4<\/td>\n<td style=\"width: 17.6849%;\">Marek Jurkowski<\/td>\n<td style=\"width: 20.8199%;\">historia<\/td>\n<td style=\"width: 43.0868%;\">Commemoration of the Julio-Claudian Dynasty Members in the Latin and Greek Local Names. Rozpowszechnianie wynik\u00f3w w\u0142asnych bada\u0144 oraz pomoc w gromadzeniu literatury przedmiotu<\/td>\n<td style=\"width: 12.2186%;\">200,00 PLN<\/td>\n<\/tr>\n<tr>\n<td style=\"width: 5.38585%;\">5<\/td>\n<td style=\"width: 17.6849%;\">Tomasz Flak<\/td>\n<td style=\"width: 20.8199%;\">In\u017cynieria Materia\u0142owa<\/td>\n<td style=\"width: 43.0868%;\">Okre\u015blenie wp\u0142ywu wype\u0142niaczy na w\u0142asciwo\u015bci fizyczne kompozyt\u00f3w o w\u0142a\u015bciwo\u015bciach przeciwmikrobowych<\/td>\n<td style=\"width: 12.2186%;\">1 200,00 PLN<\/td>\n<\/tr>\n<tr>\n<td style=\"width: 5.38585%;\">6<\/td>\n<td style=\"width: 17.6849%;\">Judyta M\u0119\u017cyk<\/td>\n<td style=\"width: 20.8199%;\">j\u0119zykoznawstwo<\/td>\n<td style=\"width: 43.0868%;\">Zakup monitora<\/td>\n<td style=\"width: 12.2186%;\">650,00 PLN<\/td>\n<\/tr>\n<tr>\n<td style=\"width: 5.38585%;\">7<\/td>\n<td style=\"width: 17.6849%;\">Judyta M\u0119\u017cyk<\/td>\n<td style=\"width: 20.8199%;\">j\u0119zykoznawstwo<\/td>\n<td style=\"width: 43.0868%;\">Zakup pakietu Microsoft Office Home &amp; Student 2019 do u\u017cytku offline<\/td>\n<td style=\"width: 12.2186%;\">640,00 PLN<\/td>\n<\/tr>\n<tr>\n<td style=\"width: 5.38585%;\">8<\/td>\n<td style=\"width: 17.6849%;\">Andrzej Juchniewicz<\/td>\n<td style=\"width: 20.8199%;\">literaturoznawstwo<\/td>\n<td style=\"width: 43.0868%;\">Przygotowanie do publikacji artyku\u0142u o estetyce haptycznej w Holocaust and Genocide Studies<\/td>\n<td style=\"width: 12.2186%;\">500,00 PLN<\/td>\n<\/tr>\n<tr>\n<td style=\"width: 5.38585%;\">9<\/td>\n<td style=\"width: 17.6849%;\">Alicja Tomasiak<\/td>\n<td style=\"width: 20.8199%;\">nauki biologiczne<\/td>\n<td style=\"width: 43.0868%;\">Od stanu nieembriogennego do stanu embriogennego: kompleksowa analiza epigenetyczna losu kom\u00f3rek gryki tatarki<\/td>\n<td style=\"width: 12.2186%;\">7 000,00 PLN<\/td>\n<\/tr>\n<tr>\n<td style=\"width: 5.38585%;\">10<\/td>\n<td style=\"width: 17.6849%;\">Marta Potrzebska<\/td>\n<td style=\"width: 20.8199%;\">nauki biologiczne<\/td>\n<td style=\"width: 43.0868%;\">Gospodarka neurohormonalna owad\u00f3w. Wp\u0142yw diety wysokocukrowej na poziom hormonu juwenilnego oraz serotoniny u \u015bwierszcza domowego, Acheta domesticus<\/td>\n<td style=\"width: 12.2186%;\">6 248,00 PLN<\/td>\n<\/tr>\n<tr>\n<td style=\"width: 5.38585%;\">11<\/td>\n<td style=\"width: 17.6849%;\">Kinza Khan<\/td>\n<td style=\"width: 20.8199%;\">nauki biologiczne<\/td>\n<td style=\"width: 43.0868%;\">Cellular and molecular responses of Brachypodium species to salinity stress<\/td>\n<td style=\"width: 12.2186%;\">6 900,00 PLN<\/td>\n<\/tr>\n<tr>\n<td style=\"width: 5.38585%;\">12<\/td>\n<td style=\"width: 17.6849%;\">Weronika Porc<\/td>\n<td style=\"width: 20.8199%;\">nauki biologiczne<\/td>\n<td style=\"width: 43.0868%;\">Optymalizacja warunk\u00f3w ekspozycji paj\u0105k\u00f3w oraz ich kokon\u00f3w na promieniowanie elektromagnetyczne o r\u00f3\u017cnych cz\u0119stotliwo\u015bciach<\/td>\n<td style=\"width: 12.2186%;\">2 226,00 PLN<\/td>\n<\/tr>\n<tr>\n<td style=\"width: 5.38585%;\">13<\/td>\n<td style=\"width: 17.6849%;\">Adam Krain<\/td>\n<td style=\"width: 20.8199%;\">nauki biologiczne<\/td>\n<td style=\"width: 43.0868%;\">Oznaczenie przynale\u017cno\u015bci taksonomicznej szczep\u00f3w grzyb\u00f3w zwi\u0105zanych ze \u015brodowiskami w\u0119gla kamiennego<\/td>\n<td style=\"width: 12.2186%;\">6 264,23 PLN<\/td>\n<\/tr>\n<tr>\n<td style=\"width: 5.38585%;\">14<\/td>\n<td style=\"width: 17.6849%;\">Klaudia Peczyk<\/td>\n<td style=\"width: 20.8199%;\">nauki biologiczne<\/td>\n<td style=\"width: 43.0868%;\">Identyfikacja molekularna szczep\u00f3w bakterii wspomagaj\u0105cych rozw\u00f3j mikoryz zdolnych do wzrostu w obecno\u015bci zanieczyszcze\u0144<\/td>\n<td style=\"width: 12.2186%;\">5 000,00 PLN<\/td>\n<\/tr>\n<tr>\n<td style=\"width: 5.38585%;\">15<\/td>\n<td style=\"width: 17.6849%;\">Ewa Sybilska<\/td>\n<td style=\"width: 20.8199%;\">nauki biologiczne<\/td>\n<td style=\"width: 43.0868%;\">Rola gen\u00f3w koduj\u0105cych kompleks wi\u0105\u017c\u0105cy kap (CBC) w odpowiedzi na ABA w procesie kie\u0142kowania nasion u j\u0119czmienia jarego.<\/td>\n<td style=\"width: 12.2186%;\">1 852,00 PLN<\/td>\n<\/tr>\n<tr>\n<td style=\"width: 5.38585%;\">16<\/td>\n<td style=\"width: 17.6849%;\">Hanna Gorol<\/td>\n<td style=\"width: 20.8199%;\">nauki biologiczne<\/td>\n<td style=\"width: 43.0868%;\">Wp\u0142yw ksenobiotyku bisfenolu A na struktur\u0119 i ultrastruktur\u0119 kom\u00f3rek nab\u0142onka jelita \u015brodkowego s\u0142odkowodnej krewetki Neocaridina davidi (Crustacea, Malacostraca)- badania wst\u0119pne.<\/td>\n<td style=\"width: 12.2186%;\">4 000,00 PLN<\/td>\n<\/tr>\n<tr>\n<td style=\"width: 5.38585%;\">17<\/td>\n<td style=\"width: 17.6849%;\">Daniel Swoboda<\/td>\n<td style=\"width: 20.8199%;\">nauki chemiczne<\/td>\n<td style=\"width: 43.0868%;\">Synteza oraz charakterystyka spektroskopowa nowych pochodnych fenotiazyny<\/td>\n<td style=\"width: 12.2186%;\">2 713,04 PLN<\/td>\n<\/tr>\n<tr>\n<td style=\"width: 5.38585%;\">18<\/td>\n<td style=\"width: 17.6849%;\">Marlena Pa\u017adzior<\/td>\n<td style=\"width: 20.8199%;\">nauki chemiczne<\/td>\n<td style=\"width: 43.0868%;\">Poszukiwanie nanono\u015bnik\u00f3w lek\u00f3w o potencjalnym zastosowaniu w onkologii<\/td>\n<td style=\"width: 12.2186%;\">1 000,00 PLN<\/td>\n<\/tr>\n<tr>\n<td style=\"width: 5.38585%;\">19<\/td>\n<td style=\"width: 17.6849%;\">Yuliia Balkova<\/td>\n<td style=\"width: 20.8199%;\">Nauki fizyczne<\/td>\n<td style=\"width: 43.0868%;\">20th Zimanyi School &#8211; Workshop on heavy ion physics<\/td>\n<td style=\"width: 12.2186%;\">230,00 PLN<\/td>\n<\/tr>\n<tr>\n<td style=\"width: 5.38585%;\">20<\/td>\n<td style=\"width: 17.6849%;\">Jakub Piotr Stolarczyk<\/td>\n<td style=\"width: 20.8199%;\">Nauki o komunikacji i mediach<\/td>\n<td style=\"width: 43.0868%;\">Wykorzystywanie medi\u00f3w spo\u0142eczno\u015bciowych przez radykalne podmioty pozapa\u0144stwowe w konfliktach w II dekadzie XXI wieku. &#8211; analiza literatury oraz pozyskanie materia\u0142u badawczego<\/td>\n<td style=\"width: 12.2186%;\">1 860,00 PLN<\/td>\n<\/tr>\n<tr>\n<td style=\"width: 5.38585%;\">21<\/td>\n<td style=\"width: 17.6849%;\">Kamil Wrzeszcz<\/td>\n<td style=\"width: 20.8199%;\">Nauki o kulturze i religii<\/td>\n<td style=\"width: 43.0868%;\">Rozpocz\u0119cie bada\u0144 nad tematem: \u201eArchitek(s)tura komiks\u00f3w i powie\u015bci graficznych dla dzieci\u201d oraz usprawnienie uczestnictwa w nauczaniu zdalnym.<\/td>\n<td style=\"width: 12.2186%;\">220,00 PLN<\/td>\n<\/tr>\n<tr>\n<td style=\"width: 5.38585%;\">22<\/td>\n<td style=\"width: 17.6849%;\">Adam Pawe\u0142czyk<\/td>\n<td style=\"width: 20.8199%;\">Nauki o polityce i administracji<\/td>\n<td style=\"width: 43.0868%;\">Kurs j\u0119zyka chi\u0144skiego w Instytucie Konfucjusza (tytu\u0142 pracy doktorskiej: &#8220;Przyw\u00f3dztwo polityczne w Chinach pod koniec XX wieku i w pierwszych dw\u00f3ch dekadach XXI wieku. Analiza styl\u00f3w rz\u0105dzenia Jiang Zemina, Hu Jintao oraz Xi Jinpinga&#8221;)<\/td>\n<td style=\"width: 12.2186%;\">1 234,00 PLN<\/td>\n<\/tr>\n<tr>\n<td style=\"width: 5.38585%;\">23<\/td>\n<td style=\"width: 17.6849%;\">Barbara Bieniek<\/td>\n<td style=\"width: 20.8199%;\">Nauki o polityce i administracji<\/td>\n<td style=\"width: 43.0868%;\">,,Oddzia\u0142ywanie instytucji monarchy na funkcjonowanie wybranych element\u00f3w systemu politycznego Kr\u00f3lestwa Szwecji w latach 2008 \u2013 2022.\u00a0 Analiza politologiczna&#8221;.<\/td>\n<td style=\"width: 12.2186%;\">1 000,00 PLN<\/td>\n<\/tr>\n<tr>\n<td style=\"width: 5.38585%;\">24<\/td>\n<td style=\"width: 17.6849%;\">Natalia Galica<\/td>\n<td style=\"width: 20.8199%;\">Nauki o polityce i administracji<\/td>\n<td style=\"width: 43.0868%;\">Determinanty mi\u0119dzynarodowej migracji zarobkowej. Studium miasta Katowice.<\/td>\n<td style=\"width: 12.2186%;\">1 250,00 PLN<\/td>\n<\/tr>\n<tr>\n<td style=\"width: 5.38585%;\">25<\/td>\n<td style=\"width: 17.6849%;\">Daniela Molecov\u00e1-Vaga\u010dov\u00e1<\/td>\n<td style=\"width: 20.8199%;\">Nauki o polityce i administracji<\/td>\n<td style=\"width: 43.0868%;\">Language teaching in European states. The case studies of Germany, France, Spain, Poland, Slovakia and Bulgaria<\/td>\n<td style=\"width: 12.2186%;\">550,00 PLN<\/td>\n<\/tr>\n<tr>\n<td style=\"width: 5.38585%;\">26<\/td>\n<td style=\"width: 17.6849%;\">Joanna Adamczyk<\/td>\n<td style=\"width: 20.8199%;\">Nauki o Ziemi i \u015brodowisku<\/td>\n<td style=\"width: 43.0868%;\">Podstawowe parametry biomasy wykorzystywanej w energetyce<\/td>\n<td style=\"width: 12.2186%;\">4 500,00 PLN<\/td>\n<\/tr>\n<tr>\n<td style=\"width: 5.38585%;\">27<\/td>\n<td style=\"width: 17.6849%;\">Wojciech Ryka\u0142a<\/td>\n<td style=\"width: 20.8199%;\">nauki o Ziemi i \u015brodowisku<\/td>\n<td style=\"width: 43.0868%;\">&#8220;Badanie toksyczno\u015bci sta\u0142ych odpad\u00f3w komunalnych niezmienionych i przekszta\u0142conych w efekcie po\u017caru&#8221;<\/td>\n<td style=\"width: 12.2186%;\">4 378,40 PLN<\/td>\n<\/tr>\n<tr>\n<td style=\"width: 5.38585%;\">28<\/td>\n<td style=\"width: 17.6849%;\">Dorota Staneczek<\/td>\n<td style=\"width: 20.8199%;\">nauki o Ziemi i \u015brodowisku<\/td>\n<td style=\"width: 43.0868%;\">Pilota\u017cowe badania magnetyczne dla warstw zakopia\u0144skich i chocho\u0142owskich w Laboratorium Paleomagnetycznym Instytutu Geofizyki Polskiej Akademii Nauk w Warszawie.<\/td>\n<td style=\"width: 12.2186%;\">2 260,00 PLN<\/td>\n<\/tr>\n<tr>\n<td style=\"width: 5.38585%;\">29<\/td>\n<td style=\"width: 17.6849%;\">Dariusz Nawrocki<\/td>\n<td style=\"width: 20.8199%;\">Nauki o Ziemi i \u015arodowisku<\/td>\n<td style=\"width: 43.0868%;\">Zastosowanie metody ci\u0105g\u0142ej transformacji falkowej do analizy cz\u0119stotliwo\u015bciowej\u00a0 zarejestrowanych zapis\u00f3w sejsmicznych.<\/td>\n<td style=\"width: 12.2186%;\">1 700,00 PLN<\/td>\n<\/tr>\n<tr>\n<td style=\"width: 5.38585%;\">30<\/td>\n<td style=\"width: 17.6849%;\">Karolina Pra\u017cmowska<\/td>\n<td style=\"width: 20.8199%;\">nauki prawne<\/td>\n<td style=\"width: 43.0868%;\">Korekta j\u0119zykowa artyku\u0142u \u201cRepatriation of Indigenous Peoples\u2019 cultural property \u2013 could Alternative Dispute Resolution be a solution?\u201d.<\/td>\n<td style=\"width: 12.2186%;\">898,00 PLN<\/td>\n<\/tr>\n<tr>\n<td style=\"width: 5.38585%;\">31<\/td>\n<td style=\"width: 17.6849%;\">Jakub Bry\u0142a<\/td>\n<td style=\"width: 20.8199%;\">nauki prawne<\/td>\n<td style=\"width: 43.0868%;\">Prawo do informacji publicznej w cyfrowej administracji<\/td>\n<td style=\"width: 12.2186%;\">850,00 PLN<\/td>\n<\/tr>\n<tr>\n<td style=\"width: 5.38585%;\">32<\/td>\n<td style=\"width: 17.6849%;\">Jakub Bry\u0142a<\/td>\n<td style=\"width: 20.8199%;\">nauki prawne<\/td>\n<td style=\"width: 43.0868%;\">Zakup literatury obcoj\u0119zycznej<\/td>\n<td style=\"width: 12.2186%;\">898,00 PLN<\/td>\n<\/tr>\n<tr>\n<td style=\"width: 5.38585%;\">33<\/td>\n<td style=\"width: 17.6849%;\">Aleksandra Klefas<\/td>\n<td style=\"width: 20.8199%;\">nauki prawne<\/td>\n<td style=\"width: 43.0868%;\">Zakup najnowszej literatury zwi\u0105zanej z tematem badawczym<\/td>\n<td style=\"width: 12.2186%;\">2 057,33 PLN<\/td>\n<\/tr>\n<tr>\n<td style=\"width: 5.38585%;\">34<\/td>\n<td style=\"width: 17.6849%;\">Sylwia Giza<\/td>\n<td style=\"width: 20.8199%;\">nauki prawne<\/td>\n<td style=\"width: 43.0868%;\">Narz\u0119dzie do realizacji za\u0142o\u017conej metodologii bada\u0144<\/td>\n<td style=\"width: 12.2186%;\">1 530,00 PLN<\/td>\n<\/tr>\n<tr>\n<td style=\"width: 5.38585%;\">35<\/td>\n<td style=\"width: 17.6849%;\">Karolina Pra\u017cmowska<\/td>\n<td style=\"width: 20.8199%;\">nauki prawne<\/td>\n<td style=\"width: 43.0868%;\">Nowe wyzwania dla ochrony dziedzictwa kulturalnego w prawie mi\u0119dzynarodowym dwudziestego pierwszego wieku.<\/td>\n<td style=\"width: 12.2186%;\">1 294,00 PLN<\/td>\n<\/tr>\n<tr>\n<td style=\"width: 5.38585%;\">36<\/td>\n<td style=\"width: 17.6849%;\">Illia Klinytskyi<\/td>\n<td style=\"width: 20.8199%;\">nauki prawne<\/td>\n<td style=\"width: 43.0868%;\">Problematyka analizy prawnopor\u00f3wnawczej ochrony praw j\u0119zykowych w wybranych jurysdykcjach<\/td>\n<td style=\"width: 12.2186%;\">300,00 PLN<\/td>\n<\/tr>\n<tr>\n<td style=\"width: 5.38585%;\">37<\/td>\n<td style=\"width: 17.6849%;\">Wojciech Panek<\/td>\n<td style=\"width: 20.8199%;\">nauki prawne<\/td>\n<td style=\"width: 43.0868%;\">Zakup \u201eThe EU General Data Protection Regulation (GDPR). A commentary\u201d.<\/td>\n<td style=\"width: 12.2186%;\">1 552,00 PLN<\/td>\n<\/tr>\n<tr>\n<td style=\"width: 5.38585%;\">38<\/td>\n<td style=\"width: 17.6849%;\">Jeremiasz Kalus<\/td>\n<td style=\"width: 20.8199%;\">nauki prawne<\/td>\n<td style=\"width: 43.0868%;\">Rozpocz\u0119cie dzia\u0142alno\u015bci badawczej<\/td>\n<td style=\"width: 12.2186%;\">550,00 PLN<\/td>\n<\/tr>\n<tr>\n<td style=\"width: 5.38585%;\">39<\/td>\n<td style=\"width: 17.6849%;\">Jakub Zamojski<\/td>\n<td style=\"width: 20.8199%;\">nauki prawne<\/td>\n<td style=\"width: 43.0868%;\">Rozpocz\u0119cie dzia\u0142ano\u015bci badawczej<\/td>\n<td style=\"width: 12.2186%;\">514,00 PLN<\/td>\n<\/tr>\n<tr>\n<td style=\"width: 5.38585%;\">40<\/td>\n<td style=\"width: 17.6849%;\">Bartosz Kicior<\/td>\n<td style=\"width: 20.8199%;\">nauki socjologiczne<\/td>\n<td style=\"width: 43.0868%;\">Redefinicja roli dziennikarzy w dobie fake news na przyk\u0142adzie os\u00f3b zwi\u0105zanych z polskimi mediami<\/td>\n<td style=\"width: 12.2186%;\">550,00 PLN<\/td>\n<\/tr>\n<tr>\n<td style=\"width: 5.38585%;\">41<\/td>\n<td style=\"width: 17.6849%;\">Joanna Kruszy\u0144ska- Szwedo<\/td>\n<td style=\"width: 20.8199%;\">pedagogika<\/td>\n<td style=\"width: 43.0868%;\">Metoda Suzuki w procesie wspierania rozwoju uczni\u00f3w z zespo\u0142em Aspergera w pozaszkolnej edukacji muzycznej na arenie mi\u0119dzynarodowej.<\/td>\n<td style=\"width: 12.2186%;\">2 000,00 PLN<\/td>\n<\/tr>\n<tr>\n<td style=\"width: 5.38585%;\">42<\/td>\n<td style=\"width: 17.6849%;\">Marta Misiuda<\/td>\n<td style=\"width: 20.8199%;\">Pedagogika<\/td>\n<td style=\"width: 43.0868%;\">Zakup narz\u0119dzi cyfrowych w celu gromadzenia, przechowywania, przetwarzania i przenoszenia danych uzyskanych w toku bada\u0144,<\/td>\n<td style=\"width: 12.2186%;\">800,00 PLN<\/td>\n<\/tr>\n<\/tbody>\n<\/table>\n<p>\n<\/div>\r\n                    <\/div>\r\n                <\/div>[\/vc_column][\/vc_row]<\/p>","protected":false},"excerpt":{"rendered":"<p>[vc_row][vc_column][\/vc_column][\/vc_row] [&#8230;]<\/p>\n<p><a class=\"btn btn-secondary understrap-read-more-link\" href=\"https:\/\/us.edu.pl\/szkola-doktorska\/en\/projekty-finansowane-ze-srodkow-programu-inicjatywa-doskonalosci-badawczej-konkurs-sd-2-2020-2\/\">Read More&#8230;<\/a><\/p>\n","protected":false},"author":42,"featured_media":0,"parent":0,"menu_order":0,"comment_status":"closed","ping_status":"closed","template":"","meta":{"_expiration-date-status":"","_expiration-date":0,"_expiration-date-type":"","_expiration-date-categories":[],"_expiration-date-options":[]},"acf":[],"_links":{"self":[{"href":"https:\/\/us.edu.pl\/szkola-doktorska\/en\/wp-json\/wp\/v2\/pages\/7798"}],"collection":[{"href":"https:\/\/us.edu.pl\/szkola-doktorska\/en\/wp-json\/wp\/v2\/pages"}],"about":[{"href":"https:\/\/us.edu.pl\/szkola-doktorska\/en\/wp-json\/wp\/v2\/types\/page"}],"author":[{"embeddable":true,"href":"https:\/\/us.edu.pl\/szkola-doktorska\/en\/wp-json\/wp\/v2\/users\/42"}],"replies":[{"embeddable":true,"href":"https:\/\/us.edu.pl\/szkola-doktorska\/en\/wp-json\/wp\/v2\/comments?post=7798"}],"version-history":[{"count":1,"href":"https:\/\/us.edu.pl\/szkola-doktorska\/en\/wp-json\/wp\/v2\/pages\/7798\/revisions"}],"predecessor-version":[{"id":7800,"href":"https:\/\/us.edu.pl\/szkola-doktorska\/en\/wp-json\/wp\/v2\/pages\/7798\/revisions\/7800"}],"wp:attachment":[{"href":"https:\/\/us.edu.pl\/szkola-doktorska\/en\/wp-json\/wp\/v2\/media?parent=7798"}],"curies":[{"name":"wp","href":"https:\/\/api.w.org\/{rel}","templated":true}]}}