{"id":8188,"date":"2023-04-04T01:43:24","date_gmt":"2023-04-03T23:43:24","guid":{"rendered":"https:\/\/us.edu.pl\/szkola-doktorska\/?page_id=8188"},"modified":"2024-12-06T11:46:29","modified_gmt":"2024-12-06T10:46:29","slug":"indywidualny-plan-badawczy-2022-2023","status":"publish","type":"page","link":"https:\/\/us.edu.pl\/szkola-doktorska\/en\/indywidualny-plan-badawczy\/indywidualny-plan-badawczy-2022-2023\/","title":{"rendered":"Individual Research Plan 2022\/2023"},"content":{"rendered":"<p>[vc_row][vc_column]\r\n                <div class=\"text-modules\">\r\n                    <div class=\"container\">\r\n                        <h3 class=\"page-title text__title\">IRP (IPB) template for PhD students who started their education in the 2022\/2023 academic year<\/h3>\r\n                        <div class=\"text-modules__content\"><p>Resolution of the Dean (in Polish): <a href=\"https:\/\/us.edu.pl\/szkola-doktorska\/wp-content\/uploads\/sites\/50\/prawo\/zarzadzenia-dziekana\/2023\/zarzadzenie-nr-5-2023-wzory-IPB-sprawozdan-i-aneksow.pdf\" class=\"mtli_attachment mtli_pdf\" data-mtli=\"mtli_filesize25032kB\" class=\"mtli_attachment mtli_pdf\" data-mtli=\"mtli_filesize25032kB\">zarz\u0105dzenie nr 5-2023 &#8211; wzory IPB, sprawozda\u0144 i aneks\u00f3w<\/a><\/p>\n<p><strong>Individual Research Plan<\/strong><\/p>\n<p>polish version &#8211; <a href=\"https:\/\/us.edu.pl\/szkola-doktorska\/wp-content\/uploads\/sites\/50\/prawo\/zarzadzenia-dziekana\/2023\/zarzadzenie-nr-5-2023-zalacznik-1a-Indywidualny-plan-badawczy-2022-2023.docx\" class=\"mtli_attachment mtli_docx\" class=\"mtli_attachment mtli_docx\">1a &#8211; Indywidualny plan badawczy 2022-2023<\/a><\/p>\n<p>english version &#8211; <a href=\"https:\/\/us.edu.pl\/szkola-doktorska\/wp-content\/uploads\/sites\/50\/prawo\/zarzadzenia-dziekana\/2023\/zarzadzenie-nr-5-2023-wzory-IPB-sprawozdan-i-aneksow\/zarzadzenie-nr-5-2023-zalacznik-1b-Individual-Research-Plan-2022-2023.docx\" class=\"mtli_attachment mtli_docx\" class=\"mtli_attachment mtli_docx\">1b &#8211; Individual Research Plan 2022-2023<\/a><\/p>\n<p>polish version for &#8220;Implemented Doctorate&#8221; Program &#8211; <a href=\"https:\/\/us.edu.pl\/szkola-doktorska\/wp-content\/uploads\/sites\/50\/prawo\/zarzadzenia-dziekana\/2023\/zarzadzenie-nr-5-2023-wzory-IPB-sprawozdan-i-aneksow\/zarzadzenie-nr-5-2023-zalacznik-1c-Indywidualny-plan-badawczy-Doktorat-wdrozeniowy-2022-2023.docx\" class=\"mtli_attachment mtli_docx\" class=\"mtli_attachment mtli_docx\">1c &#8211; Indywidualny plan badawczy &#8211; Doktorat wdro\u017ceniowy &#8211; 2022-2023<\/a><\/p>\n<p><strong>Raport on implementation of the IRP<\/strong><\/p>\n<p>polish version &#8211; <a href=\"https:\/\/us.edu.pl\/szkola-doktorska\/wp-content\/uploads\/sites\/50\/prawo\/zarzadzenia-dziekana\/2023\/3a-sprawozdanie-z-realizacji-IPB-2022-2023.docx\" class=\"mtli_attachment mtli_docx\" class=\"mtli_attachment mtli_docx\">3a-sprawozdanie-z-realizacji-IPB-2022-2023<\/a><\/p>\n<p>english version &#8211;\u00a0<a href=\"https:\/\/us.edu.pl\/szkola-doktorska\/wp-content\/uploads\/sites\/50\/prawo\/zarzadzenia-dziekana\/2023\/3b-Report-on-implementation-of-IRP-2022-2023.docx\" class=\"mtli_attachment mtli_docx\" class=\"mtli_attachment mtli_docx\">3b-Report-on-implementation-of-IRP-2022-2023<\/a><\/p>\n<p>polish version for &#8220;Implemented Doctorate&#8221; Program &#8211; <a href=\"https:\/\/us.edu.pl\/szkola-doktorska\/wp-content\/uploads\/sites\/50\/prawo\/zarzadzenia-dziekana\/2023\/3c-sprawozdanie-z-realizacji-IPB-2022-2023-Doktorat-wdrozeniowy.docx\" class=\"mtli_attachment mtli_docx\" class=\"mtli_attachment mtli_docx\">3c-sprawozdanie-z-realizacji-IPB-2022-2023-Doktorat-wdro\u017ceniowy<\/a><\/p>\n<p><strong>Annex to the IRP<\/strong><\/p>\n<p>polish version &#8211; <a href=\"https:\/\/us.edu.pl\/szkola-doktorska\/wp-content\/uploads\/sites\/50\/prawo\/zarzadzenia-dziekana\/2023\/zarzadzenie-nr-5-2023-wzory-IPB-sprawozdan-i-aneksow\/zarzadzenie-nr-5-2023-zalacznik-3a-Aneks-do-IPB-2022-2023.docx\" class=\"mtli_attachment mtli_docx\" class=\"mtli_attachment mtli_docx\">3a &#8211; Aneks do IPB &#8211; 2022-2023<\/a> (also for &#8220;Implementation Doctorate&#8221;)<\/p>\n<p>english version &#8211; <a href=\"https:\/\/us.edu.pl\/szkola-doktorska\/wp-content\/uploads\/sites\/50\/prawo\/zarzadzenia-dziekana\/2023\/zarzadzenie-nr-5-2023-wzory-IPB-sprawozdan-i-aneksow\/zarzadzenie-nr-5-2023-zalacznik-3b-Annex-to-IRP-2022-2023.docx\" class=\"mtli_attachment mtli_docx\" class=\"mtli_attachment mtli_docx\">3b &#8211; Annex to IRP &#8211; 2022-2023<\/a><\/p>\n<style type=\"text\/css\">a[data-mtli~=\"mtli_filesize25032kB\"]:after {content:\" (250.32 kB)\"}<\/style><\/div>\r\n                    <\/div>\r\n                <\/div>\r\n                <div class=\"text-modules\">\r\n                    <div class=\"container\">\r\n                        <h3 class=\"page-title text__title\">IRP approval procedure in the academic year 2022\/2023<\/h3>\r\n                        <div class=\"text-modules__content\"><\/p>\n<ol>\n<li>The PhD student prepares the IRP in cooperation with the supervisor.<\/li>\n<li>By June 30 at the latest, the doctoral student sends the document prepared and agreed upon with the supervisor to the appropriate area coordinator or competent for implementation doctoral students (https:\/\/us.edu.pl\/szkola-doktorska\/86-2\/). IRP should be sent as a text file open to modifications.<\/li>\n<li>The coordinator either submits comments, sends the document for correction, or informs about its acceptance. The corrected document should be returned to the coordinator for approval.<\/li>\n<li>No, later than September 30, the doctoral student submits to the IRP Doctoral School signed by the doctoral student and the supervisor (also an assistant supervisor, and in the case of implementation doctorates, also a supervisor from the company).<\/li>\n<li>IRP is reviewed by the coordinator and approved by the dean.<\/li>\n<li>The document is stored in the DS office; the doctoral student is provided with a scan.<\/li>\n<li>The IRP is submitted to the evaluation committee, which presents the doctoral student with recommendations for changes in the IRP or only a positive opinion.<\/li>\n<\/ol>\n<p><u>A note on terms<\/u><\/p>\n<p>Doctoral students who started their education at the Doctoral School on a date other than October 1 submit the IRP on the same date as the others and are subject to the same procedures because this document is the basis for passing the first year of education and proceeding to the first stage of the evaluation assessment.<\/p>\n<p><strong>Report on the implementation of the IRP<\/strong><\/p>\n<ol>\n<li>The report on the implementation of IRP should be submitted by September 30, after each year of education.<\/li>\n<li>Submission of the report (dates are required for all signatures) cannot occur earlier than the coordinator&#8217;s approval of the IRP.<\/li>\n<li>The report requires the signature of all supervisors. It is not approved in any way by the Doctoral School but is subject to evaluation by the evaluation committee.<\/li>\n<\/ol>\n<p>\n<\/div>\r\n                    <\/div>\r\n                <\/div>\r\n                <div class=\"text-modules\">\r\n                    <div class=\"container\">\r\n                        <h3 class=\"page-title text__title\">Important Notes on Completing the IRP<\/h3>\r\n                        <div class=\"text-modules__content\"><p>Preparation of the plan should be a precise and lengthy process. The doctoral student has a whole year to prepare it. During this time, he or she can use the support of their supervisor who conducts classes on similar issues in the first year of education (expert tutoring, research methodology, preparation and implementation of a research project, research ethics, planning a scientific career and academic development), as well as offices of the Doctoral School (e.g., in the field of budget planning).<\/p>\n<p>When planning, the doctoral student should consider the obligations related to the cycle of education at the Doctoral School, including the responsibility to prepare a grant project and participate in a foreign internship or present the results of their research at a foreign scientific conference.<\/p>\n<p>The doctoral student presents a plan of tasks for the entire period of the doctoral dissertation. Also, publications, conference presentations, queries, and internships should be planned for the whole period. It is understandable that in different scientific disciplines, the cycle of publications and conferences is different. It is often impossible to precisely plan, for example, conference trips for 3 years in advance. However, this does not release the doctoral student from the obligation to plan how he\/she will present and disseminate the results of his research. This is of great importance when planning the project budget. When creating a schedule of tasks, the doctoral student also plans the time of closing the following stages of work on the doctoral dissertation. Knowing the time of the scheduled completion of a given task, he should be able to plan that he\/she will, for example, present the research results at an international scientific conference. When planning long-term, providing precise dates or the conference organizer is unnecessary if such data are missing. Still, the number and nature of such activities should be prepared.<\/p>\n<\/div>\r\n                    <\/div>\r\n                <\/div>[\/vc_column][\/vc_row]<\/p>\n<style type=\"text\/css\">a[data-mtli~=\"mtli_filesize25032kB\"]:after {content:\" (250.32 kB)\"}a[data-mtli~=\"mtli_filesize25712kB\"]:after {content:\" (257.12 kB)\"}<\/style>","protected":false},"excerpt":{"rendered":"<p>[vc_row][vc_column][\/vc_column][\/vc_row] [&#8230;]<\/p>\n<p><a class=\"btn btn-secondary understrap-read-more-link\" href=\"https:\/\/us.edu.pl\/szkola-doktorska\/en\/indywidualny-plan-badawczy\/indywidualny-plan-badawczy-2022-2023\/\">Read More&#8230;<\/a><\/p>\n","protected":false},"author":42,"featured_media":0,"parent":1417,"menu_order":0,"comment_status":"closed","ping_status":"closed","template":"","meta":{"_expiration-date-status":"","_expiration-date":0,"_expiration-date-type":"","_expiration-date-categories":[],"_expiration-date-options":[]},"acf":[],"_links":{"self":[{"href":"https:\/\/us.edu.pl\/szkola-doktorska\/en\/wp-json\/wp\/v2\/pages\/8188"}],"collection":[{"href":"https:\/\/us.edu.pl\/szkola-doktorska\/en\/wp-json\/wp\/v2\/pages"}],"about":[{"href":"https:\/\/us.edu.pl\/szkola-doktorska\/en\/wp-json\/wp\/v2\/types\/page"}],"author":[{"embeddable":true,"href":"https:\/\/us.edu.pl\/szkola-doktorska\/en\/wp-json\/wp\/v2\/users\/42"}],"replies":[{"embeddable":true,"href":"https:\/\/us.edu.pl\/szkola-doktorska\/en\/wp-json\/wp\/v2\/comments?post=8188"}],"version-history":[{"count":5,"href":"https:\/\/us.edu.pl\/szkola-doktorska\/en\/wp-json\/wp\/v2\/pages\/8188\/revisions"}],"predecessor-version":[{"id":12422,"href":"https:\/\/us.edu.pl\/szkola-doktorska\/en\/wp-json\/wp\/v2\/pages\/8188\/revisions\/12422"}],"up":[{"embeddable":true,"href":"https:\/\/us.edu.pl\/szkola-doktorska\/en\/wp-json\/wp\/v2\/pages\/1417"}],"wp:attachment":[{"href":"https:\/\/us.edu.pl\/szkola-doktorska\/en\/wp-json\/wp\/v2\/media?parent=8188"}],"curies":[{"name":"wp","href":"https:\/\/api.w.org\/{rel}","templated":true}]}}