{"id":9315,"date":"2024-01-12T11:15:07","date_gmt":"2024-01-12T10:15:07","guid":{"rendered":"https:\/\/us.edu.pl\/szkola-doktorska\/?page_id=9315"},"modified":"2024-01-12T11:33:06","modified_gmt":"2024-01-12T10:33:06","slug":"srodki-na-dzialalnosc-naukowa-doktorantow-2024","status":"publish","type":"page","link":"https:\/\/us.edu.pl\/szkola-doktorska\/en\/srodki-na-dzialalnosc-naukowa-doktorantow-2024\/","title":{"rendered":"Funds for the scientific activity of phd students"},"content":{"rendered":"<p>[vc_row][vc_column]\r\n                <div class=\"text-modules \">\r\n                    <div class=\"container\">\r\n                        <h3 class=\"section-title section-title_border-bottom\">Decision on the allocation of funds for the financial year 2024<\/h3> \r\n                        <div class=\"row m-0\">\r\n                            <div class=\"text-modules__content\">\r\n                                Dean of the Doctoral School decided on distributing funds for research and artistic activity of PhD students for the year 2024. The decision may be changed because the budget of the school hasn&#8217;t been established yet.<\/p>\n<p>The amount of the funds: 422,000 PLN, including:<\/p>\n<ul>\n<li>128,800 PLN (300 PLN\/per person) resources for individual access for each PhD student &#8211; to spend until September 30th.<\/li>\n<li>25,000 PLN in the dean&#8217;s reserve<\/li>\n<li>278,200 PLN &#8211; to be divided in contests announced by the Doctoral School.<\/li>\n<\/ul>\n<p>The initial schedule of the contests (final term of application):<\/p>\n<ol>\n<li>February 2rd, 2024<\/li>\n<li>May 17th, 2024<\/li>\n<li>October 11th, 2024 (the competition will be announced if there will be any funds left)<\/li>\n<\/ol>\n<p><strong><span style=\"text-decoration: underline;\">Details on the announced competition <\/span>and information about the settlement of funds in previous competitions &#8211; look at &#8220;Competition for PhD students&#8221; below.<\/strong> \r\n                                <div class=\"mt-3\"><\/div>\r\n                            <\/div>\r\n                            \r\n                            <div class=\"text-modules__img\"><img src=\"https:\/\/us.edu.pl\/szkola-doktorska\/wp-content\/uploads\/sites\/50\/Nieprzypisane\/money-1604921_640.jpg\" alt=\"img\"><\/div>\r\n                        <\/div>\r\n                    <\/div>\r\n                <\/div>\r\n                <div class=\"text-modules\">\r\n                    <div class=\"container\">\r\n                        <h3 class=\"page-title text__title\">The rules for the allocation of funds and the organization of competitions<\/h3>\r\n                        <div class=\"text-modules__content\"><p>Polish version: <a href=\"https:\/\/us.edu.pl\/szkola-doktorska\/wp-content\/uploads\/sites\/50\/prawo\/zarzadzenia-dziekana\/2024\/zarzadzenie-nr-1-2023-Regulamin-podzialu-srodkow-2024\/Regulamin-podzialu-srodkow-2024.pdf\" class=\"mtli_attachment mtli_pdf\" data-mtli=\"mtli_filesize29336kB\" class=\"mtli_attachment mtli_pdf\" data-mtli=\"mtli_filesize29336kB\">Regulamin podzia\u0142u \u015brodk\u00f3w 2024<\/a><\/p>\n<p>English version: <a href=\"https:\/\/us.edu.pl\/szkola-doktorska\/wp-content\/uploads\/sites\/50\/prawo\/zarzadzenia-dziekana\/2024\/zarzadzenie-nr-1-2023-Regulamin-podzialu-srodkow-2024\/Regulations-on-spending-funds-2024.pdf\" class=\"mtli_attachment mtli_pdf\" data-mtli=\"mtli_filesize28443kB\" class=\"mtli_attachment mtli_pdf\" data-mtli=\"mtli_filesize28443kB\">Regulations on spending funds 2024<\/a><\/p>\n<style type=\"text\/css\">a[data-mtli~=\"mtli_filesize29336kB\"]:after {content:\" (293.36 kB)\"}a[data-mtli~=\"mtli_filesize28443kB\"]:after {content:\" (284.43 kB)\"}<\/style><\/div>\r\n                    <\/div>\r\n                <\/div>\r\n                <div class=\"tiles-section\" style=\"background: \">\r\n                    <div class=\"container\">\r\n                        <h3 class=\"page-title\"><\/h3>\r\n                        <div class=\"tiles tiles-2\">\r\n                            <a href=\"https:\/\/us.edu.pl\/szkola-doktorska\/en\/srodki-na-dzialalnosc-naukowa-doktorantow\/srodki-w-dyspozycji-doktorantow\/\" class=\"tile tile_ justify-content-center\" style=\"background-color: #002E5A; font-weight: ; color: #ffffff;  \">\r\n                                \r\n                                   \r\n                               \r\n                                <div class=\"tile__name\">Resources for access to phd students<\/div>\r\n                            <\/a>\r\n                            <a href=\"\/szkola-doktorska\/en\/srodki-na-dzialalnosc-naukowa-doktorantow-2024\/konkurs-dla-doktorantow-srodki-na-dzialalnosc-naukowa-2024\/\" class=\"tile tile_ justify-content-center\" style=\"background-color: #002E5A; font-weight: ; color: #ffffff;  \">\r\n                                \r\n                                   \r\n                               \r\n                                <div class=\"tile__name\">Competition for phd students<\/div>\r\n                            <\/a><\/div>\r\n                    <\/div>\r\n                <\/div>\r\n                <div class=\"title-with-link color-blue\" style=\"background: \">\r\n                    <div class=\"container\">\r\n                        <div class=\"title-with-link-container links-align-left\">\r\n                            <div class=\"title-with-link__title\"><span>Archive of information on financing the activities of doctoral students<\/span><\/div>\r\n                            <a href=\"\/szkola-doktorska\/en\/srodki-na-dzialalnosc-naukowa-doktorantow-2023\/\" class=\"title-with-link__link\">YEAR 2023<\/a>\r\n                        <\/div>\r\n                    <\/div>\r\n                <\/div>\r\n            \r\n                <div class=\"title-with-link color-blue\" style=\"background: \">\r\n                    <div class=\"container\">\r\n                        <div class=\"title-with-link-container links-align-left\">\r\n                            <div class=\"title-with-link__title\"><span>Archive of information on financing the activities of doctoral students<\/span><\/div>\r\n                            <a href=\"\/szkola-doktorska\/en\/srodki-na-dzialalnosc-naukowa-doktorantow-2022\/\" class=\"title-with-link__link\">YEAR 2022<\/a>\r\n                        <\/div>\r\n                    <\/div>\r\n                <\/div>\r\n            \r\n                <div class=\"title-with-link color-blue\" style=\"background: \">\r\n                    <div class=\"container\">\r\n                        <div class=\"title-with-link-container links-align-left\">\r\n                            <div class=\"title-with-link__title\"><span>Archive of information on financing the activities of doctoral students<\/span><\/div>\r\n                            <a href=\"\/szkola-doktorska\/EN\/srodki-na-dzialalnosc-naukowa-doktorantow-2021\/\" class=\"title-with-link__link\">YEARS 2019-2021<\/a>\r\n                        <\/div>\r\n                    <\/div>\r\n                <\/div>\r\n            [\/vc_column][\/vc_row]<\/p>\n<style type=\"text\/css\">a[data-mtli~=\"mtli_filesize29336kB\"]:after {content:\" (293.36 kB)\"}a[data-mtli~=\"mtli_filesize28443kB\"]:after {content:\" (284.43 kB)\"}<\/style>","protected":false},"excerpt":{"rendered":"<p>[vc_row][vc_column][\/vc_column][\/vc_row] [&#8230;]<\/p>\n<p><a class=\"btn btn-secondary understrap-read-more-link\" href=\"https:\/\/us.edu.pl\/szkola-doktorska\/en\/srodki-na-dzialalnosc-naukowa-doktorantow-2024\/\">Read More&#8230;<\/a><\/p>\n","protected":false},"author":42,"featured_media":984,"parent":0,"menu_order":0,"comment_status":"closed","ping_status":"closed","template":"","meta":{"_expiration-date-status":"","_expiration-date":0,"_expiration-date-type":"","_expiration-date-categories":[],"_expiration-date-options":[]},"acf":[],"_links":{"self":[{"href":"https:\/\/us.edu.pl\/szkola-doktorska\/en\/wp-json\/wp\/v2\/pages\/9315"}],"collection":[{"href":"https:\/\/us.edu.pl\/szkola-doktorska\/en\/wp-json\/wp\/v2\/pages"}],"about":[{"href":"https:\/\/us.edu.pl\/szkola-doktorska\/en\/wp-json\/wp\/v2\/types\/page"}],"author":[{"embeddable":true,"href":"https:\/\/us.edu.pl\/szkola-doktorska\/en\/wp-json\/wp\/v2\/users\/42"}],"replies":[{"embeddable":true,"href":"https:\/\/us.edu.pl\/szkola-doktorska\/en\/wp-json\/wp\/v2\/comments?post=9315"}],"version-history":[{"count":3,"href":"https:\/\/us.edu.pl\/szkola-doktorska\/en\/wp-json\/wp\/v2\/pages\/9315\/revisions"}],"predecessor-version":[{"id":9325,"href":"https:\/\/us.edu.pl\/szkola-doktorska\/en\/wp-json\/wp\/v2\/pages\/9315\/revisions\/9325"}],"wp:featuredmedia":[{"embeddable":true,"href":"https:\/\/us.edu.pl\/szkola-doktorska\/en\/wp-json\/wp\/v2\/media\/984"}],"wp:attachment":[{"href":"https:\/\/us.edu.pl\/szkola-doktorska\/en\/wp-json\/wp\/v2\/media?parent=9315"}],"curies":[{"name":"wp","href":"https:\/\/api.w.org\/{rel}","templated":true}]}}