{"id":9584,"date":"2024-02-29T09:42:35","date_gmt":"2024-02-29T08:42:35","guid":{"rendered":"https:\/\/us.edu.pl\/szkola-doktorska\/?page_id=9584"},"modified":"2024-03-08T10:05:44","modified_gmt":"2024-03-08T09:05:44","slug":"wspolczesne-wyzwania-spolek-kapitalowych","status":"publish","type":"page","link":"https:\/\/us.edu.pl\/szkola-doktorska\/en\/seminaria-obszarowe-w-roku-akademickim-2024-2025\/wspolczesne-wyzwania-spolek-kapitalowych\/","title":{"rendered":"(Polski) Wsp\u00f3\u0142czesne wyzwania sp\u00f3\u0142ek kapita\u0142owych"},"content":{"rendered":"<p class=\"qtranxs-available-languages-message qtranxs-available-languages-message-en\">Sorry, this entry is only available in <a href=\"https:\/\/us.edu.pl\/szkola-doktorska\/pl\/wp-json\/wp\/v2\/pages\/9584\" class=\"qtranxs-available-language-link qtranxs-available-language-link-pl\" title=\"Polski\">Polish<\/a>.<\/p>","protected":false},"excerpt":{"rendered":"<p>Sorry, this entry is only available in Polish. [&#8230;]<\/p>\n<p><a class=\"btn btn-secondary understrap-read-more-link\" href=\"https:\/\/us.edu.pl\/szkola-doktorska\/en\/seminaria-obszarowe-w-roku-akademickim-2024-2025\/wspolczesne-wyzwania-spolek-kapitalowych\/\">Read More&#8230;<\/a><\/p>\n","protected":false},"author":205,"featured_media":0,"parent":7779,"menu_order":0,"comment_status":"closed","ping_status":"closed","template":"","meta":{"_expiration-date-status":"","_expiration-date":0,"_expiration-date-type":"","_expiration-date-categories":[],"_expiration-date-options":[]},"acf":[],"_links":{"self":[{"href":"https:\/\/us.edu.pl\/szkola-doktorska\/en\/wp-json\/wp\/v2\/pages\/9584"}],"collection":[{"href":"https:\/\/us.edu.pl\/szkola-doktorska\/en\/wp-json\/wp\/v2\/pages"}],"about":[{"href":"https:\/\/us.edu.pl\/szkola-doktorska\/en\/wp-json\/wp\/v2\/types\/page"}],"author":[{"embeddable":true,"href":"https:\/\/us.edu.pl\/szkola-doktorska\/en\/wp-json\/wp\/v2\/users\/205"}],"replies":[{"embeddable":true,"href":"https:\/\/us.edu.pl\/szkola-doktorska\/en\/wp-json\/wp\/v2\/comments?post=9584"}],"version-history":[{"count":0,"href":"https:\/\/us.edu.pl\/szkola-doktorska\/en\/wp-json\/wp\/v2\/pages\/9584\/revisions"}],"up":[{"embeddable":true,"href":"https:\/\/us.edu.pl\/szkola-doktorska\/en\/wp-json\/wp\/v2\/pages\/7779"}],"wp:attachment":[{"href":"https:\/\/us.edu.pl\/szkola-doktorska\/en\/wp-json\/wp\/v2\/media?parent=9584"}],"curies":[{"name":"wp","href":"https:\/\/api.w.org\/{rel}","templated":true}]}}