{"id":10433,"date":"2024-06-05T10:15:05","date_gmt":"2024-06-05T08:15:05","guid":{"rendered":"https:\/\/us.edu.pl\/szkola-doktorska\/?page_id=10433"},"modified":"2024-06-05T10:15:05","modified_gmt":"2024-06-05T08:15:05","slug":"wzorce-aktywnosci-i-bioroznorodnosc-nietoperzy-w-gradiencie-centrum-przedmiescia-na-przykladzie-miasta-krakow-oddzialywanie-diety-wysokocukrowej-na-fizjologie-oraz-zachowanie-swierszcza-domowego-ache","status":"publish","type":"page","link":"https:\/\/us.edu.pl\/szkola-doktorska\/wzorce-aktywnosci-i-bioroznorodnosc-nietoperzy-w-gradiencie-centrum-przedmiescia-na-przykladzie-miasta-krakow-oddzialywanie-diety-wysokocukrowej-na-fizjologie-oraz-zachowanie-swierszcza-domowego-ache\/","title":{"rendered":"Wzorce aktywno\u015bci i bior\u00f3\u017cnorodno\u015b\u0107 nietoperzy w gradiencie centrum-przedmie\u015bcia na przyk\u0142adzie miasta Krak\u00f3w\/Oddzia\u0142ywanie diety wysokocukrowej na fizjologi\u0119 oraz zachowanie \u015bwierszcza domowego, Acheta domesticus"},"content":{"rendered":"<p>[vc_row][vc_column]\r\n                <div class=\"text-modules\">\r\n                    <div class=\"container\">\r\n                        \r\n                        <div class=\"text-modules__content\"><p>Wydzia\u0142 Nauk Przyrodniczych, Instytut Biologii, Biotechnologii i Ochrony \u015arodowiska (Bankowa 9)<\/p>\n<p>Termin: 12.06 (\u015broda) godzina 9:30<\/p>\n<p>Sala 121 (sala rady instytutu)<\/p>\n<p>Tematy wyst\u0105pie\u0144:<\/p>\n<p>Ewa Pierzcha\u0142a:\u00a0Wzorce aktywno\u015bci i bior\u00f3\u017cnorodno\u015b\u0107 nietoperzy w gradiencie centrum-przedmie\u015bcia na przyk\u0142adzie miasta Krak\u00f3w<\/p>\n<p>Marta Potrzebska:\u00a0Oddzia\u0142ywanie diety wysokocukrowej na fizjologi\u0119 oraz zachowanie \u015bwierszcza domowego, <em>Acheta domesticus<\/em><\/p>\n<\/div>\r\n                    <\/div>\r\n                <\/div>[\/vc_column][\/vc_row]<\/p>","protected":false},"excerpt":{"rendered":"<p>[vc_row][vc_column][\/vc_column][\/vc_row] [&#8230;]<\/p>\n<p><a class=\"btn btn-secondary understrap-read-more-link\" href=\"https:\/\/us.edu.pl\/szkola-doktorska\/wzorce-aktywnosci-i-bioroznorodnosc-nietoperzy-w-gradiencie-centrum-przedmiescia-na-przykladzie-miasta-krakow-oddzialywanie-diety-wysokocukrowej-na-fizjologie-oraz-zachowanie-swierszcza-domowego-ache\/\">Read More&#8230;<\/a><\/p>\n","protected":false},"author":205,"featured_media":0,"parent":0,"menu_order":0,"comment_status":"closed","ping_status":"closed","template":"","meta":{"_expiration-date-status":"","_expiration-date":0,"_expiration-date-type":"","_expiration-date-categories":[],"_expiration-date-options":[]},"acf":[],"_links":{"self":[{"href":"https:\/\/us.edu.pl\/szkola-doktorska\/wp-json\/wp\/v2\/pages\/10433"}],"collection":[{"href":"https:\/\/us.edu.pl\/szkola-doktorska\/wp-json\/wp\/v2\/pages"}],"about":[{"href":"https:\/\/us.edu.pl\/szkola-doktorska\/wp-json\/wp\/v2\/types\/page"}],"author":[{"embeddable":true,"href":"https:\/\/us.edu.pl\/szkola-doktorska\/wp-json\/wp\/v2\/users\/205"}],"replies":[{"embeddable":true,"href":"https:\/\/us.edu.pl\/szkola-doktorska\/wp-json\/wp\/v2\/comments?post=10433"}],"version-history":[{"count":1,"href":"https:\/\/us.edu.pl\/szkola-doktorska\/wp-json\/wp\/v2\/pages\/10433\/revisions"}],"predecessor-version":[{"id":10434,"href":"https:\/\/us.edu.pl\/szkola-doktorska\/wp-json\/wp\/v2\/pages\/10433\/revisions\/10434"}],"wp:attachment":[{"href":"https:\/\/us.edu.pl\/szkola-doktorska\/wp-json\/wp\/v2\/media?parent=10433"}],"curies":[{"name":"wp","href":"https:\/\/api.w.org\/{rel}","templated":true}]}}