{"id":10448,"date":"2024-06-10T09:56:01","date_gmt":"2024-06-10T07:56:01","guid":{"rendered":"https:\/\/us.edu.pl\/szkola-doktorska\/?page_id=10448"},"modified":"2024-07-10T10:28:12","modified_gmt":"2024-07-10T08:28:12","slug":"komisja-rekrutacyjna-szkoly-doktorskiej-w-roku-akademickim-2024-2025","status":"publish","type":"page","link":"https:\/\/us.edu.pl\/szkola-doktorska\/komisja-rekrutacyjna-szkoly-doktorskiej-w-roku-akademickim-2024-2025\/","title":{"rendered":"Komisje rekrutacyjne &#8211; Szko\u0142a Doktorska 2024\/2025"},"content":{"rendered":"<p>[vc_row][vc_column]\r\n                <div class=\"text-modules\">\r\n                    <div class=\"container\">\r\n                        \r\n                        <div class=\"text-modules__content\"><p>Rektor Uniwersytetu \u015al\u0105skiego w Katowicach powo\u0142a\u0142 komisje rekrutacyjne, kt\u00f3rych zadaniem jest przeprowadzenie post\u0119powania rekrutacyjnego do Szko\u0142y Doktorskiej na rok akademicki 2024\/2025. Post\u0119powanie prowadzi\u0107 b\u0119dzie g\u0142\u00f3wna Komisja Rekrutacyjna, kt\u00f3ra decyduje o przebiegu rekrutacji i zatwierdza wyniki post\u0119powania oraz rozpatruje wnioski o odwo\u0142ania oraz trzy obszarowe komisje rekrutacyjne, kt\u00f3rych g\u0142\u00f3wnym zadaniem jest merytoryczna ocena kandydat\u00f3w do Szko\u0142y Doktorskiej, w tym przede wszystkim ocena sk\u0142adanych dokument\u00f3w i przeprowadzenie rozm\u00f3w kwalifikacyjnych.<\/p>\n<p>Zgodnie z \u00a7 4 ust. 11 uchwa\u0142y rekrutacyjnej<strong>\u00a0zarejestrowani kandydaci mog\u0105 zg\u0142asza\u0107 zastrze\u017cenia do sk\u0142adu komisji<\/strong>, je\u017celi udzia\u0142 danego cz\u0142onka komisji wzbudza uzasadnione zastrze\u017cenia co do jego bezstronno\u015bci. Procedur\u0119 t\u0119 stosuje si\u0119 szczeg\u00f3lnie wtedy, kiedy cz\u0142onek komisji:<\/p>\n<p>1) jest prze\u0142o\u017conym kandydata lub znajduje si\u0119 wzgl\u0119dem niego w innej relacji zatrudnienia;<br \/>\n2) jest albo by\u0142 ma\u0142\u017conkiem kandydata b\u0105d\u017a jego krewnym albo powinowatym do drugiego stopnia, b\u0105d\u017a pozostaje albo pozostawa\u0142 z kandydatem we wsp\u00f3lnym po\u017cyciu;<br \/>\n3) jest lub by\u0142 osob\u0105 zwi\u0105zan\u0105 z kandydatem z tytu\u0142u przysposobienia, opieki lub kurateli;<br \/>\n4) bra\u0142 udzia\u0142 w post\u0119powaniu dyscyplinarnym, w kt\u00f3rym kandydat na doktoranta lub kandydat na promotora byli obwinieni.<\/p>\n<p>Zg\u0142oszenia nale\u017cy kierowa\u0107 do przewodnicz\u0105cego odpowiedniej obszarowej komisji rekrutacyjnej, dodaj\u0105c do wiadomo\u015bci sekretarza tej komisji.<\/p>\n<\/div>\r\n                    <\/div>\r\n                <\/div>[\/vc_column][\/vc_row]<\/p>","protected":false},"excerpt":{"rendered":"<p>[vc_row][vc_column][\/vc_column][\/vc_row] [&#8230;]<\/p>\n<p><a class=\"btn btn-secondary understrap-read-more-link\" href=\"https:\/\/us.edu.pl\/szkola-doktorska\/komisja-rekrutacyjna-szkoly-doktorskiej-w-roku-akademickim-2024-2025\/\">Read More&#8230;<\/a><\/p>\n","protected":false},"author":205,"featured_media":0,"parent":0,"menu_order":0,"comment_status":"closed","ping_status":"closed","template":"page-templates\/page-with-bookmarks.php","meta":{"_expiration-date-status":"","_expiration-date":0,"_expiration-date-type":"","_expiration-date-categories":[],"_expiration-date-options":[]},"acf":[],"_links":{"self":[{"href":"https:\/\/us.edu.pl\/szkola-doktorska\/wp-json\/wp\/v2\/pages\/10448"}],"collection":[{"href":"https:\/\/us.edu.pl\/szkola-doktorska\/wp-json\/wp\/v2\/pages"}],"about":[{"href":"https:\/\/us.edu.pl\/szkola-doktorska\/wp-json\/wp\/v2\/types\/page"}],"author":[{"embeddable":true,"href":"https:\/\/us.edu.pl\/szkola-doktorska\/wp-json\/wp\/v2\/users\/205"}],"replies":[{"embeddable":true,"href":"https:\/\/us.edu.pl\/szkola-doktorska\/wp-json\/wp\/v2\/comments?post=10448"}],"version-history":[{"count":10,"href":"https:\/\/us.edu.pl\/szkola-doktorska\/wp-json\/wp\/v2\/pages\/10448\/revisions"}],"predecessor-version":[{"id":10599,"href":"https:\/\/us.edu.pl\/szkola-doktorska\/wp-json\/wp\/v2\/pages\/10448\/revisions\/10599"}],"wp:attachment":[{"href":"https:\/\/us.edu.pl\/szkola-doktorska\/wp-json\/wp\/v2\/media?parent=10448"}],"curies":[{"name":"wp","href":"https:\/\/api.w.org\/{rel}","templated":true}]}}