{"id":10619,"date":"2024-07-25T22:55:40","date_gmt":"2024-07-25T20:55:40","guid":{"rendered":"https:\/\/us.edu.pl\/szkola-doktorska\/?page_id=10619"},"modified":"2025-11-12T23:26:24","modified_gmt":"2025-11-12T22:26:24","slug":"ster","status":"publish","type":"page","link":"https:\/\/us.edu.pl\/szkola-doktorska\/ster\/","title":{"rendered":"Program STER na Uniwersytecie \u015al\u0105skim"},"content":{"rendered":"<p>[vc_row][vc_column]\r\n                <div class=\"text-modules \">\r\n                    <div class=\"container\">\r\n                        <h3 class=\"section-title section-title_border-bottom\">International from the beginning - wsparcie umi\u0119dzynarodowienia<\/h3> <h3 class=\"subtitle text-modules__subtitle\">O projekcie<\/h3>\r\n                        <div class=\"row m-0\">\r\n                            <div class=\"text-modules__content\">\r\n                                Projekt realizowany w ramach programu STER &#8211; Umi\u0119dzynarodowienie szk\u00f3\u0142 doktorskich finansowanego przez Narodow\u0105 Agencj\u0119 Wymiany Akademickiej.<\/p>\n<p><strong>Jednostki realizuj\u0105ce projekt<\/strong>: Szko\u0142a Doktorska, Mi\u0119dzynarodowa \u015arodowiskowa Szko\u0142a Doktorska.<\/p>\n<p><strong>Warto\u015b\u0107 projektu<\/strong>: 1 994 152 PLN<\/p>\n<p><strong>Czas realizacji projektu<\/strong>: 01.01.2024-31.12.2026<\/p>\n<p>G\u0142\u00f3wnym celem projektu jest stworzenie systemowego wsparcia w zakresie umi\u0119dzynarodowienia szk\u00f3\u0142 doktorskich na Uniwersytecie \u015al\u0105skim w Katowicach.<\/p>\n<p>Projekt zak\u0142ada finansowanie nast\u0119puj\u0105cych dzia\u0142a\u0144:<\/p>\n<ul>\n<li>zwi\u0119kszenie stypendium dla najlepszych doktorant\u00f3w pochodz\u0105cych zza granicy<\/li>\n<li>zwi\u0119kszenie stypendium dla najlepszych doktorant\u00f3w, kt\u00f3rzy realizuj\u0105 sw\u00f3j projekt doktorski we wsp\u00f3\u0142pracy z zagraniczn\u0105 instytucj\u0105<\/li>\n<li>18 miesi\u0119cznych sta\u017cy zagranicznych<\/li>\n<li>wynagrodzenie dla tutor\u00f3w pochodz\u0105cych z zagranicznych uczelni i o\u015brodk\u00f3w badawczych (doktoranci SD)<\/li>\n<li>wynagrodzenie dla wyk\u0142adowc\u00f3w z zagranicznych o\u015brodk\u00f3w akademickich lub badawczych (M\u015aSD)<\/li>\n<li>\u015brodki na organizacje szk\u00f3\u0142 sezonowych (letnich, zimowych itp.)<\/li>\n<li>\u015brodki na wsparcie dzia\u0142alno\u015bci U\u015a w ramach programu Transform4Europe<\/li>\n<li>\u015brodki na wzmocnienie wsp\u00f3\u0142pracy z innymi o\u015brodkami naukowymi i na w\u0142\u0105czenie si\u0119 do EUA Council for Doctoral Education<\/li>\n<li>dodatkowe wsparcie dla promotor\u00f3w pracuj\u0105cych z zagranicznymi doktorantami<\/li>\n<li>organizacja spotkania Mi\u0119dzynarodowej Rady Doradczej M\u015aSD<\/li>\n<li>\u015brodki na promocj\u0119<\/li>\n<li>\u015brodki na proofreading publikacji<\/li>\n<li>\u015brodki na dost\u0119p do pe\u0142notekstowych baz publikacji i na pokrycie koszt\u00f3w publikacji<\/li>\n<\/ul>\n<div class=\"mt-3\"><\/div>\r\n                            <\/div>\r\n                            \r\n                            <div class=\"text-modules__img\"><img src=\"https:\/\/us.edu.pl\/szkola-doktorska\/wp-content\/uploads\/sites\/50\/Bez-kategorii\/NAWA-logotyp-STER-PL_page-plusNAWA-002.png\" alt=\"img\"><\/div>\r\n                        <\/div>\r\n                    <\/div>\r\n                <\/div>\n\t\t\t\t<input type=\"hidden\" name=\"promoted_only\" value=\"\">\n\t\t\t\t<input type=\"hidden\" name=\"order\" value=\"DESC\">\n\t\t\t\t<input type=\"hidden\" name=\"order_by\" value=\"post_modified\">\n\n\t\t\t\t<div class=\"article-loop loop-section article-loop_tall color-blue\" style=\"background: \">\n\t\t\t\t\t <div class=\"container \">\n\t\t\t\t\t \t<div class=\"col-12 article-loop-gutter-left\">\n\t\t\t\t\t\t  <div class=\"article-loop-top loop-section-top\">\n\t\t\t\t\t\t\t\t<h2 class=\"section-title\">Aktualno\u015bci w programie<\/h2><div class=\"article-loop-top_right loop-section-top__right\" >\n\t\t\t\t\t\t\t\t\t <select name=\"sort\" title = \"filter by category\"\n\t\t\t\t\t\t\t\t\t\t  class=\"article-loop-sort\" >\n\t\t\t\t\t\t\t\t\t\t  <option value = \"\" selected disabled > filtrowanie wed\u0142ug kategorii<\/option>\n\t\t\t\t\t\t\t\t\t\t  <option value = \"50-240\" > Wszystko<\/option> <option data-link='https:\/\/us.edu.pl\/szkola-doktorska\/category\/ster\/' value='50-240'>ster<\/option><\/select>    <a href = \"https:\/\/us.edu.pl\/szkola-doktorska\/wszystko?title=Aktualno%C5%9Bci+w+programie&order=DESC&order_by=post_modified&categories%5B0%5D=50-240\" class=\"link-button \" > Wszystko<\/a><\/div>  \n\t\t\t\t\t\t  <\/div>\n\t\t\t\t\t\t  <div class=\"article-loop-main carousel\" data-home-url=\"https:\/\/us.edu.pl\/szkola-doktorska\" >\n\t\t\t\t\t\t\t\t<a href = \"#\" data-slide = \"prev\" title=\"przesu\u0144 pasek Aktualno\u015bci w programiew lewo\" class=\"arrow\" >\n\t\t\t\t\t\t\t\t\t <em class=\"ci ci-arrow-left\" ><\/em >\n\t\t\t\t\t\t\t\t\t <span class=\"d-none\" > arrow<\/span >\n\t\t\t\t\t\t\t\t<\/a>\n\t \n\t\t\t\t\t\t\t\t<a href = \"#\" data-slide = \"next\" title=\"przesu\u0144 pasek Aktualno\u015bci w programie w prawo\" class=\"arrow\" >\n\t\t\t\t\t\t\t\t\t <em class=\"ci ci-arrow-right\" ><\/em >\n\t\t\t\t\t\t\t\t\t <span class=\"d-none\" > arrow<\/span >\n\t\t\t\t\t\t\t\t<\/a>\n\t\t\t\t\t\t\t\t<div class=\"row items\" >\n\t\t\t\t\t\t\t\t\t \r\n            <article class=\"article-loop-post carousel-slide\">\r\n                <a href=\"https:\/\/us.edu.pl\/szkola-doktorska\/2026\/04\/17\/wyniki-naboru-do-programu-stazowego-na-rok-2026-ster-nawa\/\" class=\"article-loop-post__thumbnail thumbnail\"\r\n                    style=\"background-image: url(https:\/\/us.edu.pl\/szkola-doktorska\/wp-content\/uploads\/sites\/50\/Bez-kategorii\/NAWA-logotyp-STER-PL_page-plusNAWA-002-259x300.png)\">\r\n                    <span>wi\u0119cej<\/span>\r\n                <\/a>\r\n\r\n                <div class=\"article-loop-post__content\">\r\n                    <h3 class=\"article-loop-post__title\">\r\n                        <a href=\"https:\/\/us.edu.pl\/szkola-doktorska\/2026\/04\/17\/wyniki-naboru-do-programu-stazowego-na-rok-2026-ster-nawa\/\">Wyniki naboru do programu sta\u017cowego na rok 2026 (STER NAWA)<\/a>\r\n                    <\/h3>\r\n            \r\n                    <div class=\"article-loop-post__categories\">\r\n                        <a href=\"https:\/\/us.edu.pl\/szkola-doktorska\/category\/bez-kategorii\/\">Bez kategorii<\/a><a href=\"https:\/\/us.edu.pl\/szkola-doktorska\/category\/ster\/\">ster<\/a>\r\n                    <\/div>    \r\n                <\/div>\r\n            <\/article>\r\n        \r\n            <article class=\"article-loop-post carousel-slide\">\r\n                <a href=\"https:\/\/us.edu.pl\/szkola-doktorska\/2026\/02\/18\/zaproszenie-do-udzialu-w-miedzynarodowej-szkole-sezonowej-2026-beyond-barriers-the-role-of-social-sciences-in-building-accessibility\/\" class=\"article-loop-post__thumbnail thumbnail\"\r\n                    style=\"background-image: url(https:\/\/us.edu.pl\/szkola-doktorska\/wp-content\/uploads\/sites\/50\/Bez-kategorii\/K1_logo_dopuszcz_wers_podstawowa_EN_RGB-03-002-300x145.png)\">\r\n                    <span>wi\u0119cej<\/span>\r\n                <\/a>\r\n\r\n                <div class=\"article-loop-post__content\">\r\n                    <h3 class=\"article-loop-post__title\">\r\n                        <a href=\"https:\/\/us.edu.pl\/szkola-doktorska\/2026\/02\/18\/zaproszenie-do-udzialu-w-miedzynarodowej-szkole-sezonowej-2026-beyond-barriers-the-role-of-social-sciences-in-building-accessibility\/\">Zaproszenie do udzia\u0142u w Mi\u0119dzynarodowej Szkole Sezonowej 2026 \u201eBeyond Barriers: the Role of Social Sciences in Building Accessibility\u201d<\/a>\r\n                    <\/h3>\r\n            \r\n                    <div class=\"article-loop-post__categories\">\r\n                        <a href=\"https:\/\/us.edu.pl\/szkola-doktorska\/category\/bez-kategorii\/\">Bez kategorii<\/a><a href=\"https:\/\/us.edu.pl\/szkola-doktorska\/category\/informacje\/\">Informacje<\/a><a href=\"https:\/\/us.edu.pl\/szkola-doktorska\/category\/ster\/\">ster<\/a><a href=\"https:\/\/us.edu.pl\/szkola-doktorska\/category\/wiadomosci\/\">Wiadomo\u015bci<\/a>\r\n                    <\/div>    \r\n                <\/div>\r\n            <\/article>\r\n        \r\n            <article class=\"article-loop-post carousel-slide\">\r\n                <a href=\"https:\/\/us.edu.pl\/szkola-doktorska\/2026\/03\/15\/wznowienie-wsparcia-publikacji-ster\/\" class=\"article-loop-post__thumbnail thumbnail\"\r\n                    style=\"background-image: url(https:\/\/us.edu.pl\/szkola-doktorska\/wp-content\/uploads\/sites\/50\/Bez-kategorii\/NAWA-logotyp-STER-PL_page-plusNAWA-002-259x300.png)\">\r\n                    <span>wi\u0119cej<\/span>\r\n                <\/a>\r\n\r\n                <div class=\"article-loop-post__content\">\r\n                    <h3 class=\"article-loop-post__title\">\r\n                        <a href=\"https:\/\/us.edu.pl\/szkola-doktorska\/2026\/03\/15\/wznowienie-wsparcia-publikacji-ster\/\">Wznowienie wsparcia publikowania w czasopismach o mi\u0119dzynarodowym zasi\u0119gu (STER NAWA)<\/a>\r\n                    <\/h3>\r\n            \r\n                    <div class=\"article-loop-post__categories\">\r\n                        <a href=\"https:\/\/us.edu.pl\/szkola-doktorska\/category\/bez-kategorii\/\">Bez kategorii<\/a><a href=\"https:\/\/us.edu.pl\/szkola-doktorska\/category\/ster\/\">ster<\/a>\r\n                    <\/div>    \r\n                <\/div>\r\n            <\/article>\r\n        \n\t\t\t\t\t\t\t\t<\/div>\n\t\t\t\t\t\t  <\/div>\n\t\t\t\t\t <\/div>\n\t\t\t\t\t <\/div>\n\t\t\t\t<\/div>[\/vc_column][\/vc_row]<\/p>\n","protected":false},"excerpt":{"rendered":"<p>[vc_row][vc_column][\/vc_column][\/vc_row] [&#8230;]<\/p>\n<p><a class=\"btn btn-secondary understrap-read-more-link\" href=\"https:\/\/us.edu.pl\/szkola-doktorska\/2026\/03\/15\/wznowienie-wsparcia-publikacji-ster\/\">Read More&#8230;<\/a><\/p>\n","protected":false},"author":42,"featured_media":0,"parent":0,"menu_order":0,"comment_status":"closed","ping_status":"closed","template":"page-templates\/page-with-sidebar.php","meta":{"_expiration-date-status":"","_expiration-date":0,"_expiration-date-type":"","_expiration-date-categories":[],"_expiration-date-options":[]},"acf":[],"_links":{"self":[{"href":"https:\/\/us.edu.pl\/szkola-doktorska\/wp-json\/wp\/v2\/pages\/10619"}],"collection":[{"href":"https:\/\/us.edu.pl\/szkola-doktorska\/wp-json\/wp\/v2\/pages"}],"about":[{"href":"https:\/\/us.edu.pl\/szkola-doktorska\/wp-json\/wp\/v2\/types\/page"}],"author":[{"embeddable":true,"href":"https:\/\/us.edu.pl\/szkola-doktorska\/wp-json\/wp\/v2\/users\/42"}],"replies":[{"embeddable":true,"href":"https:\/\/us.edu.pl\/szkola-doktorska\/wp-json\/wp\/v2\/comments?post=10619"}],"version-history":[{"count":6,"href":"https:\/\/us.edu.pl\/szkola-doktorska\/wp-json\/wp\/v2\/pages\/10619\/revisions"}],"predecessor-version":[{"id":24000,"href":"https:\/\/us.edu.pl\/szkola-doktorska\/wp-json\/wp\/v2\/pages\/10619\/revisions\/24000"}],"wp:attachment":[{"href":"https:\/\/us.edu.pl\/szkola-doktorska\/wp-json\/wp\/v2\/media?parent=10619"}],"curies":[{"name":"wp","href":"https:\/\/api.w.org\/{rel}","templated":true}]}}