{"id":10702,"date":"2024-07-26T17:09:09","date_gmt":"2024-07-26T15:09:09","guid":{"rendered":"https:\/\/us.edu.pl\/szkola-doktorska\/?page_id=10702"},"modified":"2026-03-15T23:04:14","modified_gmt":"2026-03-15T22:04:14","slug":"ogloszenia","status":"publish","type":"page","link":"https:\/\/us.edu.pl\/szkola-doktorska\/ster\/ogloszenia\/","title":{"rendered":"Og\u0142oszenia w projekcie"},"content":{"rendered":"<p>[vc_row][vc_column]\r\n                <div class=\"text-modules \">\r\n                    <div class=\"container\">\r\n                        <h3 class=\"section-title section-title_border-bottom\">Og\u0142oszenia nabor\u00f3w i dzia\u0142a\u0144 w projekcie ``International from the begining - wsparcie umi\u0119dzynarodowienia``<\/h3> \r\n                        <div class=\"row m-0\">\r\n                            <div class=\"text-modules__content\">\r\n                                 \r\n                                <div class=\"mt-3\"><\/div>\r\n                            <\/div>\r\n                            \r\n                            \r\n                        <\/div>\r\n                    <\/div>\r\n                <\/div>\r\n                <div class=\"tiles-section\" style=\"background: \">\r\n                    <div class=\"container\">\r\n                        <h3 class=\"page-title\">Otwarte<\/h3>\r\n                        <div class=\"tiles tiles-3\">\r\n                            <a href=\"\/szkola-doktorska\/ster\/ogloszenia\/ogloszenie-naboru-do-programu-stazowego-2026\/\" class=\"tile tile_ \" style=\"background-color: #ffffff; font-weight: ; color: #002E5A;  \">\r\n                                \r\n                                   <div class=\"tile__img\"><img src=\"https:\/\/us.edu.pl\/szkola-doktorska\/wp-content\/uploads\/sites\/50\/STER\/K1_logo_dopuszcz_wers_podstawowa_PL_RGB-01-575x230.png\" alt=\"Program sta\u017cowy 2026\"> <\/div>\r\n                               \r\n                                <div class=\"tile__name\">Program sta\u017cowy 2026<\/div>\r\n                            <\/a>\r\n                            <a href=\"\/szkola-doktorska\/ster\/ogloszenia\/ogloszenie-naboru-do-programu-wsparcia-publikacji\/\" class=\"tile tile_ \" style=\"background-color: #ffffff; font-weight: ; color: #002E5A;  \">\r\n                                \r\n                                   <div class=\"tile__img\"><img src=\"https:\/\/us.edu.pl\/szkola-doktorska\/wp-content\/uploads\/sites\/50\/STER\/K1_logo_dopuszcz_wers_podstawowa_PL_RGB-01-575x230.png\" alt=\"Dofinansowanie publikacji wynik\u00f3w bada\u0144 doktorant\u00f3w w czasopismach o mi\u0119dzynarodowym zasi\u0119gu\"> <\/div>\r\n                               \r\n                                <div class=\"tile__name\">Dofinansowanie publikacji wynik\u00f3w bada\u0144 doktorant\u00f3w w czasopismach o mi\u0119dzynarodowym zasi\u0119gu<\/div>\r\n                            <\/a><\/div>\r\n                    <\/div>\r\n                <\/div>\r\n                <div class=\"tiles-section\" style=\"background: \">\r\n                    <div class=\"container\">\r\n                        <h3 class=\"page-title\">Zako\u0144czone<\/h3>\r\n                        <div class=\"tiles tiles-3\">\r\n                            <a href=\"\/szkola-doktorska\/ster\/ogloszenia\/ogloszenie-rekrutacji-do-programu-stypendialnego-dla-doktorantow-z-zagranicy-2025-2026\/\" class=\"tile tile_ \" style=\"background-color: #ffffff; font-weight: ; color: #002E5A;  \">\r\n                                \r\n                                   <div class=\"tile__img\"><img src=\"https:\/\/us.edu.pl\/szkola-doktorska\/wp-content\/uploads\/sites\/50\/STER\/K1_logo_dopuszcz_wers_podstawowa_PL_RGB-01-575x230.png\" alt=\"Program stypendialny dla doktorant\u00f3w z zagranicy 2025\/2026\"> <\/div>\r\n                               \r\n                                <div class=\"tile__name\">Program stypendialny dla doktorant\u00f3w z zagranicy 2025\/2026<\/div>\r\n                            <\/a>\r\n                            <a href=\"https:\/\/us.edu.pl\/szkola-doktorska\/ster\/ogloszenia\/ogloszenie-rekrutacji-do-programu-stypendialnego-dla-doktorantow-realizujacych-doktorat-miedzynarodowy-2025-2026\/\" class=\"tile tile_ \" style=\"background-color: #ffffff; font-weight: ; color: #002E5A;  \">\r\n                                \r\n                                   <div class=\"tile__img\"><img src=\"https:\/\/us.edu.pl\/szkola-doktorska\/wp-content\/uploads\/sites\/50\/STER\/K1_logo_dopuszcz_wers_podstawowa_PL_RGB-01-575x230.png\" alt=\"Program stypendialny dla doktorant\u00f3w realizuj\u0105cych doktorat mi\u0119dzynarodowy na rok 2025\/2026\"> <\/div>\r\n                               \r\n                                <div class=\"tile__name\">Program stypendialny dla doktorant\u00f3w realizuj\u0105cych doktorat mi\u0119dzynarodowy na rok 2025\/2026<\/div>\r\n                            <\/a>\r\n                            <a href=\"\/szkola-doktorska\/ster\/ogloszenia\/ogloszenie-rekrutacji-do-programu-stypendialnego-dla-doktorantow-z-zagranicy-2024-2025\/\" class=\"tile tile_ \" style=\"background-color: #ffffff; font-weight: ; color: #002E5A;  \">\r\n                                \r\n                                   <div class=\"tile__img\"><img src=\"https:\/\/us.edu.pl\/szkola-doktorska\/wp-content\/uploads\/sites\/50\/STER\/K1_logo_dopuszcz_wers_podstawowa_PL_RGB-01-575x230.png\" alt=\"Program stypendialny dla doktorant\u00f3w z zagranicy 2024\/2025 (przed\u0142u\u017cony)\"> <\/div>\r\n                               \r\n                                <div class=\"tile__name\">Program stypendialny dla doktorant\u00f3w z zagranicy 2024\/2025 (przed\u0142u\u017cony)<\/div>\r\n                            <\/a>\r\n                            <a href=\"\/szkola-doktorska\/ster\/ogloszenia\/ogloszenie-rekrutacji-do-programu-stypendialnego-dla-doktorantow-realizujacych-doktorat-miedzynarodowy-2024-2025-2\/\" class=\"tile tile_ \" style=\"background-color: #ffffff; font-weight: ; color: #002E5A;  \">\r\n                                \r\n                                   <div class=\"tile__img\"><img src=\"https:\/\/us.edu.pl\/szkola-doktorska\/wp-content\/uploads\/sites\/50\/STER\/K1_logo_dopuszcz_wers_podstawowa_PL_RGB-01-575x230.png\" alt=\"Program stypendialny dla doktorant\u00f3w realizuj\u0105cych doktorat mi\u0119dzynarodowy 2024\/2025 - II nab\u00f3r\"> <\/div>\r\n                               \r\n                                <div class=\"tile__name\">Program stypendialny dla doktorant\u00f3w realizuj\u0105cych doktorat mi\u0119dzynarodowy 2024\/2025 - II nab\u00f3r<\/div>\r\n                            <\/a>\r\n                            <a href=\"https:\/\/us.edu.pl\/szkola-doktorska\/ster\/ogloszenia\/ogloszenie-rekrutacji-do-programu-stypendialnego-1-2024\/\" class=\"tile tile_ \" style=\"background-color: #ffffff; font-weight: ; color: #002E5A;  \">\r\n                                \r\n                                   <div class=\"tile__img\"><img src=\"https:\/\/us.edu.pl\/szkola-doktorska\/wp-content\/uploads\/sites\/50\/STER\/K1_logo_dopuszcz_wers_podstawowa_PL_RGB-01-575x230.png\" alt=\"Program stypendialny dla doktorant\u00f3w z zagranicy 2023\/2024\"> <\/div>\r\n                               \r\n                                <div class=\"tile__name\">Program stypendialny dla doktorant\u00f3w z zagranicy 2023\/2024<\/div>\r\n                            <\/a>\r\n                            <a href=\"https:\/\/us.edu.pl\/szkola-doktorska\/ster\/ogloszenia\/ogloszenie-rekrutacji-do-programu-stypendialnego-2-2024\/\" class=\"tile tile_ \" style=\"background-color: #ffffff; font-weight: ; color: #002E5A;  \">\r\n                                \r\n                                   <div class=\"tile__img\"><img src=\"https:\/\/us.edu.pl\/szkola-doktorska\/wp-content\/uploads\/sites\/50\/STER\/K1_logo_dopuszcz_wers_podstawowa_PL_RGB-01-575x230.png\" alt=\"Program stypendialny dla doktorant\u00f3w realizuj\u0105cych doktorat mi\u0119dzynarodowy 2023\/2024\"> <\/div>\r\n                               \r\n                                <div class=\"tile__name\">Program stypendialny dla doktorant\u00f3w realizuj\u0105cych doktorat mi\u0119dzynarodowy 2023\/2024<\/div>\r\n                            <\/a>\r\n                            <a href=\"https:\/\/us.edu.pl\/szkola-doktorska\/ogloszenie-naboru-do-programu-stazowego-2024\/\" class=\"tile tile_ \" style=\"background-color: #ffffff; font-weight: ; color: #002E5A;  \">\r\n                                \r\n                                   <div class=\"tile__img\"><img src=\"https:\/\/us.edu.pl\/szkola-doktorska\/wp-content\/uploads\/sites\/50\/STER\/K1_logo_dopuszcz_wers_podstawowa_PL_RGB-01-575x230.png\" alt=\"Nab\u00f3r w programie sta\u017cowym 2024\"> <\/div>\r\n                               \r\n                                <div class=\"tile__name\">Nab\u00f3r w programie sta\u017cowym 2024<\/div>\r\n                            <\/a>\r\n                            <a href=\"\/szkola-doktorska\/ster\/ogloszenia\/ogloszenie-rekrutacji-do-programu-stypendialnego-dla-doktorantow-realizujacych-doktorat-miedzynarodowy-2024-2025\/\" class=\"tile tile_ \" style=\"background-color: #ffffff; font-weight: ; color: #002E5A;  \">\r\n                                \r\n                                   <div class=\"tile__img\"><img src=\"https:\/\/us.edu.pl\/szkola-doktorska\/wp-content\/uploads\/sites\/50\/STER\/K1_logo_dopuszcz_wers_podstawowa_PL_RGB-01-575x230.png\" alt=\"Program stypendialny dla doktorant\u00f3w realizuj\u0105cych doktorat mi\u0119dzynarodowy 2024\/2025\"> <\/div>\r\n                               \r\n                                <div class=\"tile__name\">Program stypendialny dla doktorant\u00f3w realizuj\u0105cych doktorat mi\u0119dzynarodowy 2024\/2025<\/div>\r\n                            <\/a><\/div>\r\n                    <\/div>\r\n                <\/div><div class=\"container\"><div class=\"separator\" style=\"background-color: #000000\"><\/div><\/div>\r\n                <div class=\"text-modules \">\r\n                    <div class=\"container\">\r\n                         \r\n                        <div class=\"row m-0\">\r\n                            <div class=\"text-modules__content\">\r\n                                <\/p>\n<p>&nbsp;<\/p>\n<p><em>Dzia\u0142anie finansowane przez Narodow\u0105 Agencj\u0119 Wymiany Akademickiej w ramach programu STER &#8211; umi\u0119dzynarodowienie szk\u00f3\u0142 doktorskich<\/em> \r\n                                <div class=\"mt-3\"><\/div>\r\n                            <\/div>\r\n                            \r\n                            <div class=\"text-modules__img\"><img src=\"https:\/\/us.edu.pl\/szkola-doktorska\/wp-content\/uploads\/sites\/50\/STER\/K1_logo_dopuszcz_wers_podstawowa_PL_RGB-02-75proc.png\" alt=\"img\"><\/div>\r\n                        <\/div>\r\n                    <\/div>\r\n                <\/div>[\/vc_column][\/vc_row]<\/p>","protected":false},"excerpt":{"rendered":"<p>[vc_row][vc_column][\/vc_column][\/vc_row] [&#8230;]<\/p>\n<p><a class=\"btn btn-secondary understrap-read-more-link\" href=\"https:\/\/us.edu.pl\/szkola-doktorska\/ster\/ogloszenia\/\">Read More&#8230;<\/a><\/p>\n","protected":false},"author":42,"featured_media":9730,"parent":10619,"menu_order":0,"comment_status":"closed","ping_status":"closed","template":"page-templates\/page-with-sidebar.php","meta":{"_expiration-date-status":"","_expiration-date":0,"_expiration-date-type":"","_expiration-date-categories":[],"_expiration-date-options":[]},"acf":[],"_links":{"self":[{"href":"https:\/\/us.edu.pl\/szkola-doktorska\/wp-json\/wp\/v2\/pages\/10702"}],"collection":[{"href":"https:\/\/us.edu.pl\/szkola-doktorska\/wp-json\/wp\/v2\/pages"}],"about":[{"href":"https:\/\/us.edu.pl\/szkola-doktorska\/wp-json\/wp\/v2\/types\/page"}],"author":[{"embeddable":true,"href":"https:\/\/us.edu.pl\/szkola-doktorska\/wp-json\/wp\/v2\/users\/42"}],"replies":[{"embeddable":true,"href":"https:\/\/us.edu.pl\/szkola-doktorska\/wp-json\/wp\/v2\/comments?post=10702"}],"version-history":[{"count":11,"href":"https:\/\/us.edu.pl\/szkola-doktorska\/wp-json\/wp\/v2\/pages\/10702\/revisions"}],"predecessor-version":[{"id":25213,"href":"https:\/\/us.edu.pl\/szkola-doktorska\/wp-json\/wp\/v2\/pages\/10702\/revisions\/25213"}],"up":[{"embeddable":true,"href":"https:\/\/us.edu.pl\/szkola-doktorska\/wp-json\/wp\/v2\/pages\/10619"}],"wp:featuredmedia":[{"embeddable":true,"href":"https:\/\/us.edu.pl\/szkola-doktorska\/wp-json\/wp\/v2\/media\/9730"}],"wp:attachment":[{"href":"https:\/\/us.edu.pl\/szkola-doktorska\/wp-json\/wp\/v2\/media?parent=10702"}],"curies":[{"name":"wp","href":"https:\/\/api.w.org\/{rel}","templated":true}]}}