{"id":10844,"date":"2024-08-05T00:14:18","date_gmt":"2024-08-04T22:14:18","guid":{"rendered":"https:\/\/us.edu.pl\/szkola-doktorska\/?page_id=10844"},"modified":"2024-08-05T00:14:18","modified_gmt":"2024-08-04T22:14:18","slug":"ogloszenie-rekrutacji-do-programu-stypendialnego-2-2024","status":"publish","type":"page","link":"https:\/\/us.edu.pl\/szkola-doktorska\/en\/ster\/ogloszenia\/ogloszenie-rekrutacji-do-programu-stypendialnego-2-2024\/","title":{"rendered":"Announcement of recruitment for the scholarship program for doctoral students who pursue an international doctorate 2023\/2024"},"content":{"rendered":"<p>[vc_row][vc_column]\r\n                <div class=\"text-modules \">\r\n                    <div class=\"container\">\r\n                        <h3 class=\"section-title section-title_border-bottom\">Announcement of recruitment for the scholarship program for doctoral students b) pursuing an international doctorate for academic year 2023\/2024<\/h3> <h3 class=\"subtitle text-modules__subtitle\">in project \u201eInternational from the beginning \u2013 wsparcie umi\u0119dzynarodowienia\u201d, financed by the National Agency for Academic Exchange under the STER program<\/h3>\r\n                        <div class=\"row m-0\">\r\n                            <div class=\"text-modules__content\">\r\n                                <\/p>\n<p style=\"text-align: center;\">Project manager of \u201eInternational from the beginning \u2013 wsparcie umi\u0119dzynarodowienia\u201d announces<\/p>\n<p style=\"text-align: center;\"><strong>recruitment for the scholarship program for doctoral students pursuing an international doctorate\u00a0<\/strong><\/p>\n<p style=\"text-align: center;\">for academic year 2023\/2024<\/p>\n<p><strong>Information about recruitment<\/strong><\/p>\n<p>Recruitment date: 5.08.2024, 12:00 &#8211; 03.09.2024, 12:00<\/p>\n<p>Recruitment method: electronic, using the SRW IT system<\/p>\n<p>Link to the application form: <a href=\"https:\/\/formularze.us.edu.pl\/form\/index\/5473\" target=\"_blank\" rel=\"noopener\">https:\/\/formularze.us.edu.pl\/form\/index\/5473<\/a><\/p>\n<p><strong>Subject of recruitment<\/strong><\/p>\n<p>Increase of the doctoral scholarship in the amount of PLN 1,280 per month for 9 months of the academic year 2023\/2024 for 6 doctoral students. The scholarship will be paid once, in September 2024, with compensation for the entire scholarship period.<\/p>\n<p><strong>Who can apply for the scholarship<\/strong><\/p>\n<p>A person who meets all of the following conditions can apply for the scholarship:<\/p>\n<ol>\n<li>Has the status of a doctoral student at a doctoral school;<\/li>\n<li>Has settled the first year of education at the doctoral school on time and is currently in the second year of education.<\/li>\n<li>Is entitled to receive a doctoral scholarship.<\/li>\n<li>Has Polish citizenship.<\/li>\n<li>Is pursuing an international doctorate, as it is understand in the project, which is one of the following:\n<ol style=\"list-style-type: lower-alpha;\">\n<li>a doctorate pursued in the co-tutelle model within the framework of an individual contract or cooperation between the University of Silesia and another university;<\/li>\n<li>a doctorate pursued in cooperation with another foreign university under a program or agreement;<\/li>\n<li>having a supervisor employed at a foreign university;<\/li>\n<li>pursuing a doctorate in the framework of international cooperation (e.g. a grant pursued jointly with foreign researchers).<\/li>\n<\/ol>\n<\/li>\n<li>Is residing in the territory of the Republic of Poland, excluding periods of mobility.<\/li>\n<li>Has submitted a correct application using the form provided in this announcement.<\/li>\n<\/ol>\n<p><strong>Assessment criteria<\/strong><\/p>\n<p>The following criteria will be taken into account in the assessment of applications:<\/p>\n<ol>\n<li>Academic achievements in the first year of education<\/li>\n<li>Pursuit of an International Doctorate<\/li>\n<li>Popular Science Activities<\/li>\n<\/ol>\n<p>If fewer applications are submitted than the number of scholarship places (6), the substantive evaluation of applications is waived.<\/p>\n<p><strong>Before submitting an application, please familiarize yourself with the detailed application rules <\/strong>described in the Rules for recruitment and participation in the scholarship program, which is an annex to Order No. 78\/2024 of the Rector of the University of Silesia in Katowice.<\/p>\n<p>English translation of essential part of the Order No. 78\/2024:<\/p>\n<ul>\n<li><a href=\"https:\/\/us.edu.pl\/szkola-doktorska\/wp-content\/uploads\/sites\/50\/STER\/STER_Regulations_scholarship_program.pdf\" class=\"mtli_attachment mtli_pdf\">STER_Regulations_scholarship_program<\/a><\/li>\n<li><a href=\"https:\/\/us.edu.pl\/szkola-doktorska\/wp-content\/uploads\/sites\/50\/STER\/STER_Regulations_scholarship_program_appendix1_criteria.pdf\" class=\"mtli_attachment mtli_pdf\">STER_Regulations_scholarship_program_appendix1_criteria<\/a><\/li>\n<li><a href=\"https:\/\/us.edu.pl\/szkola-doktorska\/wp-content\/uploads\/sites\/50\/STER\/STER_Regulations_scholarship_program_appendix2_data.pdf\" class=\"mtli_attachment mtli_pdf\">STER_Regulations_scholarship_program_appendix2_data<\/a><\/li>\n<li><a href=\"https:\/\/us.edu.pl\/szkola-doktorska\/wp-content\/uploads\/sites\/50\/STER\/STER_Regulations_scholarship_program_appendix3.pdf\" class=\"mtli_attachment mtli_pdf\">STER_Regulations_scholarship_program_appendix3<\/a><\/li>\n<li><a href=\"https:\/\/us.edu.pl\/szkola-doktorska\/wp-content\/uploads\/sites\/50\/STER\/STER_Regulations_scholarship_program_appendix4.pdf\" class=\"mtli_attachment mtli_pdf\">STER_Regulations_scholarship_program_appendix4<\/a><\/li>\n<li><a href=\"https:\/\/us.edu.pl\/szkola-doktorska\/wp-content\/uploads\/sites\/50\/STER\/STER_Regulations_scholarship_program_appendix5.pdf\" class=\"mtli_attachment mtli_pdf\">STER_Regulations_scholarship_program_appendix5<\/a><\/li>\n<li><a href=\"https:\/\/us.edu.pl\/szkola-doktorska\/wp-content\/uploads\/sites\/50\/STER\/STER_Regulations_scholarship_program_appendix6_report-1.docx\" class=\"mtli_attachment mtli_docx\">STER_Regulations_scholarship_program_appendix6_report<\/a><\/li>\n<\/ul>\n<div class=\"mt-3\"><\/div>\r\n                            <\/div>\r\n                            \r\n                            <div class=\"text-modules__img\"><img src=\"https:\/\/us.edu.pl\/szkola-doktorska\/wp-content\/uploads\/sites\/50\/STER\/NAWA-logotyp-STER-PL_page-0001.jpg\" alt=\"img\"><\/div>\r\n                        <\/div>\r\n                    <\/div>\r\n                <\/div><div class=\"container\"><div class=\"separator\" style=\"background-color: #000000\"><\/div><\/div>\r\n                <div class=\"text-modules \">\r\n                    <div class=\"container\">\r\n                         \r\n                        <div class=\"row m-0\">\r\n                            <div class=\"text-modules__content\">\r\n                                <\/p>\n<p>&nbsp;<\/p>\n<p>Dzia\u0142anie wsp\u00f3\u0142finansowane w ramach projektu <strong>International from the beginning \u2013 wsparcie umi\u0119dzynarodowienia<\/strong> finansowanego przez Narodow\u0105 Agencj\u0119 Wymiany Akademickiej w ramach Programu STER. \r\n                                <div class=\"mt-3\"><\/div>\r\n                            <\/div>\r\n                            \r\n                            <div class=\"text-modules__img\"><img src=\"https:\/\/us.edu.pl\/szkola-doktorska\/wp-content\/uploads\/sites\/50\/STER\/K1_logo_dopuszcz_wers_podstawowa_PL_RGB-02-75proc.png\" alt=\"img\"><\/div>\r\n                        <\/div>\r\n                    <\/div>\r\n                <\/div>[\/vc_column][\/vc_row]<\/p>","protected":false},"excerpt":{"rendered":"<p>[vc_row][vc_column][\/vc_column][\/vc_row] [&#8230;]<\/p>\n<p><a class=\"btn btn-secondary understrap-read-more-link\" href=\"https:\/\/us.edu.pl\/szkola-doktorska\/en\/ster\/ogloszenia\/ogloszenie-rekrutacji-do-programu-stypendialnego-2-2024\/\">Read More&#8230;<\/a><\/p>\n","protected":false},"author":42,"featured_media":9730,"parent":10702,"menu_order":0,"comment_status":"closed","ping_status":"closed","template":"","meta":{"_expiration-date-status":"","_expiration-date":0,"_expiration-date-type":"","_expiration-date-categories":[],"_expiration-date-options":[]},"acf":[],"_links":{"self":[{"href":"https:\/\/us.edu.pl\/szkola-doktorska\/en\/wp-json\/wp\/v2\/pages\/10844"}],"collection":[{"href":"https:\/\/us.edu.pl\/szkola-doktorska\/en\/wp-json\/wp\/v2\/pages"}],"about":[{"href":"https:\/\/us.edu.pl\/szkola-doktorska\/en\/wp-json\/wp\/v2\/types\/page"}],"author":[{"embeddable":true,"href":"https:\/\/us.edu.pl\/szkola-doktorska\/en\/wp-json\/wp\/v2\/users\/42"}],"replies":[{"embeddable":true,"href":"https:\/\/us.edu.pl\/szkola-doktorska\/en\/wp-json\/wp\/v2\/comments?post=10844"}],"version-history":[{"count":1,"href":"https:\/\/us.edu.pl\/szkola-doktorska\/en\/wp-json\/wp\/v2\/pages\/10844\/revisions"}],"predecessor-version":[{"id":10846,"href":"https:\/\/us.edu.pl\/szkola-doktorska\/en\/wp-json\/wp\/v2\/pages\/10844\/revisions\/10846"}],"up":[{"embeddable":true,"href":"https:\/\/us.edu.pl\/szkola-doktorska\/en\/wp-json\/wp\/v2\/pages\/10702"}],"wp:featuredmedia":[{"embeddable":true,"href":"https:\/\/us.edu.pl\/szkola-doktorska\/en\/wp-json\/wp\/v2\/media\/9730"}],"wp:attachment":[{"href":"https:\/\/us.edu.pl\/szkola-doktorska\/en\/wp-json\/wp\/v2\/media?parent=10844"}],"curies":[{"name":"wp","href":"https:\/\/api.w.org\/{rel}","templated":true}]}}