{"id":10886,"date":"2024-08-29T12:19:20","date_gmt":"2024-08-29T10:19:20","guid":{"rendered":"https:\/\/us.edu.pl\/szkola-doktorska\/?page_id=10886"},"modified":"2024-09-04T14:29:29","modified_gmt":"2024-09-04T12:29:29","slug":"konkurs-dla-doktorantow-emnk2024","status":"publish","type":"page","link":"https:\/\/us.edu.pl\/szkola-doktorska\/srodki-na-dzialalnosc-naukowa-doktorantow-2024\/konkurs-dla-doktorantow-emnk2024\/","title":{"rendered":"Konkurs dla doktorant\u00f3w \u2013 \u015brodki na dzia\u0142alno\u015b\u0107 naukow\u0105 i artystyczn\u0105 w ramach zada\u0144 Europejskiego Miasta Nauki Katowice 2024"},"content":{"rendered":"<p>[vc_row][vc_column]\r\n                <div class=\"text-modules\">\r\n                    <div class=\"container\">\r\n                        <h3 class=\"page-title text__title\">Og\u0142oszenie konkursu na \u015brodki na dzia\u0142alno\u015b\u0107 naukow\u0105 i artystyczn\u0105 doktorant\u00f3w Szko\u0142y Doktorskiej i Mi\u0119dzynarodowej \u015arodowiskowej Szko\u0142y Doktorskiej w Uniwersytecie \u015al\u0105skim w Katowicach w ramach zada\u0144 Europejskiego Miasta Nauki Katowice 2024<\/h3>\r\n                        <div class=\"text-modules__content\"><p>Dnia 29 sierpnia 2024 roku Dziekan Szko\u0142y Doktorskiej i Dziekan Mi\u0119dzynarodowej \u015arodowiskowej Szko\u0142y Doktorskiej og\u0142aszaj\u0105 konkursu na \u015brodki na dzia\u0142alno\u015b\u0107 naukow\u0105 i artystyczn\u0105 doktorant\u00f3w finansowan\u0105 ze \u015brodk\u00f3w Europejskiego Miasta Nauki Katowice 2024.<\/p>\n<p><span style=\"text-decoration: underline;\"><strong>Podstawowe informacje:<\/strong><\/span><\/p>\n<ul>\n<li>Termin zamkni\u0119cia formularza aplikacyjnego: 16 wrze\u015bnia 2024 r. godz. 11:00<\/li>\n<li>Termin potwierdzenia przez promotora: 17 wrze\u015bnia 2024 r. godz. 11:00 &#8211; poprzez formularz aplikacyjny.<\/li>\n<li>Link do formularza wniosku dla doktoranta: <a href=\"https:\/\/formularze.us.edu.pl\/form\/index\/5499\">https:\/\/formularze.us.edu.pl\/form\/index\/5499<\/a><\/li>\n<li>Link do formularza akceptacyjnego dla promotora: <a href=\"https:\/\/formularze.us.edu.pl\/form\/index\/5500\">https:\/\/formularze.us.edu.pl\/form\/index\/5500<\/a><\/li>\n<li>Planowany termin og\u0142oszenia wynik\u00f3w: po 24 wrze\u015bnia 2024 roku na stronie internetowej Szko\u0142y Doktorskiej.<\/li>\n<\/ul>\n<p><span style=\"text-decoration: underline;\"><strong>Procedura aplikacyjna:<\/strong><\/span><\/p>\n<ol>\n<li>Doktorant wype\u0142nia i wysy\u0142a formularz SRW (<a href=\"https:\/\/formularze.us.edu.pl\/form\/index\/5499\">https:\/\/formularze.us.edu.pl\/form\/index\/5499<\/a>), a nast\u0119pnie potwierdza z\u0142o\u017cenie wniosku, klikaj\u0105c na link wys\u0142any przez system. Termin zamkni\u0119cia systemu: <strong>16 wrze\u015bnia 2024 <\/strong><strong>(poniedzia\u0142ek) godz. 11:00<\/strong>.<\/li>\n<li>Doktorant przekazuje wype\u0142niony formularz w wersji elektronicznej lub papierowej, to\u017csamy z formularzem z\u0142o\u017conym w systemie informatycznym Szko\u0142y, promotorowi do akceptacji.<\/li>\n<li>Promotor informuje Szko\u0142\u0119 Doktorsk\u0105 o zaakceptowaniu formularza, wype\u0142niaj\u0105c formularz <a href=\"https:\/\/formularze.us.edu.pl\/form\/index\/5500\">https:\/\/formularze.us.edu.pl\/form\/index\/5500<\/a>. Termin potwierdzenia przez promotora:<\/li>\n<li><strong>17 wrze\u015bnia 2024 <\/strong><strong>(wtorek) godz. 11:00<\/strong>.<\/li>\n<li>Wnioski niepotwierdzone przez promotora nie b\u0119d\u0105 rozpatrywane (bez wzywania do uzupe\u0142nienia).<\/li>\n<li>Wnioski, kt\u00f3re nie b\u0119d\u0105 spe\u0142nia\u0107 kt\u00f3rego\u015b z wymog\u00f3w formalnych wynikaj\u0105cych z regulaminu nie b\u0119d\u0105 rozpatrywane (bez wzywania do uzupe\u0142nienia lub poprawiania).<\/li>\n<li>Decyzja komisji jest ostateczna i nie przys\u0142uguje od niej odwo\u0142anie.<\/li>\n<\/ol>\n<p><span style=\"text-decoration: underline;\"><strong>Najwa\u017cniejsze zasady konkursu (wyci\u0105g z Regulaminu):<\/strong><\/span><\/p>\n<ol>\n<li>Na jednego doktoranta nie b\u0119d\u0105 przyznawane \u015brodki w wysoko\u015bci wi\u0119kszej ni\u017c 15 000 PLN. Wnioski z\u0142o\u017cone przez jednego doktoranta na \u0142\u0105czn\u0105 kwot\u0119 przekraczaj\u0105c\u0105 15 000 z\u0142 <span style=\"text-decoration: underline;\">b\u0119d\u0105 odrzucane w ca\u0142o\u015bci<\/span>.<\/li>\n<li>Doktorant powinien z\u0142o\u017cy\u0107 kilka wniosk\u00f3w, je\u017celi chce si\u0119 ubiega\u0107 o finansowanie r\u00f3\u017cnych dzia\u0142a\u0144 (na \u0142\u0105czn\u0105 kwot\u0119 nie przekraczaj\u0105c\u0105 15 000 PLN).<\/li>\n<li>W konkursie zostaje wprowadzony limit \u015brodk\u00f3w, o kt\u00f3re mo\u017cna wnioskowa\u0107 w poszczeg\u00f3lnych kategoriach (\u0142\u0105cznie nie przekraczaj\u0105c 15 000 z\u0142):\n<ol>\n<li>mobilno\u015b\u0107 mi\u0119dzynarodowa \u2013 10 000 z\u0142,<\/li>\n<li>mobilno\u015b\u0107 krajowa \u2013 5000 z\u0142,<\/li>\n<li>pozosta\u0142e (m.in. zakupy specjalistyczne, us\u0142ugi, ksi\u0105\u017cki) \u2013 5000 z\u0142.<\/li>\n<\/ol>\n<\/li>\n<li>W konkursie mog\u0105 by\u0107 finansowane wy\u0142\u0105cznie \u015brodki do wydania w okresie po rozstrzygni\u0119ciu konkursu, z zachowaniem zasad obowi\u0105zuj\u0105cych w Uniwersytecie \u015al\u0105skim w Katowicach.<\/li>\n<li>W konkursie mog\u0105 by\u0107 finansowe wy\u0142\u0105cznie \u015brodki do wydania w roku kalendarzowym 2024. Wnioski, kt\u00f3rych realizacje komisja uzna za niemo\u017cliw\u0105 b\u0119d\u0105 odrzucane.<\/li>\n<li>Doktorant, kt\u00f3ry z\u0142o\u017cy\u0142 indywidualny plan badawczy powinien wnioskowa\u0107 o \u015brodki zaplanowane w bud\u017cecie IPB. Inne dzia\u0142ania b\u0119d\u0105 finansowane tylko w przypadku pozostania wolnych \u015brodk\u00f3w po sfinansowaniu wszystkich dzia\u0142a\u0144 zawartych w IPB (zasada ta nie dotyczy doktorant\u00f3w I roku).<\/li>\n<\/ol>\n<p>Pe\u0142na tre\u015b\u0107 Regulaminu: <a href=\"https:\/\/us.edu.pl\/szkola-doktorska\/wp-content\/uploads\/sites\/50\/wydarzenia\/Regulamin-konkursu-Europejskie-Miasto-Nauki-Katowice-2024.pdf\" class=\"mtli_attachment mtli_pdf\" data-mtli=\"mtli_filesize297,94kB\" class=\"mtli_attachment mtli_pdf\" data-mtli=\"mtli_filesize297,94kB\">Regulamin konkursu Europejskie Miasto Nauki Katowice 2024<\/a><\/p>\n<style type=\"text\/css\">a[data-mtli~=\"mtli_filesize297,94kB\"]:after {content:\" (297,94 kB)\"}<\/style><\/div>\r\n                    <\/div>\r\n                <\/div><div class=\"container\"><div class=\"separator\" style=\"background-color: #000000\"><\/div><\/div>\r\n                <div class=\"text-modules \">\r\n                    <div class=\"container\">\r\n                         \r\n                        <div class=\"row m-0\">\r\n                            <div class=\"text-modules__content\">\r\n                                <\/p>\n<p><em>Dofinansowanie z subwencji Ministra Nauki na realizacj\u0119 wydarzenia Europejskie Miasto Nauki Katowice 2024 (EMNK2024)<\/em> \r\n                                <div class=\"mt-3\"><\/div>\r\n                            <\/div>\r\n                            \r\n                            <div class=\"text-modules__img\"><img src=\"https:\/\/us.edu.pl\/szkola-doktorska\/wp-content\/uploads\/sites\/50\/wydarzenia\/LOGO-EMNK2024_SYGNET-300x236.jpg\" alt=\"img\"><\/div>\r\n                        <\/div>\r\n                    <\/div>\r\n                <\/div>[\/vc_column][\/vc_row]<\/p>\n<style type=\"text\/css\">a[data-mtli~=\"mtli_filesize297,94kB\"]:after {content:\" (297,94 kB)\"}<\/style>","protected":false},"excerpt":{"rendered":"<p>[vc_row][vc_column][\/vc_column][\/vc_row] [&#8230;]<\/p>\n<p><a class=\"btn btn-secondary understrap-read-more-link\" href=\"https:\/\/us.edu.pl\/szkola-doktorska\/srodki-na-dzialalnosc-naukowa-doktorantow-2024\/konkurs-dla-doktorantow-emnk2024\/\">Read More&#8230;<\/a><\/p>\n","protected":false},"author":42,"featured_media":0,"parent":9315,"menu_order":0,"comment_status":"closed","ping_status":"closed","template":"","meta":{"_expiration-date-status":"","_expiration-date":0,"_expiration-date-type":"","_expiration-date-categories":[],"_expiration-date-options":[]},"acf":[],"_links":{"self":[{"href":"https:\/\/us.edu.pl\/szkola-doktorska\/wp-json\/wp\/v2\/pages\/10886"}],"collection":[{"href":"https:\/\/us.edu.pl\/szkola-doktorska\/wp-json\/wp\/v2\/pages"}],"about":[{"href":"https:\/\/us.edu.pl\/szkola-doktorska\/wp-json\/wp\/v2\/types\/page"}],"author":[{"embeddable":true,"href":"https:\/\/us.edu.pl\/szkola-doktorska\/wp-json\/wp\/v2\/users\/42"}],"replies":[{"embeddable":true,"href":"https:\/\/us.edu.pl\/szkola-doktorska\/wp-json\/wp\/v2\/comments?post=10886"}],"version-history":[{"count":8,"href":"https:\/\/us.edu.pl\/szkola-doktorska\/wp-json\/wp\/v2\/pages\/10886\/revisions"}],"predecessor-version":[{"id":10937,"href":"https:\/\/us.edu.pl\/szkola-doktorska\/wp-json\/wp\/v2\/pages\/10886\/revisions\/10937"}],"up":[{"embeddable":true,"href":"https:\/\/us.edu.pl\/szkola-doktorska\/wp-json\/wp\/v2\/pages\/9315"}],"wp:attachment":[{"href":"https:\/\/us.edu.pl\/szkola-doktorska\/wp-json\/wp\/v2\/media?parent=10886"}],"curies":[{"name":"wp","href":"https:\/\/api.w.org\/{rel}","templated":true}]}}