{"id":11086,"date":"2024-09-30T23:37:07","date_gmt":"2024-09-30T21:37:07","guid":{"rendered":"https:\/\/us.edu.pl\/szkola-doktorska\/?page_id=11086"},"modified":"2024-09-30T23:37:07","modified_gmt":"2024-09-30T21:37:07","slug":"harmonogram-roku-akademickiego-2024-2025","status":"publish","type":"page","link":"https:\/\/us.edu.pl\/szkola-doktorska\/harmonogram-roku-akademickiego-2024-2025\/","title":{"rendered":"Harmonogram roku akademickiego 2024\/2025"},"content":{"rendered":"<p>[vc_row][vc_column]\r\n                <div class=\"text-modules \">\r\n                    <div class=\"container\">\r\n                        <h3 class=\"section-title section-title_border-bottom\">Organizacja roku akademickiego 2024\/2025<\/h3> \r\n                        <div class=\"row m-0\">\r\n                            <div class=\"text-modules__content\">\r\n                                <\/p>\n<table>\n<tbody>\n<tr>\n<td width=\"245\"><strong>Semestr zimowy<\/strong><\/td>\n<td width=\"331\">od 1 pa\u017adziernika 2024 do 23 lutego 2025 roku<\/td>\n<\/tr>\n<tr>\n<td colspan=\"2\" width=\"576\">w tym<\/td>\n<\/tr>\n<tr>\n<td width=\"245\">zaj\u0119cia dydaktyczne<\/td>\n<td width=\"331\">07.10.2024\u201320.12.2024<\/td>\n<\/tr>\n<tr>\n<td width=\"245\">wakacje zimowe<\/td>\n<td width=\"331\">23.12.2024\u201301.01.2025<\/td>\n<\/tr>\n<tr>\n<td width=\"245\">praca indywidualna<\/td>\n<td width=\"331\">02.01.2025\u201307.02.2025<\/td>\n<\/tr>\n<tr>\n<td width=\"245\">sesja zaliczeniowa<\/td>\n<td width=\"331\">10.02.2025\u201314.02.2025<\/td>\n<\/tr>\n<tr>\n<td width=\"245\">przerwa mi\u0119dzysemestralna<\/td>\n<td width=\"331\">17.02.2025\u201323.02.2025<\/td>\n<\/tr>\n<\/tbody>\n<\/table>\n<p>&nbsp;<\/p>\n<table>\n<tbody>\n<tr>\n<td width=\"245\"><strong>Semestr letni<\/strong><\/td>\n<td width=\"331\">od 24 lutego do 30 wrze\u015bnia 2025 roku<\/td>\n<\/tr>\n<tr>\n<td colspan=\"2\" width=\"576\">w tym<\/td>\n<\/tr>\n<tr>\n<td width=\"245\">zaj\u0119cia dydaktyczne<\/td>\n<td width=\"331\">24.02.2025\u201316.04.2025<\/td>\n<\/tr>\n<tr>\n<td width=\"245\">wakacje wiosenne<\/td>\n<td width=\"331\">17.04.2025\u201322.04.2025<\/td>\n<\/tr>\n<tr>\n<td width=\"245\">zaj\u0119cia dydaktyczne<\/td>\n<td width=\"331\">23.04.2025\u201316.05.2025<\/td>\n<\/tr>\n<tr>\n<td width=\"245\">praca indywidualna i T4EU Week<\/td>\n<td width=\"331\">19.05.2025\u201313.06.2025<\/td>\n<\/tr>\n<tr>\n<td width=\"245\">sesja zaliczeniowa<\/td>\n<td width=\"331\">16.06.2025\u201327.06.2025<\/td>\n<\/tr>\n<tr>\n<td width=\"245\">wakacje letnie<\/td>\n<td width=\"331\">30.06.2025\u201330.08.2025 (w tym: minimum 4 tygodnie nieprzerwanych wakacji letnich)<\/td>\n<\/tr>\n<tr>\n<td width=\"245\">okres ewaluacji<\/td>\n<td width=\"331\">1.09.2025\u201330.09.2025<\/td>\n<\/tr>\n<\/tbody>\n<\/table>\n<p>&nbsp;<\/p>\n<p>Dodatkowym dniem wolnym od zaj\u0119\u0107 dydaktycznych jest 2 maja 2025 roku.<\/p>\n<p>Dziekan Szko\u0142y Doktorskiej w\u00a0Uniwersytecie \u015al\u0105skim mo\u017ce ustanowi\u0107 dodatkowe godziny wolne od zaj\u0119\u0107 w\u00a0innych dniach ni\u017c wskazane w\u00a0\u00a7\u00a01 oraz \u00a7\u00a02, w\u00a0zale\u017cno\u015bci od potrzeb Szko\u0142y Doktorskiej, z w\u0142asnej inicjatywy lub na wniosek samorz\u0105du doktorant\u00f3w. \r\n                                <div class=\"mt-3\"><\/div>\r\n                            <\/div>\r\n                            \r\n                            <div class=\"text-modules__img\"><img src=\"https:\/\/us.edu.pl\/szkola-doktorska\/wp-content\/uploads\/sites\/50\/Nieprzypisane\/calendar-3073971_1920_800-600x400-1.jpg\" alt=\"img\"><\/div>\r\n                        <\/div>\r\n                    <\/div>\r\n                <\/div>[\/vc_column][\/vc_row]<\/p>","protected":false},"excerpt":{"rendered":"<p>[vc_row][vc_column][\/vc_column][\/vc_row] [&#8230;]<\/p>\n<p><a class=\"btn btn-secondary understrap-read-more-link\" href=\"https:\/\/us.edu.pl\/szkola-doktorska\/harmonogram-roku-akademickiego-2024-2025\/\">Read More&#8230;<\/a><\/p>\n","protected":false},"author":42,"featured_media":0,"parent":0,"menu_order":0,"comment_status":"closed","ping_status":"closed","template":"","meta":{"_expiration-date-status":"","_expiration-date":0,"_expiration-date-type":"","_expiration-date-categories":[],"_expiration-date-options":[]},"acf":[],"_links":{"self":[{"href":"https:\/\/us.edu.pl\/szkola-doktorska\/wp-json\/wp\/v2\/pages\/11086"}],"collection":[{"href":"https:\/\/us.edu.pl\/szkola-doktorska\/wp-json\/wp\/v2\/pages"}],"about":[{"href":"https:\/\/us.edu.pl\/szkola-doktorska\/wp-json\/wp\/v2\/types\/page"}],"author":[{"embeddable":true,"href":"https:\/\/us.edu.pl\/szkola-doktorska\/wp-json\/wp\/v2\/users\/42"}],"replies":[{"embeddable":true,"href":"https:\/\/us.edu.pl\/szkola-doktorska\/wp-json\/wp\/v2\/comments?post=11086"}],"version-history":[{"count":1,"href":"https:\/\/us.edu.pl\/szkola-doktorska\/wp-json\/wp\/v2\/pages\/11086\/revisions"}],"predecessor-version":[{"id":11090,"href":"https:\/\/us.edu.pl\/szkola-doktorska\/wp-json\/wp\/v2\/pages\/11086\/revisions\/11090"}],"wp:attachment":[{"href":"https:\/\/us.edu.pl\/szkola-doktorska\/wp-json\/wp\/v2\/media?parent=11086"}],"curies":[{"name":"wp","href":"https:\/\/api.w.org\/{rel}","templated":true}]}}