{"id":12230,"date":"2024-11-04T11:39:20","date_gmt":"2024-11-04T10:39:20","guid":{"rendered":"https:\/\/us.edu.pl\/szkola-doktorska\/?page_id=12230"},"modified":"2026-03-15T23:08:47","modified_gmt":"2026-03-15T22:08:47","slug":"ogloszenie-naboru-do-programu-wsparcia-publikacji","status":"publish","type":"page","link":"https:\/\/us.edu.pl\/szkola-doktorska\/ster\/ogloszenia\/ogloszenie-naboru-do-programu-wsparcia-publikacji\/","title":{"rendered":"Og\u0142oszenie naboru do programu wsparcia publikacji wynik\u00f3w bada\u0144 w czasopismach o mi\u0119dzynarodowym zasi\u0119gu dla doktorant\u00f3w"},"content":{"rendered":"<p>[vc_row][vc_column]\r\n                <div class=\"text-modules \">\r\n                    <div class=\"container\">\r\n                        <h3 class=\"section-title section-title_border-bottom\">Og\u0142oszenie naboru do programu wsparcia publikacji wynik\u00f3w bada\u0144 w czasopismach o mi\u0119dzynarodowym zasi\u0119gu dla doktorant\u00f3w<\/h3> <h3 class=\"subtitle text-modules__subtitle\">w projekcie \u201eInternational from the beginning \u2013 wsparcie umi\u0119dzynarodowienia\u201d, finansowanym przez Narodow\u0105 Agencj\u0119 Wymiany Akademickiej w ramach programu STER<\/h3>\r\n                        <div class=\"row m-0\">\r\n                            <div class=\"text-modules__content\">\r\n                                <\/p>\n<p style=\"text-align: center;\">Kierownik projektu \u201eInternational from the beginning \u2013 wsparcie umi\u0119dzynarodowienia\u201d og\u0142asza<\/p>\n<p style=\"text-align: center;\"><span style=\"font-size: 12pt;\"><strong>nab\u00f3r do do programu wsparcia publikacji wynik\u00f3w bada\u0144 w czasopismach o\u00a0mi\u0119dzynarodowym zasi\u0119gu dla doktorant\u00f3w<\/strong><\/span><\/p>\n<p>&nbsp;<\/p>\n<p><strong>Informacje na temat naboru<\/strong><\/p>\n<p>Termin naboru: od 4.11.2024 godz. 11:00 do wyczerpania \u015brodk\u00f3w lub do ko\u0144ca projektu. Kierownik projektu zastrzega sobie prawo do czasowego zawieszenia naboru, w szczeg\u00f3lno\u015bci w przypadku wyczerpania \u015brodk\u00f3w przeznaczonych na dany rok.<\/p>\n<p>Forma naboru: elektroniczna, za pomoc\u0105 systemu informatycznego SRW<\/p>\n<p><strong>Linki do formularza zg\u0142oszeniowego<\/strong><\/p>\n<ol style=\"list-style-type: upper-alpha;\">\n<li>Wsparcie w postaci proofreadingu publikacji\n<ol>\n<li>Formularz zg\u0142oszeniowy: <a href=\"https:\/\/formularze.us.edu.pl\/form\/index\/5694\">https:\/\/formularze.us.edu.pl\/form\/index\/5694<\/a><\/li>\n<li>Formularz na opini\u0119 promotora: <a href=\"https:\/\/formularze.us.edu.pl\/form\/index\/5695\">https:\/\/formularze.us.edu.pl\/form\/index\/5695<\/a><\/li>\n<\/ol>\n<\/li>\n<li>Wsparcie w postaci dofinansowania do koszt\u00f3w publikacji\n<ol>\n<li>Formularz zg\u0142oszeniowy: <a href=\"https:\/\/formularze.us.edu.pl\/form\/index\/7106\">https:\/\/formularze.us.edu.pl\/form\/index\/7106<\/a><\/li>\n<li>Formularz na opini\u0119 promotora: <a href=\"https:\/\/formularze.us.edu.pl\/form\/index\/7107\">https:\/\/formularze.us.edu.pl\/form\/index\/7107<\/a><\/li>\n<\/ol>\n<\/li>\n<\/ol>\n<p><strong>Przedmiot naboru<\/strong><\/p>\n<p>Wsparcie publikowania przez doktorant\u00f3w wynik\u00f3w bada\u0144 w czasopismach o mi\u0119dzynarodowym zasi\u0119gu w postaci proofreadingu (korekty j\u0119zykowej) przygotowanych publikacji a tak\u017ce dofinansowania do koszt\u00f3w wydawniczych publikacji.<\/p>\n<p><strong>Kto mo\u017ce ubiega\u0107 si\u0119 o wsparcie?<\/strong><\/p>\n<p>O wsparcie mo\u017ce ubiega\u0107 si\u0119 osoba, kt\u00f3ra posiada status doktoranta jednej ze szk\u00f3\u0142 doktorskich w Uniwersytecie \u015al\u0105skim w Katowicach. Wsparcie zostanie przyznane pod warunkiem spe\u0142nienia nast\u0119puj\u0105cych warunk\u00f3w:<\/p>\n<ol style=\"list-style-type: upper-alpha;\">\n<li>W przypadku ubiegania si\u0119 o proofreading publikacji:\n<ol>\n<li>Doktorant jest pierwszym lub jedynym autorem artyku\u0142u, kt\u00f3rego wsparcie dotyczy,<\/li>\n<li>W publikacji doktorant b\u0119dzie si\u0119 pos\u0142ugiwa\u0142 afiliacj\u0105 Uniwersytetu \u015al\u0105skiego,<\/li>\n<li>Artyku\u0142 jest gotowy do przes\u0142ania do proofreadingu,<\/li>\n<li>Artyku\u0142 jest przygotowany z my\u015bl\u0105 o publikacji w czasopi\u015bmie naukowym o mi\u0119dzynarodowym zasi\u0119gu i renomie, znajduj\u0105cym si\u0119 w wykazie czasopism naukowych i recenzowanych materia\u0142\u00f3w z konferencji mi\u0119dzynarodowym i przypisane jest mu:\n<ul>\n<li>co najmniej 140 punkt\u00f3w w przypadku doktorant\u00f3w dyscyplin przynale\u017cnych do dziedziny nauk \u015bcis\u0142ych i przyrodniczych oraz dziedziny nauk in\u017cynieryjno-technicznych<\/li>\n<li>co najmniej 70 punkt\u00f3w w przypadku doktorant\u00f3w dyscyplin przynale\u017cnych do dziedziny nauk spo\u0142ecznych, dziedziny nauk humanistycznych oraz dziedziny nauk teologicznych.<\/li>\n<\/ul>\n<\/li>\n<li>Zaplanowany proofreading spe\u0142nia warunki dla danego czasopisma, je\u017celi zosta\u0142y okre\u015blone,<\/li>\n<li>Wniosek zostanie pozytywnie zaopiniowany przez promotora doktoranta,<\/li>\n<li>Zesp\u00f3\u0142 projektowy powo\u0142any przez Kierownika Projektu pozytywnie zaopiniuje wniosek do finansowania.<\/li>\n<\/ol>\n<\/li>\n<li>W przypadku ubiegania si\u0119 o dofinansowanie do koszt\u00f3w publikacji:\n<ol>\n<li>Doktorant jest pierwszym lub jedynym autorem artyku\u0142u, kt\u00f3rego wsparcie dotyczy.<\/li>\n<li>W publikacji doktorant b\u0119dzie si\u0119 pos\u0142ugiwa\u0142 afiliacj\u0105 Uniwersytetu \u015al\u0105skiego.<\/li>\n<li>Artyku\u0142 jest przygotowany do przekazania go do czasopisma do recenzji wydawniczej.<\/li>\n<li>Czasopismo, do kt\u00f3rego artyku\u0142 jest przygotowany, jest czasopismem naukowym o mi\u0119dzynarodowym zasi\u0119gu i renomie, znajduj\u0105cym si\u0119 w wykazie czasopism naukowych i recenzowanych materia\u0142\u00f3w z konferencji mi\u0119dzynarodowym i przypisane jest mu:\n<ul>\n<li>co najmniej 140 punkt\u00f3w w przypadku doktorant\u00f3w dyscyplin przynale\u017cnych do dziedziny nauk \u015bcis\u0142ych i przyrodniczych oraz dziedziny nauk in\u017cynieryjno-technicznych<\/li>\n<li>co najmniej 70 punkt\u00f3w w przypadku doktorant\u00f3w dyscyplin przynale\u017cnych do dziedziny nauk spo\u0142ecznych, dziedziny nauk humanistycznych oraz dziedziny nauk teologicznych.<\/li>\n<\/ul>\n<\/li>\n<li>Wniosek zostanie pozytywnie zaopiniowany przez promotora doktoranta.<\/li>\n<li>Zesp\u00f3\u0142 projektowy powo\u0142any przez Kierownika Projektu pozytywnie zaopiniuje wniosek do finansowania.<\/li>\n<\/ol>\n<\/li>\n<\/ol>\n<p><strong>Kryteria oceny<\/strong><\/p>\n<p>Zesp\u00f3\u0142 projektowy powo\u0142any przez Kierownika Projektu opiniuj\u0105c wniosek bierze pod uwag\u0119 nast\u0119puj\u0105ce kryteria:<\/p>\n<ul>\n<li>renom\u0119 i mi\u0119dzynarodowy zasi\u0119g czasopisma,<\/li>\n<li>potencjalny wp\u0142yw publikacji na rozw\u00f3j dyscypliny,<\/li>\n<li>zwi\u0105zek publikacji z przygotowywan\u0105 rozpraw\u0105 doktorsk\u0105,<\/li>\n<li>mo\u017cliwo\u015bci finansowe projektu.<\/li>\n<\/ul>\n<p>W projekcie przewiduje si\u0119 wsparcie wydania publikacji poprzez dofinansowanie dla 30 publikacji w postaci proofreadingu oraz dla 15 publikacji w postaci finansowania Open Access lub koszt\u00f3w publikacji.<\/p>\n<p>Na finansowanie proofreadingu przyznawane b\u0119d\u0105 \u015brodki w wysoko\u015bci 1000 z\u0142 \u2013 z mo\u017cliwo\u015bci\u0105 zwi\u0119kszenia w przypadku oszcz\u0119dno\u015bci w projekcie.<\/p>\n<p>Na finansowanie Open Access lub koszt\u00f3w publikacji \u015brodki przyznawane b\u0119d\u0105 na podstawie przedstawionego kosztorysu, przy czym \u015bredni koszt publikacji to 8859 z\u0142. W przypadku kosztorys\u00f3w przekraczaj\u0105cych t\u0119 kwot\u0119 Kierownik Projektu mo\u017ce przyzna\u0107 cz\u0119\u015bciowe finansowanie.<\/p>\n<p><strong>Przed z\u0142o\u017ceniem wniosku nale\u017cy zapozna\u0107 si\u0119 ze szczeg\u00f3\u0142owymi zasadami<\/strong>, kt\u00f3re opisuje Regulamin wsparcia doktorant\u00f3w w zakresie publikacji wynik\u00f3w bada\u0144 w czasopismach o mi\u0119dzynarodowym zasi\u0119gu, stanowi\u0105cy <a href=\"https:\/\/aktyprawne.us.edu.pl\/d\/7638\/5\/\">za\u0142\u0105cznik do Zarz\u0105dzenia nr 152\/2024 Rektora Uniwersytetu \u015al\u0105skiego w Katowicach<\/a>. \r\n                                <div class=\"mt-3\"><\/div>\r\n                            <\/div>\r\n                            \r\n                            <div class=\"text-modules__img\"><img src=\"https:\/\/us.edu.pl\/szkola-doktorska\/wp-content\/uploads\/sites\/50\/STER\/NAWA-logotyp-STER-PL_page-0001.jpg\" alt=\"img\"><\/div>\r\n                        <\/div>\r\n                    <\/div>\r\n                <\/div><div class=\"container\"><div class=\"separator\" style=\"background-color: #000000\"><\/div><\/div>\r\n                <div class=\"text-modules \">\r\n                    <div class=\"container\">\r\n                         \r\n                        <div class=\"row m-0\">\r\n                            <div class=\"text-modules__content\">\r\n                                <\/p>\n<p>&nbsp;<\/p>\n<p>Dzia\u0142anie wsp\u00f3\u0142finansowane w ramach projektu <strong>International from the beginning \u2013 wsparcie umi\u0119dzynarodowienia<\/strong> finansowanego przez Narodow\u0105 Agencj\u0119 Wymiany Akademickiej w ramach Programu STER. \r\n                                <div class=\"mt-3\"><\/div>\r\n                            <\/div>\r\n                            \r\n                            <div class=\"text-modules__img\"><img src=\"https:\/\/us.edu.pl\/szkola-doktorska\/wp-content\/uploads\/sites\/50\/STER\/K1_logo_dopuszcz_wers_podstawowa_PL_RGB-02-75proc.png\" alt=\"img\"><\/div>\r\n                        <\/div>\r\n                    <\/div>\r\n                <\/div>[\/vc_column][\/vc_row]<\/p>\n<style type=\"text\/css\">a[data-mtli~=\"mtli_filesize200,35kB\"]:after {content:\" (200,35 kB)\"}<\/style>","protected":false},"excerpt":{"rendered":"<p>[vc_row][vc_column][\/vc_column][\/vc_row] [&#8230;]<\/p>\n<p><a class=\"btn btn-secondary understrap-read-more-link\" href=\"https:\/\/us.edu.pl\/szkola-doktorska\/ster\/ogloszenia\/ogloszenie-naboru-do-programu-wsparcia-publikacji\/\">Read More&#8230;<\/a><\/p>\n","protected":false},"author":42,"featured_media":9730,"parent":10702,"menu_order":0,"comment_status":"closed","ping_status":"closed","template":"","meta":{"_expiration-date-status":"","_expiration-date":0,"_expiration-date-type":"","_expiration-date-categories":[],"_expiration-date-options":[]},"acf":[],"_links":{"self":[{"href":"https:\/\/us.edu.pl\/szkola-doktorska\/wp-json\/wp\/v2\/pages\/12230"}],"collection":[{"href":"https:\/\/us.edu.pl\/szkola-doktorska\/wp-json\/wp\/v2\/pages"}],"about":[{"href":"https:\/\/us.edu.pl\/szkola-doktorska\/wp-json\/wp\/v2\/types\/page"}],"author":[{"embeddable":true,"href":"https:\/\/us.edu.pl\/szkola-doktorska\/wp-json\/wp\/v2\/users\/42"}],"replies":[{"embeddable":true,"href":"https:\/\/us.edu.pl\/szkola-doktorska\/wp-json\/wp\/v2\/comments?post=12230"}],"version-history":[{"count":3,"href":"https:\/\/us.edu.pl\/szkola-doktorska\/wp-json\/wp\/v2\/pages\/12230\/revisions"}],"predecessor-version":[{"id":25222,"href":"https:\/\/us.edu.pl\/szkola-doktorska\/wp-json\/wp\/v2\/pages\/12230\/revisions\/25222"}],"up":[{"embeddable":true,"href":"https:\/\/us.edu.pl\/szkola-doktorska\/wp-json\/wp\/v2\/pages\/10702"}],"wp:featuredmedia":[{"embeddable":true,"href":"https:\/\/us.edu.pl\/szkola-doktorska\/wp-json\/wp\/v2\/media\/9730"}],"wp:attachment":[{"href":"https:\/\/us.edu.pl\/szkola-doktorska\/wp-json\/wp\/v2\/media?parent=12230"}],"curies":[{"name":"wp","href":"https:\/\/api.w.org\/{rel}","templated":true}]}}