{"id":12365,"date":"2024-11-27T00:46:11","date_gmt":"2024-11-26T23:46:11","guid":{"rendered":"https:\/\/us.edu.pl\/szkola-doktorska\/?page_id=12365"},"modified":"2024-11-27T00:46:11","modified_gmt":"2024-11-26T23:46:11","slug":"seminaria-obszarowe-w-roku-akademickim-2023-2024_arch","status":"publish","type":"page","link":"https:\/\/us.edu.pl\/szkola-doktorska\/seminaria-obszarowe-w-roku-akademickim-2023-2024_arch\/","title":{"rendered":"Seminaria obszarowe w roku akademickim 2023\/2024 [STRONA ARCHIWALNA]"},"content":{"rendered":"<p>[vc_row][vc_column]\r\n                <div class=\"text-modules \">\r\n                    <div class=\"container\">\r\n                        <h3 class=\"section-title section-title_border-bottom\">Seminaria obszarowe doktorant\u00f3w w roku akademickim 2023\/2024<\/h3> \r\n                        <div class=\"row m-0\">\r\n                            <div class=\"text-modules__content\">\r\n                                Szko\u0142a Doktorska inicjuje cykl seminari\u00f3w, na kt\u00f3rych doktoranci ostatniego roku prezentuj\u0105 swoje projekty doktorskie. Seminaria maj\u0105 charakter otwarty \u2013 do udzia\u0142u w nich zapraszamy ca\u0142\u0105 spo\u0142eczno\u015b\u0107 akademick\u0105. Szczeg\u00f3lnie zach\u0119camy do uczestnictwa pracownik\u00f3w naukowych wydzia\u0142\u00f3w, na kt\u00f3rych doktoranci realizuj\u0105 swoje projekty doktorskie, oraz student\u00f3w zainteresowanych kszta\u0142ceniem w Szkole Doktorskiej.<\/p>\n<p>Obowi\u0105zek uczestnictwa w seminarium obszarowym wynika z <a href=\"\/szkola-doktorska\/program-ksztalcenia\/\">Programu kszta\u0142cenia w Szkole Doktorskiej<\/a>.<\/p>\n<p>Zasady realizacji seminari\u00f3w okre\u015bla zarz\u0105dzenie dziekana SD: <a href=\"https:\/\/us.edu.pl\/szkola-doktorska\/wp-content\/uploads\/sites\/50\/prawo\/zarzadzenia-dziekana\/2023\/zarzadzenie-nr-10-2023-seminarium-obszarowe.pdf\" class=\"mtli_attachment mtli_pdf\" data-mtli=\"mtli_filesize207,80kB\">zarz\u0105dzenie nr 10-2023 &#8211; seminarium obszarowe<\/a> &#8211; prosimy doktorant\u00f3w 4. roku o zapoznanie si\u0119 z tymi zasadami.<\/p>\n<p>Inicjatywa w organizacji seminarium jest po stronie doktorant\u00f3w. Ustalone sk\u0142ady, tematy i harmonogram nale\u017cy przes\u0142a\u0107 do Szko\u0142y Doktorskiej.<\/p>\n<p>Termin: 31 stycznia 2024 roku (osoby, kt\u00f3re chc\u0105 zacz\u0105\u0107 swoje seminarium wcze\u015bniej, opr\u00f3cz wype\u0142nienia formularza powinny poinformowa\u0107 Szko\u0142\u0119 Doktorsk\u0105)<\/p>\n<p>Formularz: <a href=\"https:\/\/formularze.us.edu.pl\/form\/index\/4488\">https:\/\/formularze.us.edu.pl\/form\/index\/4488<\/a> \r\n                                <div class=\"mt-3\"><\/div>\r\n                            <\/div>\r\n                            \r\n                            \r\n                        <\/div>\r\n                    <\/div>\r\n                <\/div>\r\n                <div class=\"text-modules \">\r\n                    <div class=\"container\">\r\n                        <h3 class=\"section-title section-title_border-bottom\">Harmonogram seminari\u00f3w obszarowych w roku akademickim 2023\/2024<\/h3> \r\n                        <div class=\"row m-0\">\r\n                            <div class=\"text-modules__content\">\r\n                                 \r\n                                <div class=\"mt-3\"><\/div>\r\n                            <\/div>\r\n                            \r\n                            \r\n                        <\/div>\r\n                    <\/div>\r\n                <\/div>\r\n                <div class=\"tiles-section\" style=\"background: \">\r\n                    <div class=\"container\">\r\n                        <h3 class=\"page-title\">Wydzia\u0142 Humanistyczny<\/h3>\r\n                        <div class=\"tiles tiles-2\">\r\n                            <a href=\"https:\/\/us.edu.pl\/szkola-doktorska\/seminaria-obszarowe\/fenomeny-powrotow\/\" class=\"tile tile_ justify-content-center\" style=\"background-color: #ffffff; font-weight: ; color: #002E5A;  \">\r\n                                \r\n                                   \r\n                               \r\n                                <div class=\"tile__name\">Fenomeny powrot\u00f3w. Przypadki Erny Rosenstein i Jaros\u0142awa Iwaszkiewicza<\/div>\r\n                            <\/a>\r\n                            <a href=\"https:\/\/us.edu.pl\/szkola-doktorska\/seminaria-obszarowe\/wykladniki-polskiego-dyskursu-srodziemnomorskiego-w-perspektywie-historycznej\/\" class=\"tile tile_ justify-content-center\" style=\"background-color: #ffffff; font-weight: ; color: #002E5A;  \">\r\n                                \r\n                                   \r\n                               \r\n                                <div class=\"tile__name\">Wyk\u0142adniki polskiego dyskursu \u015br\u00f3dziemnomorskiego w perspektywie historycznej<\/div>\r\n                            <\/a>\r\n                            <a href=\"https:\/\/us.edu.pl\/szkola-doktorska\/seminaria-obszarowe\/wplyw-kierunkowosci-przekladu-na-wysilek-kognitywny\/\" class=\"tile tile_ justify-content-center\" style=\"background-color: #ffffff; font-weight: ; color: #002E5A;  \">\r\n                                \r\n                                   \r\n                               \r\n                                <div class=\"tile__name\">Wp\u0142yw kierunkowo\u015bci przek\u0142adu na wysi\u0142ek kognitywny<\/div>\r\n                            <\/a>\r\n                            <a href=\"https:\/\/us.edu.pl\/szkola-doktorska\/seminaria-obszarowe\/fonetyka-i-fonologia\/\" class=\"tile tile_ justify-content-center\" style=\"background-color: #ffffff; font-weight: ; color: #002E5A;  \">\r\n                                \r\n                                   \r\n                               \r\n                                <div class=\"tile__name\">Fonetyka i fonologia<\/div>\r\n                            <\/a>\r\n                            <a href=\"https:\/\/us.edu.pl\/szkola-doktorska\/seminaria-obszarowe\/jezyk-spoleczenstwo-kultura\/\" class=\"tile tile_ justify-content-center\" style=\"background-color: #ffffff; font-weight: ; color: #002E5A;  \">\r\n                                \r\n                                   \r\n                               \r\n                                <div class=\"tile__name\">J\u0119zyk \u2013 spo\u0142ecze\u0144stwo \u2013 kultura. Wybrane zagadnienia z zakresu antropo- i etnolingwistyki <\/div>\r\n                            <\/a>\r\n                            <a href=\"https:\/\/us.edu.pl\/szkola-doktorska\/seminaria-obszarowe\/energia-i-anarchia\/\" class=\"tile tile_ justify-content-center\" style=\"background-color: #ffffff; font-weight: ; color: #002E5A;  \">\r\n                                \r\n                                   \r\n                               \r\n                                <div class=\"tile__name\">Energia i anarchia<\/div>\r\n                            <\/a>\r\n                            <a href=\"https:\/\/us.edu.pl\/szkola-doktorska\/seminaria-obszarowe\/wizerunek-wspolnoty-we-wspolczesnym-kinie-grozy\/\" class=\"tile tile_ justify-content-center\" style=\"background-color: #ffffff; font-weight: ; color: #002E5A;  \">\r\n                                \r\n                                   \r\n                               \r\n                                <div class=\"tile__name\">Wizerunek wsp\u00f3lnoty we wsp\u00f3\u0142czesnym kinie grozy<\/div>\r\n                            <\/a>\r\n                            <a href=\"https:\/\/us.edu.pl\/szkola-doktorska\/seminaria-obszarowe\/nauki-spoleczne\/\" class=\"tile tile_ justify-content-center\" style=\"background-color: #ffffff; font-weight: ; color: #002E5A;  \">\r\n                                \r\n                                   \r\n                               \r\n                                <div class=\"tile__name\">Seminarium obszarowe doktorant\u00f3w filozofii<\/div>\r\n                            <\/a><\/div>\r\n                    <\/div>\r\n                <\/div>\r\n                <div class=\"tiles-section\" style=\"background: \">\r\n                    <div class=\"container\">\r\n                        <h3 class=\"page-title\">Wydzia\u0142 Nauk Przyrodniczych<\/h3>\r\n                        <div class=\"tiles tiles-2\">\r\n                            <a href=\"https:\/\/us.edu.pl\/szkola-doktorska\/seminaria-obszarowe\/the-role-of-genes-encoding-the-cap-binding-complex\/\" class=\"tile tile_ justify-content-center\" style=\"background-color: #ffffff; font-weight: ; color: #002E5A;  \">\r\n                                \r\n                                   \r\n                               \r\n                                <div class=\"tile__name\">The role of genes encoding the cap binding complex (CBC) in response to ABA during seed germination in barley (Hordeum vulgare)<\/div>\r\n                            <\/a>\r\n                            <a href=\"https:\/\/us.edu.pl\/szkola-doktorska\/seminaria-obszarowe\/przestrzenne-i-sezonowe-zroznicowanie-miejskiej-wyspy-ciepla\/\" class=\"tile tile_ justify-content-center\" style=\"background-color: #ffffff; font-weight: ; color: #002E5A;  \">\r\n                                \r\n                                   \r\n                               \r\n                                <div class=\"tile__name\">Przestrzenne i sezonowe zr\u00f3\u017cnicowanie miejskiej wyspy ciep\u0142a w G\u00f3rno\u015bl\u0105sko-Zag\u0142\u0119biowskiej Metropolii na podstawie danych satelitarnych<\/div>\r\n                            <\/a>\r\n                            <a href=\"https:\/\/us.edu.pl\/szkola-doktorska\/seminaria-obszarowe\/srodkowo-i-gornojurajskie-wieloszczety-osiadle-polski\/\" class=\"tile tile_ justify-content-center\" style=\"background-color: #ffffff; font-weight: ; color: #002E5A;  \">\r\n                                \r\n                                   \r\n                               \r\n                                <div class=\"tile__name\">\u015arodkowo- i g\u00f3rnojurajskie wieloszczety osiad\u0142e Polski<\/div>\r\n                            <\/a>\r\n                            <a href=\"https:\/\/us.edu.pl\/szkola-doktorska\/seminaria-obszarowe\/doktoraty-wdrozeniowe\/\" class=\"tile tile_ justify-content-center\" style=\"background-color: #ffffff; font-weight: ; color: #002E5A;  \">\r\n                                \r\n                                   \r\n                               \r\n                                <div class=\"tile__name\">Doktoraty wdro\u017ceniowe z zakresu nauk o Ziemi i \u015brodowisku<\/div>\r\n                            <\/a>\r\n                            <a href=\"https:\/\/us.edu.pl\/szkola-doktorska\/seminaria-obszarowe\/polskie-towarzystwo-mineralogiczne\/\" class=\"tile tile_ justify-content-center\" style=\"background-color: #ffffff; font-weight: ; color: #002E5A;  \">\r\n                                \r\n                                   \r\n                               \r\n                                <div class=\"tile__name\">Spotkanie G\u00f3rno\u015bl\u0105skiego Oddzia\u0142u Polskiego Towarzystwa Mineralogicznego<\/div>\r\n                            <\/a>\r\n                            <a href=\"https:\/\/us.edu.pl\/szkola-doktorska\/seminaria-obszarowe\/zwiazki-widma-h-v\/\" class=\"tile tile_ justify-content-center\" style=\"background-color: #ffffff; font-weight: ; color: #002E5A;  \">\r\n                                \r\n                                   \r\n                               \r\n                                <div class=\"tile__name\">Zwi\u0105zki widma H\/V drga\u0144 skr\u0119tnych i translacyjnych z przypowierzchniowymi warunkami geologicznym<\/div>\r\n                            <\/a>\r\n                            <a href=\"https:\/\/us.edu.pl\/szkola-doktorska\/seminaria-obszarowe\/chemia-w-naukach-o-ziemi\/\" class=\"tile tile_ justify-content-center\" style=\"background-color: #ffffff; font-weight: ; color: #002E5A;  \">\r\n                                \r\n                                   \r\n                               \r\n                                <div class=\"tile__name\">Chemia w naukach o Ziemi<\/div>\r\n                            <\/a><\/div>\r\n                    <\/div>\r\n                <\/div>\r\n                <div class=\"tiles-section\" style=\"background: \">\r\n                    <div class=\"container\">\r\n                        <h3 class=\"page-title\">Wydzia\u0142 Nauk Spo\u0142ecznych<\/h3>\r\n                        <div class=\"tiles tiles-2\">\r\n                            <a href=\"https:\/\/us.edu.pl\/szkola-doktorska\/seminaria-obszarowe\/zrodloznawstwo-we-wspolczesnych-badaniach-historycznych\/\" class=\"tile tile_ justify-content-center\" style=\"background-color: #ffffff; font-weight: ; color: #002E5A;  \">\r\n                                \r\n                                   \r\n                               \r\n                                <div class=\"tile__name\">\u0179r\u00f3d\u0142oznawstwo we wsp\u00f3\u0142czesnych badaniach historycznych<\/div>\r\n                            <\/a>\r\n                            <a href=\"https:\/\/us.edu.pl\/szkola-doktorska\/seminaria-obszarowe\/budzet-obywatelski-w-polsce\/\" class=\"tile tile_ justify-content-center\" style=\"background-color: #ffffff; font-weight: ; color: #002E5A;  \">\r\n                                \r\n                                   \r\n                               \r\n                                <div class=\"tile__name\">Bud\u017cet obywatelski w Polsce<\/div>\r\n                            <\/a>\r\n                            <a href=\"https:\/\/us.edu.pl\/szkola-doktorska\/seminaria-obszarowe\/przywodztwo-polityczne-w-chinskiej-republice-ludowej\/\" class=\"tile tile_ justify-content-center\" style=\"background-color: #ffffff; font-weight: ; color: #002E5A;  \">\r\n                                \r\n                                   \r\n                               \r\n                                <div class=\"tile__name\">Przyw\u00f3dztwo polityczne w Chi\u0144skiej Republice Ludowej<\/div>\r\n                            <\/a>\r\n                            <a href=\"https:\/\/us.edu.pl\/szkola-doktorska\/seminaria-obszarowe\/mediatyzacja-zdrowia\/\" class=\"tile tile_ justify-content-center\" style=\"background-color: #ffffff; font-weight: ; color: #002E5A;  \">\r\n                                \r\n                                   \r\n                               \r\n                                <div class=\"tile__name\">Mediatyzacja zdrowia, polityki i terroryzmu, czyli wyzwania komunikacyjne XXI wieku<\/div>\r\n                            <\/a>\r\n                            <a href=\"https:\/\/us.edu.pl\/szkola-doktorska\/seminaria-obszarowe\/metoda-midfulness\/\" class=\"tile tile_ justify-content-center\" style=\"background-color: #ffffff; font-weight: ; color: #002E5A;  \">\r\n                                \r\n                                   \r\n                               \r\n                                <div class=\"tile__name\">Metoda mindfulness jako forma pomocy wsparcia w profilaktyce wypalenia zawodowego w\u015br\u00f3d zawodowych kurator\u00f3w s\u0105dowych<\/div>\r\n                            <\/a>\r\n                            <a href=\"https:\/\/us.edu.pl\/szkola-doktorska\/seminaria-obszarowe\/edukacja-formalna\/\" class=\"tile tile_ justify-content-center\" style=\"background-color: #ffffff; font-weight: ; color: #002E5A;  \">\r\n                                \r\n                                   \r\n                               \r\n                                <div class=\"tile__name\">Postawy os\u00f3b doros\u0142ych wobec w\u0142asnego uczestnictwa w edukacji formalnej<\/div>\r\n                            <\/a>\r\n                            <a href=\"https:\/\/us.edu.pl\/szkola-doktorska\/seminaria-obszarowe\/seminaria-psychologiczne\/\" class=\"tile tile_ justify-content-center\" style=\"background-color: #ffffff; font-weight: ; color: #002E5A;  \">\r\n                                \r\n                                   \r\n                               \r\n                                <div class=\"tile__name\">Seminaria psychologiczne<\/div>\r\n                            <\/a><\/div>\r\n                    <\/div>\r\n                <\/div>\r\n                <div class=\"tiles-section\" style=\"background: \">\r\n                    <div class=\"container\">\r\n                        <h3 class=\"page-title\">Wydzia\u0142 Nauk \u015acis\u0142ych i Technicznych<\/h3>\r\n                        <div class=\"tiles tiles-2\">\r\n                            <a href=\"https:\/\/us.edu.pl\/szkola-doktorska\/seminaria-obszarowe\/badania-substancji-asocjujacych\/\" class=\"tile tile_ justify-content-center\" style=\"background-color: #ffffff; font-weight: ; color: #002E5A;  \">\r\n                                \r\n                                   \r\n                               \r\n                                <div class=\"tile__name\">Badania substancji asocjuj\u0105cych<\/div>\r\n                            <\/a>\r\n                            <a href=\"https:\/\/us.edu.pl\/szkola-doktorska\/seminaria-obszarowe\/system-wspomagania-projektowania-katalizatorow\/\" class=\"tile tile_ justify-content-center\" style=\"background-color: #ffffff; font-weight: ; color: #002E5A;  \">\r\n                                \r\n                                   \r\n                               \r\n                                <div class=\"tile__name\">Prezentacja wynik\u00f3w bada\u0144<\/div>\r\n                            <\/a>\r\n                            <a href=\"https:\/\/us.edu.pl\/szkola-doktorska\/seminaria-obszarowe\/fizyka-polimerow\/\" class=\"tile tile_ justify-content-center\" style=\"background-color: #ffffff; font-weight: ; color: #002E5A;  \">\r\n                                \r\n                                   \r\n                               \r\n                                <div class=\"tile__name\">Fizyka polimer\u00f3w<\/div>\r\n                            <\/a>\r\n                            <a href=\"https:\/\/us.edu.pl\/szkola-doktorska\/seminaria-obszarowe\/probing-type\/\" class=\"tile tile_ justify-content-center\" style=\"background-color: #ffffff; font-weight: ; color: #002E5A;  \">\r\n                                \r\n                                   \r\n                               \r\n                                <div class=\"tile__name\">Probing type-II Ising pairing using the spin-mixing parameter<\/div>\r\n                            <\/a>\r\n                            <a href=\"https:\/\/us.edu.pl\/szkola-doktorska\/seminaria-obszarowe\/wplyw-stezenia-ti02\/\" class=\"tile tile_ justify-content-center\" style=\"background-color: #ffffff; font-weight: ; color: #002E5A;  \">\r\n                                \r\n                                   \r\n                               \r\n                                <div class=\"tile__name\">Wp\u0142yw st\u0119\u017cenia TiO2 na budow\u0119 i w\u0142a\u015bciwo\u015bci szkie\u0142 germanianowych emituj\u0105cych promieniowanie w zakresie podczerwieni<\/div>\r\n                            <\/a>\r\n                            <a href=\"https:\/\/us.edu.pl\/szkola-doktorska\/seminaria-obszarowe\/oddzialywanie-diety-wysokocukrowej\/\" class=\"tile tile_ justify-content-center\" style=\"background-color: #ffffff; font-weight: ; color: #002E5A;  \">\r\n                                \r\n                                   \r\n                               \r\n                                <div class=\"tile__name\">Seminarium obszarowe nauk biologicznych (zoologia)<\/div>\r\n                            <\/a>\r\n                            <a href=\"https:\/\/us.edu.pl\/szkola-doktorska\/2024\/04\/17\/materialy-inzynierskie-do-zastosowan-na-implanty-medyczne\/\" class=\"tile tile_ justify-content-center\" style=\"background-color: #ffffff; font-weight: ; color: #002E5A;  \">\r\n                                \r\n                                   \r\n                               \r\n                                <div class=\"tile__name\">Materia\u0142y in\u017cynierskie do zastosowa\u0144 na implanty medyczne<\/div>\r\n                            <\/a><\/div>\r\n                    <\/div>\r\n                <\/div>\r\n                <div class=\"tiles-section\" style=\"background: \">\r\n                    <div class=\"container\">\r\n                        <h3 class=\"page-title\">Wydzia\u0142 Prawa i Administracji<\/h3>\r\n                        <div class=\"tiles tiles-2\">\r\n                            <a href=\"https:\/\/us.edu.pl\/szkola-doktorska\/seminaria-obszarowe\/wspolczesne-wyzwania-spolek-kapitalowych\/\" class=\"tile tile_ justify-content-center\" style=\"background-color: #ffffff; font-weight: ; color: #002E5A;  \">\r\n                                \r\n                                   \r\n                               \r\n                                <div class=\"tile__name\">Wsp\u00f3\u0142czesne wyzwania sp\u00f3\u0142ek kapita\u0142owych<\/div>\r\n                            <\/a>\r\n                            <a href=\"https:\/\/us.edu.pl\/szkola-doktorska\/seminaria-obszarowe\/nauki-prawne-dw\/\" class=\"tile tile_ justify-content-center\" style=\"background-color: #ffffff; font-weight: ; color: #002E5A;  \">\r\n                                \r\n                                   \r\n                               \r\n                                <div class=\"tile__name\">Doktoraty wdro\u017ceniowe w naukach prawnych \u2013 po\u0142\u0105czenie \u015bwiata nauki i biznesu<\/div>\r\n                            <\/a>\r\n                            <a href=\"https:\/\/us.edu.pl\/szkola-doktorska\/seminaria-obszarowe\/prawo-miedzynarodowe\/\" class=\"tile tile_ justify-content-center\" style=\"background-color: #ffffff; font-weight: ; color: #002E5A;  \">\r\n                                \r\n                                   \r\n                               \r\n                                <div class=\"tile__name\">Prawo mi\u0119dzynarodowe publiczne i prawo Unii Europejskiej w uj\u0119ciu komparatystycznym prawa wewn\u0119trznego<\/div>\r\n                            <\/a>\r\n                            <a href=\"https:\/\/us.edu.pl\/szkola-doktorska\/seminaria-obszarowe\/prawo-prywatne\/\" class=\"tile tile_ justify-content-center\" style=\"background-color: #ffffff; font-weight: ; color: #002E5A;  \">\r\n                                \r\n                                   \r\n                               \r\n                                <div class=\"tile__name\">Wsp\u00f3\u0142czesne wyzwania prawa prywatnego<\/div>\r\n                            <\/a>\r\n                            <a href=\"https:\/\/us.edu.pl\/szkola-doktorska\/seminaria-obszarowe\/prawo-publiczne\/\" class=\"tile tile_ justify-content-center\" style=\"background-color: #ffffff; font-weight: ; color: #002E5A;  \">\r\n                                \r\n                                   \r\n                               \r\n                                <div class=\"tile__name\">Seminarium obszarowe doktorant\u00f3w prawa \u2013 prawo mi\u0119dzynarodowe publiczne, prawo konstytucyjne, prawo UE<\/div>\r\n                            <\/a><\/div>\r\n                    <\/div>\r\n                <\/div>\r\n                <div class=\"tiles-section\" style=\"background: \">\r\n                    <div class=\"container\">\r\n                        <h3 class=\"page-title\">Wydzia\u0142 Sztuki i Nauk o Edukacji<\/h3>\r\n                        <div class=\"tiles tiles-2\">\r\n                            <a href=\"https:\/\/us.edu.pl\/szkola-doktorska\/seminaria-obszarowe\/wfekty-wizualne-w-filmie\/\" class=\"tile tile_ justify-content-center\" style=\"background-color: #ffffff; font-weight: ; color: #002E5A;  \">\r\n                                \r\n                                   \r\n                               \r\n                                <div class=\"tile__name\">Efekty wizualne w filmie \u2013 zagro\u017cenia i mo\u017cliwo\u015bci<\/div>\r\n                            <\/a><\/div>\r\n                    <\/div>\r\n                <\/div>[\/vc_column][\/vc_row][vc_row][vc_column]\r\n                <div class=\"title-with-link color-blue\" style=\"background: \">\r\n                    <div class=\"container\">\r\n                        <div class=\"title-with-link-container links-align-left\">\r\n                            <div class=\"title-with-link__title\"><span><\/span><\/div>\r\n                            <a href=\"\/szkola-doktorska\/seminaria-obszarowe-2022-2023\/\" class=\"title-with-link__link\">Zobacz jak wygl\u0105da\u0142 harmonogram seminari\u00f3w w roku akademickim 2022\/2023<\/a>\r\n                        <\/div>\r\n                    <\/div>\r\n                <\/div>\r\n            [\/vc_column][\/vc_row]<\/p>\n<style type=\"text\/css\">a[data-mtli~=\"mtli_filesize207,80kB\"]:after {content:\" (207,80 kB)\"}<\/style>","protected":false},"excerpt":{"rendered":"<p>[vc_row][vc_column][\/vc_column][\/vc_row][vc_row][vc_column][\/vc_column][\/vc_row] [&#8230;]<\/p>\n<p><a class=\"btn btn-secondary understrap-read-more-link\" href=\"https:\/\/us.edu.pl\/szkola-doktorska\/seminaria-obszarowe-w-roku-akademickim-2023-2024_arch\/\">Read More&#8230;<\/a><\/p>\n","protected":false},"author":42,"featured_media":8340,"parent":0,"menu_order":0,"comment_status":"closed","ping_status":"closed","template":"","meta":{"_expiration-date-status":"","_expiration-date":0,"_expiration-date-type":"","_expiration-date-categories":[],"_expiration-date-options":[]},"acf":[],"_links":{"self":[{"href":"https:\/\/us.edu.pl\/szkola-doktorska\/wp-json\/wp\/v2\/pages\/12365"}],"collection":[{"href":"https:\/\/us.edu.pl\/szkola-doktorska\/wp-json\/wp\/v2\/pages"}],"about":[{"href":"https:\/\/us.edu.pl\/szkola-doktorska\/wp-json\/wp\/v2\/types\/page"}],"author":[{"embeddable":true,"href":"https:\/\/us.edu.pl\/szkola-doktorska\/wp-json\/wp\/v2\/users\/42"}],"replies":[{"embeddable":true,"href":"https:\/\/us.edu.pl\/szkola-doktorska\/wp-json\/wp\/v2\/comments?post=12365"}],"version-history":[{"count":1,"href":"https:\/\/us.edu.pl\/szkola-doktorska\/wp-json\/wp\/v2\/pages\/12365\/revisions"}],"predecessor-version":[{"id":12369,"href":"https:\/\/us.edu.pl\/szkola-doktorska\/wp-json\/wp\/v2\/pages\/12365\/revisions\/12369"}],"wp:featuredmedia":[{"embeddable":true,"href":"https:\/\/us.edu.pl\/szkola-doktorska\/wp-json\/wp\/v2\/media\/8340"}],"wp:attachment":[{"href":"https:\/\/us.edu.pl\/szkola-doktorska\/wp-json\/wp\/v2\/media?parent=12365"}],"curies":[{"name":"wp","href":"https:\/\/api.w.org\/{rel}","templated":true}]}}