{"id":12442,"date":"2024-12-13T13:45:02","date_gmt":"2024-12-13T12:45:02","guid":{"rendered":"https:\/\/us.edu.pl\/szkola-doktorska\/?page_id=12442"},"modified":"2025-12-12T11:22:47","modified_gmt":"2025-12-12T10:22:47","slug":"wyniki-konkursu-na-zwiekszenie-stypendium-w-ramach-idb-2024-2025","status":"publish","type":"page","link":"https:\/\/us.edu.pl\/szkola-doktorska\/stypendium-doktoranckie-w-szkole-doktorskiej\/wyniki-konkursu-na-zwiekszenie-stypendium-w-ramach-idb-2024-2025\/","title":{"rendered":"Wyniki konkursu na zwi\u0119kszenie stypendium w ramach IDB na rok akademicki 2024\/2025"},"content":{"rendered":"<p>[vc_row][vc_column]\r\n                <div class=\"text-modules\">\r\n                    <div class=\"container\">\r\n                        <h3 class=\"page-title text__title\">Wyniki konkursu na zwi\u0119kszenie stypendium doktoranckiego w roku akademickim 2024\/2025<\/h3>\r\n                        <div class=\"text-modules__content\"><p>Komisja konkursowa powo\u0142ana przez Pani\u0105 Dziekan Szko\u0142y Doktorskiej w dniu 29 listopada 2024 roku rozpatrzy\u0142a wnioski doktorant\u00f3w szk\u00f3\u0142 doktorskich w Uniwersytecie \u015al\u0105skim w Katowicach w konkursie na zwi\u0119kszenie stypendium doktoranckiego na rok akademicki 2024\/2025. Po rozpatrzeniu wszystkich wniosk\u00f3w komisja zdecydowa\u0142a o przyznaniu zwi\u0119kszenia stypendium doktoranckiego 32 doktorantom:<\/p>\n<h2><strong>Mi\u0119dzynarodowa \u015arodowiskowa Szko\u0142a Doktorska<\/strong><\/h2>\n<p><strong>Rok II<\/strong><\/p>\n<ul>\n<li>Marta Woszczycka<\/li>\n<\/ul>\n<p><strong>Rok III<\/strong><\/p>\n<ul>\n<li>Uroosa<\/li>\n<\/ul>\n<p><strong>Rok IV<\/strong><\/p>\n<ul>\n<li>Janusz Godziek<\/li>\n<\/ul>\n<h2><strong>Szko\u0142a Doktorska<\/strong><\/h2>\n<p><strong>Obszar nauk humanistycznych, nauk teologicznych i sztuki, rok II<\/strong><\/p>\n<ul>\n<li>Dorota Ko\u0142odziej<\/li>\n<li>Anna Le\u015bniewska<\/li>\n<li>Przemys\u0142aw Starowicz<\/li>\n<li>Klaudia \u017bubryk<\/li>\n<\/ul>\n<p><strong>Obszar nauk humanistycznych, nauk teologicznych i sztuki, rok III<\/strong><\/p>\n<ul>\n<li>Anouk Herman<\/li>\n<li>Maciej Mazur<\/li>\n<li>Klaudia W\u0119grzyn<\/li>\n<\/ul>\n<p><strong>Obszar nauk humanistycznych, nauk teologicznych i sztuki, rok IV<\/strong><\/p>\n<ul>\n<li>Paolo D&#8217;Indinosante<\/li>\n<li>Katarzyna Hanik<\/li>\n<li>\u0141ukasz Koniuszy<\/li>\n<li>Krzysztof Ma\u0142ek<\/li>\n<\/ul>\n<p><strong>Obszar nauk spo\u0142ecznych, rok II<\/strong><\/p>\n<ul>\n<li>\u0141ukasz Hawrylak<\/li>\n<li>Ari Nowacka<\/li>\n<\/ul>\n<p><strong>Obszar nauk spo\u0142ecznych, rok III<\/strong><\/p>\n<ul>\n<li>Zuzanna Farny<\/li>\n<li>Katarzyna Siwczyk<\/li>\n<\/ul>\n<p><strong>Obszar nauk spo\u0142ecznych, rok IV<\/strong><\/p>\n<ul>\n<li>Dominik Mizerski<\/li>\n<li>Aleksandra Soba\u0144ska<\/li>\n<li>Ma\u0142gorzata Roj<\/li>\n<\/ul>\n<p><strong>Obszar nauk \u015bcis\u0142ych i przyrodniczych oraz in\u017cynieryjno-technicznych, rok II<\/strong><\/p>\n<ul>\n<li>Adam Czempik<\/li>\n<li>Soorya Koymeth<\/li>\n<li>Piotr Pyryt<\/li>\n<li>Bartosz Zowi\u015blok<\/li>\n<\/ul>\n<p><strong>Obszar nauk \u015bcis\u0142ych i przyrodniczych oraz in\u017cynieryjno-technicznych, rok III<\/strong><\/p>\n<ul>\n<li>Alfred B\u0142a\u017cytko<\/li>\n<li>Luiza Orszulak<\/li>\n<li>Mateusz Wi\u015bniewski<\/li>\n<\/ul>\n<p><strong>Obszar nauk \u015bcis\u0142ych i przyrodniczych oraz in\u017cynieryjno-technicznych, rok IV<\/strong><\/p>\n<ul>\n<li>Patrycja Filipek<\/li>\n<li>Kamila Malik<\/li>\n<li>Grzegorz Skrzy\u0144ski<\/li>\n<li>Patrycja Zi\u0119tara-Krzyk<\/li>\n<\/ul>\n<p>\n<\/div>\r\n                    <\/div>\r\n                <\/div>\r\n                <div class=\"text-modules\">\r\n                    <div class=\"container\">\r\n                        <h3 class=\"page-title text__title\">Szczeg\u00f3\u0142owe informacje<\/h3>\r\n                        <div class=\"text-modules__content\"><p>Zwi\u0119kszenie stypendium doktoranckiego b\u0119dzie wyp\u0142acane w ostatnim roboczym dniu ka\u017cdego miesi\u0105ca. Pierwsza wyp\u0142ata nast\u0105pi w grudniu, z wyr\u00f3wnaniem za pa\u017adziernik i listopad 2024.<\/p>\n<p>Wysoko\u015b\u0107 zwi\u0119kszenia wynosi w roku akademickim 2024\/2025 wynosi 625 z\u0142.<\/p>\n<p><a href=\"https:\/\/aktyprawne.us.edu.pl\/d\/7840\/5\/?tc=17\">https:\/\/aktyprawne.us.edu.pl\/d\/7840\/5\/?tc=17<\/a><\/p>\n<p>Osoby, kt\u00f3re z\u0142o\u017cy\u0142y wniosek w konkursie i nie otrzyma\u0142y stypendium zostan\u0105 poinformowane o przyczynie nieotrzymania stypendium (liczbie otrzymanych punkt\u00f3w w poszczeg\u00f3lnych kategoriach i progu punktowym) drog\u0105 elektroniczn\u0105 do 15 stycznia 2025 roku.<\/p>\n<\/div>\r\n                    <\/div>\r\n                <\/div>[\/vc_column][\/vc_row]<\/p>","protected":false},"excerpt":{"rendered":"<p>[vc_row][vc_column][\/vc_column][\/vc_row] [&#8230;]<\/p>\n<p><a class=\"btn btn-secondary understrap-read-more-link\" href=\"https:\/\/us.edu.pl\/szkola-doktorska\/stypendium-doktoranckie-w-szkole-doktorskiej\/wyniki-konkursu-na-zwiekszenie-stypendium-w-ramach-idb-2024-2025\/\">Read More&#8230;<\/a><\/p>\n","protected":false},"author":42,"featured_media":0,"parent":8923,"menu_order":0,"comment_status":"closed","ping_status":"closed","template":"page-templates\/page-with-sidebar.php","meta":{"_expiration-date-status":"","_expiration-date":0,"_expiration-date-type":"","_expiration-date-categories":[],"_expiration-date-options":[]},"acf":[],"_links":{"self":[{"href":"https:\/\/us.edu.pl\/szkola-doktorska\/wp-json\/wp\/v2\/pages\/12442"}],"collection":[{"href":"https:\/\/us.edu.pl\/szkola-doktorska\/wp-json\/wp\/v2\/pages"}],"about":[{"href":"https:\/\/us.edu.pl\/szkola-doktorska\/wp-json\/wp\/v2\/types\/page"}],"author":[{"embeddable":true,"href":"https:\/\/us.edu.pl\/szkola-doktorska\/wp-json\/wp\/v2\/users\/42"}],"replies":[{"embeddable":true,"href":"https:\/\/us.edu.pl\/szkola-doktorska\/wp-json\/wp\/v2\/comments?post=12442"}],"version-history":[{"count":4,"href":"https:\/\/us.edu.pl\/szkola-doktorska\/wp-json\/wp\/v2\/pages\/12442\/revisions"}],"predecessor-version":[{"id":13040,"href":"https:\/\/us.edu.pl\/szkola-doktorska\/wp-json\/wp\/v2\/pages\/12442\/revisions\/13040"}],"up":[{"embeddable":true,"href":"https:\/\/us.edu.pl\/szkola-doktorska\/wp-json\/wp\/v2\/pages\/8923"}],"wp:attachment":[{"href":"https:\/\/us.edu.pl\/szkola-doktorska\/wp-json\/wp\/v2\/media?parent=12442"}],"curies":[{"name":"wp","href":"https:\/\/api.w.org\/{rel}","templated":true}]}}