{"id":13227,"date":"2025-01-26T01:31:19","date_gmt":"2025-01-26T00:31:19","guid":{"rendered":"https:\/\/us.edu.pl\/szkola-doktorska\/?page_id=13227"},"modified":"2026-02-13T12:52:33","modified_gmt":"2026-02-13T11:52:33","slug":"info","status":"publish","type":"page","link":"https:\/\/us.edu.pl\/szkola-doktorska\/ster\/seasonal-schools\/science\/info\/","title":{"rendered":"Przydatne informacje"},"content":{"rendered":"<p>[vc_row][vc_column]            \r\n                    <div class=\"container\">\r\n                        <div class=\"gallery gallery_3\" data-images-in-row=\"3\">\r\n                            <div class=\"section-title section-title_border-bottom\">Education spots<\/div>\r\n                            <div class=\"row m-0\">\r\n                                <a data-fancybox-group=\"button\" title=\"\" data-fancybox=\"8515\" href=\"https:\/\/us.edu.pl\/szkola-doktorska\/wp-content\/uploads\/sites\/50\/STER\/spinPLACE.jpg\" class=\"gallery__item thumbnail\"\r\n                                    style=\"background-image: url(https:\/\/us.edu.pl\/szkola-doktorska\/wp-content\/uploads\/sites\/50\/STER\/spinPLACE-1024x576.jpg)\"> <span class=\"d-none\">https:\/\/us.edu.pl\/szkola-doktorska\/wp-content\/uploads\/sites\/50\/STER\/spinPLACE.jpg<\/span> <\/a><a data-fancybox-group=\"button\" title=\"\" data-fancybox=\"8515\" href=\"https:\/\/us.edu.pl\/szkola-doktorska\/wp-content\/uploads\/sites\/50\/STER\/Bankowa-9-Faculty-of-Natural-Sciences.jpg\" class=\"gallery__item thumbnail\"\r\n                                    style=\"background-image: url(https:\/\/us.edu.pl\/szkola-doktorska\/wp-content\/uploads\/sites\/50\/STER\/Bankowa-9-Faculty-of-Natural-Sciences-1024x576.jpg)\"> <span class=\"d-none\">https:\/\/us.edu.pl\/szkola-doktorska\/wp-content\/uploads\/sites\/50\/STER\/Bankowa-9-Faculty-of-Natural-Sciences.jpg<\/span> <\/a><a data-fancybox-group=\"button\" title=\"\" data-fancybox=\"8515\" href=\"https:\/\/us.edu.pl\/szkola-doktorska\/wp-content\/uploads\/sites\/50\/STER\/SPIN-Lab-Chorzow.jpg\" class=\"gallery__item thumbnail\"\r\n                                    style=\"background-image: url(https:\/\/us.edu.pl\/szkola-doktorska\/wp-content\/uploads\/sites\/50\/STER\/SPIN-Lab-Chorzow-1024x576.jpg)\"> <span class=\"d-none\">https:\/\/us.edu.pl\/szkola-doktorska\/wp-content\/uploads\/sites\/50\/STER\/SPIN-Lab-Chorzow.jpg<\/span> <\/a>\r\n                            <\/div>\r\n                    <\/div>\r\n                <\/div>\r\n                <div class=\"text-modules \">\r\n                    <div class=\"container\">\r\n                        <h3 class=\"section-title section-title_border-bottom\">How to get to Katowice city center from the nearest airports?<\/h3> \r\n                        <div class=\"row m-0\">\r\n                            <div class=\"text-modules__content\">\r\n                                <\/p>\n<h3><u>Krak\u00f3w Balice Airport -&gt;<\/u><u>\u00a0Katowice train\/bus station<\/u><\/h3>\n<p><strong>\u00a0<\/strong><\/p>\n<p><strong>Train (first stage)<\/strong>:<br \/>\nKrak\u00f3w Balice Airport -&gt; Krak\u00f3w G\u0142\u00f3wny (Krak\u00f3w main station)<br \/>\n(every 30 min.; 5\u20ac; duration 20 min.)<\/p>\n<p><a href=\"https:\/\/pkp.pl\/en\/\">https:\/\/pkp.pl\/en\/<\/a><\/p>\n<p>&nbsp;<\/p>\n<p><strong>Train (second stage)<\/strong>:<br \/>\nKrak\u00f3w G\u0142\u00f3wny -&gt; Katowice<br \/>\n(several types of train per hour; 6-8\u20ac; duration around 60 min.)<\/p>\n<p><a href=\"https:\/\/pkp.pl\/en\/\">https:\/\/pkp.pl\/en\/<\/a><\/p>\n<p>&nbsp;<\/p>\n<p><strong>UniBus (second stage):<\/strong><br \/>\nKrak\u00f3w G\u0142\u00f3wny -&gt; Katowice (every 60 min.; 5\u20ac; duration 65 min.)<\/p>\n<p>MDA Bus station is a part of Krak\u00f3w G\u0142\u00f3wny train station<\/p>\n<p><a href=\"https:\/\/pks.pl\/\">https:\/\/pks.pl\/<\/a><\/p>\n<p>&nbsp;<\/p>\n<p><strong>Taxi (direct):<\/strong><br \/>\nKrak\u00f3w Balice Airport -&gt; Katowice<br \/>\n(50-80\u20ac PLN; duration 45 min.)<\/p>\n<p>&nbsp;<\/p>\n<h3><u>Katowice Pyrzowice Airport -&gt; <\/u><u>Katowice train\/bus station<\/u><\/h3>\n<p><strong>\u00a0<\/strong><\/p>\n<p><strong>Bus M11<\/strong> <strong>(direct):<\/strong><br \/>\n<a href=\"https:\/\/rj.metropoliaztm.pl\/rozklady\/1-m11\/4598\/1\/184043\/?lang=en\">https:\/\/rj.metropoliaztm.pl\/rozklady\/1-m11\/4598\/1\/184043\/?lang=en<\/a><br \/>\n(less than 2 \u20ac; around 75 min.)<\/p>\n<p>&nbsp;<\/p>\n<p><strong>Bus AP (direct):<\/strong><br \/>\n<a href=\"https:\/\/rj.metropoliaztm.pl\/rozklady\/1-ap\/5137\/0\/184043\/?lang=en\">https:\/\/rj.metropoliaztm.pl\/rozklady\/1-ap\/5137\/0\/184043\/?lang=en<\/a><br \/>\n(less than 2 \u20ac; around 45 min. )<\/p>\n<p>&nbsp;<\/p>\n<p><strong>Taxi (direct):<\/strong><br \/>\nKatowice Pyrzowice Airport -&gt; Katowice<\/p>\n<p>(around 40-50 \u20ac; duration 35 min.) \r\n                                <div class=\"mt-3\"><\/div>\r\n                            <\/div>\r\n                            \r\n                            \r\n                        <\/div>\r\n                    <\/div>\r\n                <\/div>\r\n                <div class=\"text-modules \">\r\n                    <div class=\"container\">\r\n                        <h3 class=\"section-title section-title_border-bottom\">The accommodation near the event venue<\/h3> \r\n                        <div class=\"row m-0\">\r\n                            <div class=\"text-modules__content\">\r\n                                <strong>Ibis Budget Hotel<\/strong> (Rozdzie\u0144skiego 18 Street; 50 \u20ac\/night) is one of the hotels closest to the event venue. Next to the Ibis Hotel, there is a <strong>Novotel Hotel<\/strong> (Rozdzie\u0144skiego 16; 80-100 \u20ac\/night). The <strong>Qubus Hotel <\/strong>(Moniuszki 9; 100 \u20ac\/night) is located at a similar distance from the event venue but closer to the train and bus station. In its immediate vicinity, there is a <strong>Courtyard by Marriott Hotel<\/strong> (Uniwersytecka 13; 150-200 \u20ac\/night). The closest hotel to the train station is the <strong>Mercure Hotel<\/strong> (M\u0142y\u0144ska 6; 100 \u20ac\/night) and <strong>QQ Hotel<\/strong> (Wojew\u00f3dzka 12; 80 \u20ac\/night). In the center area of Katowice, you can find the <strong>Monopol Hotel<\/strong> (Dworcowa 5; 150 \u20ac\/night ) and the <strong>Diament Plaza Hotel<\/strong> (Dworcowa 9-11; 80-100 \u20ac\/night). In addition to the places mentioned, Katowice offers many possibilities for accommodation in inexpensive (less than 50 \u20ac\/night) hostels in the center. Remember, however, that the number of places is limited and must be booked in advance.<\/p>\n<p>&nbsp;<\/p>\n<p>The location of the hotels mentioned above allows you to reach the event venue on foot in a maximum of 10 minutes. The prices above are approximate and correlate with the services&#8217; standard. \r\n                                <div class=\"mt-3\"><\/div>\r\n                            <\/div>\r\n                            \r\n                            \r\n                        <\/div>\r\n                    <\/div>\r\n                <\/div><div class=\"container\"><div class=\"separator\" style=\"background-color: #002E5A\"><\/div><\/div>\r\n                <div class=\"text-modules \">\r\n                    <div class=\"container\">\r\n                         \r\n                        <div class=\"row m-0\">\r\n                            <div class=\"text-modules__content\">\r\n                                Dzia\u0142anie wsp\u00f3\u0142finansowane w ramach projektu International from the beginning \u2013 wsparcie umi\u0119dzynarodowienia finansowanego przez Narodow\u0105 Agencj\u0119 Wymiany Akademickiej w ramach Programu STER.<\/p>\n<p><a href=\"http:\/\/Wi\u0119cej: https:\/\/us.edu.pl\/szkola-doktorska\/ster\/\">Wi\u0119cej: https:\/\/us.edu.pl\/szkola-doktorska\/ster\/<\/a> \r\n                                <div class=\"mt-3\"><\/div>\r\n                            <\/div>\r\n                            \r\n                            <div class=\"text-modules__img\"><img src=\"https:\/\/us.edu.pl\/szkola-doktorska\/wp-content\/uploads\/sites\/50\/STER\/K1_logo_dopuszcz_wers_podstawowa_PL_RGB-02-75proc-300x84.png\" alt=\"img\"><\/div>\r\n                        <\/div>\r\n                    <\/div>\r\n                <\/div>[\/vc_column][\/vc_row]<\/p>","protected":false},"excerpt":{"rendered":"<p>[vc_row][vc_column][\/vc_column][\/vc_row] [&#8230;]<\/p>\n<p><a class=\"btn btn-secondary understrap-read-more-link\" href=\"https:\/\/us.edu.pl\/szkola-doktorska\/ster\/seasonal-schools\/science\/info\/\">Read More&#8230;<\/a><\/p>\n","protected":false},"author":42,"featured_media":0,"parent":24515,"menu_order":0,"comment_status":"closed","ping_status":"closed","template":"page-templates\/page-with-sidebar.php","meta":{"_expiration-date-status":"","_expiration-date":0,"_expiration-date-type":"","_expiration-date-categories":[],"_expiration-date-options":[]},"acf":[],"_links":{"self":[{"href":"https:\/\/us.edu.pl\/szkola-doktorska\/wp-json\/wp\/v2\/pages\/13227"}],"collection":[{"href":"https:\/\/us.edu.pl\/szkola-doktorska\/wp-json\/wp\/v2\/pages"}],"about":[{"href":"https:\/\/us.edu.pl\/szkola-doktorska\/wp-json\/wp\/v2\/types\/page"}],"author":[{"embeddable":true,"href":"https:\/\/us.edu.pl\/szkola-doktorska\/wp-json\/wp\/v2\/users\/42"}],"replies":[{"embeddable":true,"href":"https:\/\/us.edu.pl\/szkola-doktorska\/wp-json\/wp\/v2\/comments?post=13227"}],"version-history":[{"count":7,"href":"https:\/\/us.edu.pl\/szkola-doktorska\/wp-json\/wp\/v2\/pages\/13227\/revisions"}],"predecessor-version":[{"id":13594,"href":"https:\/\/us.edu.pl\/szkola-doktorska\/wp-json\/wp\/v2\/pages\/13227\/revisions\/13594"}],"up":[{"embeddable":true,"href":"https:\/\/us.edu.pl\/szkola-doktorska\/wp-json\/wp\/v2\/pages\/24515"}],"wp:attachment":[{"href":"https:\/\/us.edu.pl\/szkola-doktorska\/wp-json\/wp\/v2\/media?parent=13227"}],"curies":[{"name":"wp","href":"https:\/\/api.w.org\/{rel}","templated":true}]}}