{"id":1348,"date":"2020-05-07T23:38:19","date_gmt":"2020-05-07T21:38:19","guid":{"rendered":"http:\/\/us.edu.pl\/szkola-doktorska\/?page_id=1348"},"modified":"2020-08-13T17:07:17","modified_gmt":"2020-08-13T15:07:17","slug":"promotorzy-oferty-pedagogika","status":"publish","type":"page","link":"https:\/\/us.edu.pl\/szkola-doktorska\/znajdz-promotora\/promotorzy-oferty-pedagogika\/","title":{"rendered":"znajd\u017a promotora &#8211; pedagogika"},"content":{"rendered":"<p>[vc_row][vc_column]\r\n                <div class=\"text-modules\">\r\n                    <div class=\"container\">\r\n                        <h3 class=\"page-title text__title\">Znajd\u017a promotora - pedagogika<\/h3>\r\n                        <div class=\"text-modules__content\"><p>Poni\u017cej znajduje si\u0119 lista os\u00f3b, kt\u00f3re zadeklarowa\u0142y gotowo\u015b\u0107 pracy jako promotorzy w dyscyplinie pedagogika. Promotorem doktoranta w Szkole Doktorskiej mo\u017ce by\u0107 ka\u017cdy pracownik naukowy ze stopniem doktora habilitowanego lub tytu\u0142em profesora, kt\u00f3ry jest aktywny naukowo i jego zainteresowania naukowe s\u0105 zbli\u017cone do plan\u00f3w naukowych doktoranta. Kompletna lista nauczycieli akademickich prowadz\u0105cych badania w dyscyplinie pedagogika znajduje si\u0119 na stronie internetowej <a href=\"\/instytut\/ipe\/\">Instytutu Pedagogiki<\/a>.<\/p>\n<\/div>\r\n                    <\/div>\r\n                <\/div>[\/vc_column][\/vc_row][vc_row][vc_column]\r\n                <div class=\"text-modules \">\r\n                    <div class=\"container\">\r\n                        <h3 class=\"section-title section-title_border-bottom\">dr hab. Maciej Bernasiewicz, prof. U\u015a<\/h3> <h3 class=\"subtitle text-modules__subtitle\">Wydzia\u0142 Nauk Spo\u0142ecznych<\/h3>\r\n                        <div class=\"row m-0\">\r\n                            <div class=\"text-modules__content\">\r\n                                <strong>Dyscypliny:<\/strong><\/p>\n<p>pedagogika<\/p>\n<p><strong>Zainteresowania naukowe:<\/strong><\/p>\n<p>przest\u0119pczo\u015b\u0107, resocjalizacja, polityka karna, niedostosowanie spo\u0142eczne, subkultury, transformacje i alternatywne formy \u017cycia rodzinnego<\/p>\n<p><strong>Zobacz wi\u0119cej:<\/strong><\/p>\n<p><a href=\"https:\/\/orcid.org\/0000-0001-6636-5377\">ORCID<\/a><\/p>\n<p><a href=\"https:\/\/www.researchgate.net\/profile\/Maciej_Bernasiewicz\">ResearchGate<\/a><\/p>\n<p><strong>Kontakt<\/strong>:<\/p>\n<p><a href=\"mailto:maciej.bernasiewicz@us.edu.pl\">maciej.bernasiewicz@us.edu.pl<\/a> \r\n                                <div class=\"mt-3\"><\/div>\r\n                            <\/div>\r\n                            \r\n                            \r\n                        <\/div>\r\n                    <\/div>\r\n                <\/div>\r\n                <div class=\"text-modules \">\r\n                    <div class=\"container\">\r\n                        <h3 class=\"section-title section-title_border-bottom\">dr hab. Alicja Galazka, prof. U\u015a<\/h3> <h3 class=\"subtitle text-modules__subtitle\">Wydzia\u0142 Nauk Spo\u0142ecznych<\/h3>\r\n                        <div class=\"row m-0\">\r\n                            <div class=\"text-modules__content\">\r\n                                <strong>Dyscypliny:<\/strong><\/p>\n<p>pedagogika<\/p>\n<p><strong>Zainteresowania naukowe:<\/strong><\/p>\n<p>edukacja pozytywna(Positive education), Drama w edukacji ( szczegolnienauczanie j\u0119zyk\u00f3w obcych) i terapii,( Drama in ELT) rezyliencja i uwa\u017cno\u015bc w edukacji ,( reslience, well-being and mindfulness in education) coaching, edukacja oparta na wsp\u00f3\u0142czuciu( compassion based education<\/p>\n<p><strong>Zobacz wi\u0119cej:<\/strong><\/p>\n<p><a href=\"https:\/\/orcid.org\/0000-0002-6266-5038\">OR<\/a><a href=\"https:\/\/orcid.org\/0000-0001-9044-8156\">CID<\/a><\/p>\n<p><strong>Kontakt<\/strong>:<\/p>\n<p><a href=\"mailto:alicja.galazka@us.edu.pl\">alicja.galazka@us.edu.pl<\/a> \r\n                                <div class=\"mt-3\"><\/div>\r\n                            <\/div>\r\n                            \r\n                            \r\n                        <\/div>\r\n                    <\/div>\r\n                <\/div>[\/vc_column][\/vc_row][vc_row][vc_column]\r\n                <div class=\"text-modules \">\r\n                    <div class=\"container\">\r\n                        <h3 class=\"section-title section-title_border-bottom\">prof. dr hab. Ewa Jarosz<\/h3> <h3 class=\"subtitle text-modules__subtitle\">Wydzia\u0142 Nauk Spo\u0142ecznych<\/h3>\r\n                        <div class=\"row m-0\">\r\n                            <div class=\"text-modules__content\">\r\n                                <strong>Dyscypliny:<\/strong><\/p>\n<p>pedagogika<\/p>\n<p><strong>Zainteresowania naukowe:<\/strong><\/p>\n<p>prawa dziecka, przemoc wobec dzieci, partycypacja spo\u0142eczna dzieci, badania dzieci\u0144stwa<\/p>\n<p><strong>Zobacz wi\u0119cej:<\/strong><\/p>\n<p><a href=\"https:\/\/orcid.org\/0000-0001-9044-8156\">OR<\/a><a href=\"https:\/\/orcid.org\/0000-0002-3207-0148\">CI<\/a><a href=\"https:\/\/orcid.org\/0000-0002-3207-0148\">D<\/a><\/p>\n<p><a href=\"https:\/\/www.researchgate.net\/profile\/Ewa_Jarosz2\">ResearchGa<\/a><a href=\"https:\/\/www.researchgate.net\/profile\/Krzysztof_Maliszewski2\/research\">te<\/a><\/p>\n<p><a href=\"https:\/\/scholar.google.com\/citations?user=vOc7mm4AAAAJ&amp;hl=pl&amp;oi=ao\">Google Schol<\/a><a href=\"https:\/\/scholar.google.pl\/citations?user=g8gRRYMAAAAJ&amp;hl=pl\">ar<\/a><\/p>\n<p><strong>Kontakt<\/strong>:<\/p>\n<p><a href=\"mailto:ewa.jarosz@us.edu.pl\">ewa.jarosz@us.edu.pl<\/a> \r\n                                <div class=\"mt-3\"><\/div>\r\n                            <\/div>\r\n                            \r\n                            \r\n                        <\/div>\r\n                    <\/div>\r\n                <\/div>\r\n                <div class=\"text-modules \">\r\n                    <div class=\"container\">\r\n                        <h3 class=\"section-title section-title_border-bottom\">prof. dr hab. Katarzyna Kraso\u0144<\/h3> <h3 class=\"subtitle text-modules__subtitle\">Wydzia\u0142 Nauk Spo\u0142ecznych<\/h3>\r\n                        <div class=\"row m-0\">\r\n                            <div class=\"text-modules__content\">\r\n                                <strong>Dyscypliny:<\/strong><\/p>\n<p>pedagogika<\/p>\n<p><strong>Zainteresowania naukowe:<\/strong><\/p>\n<p>estetyka i edukacja, teatr i film, arteterapia<\/p>\n<p><strong>Zobacz wi\u0119cej:<\/strong><\/p>\n<p><a href=\"https:\/\/orcid.org\/0000-0002-3359-0647\">ORCID<\/a><\/p>\n<p><a href=\"https:\/\/www.researchgate.net\/profile\/Katarzyna_Krason\">ResearchGate<\/a><\/p>\n<p><a href=\"https:\/\/scholar.google.com\/citations?user=DL8wVukAAAAJ&amp;hl=en\">Google Scholar<\/a><\/p>\n<p><strong>Kontakt<\/strong>:<\/p>\n<p><a href=\"mailto:katarzyna.krason@us.edu.pl\">katarzyna.krason@us.edu.pl<\/a> \r\n                                <div class=\"mt-3\"><\/div>\r\n                            <\/div>\r\n                            \r\n                            \r\n                        <\/div>\r\n                    <\/div>\r\n                <\/div>[\/vc_column][\/vc_row][vc_row][vc_column]\r\n                <div class=\"text-modules \">\r\n                    <div class=\"container\">\r\n                        <h3 class=\"section-title section-title_border-bottom\">prof. dr hab. Hristo Kyuchukov<\/h3> <h3 class=\"subtitle text-modules__subtitle\">Wydzia\u0142 Sztuki i Nauk o Edukacji<\/h3>\r\n                        <div class=\"row m-0\">\r\n                            <div class=\"text-modules__content\">\r\n                                <strong>Dyscypliny:<\/strong><\/p>\n<p>j\u0119zykoznawstwo, pedagogika, psychologia<\/p>\n<p><strong>Zainteresowania naukowe:<\/strong><\/p>\n<p>bilingualism, Roma children, intercultural education, psycholinguistics, minorities\/migrants\/refugees education, child psychology<\/p>\n<p><strong>Zobacz wi\u0119cej:<\/strong><\/p>\n<p><a href=\"https:\/\/orcid.org\/0000-0002-1965-8908\">ORCID<\/a><\/p>\n<p><a href=\"https:\/\/www.researchgate.net\/profile\/Hristo_Kyuchukov\">ResearchGate<\/a><\/p>\n<p><strong>Kontakt<\/strong>:<\/p>\n<p><a href=\"mailto:hristo.kyuchukov@us.edu.pl\">hristo.kyuchukov@us.edu.pl<\/a> \r\n                                <div class=\"mt-3\"><\/div>\r\n                            <\/div>\r\n                            \r\n                            \r\n                        <\/div>\r\n                    <\/div>\r\n                <\/div>[\/vc_column][\/vc_row][vc_row][vc_column]\r\n                <div class=\"text-modules \">\r\n                    <div class=\"container\">\r\n                        <h3 class=\"section-title section-title_border-bottom\">dr hab. Krzysztof Maliszewski, prof. U\u015a<\/h3> <h3 class=\"subtitle text-modules__subtitle\">Wydzia\u0142 Nauk Spo\u0142ecznych<\/h3>\r\n                        <div class=\"row m-0\">\r\n                            <div class=\"text-modules__content\">\r\n                                <strong>Dyscypliny:<\/strong><\/p>\n<p>pedagogika<\/p>\n<p><strong>Zainteresowania naukowe:<\/strong><\/p>\n<p>pedagogika kultury, pedagogika filozoficzna, historii my\u015bli pedagogicznej, hermeneutyczne podstawy pedagogiki (humanistyki)<\/p>\n<p><strong>Zobacz wi\u0119cej:<\/strong><\/p>\n<p><a href=\"https:\/\/orcid.org\/0000-0001-9044-8156\">OR<\/a><a href=\"https:\/\/orcid.org\/0000-0001-9044-8156\">CID<\/a><\/p>\n<p><a href=\"https:\/\/www.researchgate.net\/profile\/Krzysztof_Maliszewski2\/research\">ResearchGa<\/a><a href=\"https:\/\/www.researchgate.net\/profile\/Krzysztof_Maliszewski2\/research\">te<\/a><\/p>\n<p><strong>Kontakt<\/strong>:<\/p>\n<p><a href=\"mailto:krzysztof.maliszewski@us.edu.pl\">krzysztof.maliszewski@us.edu.pl<\/a> \r\n                                <div class=\"mt-3\"><\/div>\r\n                            <\/div>\r\n                            \r\n                            \r\n                        <\/div>\r\n                    <\/div>\r\n                <\/div>\r\n                <div class=\"text-modules \">\r\n                    <div class=\"container\">\r\n                        <h3 class=\"section-title section-title_border-bottom\">dr hab. Beata Oelszlaeger-Kosturek, prof. U\u015a<\/h3> <h3 class=\"subtitle text-modules__subtitle\">Wydzia\u0142 Sztuki i Nauk o Edukacji<\/h3>\r\n                        <div class=\"row m-0\">\r\n                            <div class=\"text-modules__content\">\r\n                                <strong>Dyscypliny:<\/strong><\/p>\n<p>pedagogika<\/p>\n<p><strong>Zainteresowania naukowe:<\/strong><\/p>\n<p>edukacja, edukacja przedszkolna i wczesnoszkolna, uczenie uczenia si\u0119, nauczyciel, system o\u015bwiatowy<\/p>\n<p><strong>Zobacz wi\u0119cej:<\/strong><\/p>\n<p><a href=\"https:\/\/orcid.org\/0000-0003-4916-3380\">OR<\/a><a href=\"https:\/\/orcid.org\/0000-0002-3207-0148\">CI<\/a><a href=\"https:\/\/orcid.org\/0000-0002-3207-0148\">D<\/a><\/p>\n<p><strong>Kontakt<\/strong>:<\/p>\n<p><a href=\"mailto:beata.oelszlaeger-kosturek@us.edu.pl\">beata.oelszlaeger-kosturek@us.edu.pl<\/a> \r\n                                <div class=\"mt-3\"><\/div>\r\n                            <\/div>\r\n                            \r\n                            \r\n                        <\/div>\r\n                    <\/div>\r\n                <\/div>\r\n                <div class=\"text-modules \">\r\n                    <div class=\"container\">\r\n                        <h3 class=\"section-title section-title_border-bottom\">dr hab. Irena Barbara Przybylska, prof. U\u015a<\/h3> <h3 class=\"subtitle text-modules__subtitle\">Wydzia\u0142 Nauk Spo\u0142ecznych<\/h3>\r\n                        <div class=\"row m-0\">\r\n                            <div class=\"text-modules__content\">\r\n                                <strong>Dyscypliny:<\/strong><\/p>\n<p>pedagogika<\/p>\n<p><strong>Zainteresowania naukowe:<\/strong><\/p>\n<p>kultura emocjonalna, klimat\/atmosfera wychowawcza, kompetencje, kompetencja emocjonalna, kompetencje pedagogiczne, praca emocjonalna w zawodach spo\u0142ecznych, stres i wypalenie zawodowe<\/p>\n<p><strong>Zobacz wi\u0119cej:<\/strong><\/p>\n<p><a href=\"https:\/\/orcid.org\/0000-0001-6688-8549\">ORCID<\/a><\/p>\n<p><a href=\"https:\/\/www.researchgate.net\/profile\/Irena_Przybylska\">ResearchGate<\/a><\/p>\n<p><strong>Kontakt<\/strong>:<\/p>\n<p><a href=\"mailto:irena.przybylska@us.edu.pl\">irena.przybylska@us.edu.pl<\/a> \r\n                                <div class=\"mt-3\"><\/div>\r\n                            <\/div>\r\n                            \r\n                            \r\n                        <\/div>\r\n                    <\/div>\r\n                <\/div>\r\n                <div class=\"text-modules \">\r\n                    <div class=\"container\">\r\n                        <h3 class=\"section-title section-title_border-bottom\">dr hab. Violetta Rodek, prof. U\u015a<\/h3> <h3 class=\"subtitle text-modules__subtitle\">Wydzia\u0142 Nauk Spo\u0142ecznych<\/h3>\r\n                        <div class=\"row m-0\">\r\n                            <div class=\"text-modules__content\">\r\n                                <strong>Dyscypliny:<\/strong><\/p>\n<p>pedagogika<\/p>\n<p><strong>Zainteresowania naukowe:<\/strong><\/p>\n<p>autoedukacja, w tym proces samodzielnego uczenia si\u0119; pasja jako najwy\u017csza forma aktywnego tworzenia w\u0142asnej biografii; edukacja kulturalna i jej znaczenie dla osobistego rozwoju cz\u0142owieka; prywatne teorie nauczycieli i ich znaczenie w edukacji inspirowanej behawioryzmem<\/p>\n<p><strong>Zobacz wi\u0119cej:<\/strong><\/p>\n<p><a href=\"https:\/\/orcid.org\/0000-0002-2501-4092\">ORCID<\/a><\/p>\n<p><a href=\"https:\/\/www.researchgate.net\/profile\/Violetta_Rodek\">ResearchGate<\/a><\/p>\n<p><strong>Kontakt<\/strong>:<\/p>\n<p><a href=\"mailto:violetta.rodek@us.edu.pl\">violetta.rodek@us.edu.pl<\/a> \r\n                                <div class=\"mt-3\"><\/div>\r\n                            <\/div>\r\n                            \r\n                            \r\n                        <\/div>\r\n                    <\/div>\r\n                <\/div>\r\n                <div class=\"text-modules \">\r\n                    <div class=\"container\">\r\n                        <h3 class=\"section-title section-title_border-bottom\">dr hab. Dorota Siero\u0144, prof. U\u015a<\/h3> <h3 class=\"subtitle text-modules__subtitle\">Wydzia\u0142 Humanistyczny<\/h3>\r\n                        <div class=\"row m-0\">\r\n                            <div class=\"text-modules__content\">\r\n                                <strong>Dyscypliny:<\/strong><\/p>\n<p>nauki o kulturze i religii<\/p>\n<p>pedagogika<\/p>\n<p><strong>Zainteresowania naukowe:<\/strong><\/p>\n<p>literatura dokumentu osobistego, metoda biograficzna, relacyjno\u015b\u0107 w kulturze, edukacja kulturalna, dziedzictwo kulturowe<\/p>\n<p><strong>Zobacz wi\u0119cej:<\/strong><\/p>\n<p><a href=\"https:\/\/orcid.org\/0000-0002-0707-7532\">ORCID<\/a><\/p>\n<p><strong>Kontakt<\/strong>:<\/p>\n<p><a href=\"mailto:dorota.sieron@us.edu.pl\">dorota.sieron@us.edu.pl<\/a> \r\n                                <div class=\"mt-3\"><\/div>\r\n                            <\/div>\r\n                            \r\n                            \r\n                        <\/div>\r\n                    <\/div>\r\n                <\/div>\r\n                <div class=\"text-modules \">\r\n                    <div class=\"container\">\r\n                        <h3 class=\"section-title section-title_border-bottom\">dr hab. Eugenia Smyrnova-Trybulska, prof. U\u015a<\/h3> <h3 class=\"subtitle text-modules__subtitle\">Wydzia\u0142 Sztuki i Nauk o Edukacji<\/h3>\r\n                        <div class=\"row m-0\">\r\n                            <div class=\"text-modules__content\">\r\n                                <strong>Dyscypliny:<\/strong><\/p>\n<p>nauki o komunikacji spo\u0142ecznej i mediach<\/p>\n<p>pedagogika<\/p>\n<p><strong>Zainteresowania naukowe:<\/strong><\/p>\n<p>e-learning, kompetencje cyfrowe, multimedia, ICT w edukacji, szkolenie nauczycieli, kszta\u0142cenie na odleg\u0142o\u015b\u0107, STEM, STEAM, robotyka w edukacji, SMART uniwersytet, aplikacje edukacyjne, innowacyjne metody nauczania i uczenia si\u0119<\/p>\n<p><strong>Zobacz wi\u0119cej:<\/strong><\/p>\n<p><a href=\"https:\/\/orcid.org\/0000-0003-1227-014X\">ORCID<\/a><\/p>\n<p><a href=\"https:\/\/www.researchgate.net\/profile\/Eugenia_Smyrnova-Trybulska\">ResearchGate<\/a><\/p>\n<p><a href=\"https:\/\/scholar.google.com\/citations?user=o-k9zQkAAAAJ\">Google Scholar<\/a><\/p>\n<p><strong>Kontakt<\/strong>:<\/p>\n<p><a href=\"mailto:esmyrnova@us.edu.pl\">esmyrnova@us.edu.pl<\/a> \r\n                                <div class=\"mt-3\"><\/div>\r\n                            <\/div>\r\n                            \r\n                            \r\n                        <\/div>\r\n                    <\/div>\r\n                <\/div>[\/vc_column][\/vc_row][vc_row][vc_column]\r\n                <div class=\"text-modules \">\r\n                    <div class=\"container\">\r\n                        <h3 class=\"section-title section-title_border-bottom\">dr hab. Anna Szafra\u0144ska, prof. U\u015a<\/h3> <h3 class=\"subtitle text-modules__subtitle\">Wydzia\u0142 Sztuki i Nauk o Edukacji<\/h3>\r\n                        <div class=\"row m-0\">\r\n                            <div class=\"text-modules__content\">\r\n                                <strong>Dyscypliny:<\/strong><\/p>\n<p>pedagogika<\/p>\n<p><strong>Zainteresowania naukowe:<\/strong><\/p>\n<p>pedeutologia, polityka o\u015bwiatowa, zmiany edukacyjne, edukacja mi\u0119dzykulturowa, szko\u0142y dla dzieci polskich za granic\u0105<\/p>\n<p><strong>Zobacz wi\u0119cej:<\/strong><\/p>\n<p><a href=\"https:\/\/orcid.org\/0000-0001-9797-2591\">ORCID<\/a><\/p>\n<p><strong>Kontakt<\/strong>:<\/p>\n<p><a href=\"mailto:anna.gajdzica@us.edu.pl\">anna.gajdzica@us.edu.pl<\/a> \r\n                                <div class=\"mt-3\"><\/div>\r\n                            <\/div>\r\n                            \r\n                            \r\n                        <\/div>\r\n                    <\/div>\r\n                <\/div>[\/vc_column][\/vc_row][vc_row][vc_column]\r\n                <div class=\"text-modules \">\r\n                    <div class=\"container\">\r\n                        <h3 class=\"section-title section-title_border-bottom\">prof. dr hab. Alina Szczurek-Boruta<\/h3> <h3 class=\"subtitle text-modules__subtitle\">Wydzia\u0142 Sztuki i Nauk o Edukacji<\/h3>\r\n                        <div class=\"row m-0\">\r\n                            <div class=\"text-modules__content\">\r\n                                <strong>Dyscypliny:<\/strong><\/p>\n<p>pedagogika<\/p>\n<p><strong>Zainteresowania naukowe:<\/strong><\/p>\n<p>zadania rozwojowe, m\u0142odzie\u017c, szko\u0142a, nauczyciel, edukacja mi\u0119dzykulturowa, pedagogika m\u0142odzie\u017cy, pedagogika spo\u0142eczna, pedagogika mi\u0119dzykulturowa<\/p>\n<p><strong>Zobacz wi\u0119cej:<\/strong><\/p>\n<p><a href=\"https:\/\/orcid.org\/0000-0001-7705-4398\">ORCID<\/a><\/p>\n<p><a href=\"https:\/\/www.researchgate.net\/profile\/Alina_Szczurek-Boruta\">ResearchGate<\/a><\/p>\n<p><strong>Kontakt<\/strong>:<\/p>\n<p><a href=\"mailto:alina.szczurek-boruta@us.edu.pl\">alina.szczurek-boruta@us.edu.pl<\/a> \r\n                                <div class=\"mt-3\"><\/div>\r\n                            <\/div>\r\n                            \r\n                            \r\n                        <\/div>\r\n                    <\/div>\r\n                <\/div>[\/vc_column][\/vc_row][vc_row][vc_column]\r\n                <div class=\"text-modules \">\r\n                    <div class=\"container\">\r\n                        <h3 class=\"section-title section-title_border-bottom\">dr hab. Edyta Widawska, prof. U\u015a<\/h3> <h3 class=\"subtitle text-modules__subtitle\">Wydzia\u0142 Nauk Spo\u0142ecznych<\/h3>\r\n                        <div class=\"row m-0\">\r\n                            <div class=\"text-modules__content\">\r\n                                <strong>Dyscypliny:<\/strong><\/p>\n<p>pedagogika, nauki socjologiczne<\/p>\n<p><strong>Zainteresowania naukowe:<\/strong><\/p>\n<p>animacja spo\u0142eczna, inkluzja spo\u0142eczna, prawa cz\u0142owieka, prawa dziecka, polityka r\u00f3wno\u015bciowa, dzia\u0142ania antydyskryminacyjne, prawa os\u00f3b z niepe\u0142nopsrawno\u015bci\u0105, partycypacja spo\u0142eczna, edukacja medialna, edukacyjna analiza transakcyjna, mediacje i negocjacje spo\u0142eczne, edukacja mi\u0119dzykulturowa<\/p>\n<p><strong>Zobacz wi\u0119cej:<\/strong><\/p>\n<p><a href=\"https:\/\/orcid.org\/0000-0001-9044-8156\">OR<\/a><a href=\"https:\/\/orcid.org\/0000-0002-0964-0341\">CI<\/a><a href=\"https:\/\/orcid.org\/0000-0002-0964-0341\">D<\/a><\/p>\n<p><a href=\"https:\/\/www.researchgate.net\/profile\/Edyta_Widawska\">ResearchGa<\/a><a href=\"https:\/\/www.researchgate.net\/profile\/Krzysztof_Maliszewski2\/research\">te<\/a><\/p>\n<p><strong>Kontakt<\/strong>:<\/p>\n<p><a href=\"mailto:edyta.widawska@us.edu.pl\">edyta.widawska@us.edu.pl<\/a> \r\n                                <div class=\"mt-3\"><\/div>\r\n                            <\/div>\r\n                            \r\n                            \r\n                        <\/div>\r\n                    <\/div>\r\n                <\/div>[\/vc_column][\/vc_row][vc_row][vc_column]\r\n                <div class=\"text-modules \">\r\n                    <div class=\"container\">\r\n                        <h3 class=\"section-title section-title_border-bottom\">dr hab. Alicja \u017bywczok, prof. U\u015a<\/h3> <h3 class=\"subtitle text-modules__subtitle\">Wydzia\u0142 Nauk Spo\u0142ecznych<\/h3>\r\n                        <div class=\"row m-0\">\r\n                            <div class=\"text-modules__content\">\r\n                                <strong>Dyscypliny:<\/strong><\/p>\n<p>pedagogika<\/p>\n<p><strong>Zainteresowania naukowe:<\/strong><\/p>\n<p>pedagogika rodziny, nauczyciel, wychowawca, instytucje edukacyjne i kulturalne, historia my\u015bli pedagogicznej, opieka, pomoc, etyka pedagogiczna, teoria wychowania, pedagogika pracy<\/p>\n<p><strong>Zobacz wi\u0119cej:<\/strong><\/p>\n<p><a href=\"https:\/\/orcid.org\/0000-0003-3994-9558\">ORCID<\/a><\/p>\n<p><a href=\"https:\/\/www.researchgate.net\/profile\/Alicja_Zywczok\">ResearchGate<\/a><\/p>\n<p><a href=\"https:\/\/scholar.google.pl\/citations?user=g8gRRYMAAAAJ&amp;hl=pl\">Google Schol<\/a><a href=\"https:\/\/scholar.google.pl\/citations?user=g8gRRYMAAAAJ&amp;hl=pl\">ar<\/a><\/p>\n<p><strong>Kontakt<\/strong>:<\/p>\n<p><a href=\"mailto:alicja.zywczok@us.edu.pl\">alicja.zywczok@us.edu.pl<\/a> \r\n                                <div class=\"mt-3\"><\/div>\r\n                            <\/div>\r\n                            \r\n                            \r\n                        <\/div>\r\n                    <\/div>\r\n                <\/div>[\/vc_column][\/vc_row]<\/p>","protected":false},"excerpt":{"rendered":"<p>[vc_row][vc_column][\/vc_column][\/vc_row][vc_row][vc_column][\/vc_column][\/vc_row][vc_row][vc_column][\/vc_column][\/vc_row][vc_row][vc_column][\/vc_column][\/vc_row][vc_row][vc_column][\/vc_column][\/vc_row][vc_row][vc_column][\/vc_column][\/vc_row][vc_row][vc_column][\/vc_column][\/vc_row][vc_row][vc_column][\/vc_column][\/vc_row][vc_row][vc_column][\/vc_column][\/vc_row] [&#8230;]<\/p>\n<p><a class=\"btn btn-secondary understrap-read-more-link\" href=\"https:\/\/us.edu.pl\/szkola-doktorska\/znajdz-promotora\/promotorzy-oferty-pedagogika\/\">Read More&#8230;<\/a><\/p>\n","protected":false},"author":42,"featured_media":0,"parent":1443,"menu_order":0,"comment_status":"closed","ping_status":"closed","template":"page-templates\/page-with-sidebar.php","meta":{"_expiration-date-status":"saved","_expiration-date":0,"_expiration-date-type":"","_expiration-date-categories":[],"_expiration-date-options":[]},"acf":[],"_links":{"self":[{"href":"https:\/\/us.edu.pl\/szkola-doktorska\/wp-json\/wp\/v2\/pages\/1348"}],"collection":[{"href":"https:\/\/us.edu.pl\/szkola-doktorska\/wp-json\/wp\/v2\/pages"}],"about":[{"href":"https:\/\/us.edu.pl\/szkola-doktorska\/wp-json\/wp\/v2\/types\/page"}],"author":[{"embeddable":true,"href":"https:\/\/us.edu.pl\/szkola-doktorska\/wp-json\/wp\/v2\/users\/42"}],"replies":[{"embeddable":true,"href":"https:\/\/us.edu.pl\/szkola-doktorska\/wp-json\/wp\/v2\/comments?post=1348"}],"version-history":[{"count":35,"href":"https:\/\/us.edu.pl\/szkola-doktorska\/wp-json\/wp\/v2\/pages\/1348\/revisions"}],"predecessor-version":[{"id":3894,"href":"https:\/\/us.edu.pl\/szkola-doktorska\/wp-json\/wp\/v2\/pages\/1348\/revisions\/3894"}],"up":[{"embeddable":true,"href":"https:\/\/us.edu.pl\/szkola-doktorska\/wp-json\/wp\/v2\/pages\/1443"}],"wp:attachment":[{"href":"https:\/\/us.edu.pl\/szkola-doktorska\/wp-json\/wp\/v2\/media?parent=1348"}],"curies":[{"name":"wp","href":"https:\/\/api.w.org\/{rel}","templated":true}]}}