{"id":13603,"date":"2025-01-28T18:00:30","date_gmt":"2025-01-28T17:00:30","guid":{"rendered":"https:\/\/us.edu.pl\/szkola-doktorska\/?page_id=13603"},"modified":"2025-01-28T18:06:59","modified_gmt":"2025-01-28T17:06:59","slug":"ogloszenie-naboru-do-programu-stazowego-2025","status":"publish","type":"page","link":"https:\/\/us.edu.pl\/szkola-doktorska\/ster\/ogloszenie-naboru-do-programu-stazowego-2025\/","title":{"rendered":"Og\u0142oszenie naboru do programu sta\u017cowego 2025"},"content":{"rendered":"<p>[vc_row][vc_column]\r\n                <div class=\"text-modules \">\r\n                    <div class=\"container\">\r\n                        <h3 class=\"section-title section-title_border-bottom\">Og\u0142oszenie naboru do programu sta\u017cowego na rok 2025<\/h3> <h3 class=\"subtitle text-modules__subtitle\">w projekcie \u201eInternational from the beginning \u2013 wsparcie umi\u0119dzynarodowienia\u201d, finansowanym przez Narodow\u0105 Agencj\u0119 Wymiany Akademickiej w ramach programu STER<\/h3>\r\n                        <div class=\"row m-0\">\r\n                            <div class=\"text-modules__content\">\r\n                                <\/p>\n<p style=\"text-align: center;\">Kierownik projektu \u201eInternational from the beginning \u2013 wsparcie umi\u0119dzynarodowienia\u201d og\u0142asza<\/p>\n<p style=\"text-align: center;\"><span style=\"font-size: 12pt;\"><strong>nab\u00f3r do programu sta\u017cowego dla doktorant\u00f3w szk\u00f3\u0142 doktorskich Uniwersytetu \u015al\u0105skiego w Katowicach<\/strong><\/span><\/p>\n<p style=\"text-align: center;\">na rok kalendarzowy 2025<\/p>\n<p><strong>Informacje na temat naboru<\/strong><\/p>\n<p>Termin naboru: 28.01.2025 &#8211; 28.02.2025<\/p>\n<p>Forma naboru: elektroniczna, za pomoc\u0105 systemu informatycznego SRW<\/p>\n<p>Link do formularza zg\u0142oszeniowego:<\/p>\n<p><a href=\"https:\/\/formularze.us.edu.pl\/form\/index\/5866\">https:\/\/formularze.us.edu.pl\/form\/index\/5866<\/a><\/p>\n<p><strong>Opis aktywno\u015bci, kt\u00f3re mo\u017cna realizowa\u0107 w ramach programu sta\u017cowego<\/strong><\/p>\n<p>Miesi\u0119czny sta\u017c, rozumiany jako pobyt doktoranta lub doktorantki w zagranicznej jednostce akademickiej, naukowej lub prowadz\u0105cej badania, trwaj\u0105cy 1 miesi\u0105c, w czasie kt\u00f3rego realizowane s\u0105 zadania zwi\u0105zane z Indywidualnym planem badawczym doktoranta\/doktorantki, zako\u0144czony raportem.<\/p>\n<p>W przypadku doktorant\u00f3w dyscyplin artystycznych przez dzia\u0142ania naukowe rozumie si\u0119 dzia\u0142ania artystyczne.<\/p>\n<p><strong>Kto mo\u017ce ubiega\u0107 si\u0119 o sta\u017c<\/strong><\/p>\n<p>Udzia\u0142 w sta\u017cu mo\u017ce ubiega\u0107 si\u0119 osoba spe\u0142niaj\u0105ca \u0142\u0105cznie nast\u0119puj\u0105ce warunki:<br \/>\n1) posiada status doktoranta szko\u0142y doktorskiej;<br \/>\n2) terminowo rozliczy\u0142a pierwszy rok kszta\u0142cenia w szkole doktorskiej;<br \/>\n3) przygotowuje mi\u0119dzynarodowy projekt doktorski, rozumiany jako projekt, w kt\u00f3rym doktorant b\u0119dzie wsp\u00f3\u0142pracowa\u0142 z naukowcem z zagranicy;<br \/>\n4) z\u0142o\u017cy\u0142a poprawny wniosek za po\u015brednictwem formularza podanego w niniejszym og\u0142oszeniu;<br \/>\n5) w formularzu z\u0142o\u017cy\u0142a o\u015bwiadczenie przedstawiciela o\u015brodka zagranicznego o gotowo\u015bci przyj\u0119cia doktoranta\/-ki na sta\u017c z zagwarantowan\u0105 opiek\u0105 naukow\u0105<\/p>\n<p><strong>Koszty dopuszczalne w projekcie<\/strong><\/p>\n<p>Wyjazdy rozliczane s\u0105 w formie rycza\u0142towej, wyp\u0142acanej wed\u0142ug schematu:<\/p>\n<ul>\n<li>80% \u015brodk\u00f3w przed wyjazdem<\/li>\n<li>20% \u015brodk\u00f3w po powrocie i spe\u0142nieniu wymog\u00f3w programu<\/li>\n<\/ul>\n<p>\u015arodki przyznawane obejmuj\u0105:<\/p>\n<ol>\n<li>Koszty utrzymania na zakwaterowanie i wy\u017cywienie w wysoko\u015bci 12 000 PLN.<\/li>\n<li>Koszty podr\u00f3\u017cy w zrycza\u0142towanej wysoko\u015bci zale\u017cnej od odleg\u0142o\u015bci pomi\u0119dzy miejscem zamieszkania a instytucj\u0105 przyjmuj\u0105c\u0105 (od 1000 do 5000 PLN).<\/li>\n<li>Dodatek na zagospodarowanie w wysoko\u015bci 5000 PLN dla wybranych projekt\u00f3w.<\/li>\n<\/ol>\n<p>Szczeg\u00f3\u0142y oceny wniosk\u00f3w i realizacji sta\u017cy opisuje Regulamin rekrutacji i uczestnictwa w programie sta\u017cowym, stanowi\u0105cy <a href=\"https:\/\/aktyprawne.us.edu.pl\/423-lista\/d\/7367\/5\/\">za\u0142\u0105cznik do Zarz\u0105dzenia nr 79\/2024 Rektora Uniwersytetu \u015al\u0105skiego w Katowicach<\/a>. \r\n                                <div class=\"mt-3\"><\/div>\r\n                            <\/div>\r\n                            \r\n                            <div class=\"text-modules__img\"><img src=\"https:\/\/us.edu.pl\/szkola-doktorska\/wp-content\/uploads\/sites\/50\/STER\/NAWA-logotyp-STER-PL_page-0001.jpg\" alt=\"img\"><\/div>\r\n                        <\/div>\r\n                    <\/div>\r\n                <\/div><div class=\"container\"><div class=\"separator\" style=\"background-color: #000000\"><\/div><\/div>\r\n                <div class=\"text-modules \">\r\n                    <div class=\"container\">\r\n                         \r\n                        <div class=\"row m-0\">\r\n                            <div class=\"text-modules__content\">\r\n                                <\/p>\n<p>&nbsp;<\/p>\n<p>Dzia\u0142anie wsp\u00f3\u0142finansowane w ramach projektu <strong>International from the beginning \u2013 wsparcie umi\u0119dzynarodowienia<\/strong> finansowanego przez Narodow\u0105 Agencj\u0119 Wymiany Akademickiej w ramach Programu STER. \r\n                                <div class=\"mt-3\"><\/div>\r\n                            <\/div>\r\n                            \r\n                            <div class=\"text-modules__img\"><img src=\"https:\/\/us.edu.pl\/szkola-doktorska\/wp-content\/uploads\/sites\/50\/STER\/K1_logo_dopuszcz_wers_podstawowa_PL_RGB-02-75proc.png\" alt=\"img\"><\/div>\r\n                        <\/div>\r\n                    <\/div>\r\n                <\/div>[\/vc_column][\/vc_row]<\/p>\n<style type=\"text\/css\">a[data-mtli~=\"mtli_filesize4,00kB\"]:after {content:\" (4,00 kB)\"}<\/style>","protected":false},"excerpt":{"rendered":"<p>[vc_row][vc_column][\/vc_column][\/vc_row] [&#8230;]<\/p>\n<p><a class=\"btn btn-secondary understrap-read-more-link\" href=\"https:\/\/us.edu.pl\/szkola-doktorska\/ster\/ogloszenie-naboru-do-programu-stazowego-2025\/\">Read More&#8230;<\/a><\/p>\n","protected":false},"author":42,"featured_media":0,"parent":10619,"menu_order":0,"comment_status":"closed","ping_status":"closed","template":"","meta":{"_expiration-date-status":"","_expiration-date":0,"_expiration-date-type":"","_expiration-date-categories":[],"_expiration-date-options":[]},"acf":[],"_links":{"self":[{"href":"https:\/\/us.edu.pl\/szkola-doktorska\/wp-json\/wp\/v2\/pages\/13603"}],"collection":[{"href":"https:\/\/us.edu.pl\/szkola-doktorska\/wp-json\/wp\/v2\/pages"}],"about":[{"href":"https:\/\/us.edu.pl\/szkola-doktorska\/wp-json\/wp\/v2\/types\/page"}],"author":[{"embeddable":true,"href":"https:\/\/us.edu.pl\/szkola-doktorska\/wp-json\/wp\/v2\/users\/42"}],"replies":[{"embeddable":true,"href":"https:\/\/us.edu.pl\/szkola-doktorska\/wp-json\/wp\/v2\/comments?post=13603"}],"version-history":[{"count":2,"href":"https:\/\/us.edu.pl\/szkola-doktorska\/wp-json\/wp\/v2\/pages\/13603\/revisions"}],"predecessor-version":[{"id":13610,"href":"https:\/\/us.edu.pl\/szkola-doktorska\/wp-json\/wp\/v2\/pages\/13603\/revisions\/13610"}],"up":[{"embeddable":true,"href":"https:\/\/us.edu.pl\/szkola-doktorska\/wp-json\/wp\/v2\/pages\/10619"}],"wp:attachment":[{"href":"https:\/\/us.edu.pl\/szkola-doktorska\/wp-json\/wp\/v2\/media?parent=13603"}],"curies":[{"name":"wp","href":"https:\/\/api.w.org\/{rel}","templated":true}]}}