{"id":13778,"date":"2025-02-07T09:59:14","date_gmt":"2025-02-07T08:59:14","guid":{"rendered":"https:\/\/us.edu.pl\/szkola-doktorska\/?page_id=13778"},"modified":"2025-04-01T11:41:35","modified_gmt":"2025-04-01T09:41:35","slug":"indywidualny-plan-badawczy-2024-2025","status":"publish","type":"page","link":"https:\/\/us.edu.pl\/szkola-doktorska\/indywidualny-plan-badawczy\/indywidualny-plan-badawczy-2024-2025\/","title":{"rendered":"Indywidualny plan badawczy 2024\/2025"},"content":{"rendered":"<p>[vc_row][vc_column]\r\n                <div class=\"text-modules\">\r\n                    <div class=\"container\">\r\n                        <h3 class=\"page-title text__title\">Wz\u00f3r IPB dla doktorant\u00f3w, kt\u00f3rzy rozpocz\u0119li kszta\u0142cenie w roku akademickim 2024\/2025<\/h3>\r\n                        <div class=\"text-modules__content\"><p>Zarz\u0105dzenie Dziekana Szko\u0142y Doktorskiej ustala wz\u00f3r IPB w polskiej i angielskiej wersji j\u0119zykowej, wz\u00f3r aneksu do IPB i sprawozdania z realizacji IPB.<\/p>\n<p>Tre\u015b\u0107 zarz\u0105dzenia: <a href=\"https:\/\/us.edu.pl\/szkola-doktorska\/wp-content\/uploads\/sites\/50\/prawo\/zarzadzenia-dziekana\/2025\/zarzadzenie-nr-1-2025-wzory-IPB-sprawozdan-i-aneksow.pdf\" class=\"mtli_attachment mtli_pdf\" class=\"mtli_attachment mtli_pdf\">zarz\u0105dzenie nr 1-2025 &#8211; wzory IPB, sprawozda\u0144 i aneks\u00f3w<\/a><\/p>\n<p><strong>Indywidualny plan badawczy<\/strong><\/p>\n<p>wersja polska &#8211; <a href=\"https:\/\/us.edu.pl\/szkola-doktorska\/wp-content\/uploads\/sites\/50\/prawo\/zarzadzenia-dziekana\/2025\/zarzadzenie-nr-1-2025-IPB\/zarzadzenie-nr-1-2025-zalacznik-1a-Indywidualny-plan-badawczy-2024-2025.docx\" class=\"mtli_attachment mtli_docx\" class=\"mtli_attachment mtli_docx\">zarzadzenie-nr-1-2025-zalacznik-1a-Indywidualny-plan-badawczy-2024-2025<\/a><\/p>\n<p>wersja angielska &#8211;<a href=\"https:\/\/us.edu.pl\/szkola-doktorska\/wp-content\/uploads\/sites\/50\/prawo\/zarzadzenia-dziekana\/2025\/zarzadzenie-nr-1-2025-zalacznik-1b-Individual-Research-Plan-2024-2025.docx\" class=\"mtli_attachment mtli_docx\" class=\"mtli_attachment mtli_docx\">zarzadzenie-nr-1-2025-zalacznik-1b-Individual-Research-Plan-2024-2025<\/a><\/p>\n<p>wersja polska\u00a0 dla programu &#8222;Doktorat wdro\u017ceniowy&#8221; &#8211; <a href=\"https:\/\/us.edu.pl\/szkola-doktorska\/wp-content\/uploads\/sites\/50\/prawo\/zarzadzenia-dziekana\/2025\/zarzadzenie-nr-1-2025-zalacznik-1c-Indywidualny-plan-badawczy-Doktorat-wdrozeniowy-2024-2025.docx\" class=\"mtli_attachment mtli_docx\" class=\"mtli_attachment mtli_docx\">zarzadzenie-nr-1-2025-zalacznik-1c-Indywidualny-plan-badawczy-Doktorat-wdrozeniowy-2024-2025<\/a><\/p>\n<p><strong>Sprawozdanie z IPB<\/strong><\/p>\n<p>wersja polska &#8211; <a href=\"https:\/\/us.edu.pl\/szkola-doktorska\/wp-content\/uploads\/sites\/50\/prawo\/zarzadzenia-dziekana\/2025\/zarzadzenie-nr-1-2025-zalacznik-2a-Sprawozdanie-z-realizacji-IPB-2024-2025.docx\" class=\"mtli_attachment mtli_docx\" class=\"mtli_attachment mtli_docx\">zarzadzenie-nr-1-2025-zalacznik-2a-Sprawozdanie-z-realizacji-IPB-2024-2025<\/a><\/p>\n<p>wersja angielska &#8211; <a href=\"https:\/\/us.edu.pl\/szkola-doktorska\/wp-content\/uploads\/sites\/50\/prawo\/zarzadzenia-dziekana\/2025\/zarzadzenie-nr-1-2025-zalacznik-2b-Report-on-implementation-of-IRP-2024-2025.docx\" class=\"mtli_attachment mtli_docx\" class=\"mtli_attachment mtli_docx\">zarzadzenie-nr-1-2025-zalacznik-2b-Report-on-implementation-of-IRP-2024-2025<\/a><\/p>\n<p>wersja polska dla programu &#8222;Doktorat wdro\u017ceniowy&#8221; &#8211;<a href=\"https:\/\/us.edu.pl\/szkola-doktorska\/wp-content\/uploads\/sites\/50\/prawo\/zarzadzenia-dziekana\/2025\/zarzadzenie-nr-1-2025-zalacznik-2c-Sprawozdanie-z-realizacji-IPB-Doktorat-wdrozeniowy-2024-2025.docx\" class=\"mtli_attachment mtli_docx\" class=\"mtli_attachment mtli_docx\">zarzadzenie-nr-1-2025-zalacznik-2c-Sprawozdanie-z-realizacji-IPB-Doktorat-wdrozeniowy-2024-2025<\/a><\/p>\n<p><strong>Aneks do IPB<\/strong><\/p>\n<p>wersja polska &#8211; <a href=\"https:\/\/us.edu.pl\/szkola-doktorska\/wp-content\/uploads\/sites\/50\/prawo\/zarzadzenia-dziekana\/2025\/zarzadzenie-nr-1-2025-zalacznik-3a-Aneks-do-IPB-2024-2025.docx\" class=\"mtli_attachment mtli_docx\" class=\"mtli_attachment mtli_docx\">zarzadzenie-nr-1-2025-zalacznik-3a-Aneks-do-IPB-2024-2025<\/a>\u00a0(tak\u017ce dla programu &#8222;Doktorat wdro\u017ceniowy&#8221;)<\/p>\n<p>wersja angielska &#8211; <a href=\"https:\/\/us.edu.pl\/szkola-doktorska\/wp-content\/uploads\/sites\/50\/prawo\/zarzadzenia-dziekana\/2025\/zarzadzenie-nr-1-2025-zalacznik-3b-Annex-to-IRP-2024-2025.docx\" class=\"mtli_attachment mtli_docx\" class=\"mtli_attachment mtli_docx\">zarzadzenie-nr-1-2025-zalacznik-3b-Annex-to-IRP-2024-2025<\/a><\/p>\n<\/div>\r\n                    <\/div>\r\n                <\/div>\r\n                <div class=\"text-modules\">\r\n                    <div class=\"container\">\r\n                        <h3 class=\"page-title text__title\">Procedura zatwierdzania IPB w roku akademickim 2024\/2025<\/h3>\r\n                        <div class=\"text-modules__content\"><\/p>\n<ol>\n<li>Doktorant przygotowuje IPB we wsp\u00f3\u0142pracy z promotorem.<\/li>\n<li><strong>Najp\u00f3\u017aniej 30 czerwca<\/strong> doktorant przesy\u0142a przygotowany i uzgodniony z\u202fpromotorem dokument do odpowiedniego koordynatora obszarowego lub w\u0142a\u015bciwego dla doktorant\u00f3w wdro\u017ceniowych (<a href=\"https:\/\/us.edu.pl\/szkola-doktorska\/86-2\/\">https:\/\/us.edu.pl\/szkola-doktorska\/86-2\/<\/a>). Jak powinien by\u0107 przes\u0142any IPB:\n<ul>\n<li>w formie czytelnego pliku pdf zapisanego z dokumentu tekstowego (a nie zdj\u0119cie lub skan),<\/li>\n<li>w tre\u015bci dokumentu maj\u0105 by\u0107 ju\u017c wpisane opinie promotora\/promotor\u00f3w,<\/li>\n<li>w tre\u015bci maila ma by\u0107 deklaracja, \u017ce dokument zosta\u0142 zaakceptowany przez promotora\/promotor\u00f3w,<\/li>\n<li>promotor ma by\u0107 dodany do wiadomo\u015bci.<\/li>\n<\/ul>\n<\/li>\n<li>Koordynator albo zg\u0142asza uwagi i przesy\u0142a dokument do poprawy, albo informuje o jego zaakceptowaniu. Poprawiony dokument nale\u017cy ponownie przekaza\u0107 koordynatorowi do akceptacji.<\/li>\n<li><strong>Najp\u00f3\u017aniej 15 wrze\u015bnia<\/strong> doktorant sk\u0142ada w Szkole Doktorskiej IPB podpisany przez doktoranta i promotora (tak\u017ce promotora pomocniczego, a w przypadku doktorat\u00f3w wdro\u017ceniowych, tak\u017ce opiekuna ze strony przedsi\u0119biorstwa). <span style=\"text-decoration: underline;\">Ze wzgl\u0119du na papierowy obieg dokument\u00f3w wymagane jest dostarczenie papierowego dokumentu, ze wszystkimi oryginalnymi podpisami<\/span>.<\/li>\n<li>IPB zostaje zaopiniowany przez koordynatora i zatwierdzony przez dziekana.<\/li>\n<li>Dokument jest przechowywany w biurze SD, doktorantowi zostaje przekazany skan dokumentu.<\/li>\n<li>IPB zostaje przed\u0142o\u017cony komisji ewaluacyjnej, kt\u00f3ra przedstawia doktorantowi rekomendacje zmian w IPB lub wy\u0142\u0105cznie pozytywn\u0105 opini\u0119.<\/li>\n<\/ol>\n<p><u>Uwaga dotycz\u0105ca termin\u00f3w<\/u><\/p>\n<p>Doktoranci, kt\u00f3rzy rozpocz\u0119li kszta\u0142cenie w Szkole Doktorskiej w innym terminie ni\u017c 1 pa\u017adziernika, sk\u0142adaj\u0105 IPB w tym samym terminie co pozostali i podlegaj\u0105 tym samym procedurom, poniewa\u017c dokument ten stanowi podstaw\u0119 do zaliczenia pierwszego roku kszta\u0142cenia i przyst\u0105pienia do pierwszego etapu oceny ewaluacyjnej. Indywidualne sytuacje powinny by\u0107 uzgodnione z wyprzedzeniem z koordynatorem obszarowym.<\/p>\n<p>&nbsp;<\/p>\n<p><strong>Sprawozdanie z realizacji IPB<\/strong><\/p>\n<ol>\n<li>Sprawozdanie z realizacji IPB nale\u017cy z\u0142o\u017cy\u0107 <strong>do 30 wrze\u015bnia<\/strong>, po ka\u017cdym roku kszta\u0142cenia (<strong>po drugim roku &#8211; do 31 sierpnia<\/strong>).<\/li>\n<li>Z\u0142o\u017cenie sprawozdania (konieczne s\u0105 daty przy wszystkich podpisach) nie mo\u017ce nast\u0105pi\u0107 wcze\u015bniej ni\u017c akceptacja IPB przez koordynatora.<\/li>\n<li>Sprawozdanie wymaga podpisu wszystkich promotor\u00f3w. Nie jest ono w\u00a0\u017caden spos\u00f3b zatwierdzane przez Szko\u0142\u0119 Doktorsk\u0105, ale jest przedmiotem oceny komisji ewaluacyjnej.<\/li>\n<li>Sprawozdanie ma by\u0107 zgodne z Indywidualnym planem badawczym w wersji zatwierdzonej. W przypadku potrzeby aneksowania tre\u015bci IPB nale\u017cy najpierw z\u0142o\u017cy\u0107 aneks, a dopiero po jego zatwierdzeniu &#8211; sprawozdanie.<\/li>\n<\/ol>\n<p>\n<\/div>\r\n                    <\/div>\r\n                <\/div>\r\n                <div class=\"text-modules\">\r\n                    <div class=\"container\">\r\n                        <h3 class=\"page-title text__title\">Wa\u017cne uwagi dotycz\u0105ce wype\u0142nienia IPB<\/h3>\r\n                        <div class=\"text-modules__content\"><p>Przygotowanie planu powinno by\u0107 precyzyjnym i przemy\u015blanym procesem. Na jego przygotowanie doktorant ma ca\u0142y rok i przez ten czas mo\u017ce korzysta\u0107 ze wsparcia swojego promotora, prowadz\u0105cych zaj\u0119cia, kt\u00f3re dotycz\u0105 podobnej problematyki na pierwszym roku kszta\u0142cenia (m.in. metodyka bada\u0144 naukowych, przygotowanie i realizacja projektu badawczego, etyka bada\u0144), koordynatora obszarowego, a tak\u017ce biura Szko\u0142y Doktorskiej (np. w zakresie planowania bud\u017cetu).<\/p>\n<p>Przy planowaniu doktorant powinien bra\u0107 pod uwag\u0119 zobowi\u0105zania zwi\u0105zane z cyklem kszta\u0142cenia w Szkole Doktorskiej, w tym obowi\u0105zek przygotowania projektu grantowego i uczestnictwa w zagranicznym sta\u017cu lub prezentacji wynik\u00f3w swoich bada\u0144 na zagranicznej konferencji naukowej.<\/p>\n<p>Doktorant przedstawia plan zada\u0144 na ca\u0142y okres realizacji rozprawy doktorskiej. Tak\u017ce takie elementy jak publikacje, wyst\u0105pienia konferencyjne, kwerendy i sta\u017ce powinny by\u0107 zaplanowane na ca\u0142y ten okres. Jest zrozumia\u0142e, \u017ce w r\u00f3\u017cnych dyscyplinach naukowych cykl publikacji i konferencji jest odmienny i najcz\u0119\u015bciej precyzyjne zaplanowanie np. wyjazd\u00f3w konferencyjnych na 3 lata do przodu nie jest mo\u017cliwe. To nie zwalnia jednak doktoranta z obowi\u0105zku zaplanowania tego, w jaki spos\u00f3b b\u0119dzie prezentowa\u0142 i upowszechnia\u0142 wyniki swoich bada\u0144. Ma to du\u017ce znaczenie przy planowaniu bud\u017cetu projektu. Tworz\u0105c harmonogram zada\u0144, doktorant planuje r\u00f3wnie\u017c czas zamkni\u0119cia kolejnych etap\u00f3w pracy nad rozpraw\u0105 doktorsk\u0105. Znaj\u0105c czas planowanego zako\u0144czenia danego zadania, powinien wi\u0119c m\u00f3c zaplanowa\u0107, \u017ce wyniki bada\u0144 np. zaprezentuje na mi\u0119dzynarodowej konferencji naukowej. Planuj\u0105c d\u0142ugoterminowo nie trzeba wi\u0119c, je\u017celi brak takich danych, podawa\u0107 precyzyjnych termin\u00f3w czy organizatora konferencji, ale nale\u017cy zaplanowa\u0107 liczb\u0119 i charakter takich dzia\u0142a\u0144. Wraz z post\u0119pem pracy nad rozpraw\u0105 plany mo\u017cna modyfikowa\u0107 za pomoc\u0105 aneksu do IPB.<\/p>\n<\/div>\r\n                    <\/div>\r\n                <\/div>\r\n                <div class=\"text-modules\">\r\n                    <div class=\"container\">\r\n                        <h3 class=\"page-title text__title\">Aneksowanie IPB<\/h3>\r\n                        <div class=\"text-modules__content\"><p>Zmiany, kt\u00f3re nast\u0105pi\u0105 w trakcie realizacji projektu zg\u0142aszane s\u0105 za pomoc\u0105 aneksu do IPB. Aneks mo\u017cna sk\u0142ada\u0107 na ka\u017cdym etapie kszta\u0142cenia. Opracowany i uzgodniony z promotorem dokument nale\u017cy przes\u0142a\u0107 mailem do odpowiedniego koordynatora, kt\u00f3ry akceptuje lub informuje o koniecznych poprawkach. Po akceptacji mo\u017cna wydrukowa\u0107 aneks, zebra\u0107 odpowiednie popisy (doktoranta i promotor\u00f3w) i przynie\u015b\u0107 dokument do biura SD, do podpisu koordynatora i dziekana. Techniczne czy oczywiste zmiany, np. zmiana promotora w IPB wynikaj\u0105ca z wcze\u015bniejszej decyzji rady naukowej o zmianie promotora, mo\u017cna wprowadza\u0107 bez wcze\u015bniejszych konsultacji.<\/p>\n<p>W sytuacji, kiedy zmiany wprowadzane aneksem s\u0105 znacz\u0105ce, a sam aneks nie by\u0142by czytelny, nale\u017cy przygotowa\u0107 zaktualizowan\u0105 wersj\u0119 IPB i do\u0142\u0105czy\u0107 j\u0105 &#8211; tak\u017ce podpisan\u0105 &#8211; do aneksu. W przypadku niewielkich zmian nie trzeba przygotowywa\u0107 nowej wersji IPB.<\/p>\n<p>Jakie zmiany nale\u017cy aneksowa\u0107:<\/p>\n<ul>\n<li>wszelkie zmiany z pierwszej strony IPB &#8211; np. zmiana tematu, dyscypliny, promotora,<\/li>\n<li>istotne zmiany w opisie projektu (cz. II)<\/li>\n<li>wszelkie zmiany w zadaniach badawczych<\/li>\n<li>planowany termin z\u0142o\u017cenia rozprawy &#8211; aneks nale\u017cy z\u0142o\u017cy\u0107 wraz z wnioskiem na przed\u0142u\u017cenie terminu<\/li>\n<li>istotne zmiany w bud\u017cecie (np. w zwi\u0105zku z uzyskaniem grantu, je\u017celi nie by\u0142 wcze\u015bniej zaplanowany w bud\u017cecie)<\/li>\n<\/ul>\n<p>Czego nie trzeba aneksowa\u0107:<\/p>\n<ul>\n<li>niewielkich zmian w koncepcji rozprawy (cz. II)<\/li>\n<li>zaplanowanej w IPB literatury<\/li>\n<li>nieznacz\u0105cych zmian w realizacji zada\u0144, zrealizowanych inaczej lub niezrealizowanych konferencji, publikacji, sta\u017cy &#8211; tego typu zmiany wyja\u015bnia si\u0119 tylko w sprawozdaniu po danym roku<\/li>\n<\/ul>\n<p>\n<\/div>\r\n                    <\/div>\r\n                <\/div>\r\n                <div class=\"text-modules\">\r\n                    <div class=\"container\">\r\n                        <h3 class=\"page-title text__title\">Osoba odpowiedzialna za obs\u0142ug\u0119 procesu w biurze Szko\u0142y Doktorskiej<\/h3>\r\n                        <div class=\"text-modules__content\"><p><strong>mgr Agnieszka Szewczyk<\/strong><\/p>\n<p><a href=\"mailto:marcelina.kondas@us.edu.pl\">agnieszka.a.szewczyk@us.edu.pl<\/a><\/p>\n<p>ul. Bankowa 14, pok. 408<\/p>\n<p>tel. 32 359 2386<\/p>\n<\/div>\r\n                    <\/div>\r\n                <\/div>[\/vc_column][\/vc_row]<\/p>","protected":false},"excerpt":{"rendered":"<p>[vc_row][vc_column][\/vc_column][\/vc_row] [&#8230;]<\/p>\n<p><a class=\"btn btn-secondary understrap-read-more-link\" href=\"https:\/\/us.edu.pl\/szkola-doktorska\/indywidualny-plan-badawczy\/indywidualny-plan-badawczy-2024-2025\/\">Read More&#8230;<\/a><\/p>\n","protected":false},"author":42,"featured_media":0,"parent":1417,"menu_order":0,"comment_status":"closed","ping_status":"closed","template":"","meta":{"_expiration-date-status":"","_expiration-date":0,"_expiration-date-type":"","_expiration-date-categories":[],"_expiration-date-options":[]},"acf":[],"_links":{"self":[{"href":"https:\/\/us.edu.pl\/szkola-doktorska\/wp-json\/wp\/v2\/pages\/13778"}],"collection":[{"href":"https:\/\/us.edu.pl\/szkola-doktorska\/wp-json\/wp\/v2\/pages"}],"about":[{"href":"https:\/\/us.edu.pl\/szkola-doktorska\/wp-json\/wp\/v2\/types\/page"}],"author":[{"embeddable":true,"href":"https:\/\/us.edu.pl\/szkola-doktorska\/wp-json\/wp\/v2\/users\/42"}],"replies":[{"embeddable":true,"href":"https:\/\/us.edu.pl\/szkola-doktorska\/wp-json\/wp\/v2\/comments?post=13778"}],"version-history":[{"count":3,"href":"https:\/\/us.edu.pl\/szkola-doktorska\/wp-json\/wp\/v2\/pages\/13778\/revisions"}],"predecessor-version":[{"id":14798,"href":"https:\/\/us.edu.pl\/szkola-doktorska\/wp-json\/wp\/v2\/pages\/13778\/revisions\/14798"}],"up":[{"embeddable":true,"href":"https:\/\/us.edu.pl\/szkola-doktorska\/wp-json\/wp\/v2\/pages\/1417"}],"wp:attachment":[{"href":"https:\/\/us.edu.pl\/szkola-doktorska\/wp-json\/wp\/v2\/media?parent=13778"}],"curies":[{"name":"wp","href":"https:\/\/api.w.org\/{rel}","templated":true}]}}