{"id":13840,"date":"2025-02-13T17:26:20","date_gmt":"2025-02-13T16:26:20","guid":{"rendered":"https:\/\/us.edu.pl\/szkola-doktorska\/?page_id=13840"},"modified":"2025-02-16T16:00:34","modified_gmt":"2025-02-16T15:00:34","slug":"autoprezentacja-i-upowszechnianie-badan-2024-2025","status":"publish","type":"page","link":"https:\/\/us.edu.pl\/szkola-doktorska\/harmonogram-zajec-semestr-letni-2024-2025\/autoprezentacja-i-upowszechnianie-badan-2024-2025\/","title":{"rendered":"Popularyzacja nauki 2024\/2025"},"content":{"rendered":"<p>[vc_row][vc_column]\r\n                <div class=\"text-modules\">\r\n                    <div class=\"container\">\r\n                        <h3 class=\"page-title text__title\">Rejestracja na zaj\u0119cia i harmonogram<\/h3>\r\n                        <div class=\"text-modules__content\"><p>USOSweb &#8211; druga tura od wtorku 18 lutego godz. 21:00 do czwartku 20 lutego godz. 23:59<\/p>\n<p>Harmonogram zaj\u0119\u0107: <a href=\"https:\/\/uniwersytetslaski-my.sharepoint.com\/:x:\/g\/personal\/ryszard_knapek_o365_us_edu_pl\/EYhUXqG4hxpFtrlVz-cY_GcBExe2vDRoNFlcW4H82aNYjw?e=ZNcHbo\">Popularization of science 24-25L.xlsx<\/a><\/p>\n<\/div>\r\n                    <\/div>\r\n                <\/div><div class=\"container\"><div class=\"separator\" style=\"background-color: #002E5A\"><\/div><\/div>\r\n                <div class=\"text-modules \">\r\n                    <div class=\"container\">\r\n                        <h3 class=\"section-title section-title_border-bottom\">dr Andrzej Boczarowski<\/h3> <h3 class=\"subtitle text-modules__subtitle\">Wydzia\u0142 Nauk Przyrodniczych, Jurapark Krasiej\u00f3w, paleontolog, grafik, muzealnik<\/h3>\r\n                        <div class=\"row m-0\">\r\n                            <div class=\"text-modules__content\">\r\n                                Popularyzacja wiedzy staje si\u0119 w obecnych czasach nakazem dla ka\u017cdego naukowca, aby zwr\u00f3ci\u0107 spo\u0142ecze\u0144stwu informacj\u0119 o tym, czego dotycz\u0105 badania naukowe konkretnych os\u00f3b, cz\u0119sto finansowane ze \u015brodk\u00f3w publicznych.<\/p>\n<p>Ale jest te\u017c mniej formalna kwestia z tym zwi\u0105zana &#8211; rozbudzanie zainteresowania w\u015br\u00f3d m\u0142odzie\u017cy, motywowanie do wyboru konkretnych studi\u00f3w, a tak\u017ce zaspokajanie ciekawo\u015bci zwyk\u0142ych obywateli, dla kt\u00f3rych wiedza jest po prostu interesuj\u0105ca.<\/p>\n<p>Prowadz\u0105cy podzieli si\u0119 z uczestnikami swoimi do\u015bwiadczeniami w trakcie jednodniowej wycieczki do Jura Parku Krasiej\u00f3w, czyli rozrywkowo-naukowego parku tematycznego po\u015bwi\u0119conego dinozaurom i ewolucji.<\/p>\n<p>Ca\u0142odzienna wycieczka zorganizowana zostanie 12 maja 2025 roku. \r\n                                <div class=\"mt-3\"><\/div>\r\n                            <\/div>\r\n                            \r\n                            <div class=\"text-modules__img\"><img src=\"https:\/\/us.edu.pl\/szkola-doktorska\/wp-content\/uploads\/sites\/50\/Nieprzypisane\/Za\u0142\u0105cznik-bez-tytu\u0142u-00285-300x225.jpg\" alt=\"img\"><\/div>\r\n                        <\/div>\r\n                    <\/div>\r\n                <\/div>\r\n                <div class=\"text-modules \">\r\n                    <div class=\"container\">\r\n                        <h3 class=\"section-title section-title_border-bottom\">dr hab. Pawe\u0142 J\u0119drzejko, prof. U\u015a<\/h3> <h3 class=\"subtitle text-modules__subtitle\">Wydzia\u0142 Humanistyczny, amerykanista, t\u0142umacz<\/h3>\r\n                        <div class=\"row m-0\">\r\n                            <div class=\"text-modules__content\">\r\n                                Zaj\u0119cia w j\u0119zyku angielskim \r\n                                <div class=\"mt-3\"><\/div>\r\n                            <\/div>\r\n                            \r\n                            <div class=\"text-modules__img\"><img src=\"https:\/\/us.edu.pl\/szkola-doktorska\/wp-content\/uploads\/sites\/50\/Nieprzypisane\/library-g7d681f1ca_1280-300x199.jpg\" alt=\"img\"><\/div>\r\n                        <\/div>\r\n                    <\/div>\r\n                <\/div>\r\n                <div class=\"text-modules \">\r\n                    <div class=\"container\">\r\n                        <h3 class=\"section-title section-title_border-bottom\">dr Jerzy Jarosz, prof. U\u015a<\/h3> <h3 class=\"subtitle text-modules__subtitle\">Wydzia\u0142 Nauk \u015acis\u0142ych i Technicznych, Uniwersytet \u015al\u0105ski Dzieci, fizyk, popularyzator nauki<\/h3>\r\n                        <div class=\"row m-0\">\r\n                            <div class=\"text-modules__content\">\r\n                                Jednym z wa\u017cnych aspekt\u00f3w popularyzacji nauki jest efektywna komunikacja z du\u017cymi grupami odbiorc\u00f3w, a jednym z najbardziej skutecznych i uniwersalnych narz\u0119dzi s\u0142u\u017c\u0105cych temu celowi jest eksperyment.<\/p>\n<p>Zaj\u0119cia podzielone s\u0105 na dwa spotkania, w czasie kt\u00f3rych om\u00f3wimy przyk\u0142ady eksperyment\u00f3w dydaktycznych zwi\u0105zanych z edukacj\u0105 i popularyzacj\u0105 r\u00f3\u017cnych dziedzin nauki oraz poznamy podstawowe zasady ich projektowania i wykorzystania.<\/p>\n<p>Zaplanujemy te\u017c, wykonamy i zinterpretujemy w\u0142asne eksperymenty s\u0142u\u017c\u0105ce potrzebom zaj\u0119\u0107.<\/p>\n<p>Poszukamy odniesie\u0144 poruszanych zagadnie\u0144 do pracy dydaktycznej, naukowej i do w\u0142asnej codzienno\u015bci badawczej.<\/p>\n<p>Termin: 19 i 26 maja (poniedzia\u0142ek), godz. 13:45-16:00, Katowice, Uniwersytecka 4, Uniwersytet Otwarty \r\n                                <div class=\"mt-3\"><\/div>\r\n                            <\/div>\r\n                            \r\n                            <div class=\"text-modules__img\"><img src=\"https:\/\/us.edu.pl\/szkola-doktorska\/wp-content\/uploads\/sites\/50\/Nieprzypisane\/SFN-Dzie\u0144-pierwszy_0243-300x269.jpg\" alt=\"img\"><\/div>\r\n                        <\/div>\r\n                    <\/div>\r\n                <\/div>\r\n                <div class=\"text-modules reverse\">\r\n                    <div class=\"container\">\r\n                        <h3 class=\"section-title section-title_border-bottom\">dr Marek Kaczmarzyk<\/h3> <h3 class=\"subtitle text-modules__subtitle\">Wydzia\u0142 Nauk Przyrodniczych, biolog i neurodydaktyk<\/h3>\r\n                        <div class=\"row m-0\">\r\n                            <div class=\"text-modules__content\">\r\n                                W swoich zaj\u0119ciach nacisk k\u0142ad\u0119 na znaczenie wiedzy oraz odpowiedzialno\u015b\u0107 jaka spoczywa na \u015bwiecie nauki, w warunkach \u0142atwego dost\u0119pu do informacji.<\/p>\n<p>Zmian\u0119 jaka zachodzi na naszych oczach w obszarze jako\u015bci dost\u0119pnej informacji, chcia\u0142bym pokaza\u0107 w aspekcie element\u00f3w biologicznego pod\u0142o\u017ca dystrybucji informacji, takich jak pami\u0119\u0107 oraz procesy percepcyjne, relacje pomi\u0119dzy racjonalnym a emocjonalnym postrzeganiem rzeczywisto\u015bci oraz pomi\u0119dzy czynnikami inherentnymi (genetycznymi) a \u015brodowiskowymi. Szczeg\u00f3lnie wa\u017cna jest z tej perspektywy posta\u0107 prowadz\u0105cego zaj\u0119cia wyk\u0142adowcy\/popularyzatora. Jedn\u0105 z osi naszych analiz b\u0119dzie tak\u017ce interpretacja memetyczna oraz podstawowe prawa selekcji i ewolucji informacji kulturowej.<\/p>\n<p>Termin zaj\u0119\u0107: 3 spotkania po 2 godziny akademickie, poniedzia\u0142ki 7, 14 i 28 kwietnia, 17:00-18:30, online \r\n                                <div class=\"mt-3\"><\/div>\r\n                            <\/div>\r\n                            \r\n                            <div class=\"text-modules__img\"><img src=\"https:\/\/us.edu.pl\/szkola-doktorska\/wp-content\/uploads\/sites\/50\/Nieprzypisane\/IMG_8426-e1613729540919-200x300.jpg\" alt=\"img\"><\/div>\r\n                        <\/div>\r\n                    <\/div>\r\n                <\/div>\r\n                <div class=\"text-modules \">\r\n                    <div class=\"container\">\r\n                        <h3 class=\"section-title section-title_border-bottom\">dr Ryszard Knapek<\/h3> <h3 class=\"subtitle text-modules__subtitle\">Szko\u0142a Doktorska, redaktor portalu Przystanek Nauka, wsp\u00f3\u0142organizator \u015al\u0105skiego Festiwalu Nauki<\/h3>\r\n                        <div class=\"row m-0\">\r\n                            <div class=\"text-modules__content\">\r\n                                Brytyjscy naukowcy udowodnili, \u017ce dzieci lubi\u0105 czekolad\u0119!<\/p>\n<p>Miliard lat temu \u015bwiat by\u0142 r\u00f3\u017cowy!<\/p>\n<p>Te i inne dziwne zdania maj\u0105 u podstaw konkretne, rzetelne badania naukowe, kt\u00f3re kto\u015b spr\u00f3bowa\u0142 opisa\u0107 w spos\u00f3b popularny i interesuj\u0105cy. W trakcie zaj\u0119\u0107 porozmawiamy o takich przypadkach &#8211; jak m\u00f3wi\u0107 o swoich badaniach, \u017ceby by\u0142o to interesuj\u0105ce, ale nie \u015bmieszne (chyba \u017ce &#8211; zabawne). Wypr\u00f3bujemy kilka narz\u0119dzi popularyzatorskich, kt\u00f3rych ka\u017cdy mo\u017ce u\u017cywa\u0107 przy okazji swojej pracy, nie profesjonalizuj\u0105c si\u0119 w roli popularyzatora, ale sprawnie informuj\u0105c o swoich naukowych przedsi\u0119wzi\u0119ciach.<\/p>\n<p>W trakcie zaj\u0119\u0107 spr\u00f3bujemy przygotowa\u0107 kr\u00f3tkie teksty popularnonaukowe i wypr\u00f3bujemy, kt\u00f3re media spo\u0142eczno\u015bciowe najlepiej pasuj\u0119 do prezentowania swoich trud\u00f3w i osi\u0105gni\u0119\u0107.<\/p>\n<p>Zaj\u0119cia w formie trzech spotka\u0144. Pierwsze &#8211; na \u017cywo &#8211; 31 marca (poniedzia\u0142ek) o 15:30. Kolejne dwa &#8211; zdalnie &#8211; 7 i 14 kwietnia.<\/p>\n<div class=\"mt-3\"><\/div>\r\n                            <\/div>\r\n                            \r\n                            <div class=\"text-modules__img\"><img src=\"https:\/\/us.edu.pl\/szkola-doktorska\/wp-content\/uploads\/sites\/50\/SD\/Ryszard-Knapek1-200x300.png\" alt=\"img\"><\/div>\r\n                        <\/div>\r\n                    <\/div>\r\n                <\/div>\r\n                <div class=\"text-modules \">\r\n                    <div class=\"container\">\r\n                        <h3 class=\"section-title section-title_border-bottom\">Rados\u0142aw Aksamit<\/h3> <h3 class=\"subtitle text-modules__subtitle\">Wydzia\u0142 Nauk Spo\u0142ecznych, Centrum Medialne U\u015a, rzecznik prasowy i organizator \u015al\u0105skiego Festiwalu Nauki<\/h3>\r\n                        <div class=\"row m-0\">\r\n                            <div class=\"text-modules__content\">\r\n                                <strong>Zaj\u0119cia w zakresie popularyzacji nauki: organizacja wydarze\u0144 + wykorzystanie studia telewizyjnego.\u00a0<\/strong><\/p>\n<p><strong>1. Czego mo\u017cesz si\u0119 nauczy\u0107?<\/strong><\/p>\n<ul>\n<li>podstawowych zasady organizacji wydarze\u0144 naukowych i popularnonaukowych<\/li>\n<li>zagadnie\u0144 zwi\u0105zanych z zasadami kontaktu z dzia\u0142ami administracji U\u015a w zakresie realizacji wydarze\u0144 online i onsite<\/li>\n<li>zasad organizacji wydarze\u0144 online (tak\u017ce od strony realizacji technicznej)<\/li>\n<li>wsp\u00f3\u0142pracy z podwykonawcami<\/li>\n<li>budowania programu wydarzenia w zale\u017cno\u015bci od grup docelowych i wymog\u00f3w lokalizacji<\/li>\n<li>zasad promocji wydarze\u0144 z wykorzystaniem medi\u00f3w klasycznych i nowych medi\u00f3w<\/li>\n<li>realizacji materia\u0142\u00f3w informacyjnych i promocyjnych dla wydarzenia<\/li>\n<li>obs\u0142ugi patron\u00f3w medialnych<\/li>\n<li>zasad zwi\u0105zanych z zapewnieniem dost\u0119pno\u015bci dla os\u00f3b z niepe\u0142nosprawno\u015bci\u0105 (m.in. wymogi WCAG oraz zasady zwi\u0105zane z ustaw\u0105 o dost\u0119pno\u015bci cyfrowej)<\/li>\n<li>nawi\u0105zywania komunikacji z zagranicznymi o\u015brodkami naukowymi<\/li>\n<li>wsp\u00f3\u0142pracy z ambasadorami i go\u015b\u0107mi specjalnymi wydarzenia<\/li>\n<li>podstaw wykorzystania studia telewizyjnego do realizacji prostych nagra\u0144 video<\/li>\n<\/ul>\n<p><strong>2. Zasady organizacji zaj\u0119\u0107:<\/strong><\/p>\n<ul>\n<li>zaj\u0119cia o charakterze wyk\u0142adowym\n<ul>\n<li>przedstawienie zasad zwi\u0105zanych z organizacj\u0105 wydarze\u0144 naukowych i popularnonaukowych<\/li>\n<\/ul>\n<\/li>\n<li>zaj\u0119cia o charakterze warsztatowym\n<ul>\n<li>praca w studiu telewizyjnym<\/li>\n<li>realizacja indywidualnych nagra\u0144 popularyzuj\u0105cych prowadzone badania<\/li>\n<\/ul>\n<\/li>\n<\/ul>\n<p>Decyzj\u0119 o ostatecznej formie zaj\u0119\u0107 podejmuj\u0105 uczestnicy wsp\u00f3lnie z prowadz\u0105cym.<\/p>\n<p>&nbsp;<\/p>\n<p>Termin zaj\u0119\u0107: \r\n                                <div class=\"mt-3\"><\/div>\r\n                            <\/div>\r\n                            \r\n                            <div class=\"text-modules__img\"><img src=\"https:\/\/us.edu.pl\/szkola-doktorska\/wp-content\/uploads\/sites\/50\/Nieprzypisane\/IMG_8381-300x200.jpg\" alt=\"img\"><\/div>\r\n                        <\/div>\r\n                    <\/div>\r\n                <\/div>\r\n                <div class=\"text-modules \">\r\n                    <div class=\"container\">\r\n                        <h3 class=\"section-title section-title_border-bottom\">prof. dr hab. Iwona Loewe<\/h3> <h3 class=\"subtitle text-modules__subtitle\">Wydzia\u0142 Humanistyczny<\/h3>\r\n                        <div class=\"row m-0\">\r\n                            <div class=\"text-modules__content\">\r\n                                Sze\u015bciogodzinny kurs dostarcza Doktorantkom_om skutecznych wytycznych do popularyzacji nauki. Popularyzacja jest w nim rozumiana jako upowszechnianie, zaciekawianie partner\u00f3w w dyscyplinie oraz spoza dyscypliny a tak\u017ce zaledwie zaciekawionych.<\/p>\n<p>W dwu kontaktowych spotkaniach proponuj\u0119 Doktorantkom_om:<\/p>\n<ul>\n<li>\u0107wiczenie z nadawania tytu\u0142\u00f3w swoim przedsi\u0119wzi\u0119ciom badawczym w zale\u017cno\u015bci od projektowanego odbiorcy;<\/li>\n<li>\u0107wiczenie umiej\u0119tno\u015bci odmiennej konstrukacji tekstu naukowego w dwu r\u00f3\u017cnych znakach: mowy i pisma.<\/li>\n<\/ul>\n<p>Prowadz\u0105ca akcentuje autopromocj\u0119 badacza we wsp\u00f3\u0142czesnym \u015bwiecie nauki.<\/p>\n<p>Zaj\u0119cia mog\u0105 przygotowa\u0107 uczestniczki_\u00f3w do kolejnej edycji mi\u0119dzynarodowego konkursu Three Minute Thesis <a href=\"https:\/\/www.cpn.polsl.pl\/3mt\/\">https:\/\/www.cpn.polsl.pl\/3mt\/<\/a><\/p>\n<p>Prowadz\u0105ca o sobie:<\/p>\n<p>Jestem j\u0119zykoznawczyni\u0105 i profesork\u0105 nauk humanistycznych; pracuj\u0119 w Instytucie J\u0119zykoznawstwa. <em>Encyklopedia mediolingwistyki <\/em>(2023), <em>J\u0119zyk w kinie. Antologia <\/em>(2022), <em>Dyskurs telewizyjny w \u015bwietle lingwistyki medi\u00f3w <\/em>(2018) czy <em>Gatunki paratekstowe w komunikacji medialnej <\/em>(2007) to wybrane wydawnictwa mojego autorstwa. Sprawuj\u0119 ponadto z rado\u015bci\u0105 opiek\u0119 nad Ko\u0142em Naukowym Doktorant\u00f3w J\u0119zykoznawstwa na U\u015a (<a href=\"https:\/\/www.facebook.com\/kndjus\">https:\/\/www.facebook.com\/kndjus<\/a>)<\/p>\n<p>Terminy zaj\u0119\u0107 w letnim semestrze roku 2024\/2025 <strong>2 i 9 kwietnia 16.00-18.00<\/strong> na Uniwersyteckiej 4 w Katowicach. \r\n                                <div class=\"mt-3\"><\/div>\r\n                            <\/div>\r\n                            \r\n                            <div class=\"text-modules__img\"><img src=\"https:\/\/us.edu.pl\/szkola-doktorska\/wp-content\/uploads\/sites\/50\/Nieprzypisane\/SDr-300x199.jpg\" alt=\"img\"><\/div>\r\n                        <\/div>\r\n                    <\/div>\r\n                <\/div>\r\n                <div class=\"text-modules \">\r\n                    <div class=\"container\">\r\n                        <h3 class=\"section-title section-title_border-bottom\">Zaliczenie zaj\u0119\u0107 na podstawie innych aktywno\u015bci<\/h3> \r\n                        <div class=\"row m-0\">\r\n                            <div class=\"text-modules__content\">\r\n                                Doktoranci, kt\u00f3rzy uzyskali zgod\u0119 koordynatora obszarowego na zaliczenie z tych zaj\u0119\u0107 na podstawie innych aktywno\u015bci powinni zapisa\u0107 si\u0119 do tej grupy, a nast\u0119pnie dostarczy\u0107 do biura SD potwierdzenie zaliczenie tych zaj\u0119\u0107 (je\u017celi biuro nie po\u015bredniczy\u0142o w zaliczeniu przez koordynatora).<\/p>\n<p>Osoby uzyskuj\u0105ce zaliczenie w trakcie semestru i w innych terminach s\u0105 dopisywaniu do tej grupy na podstawie decyzji koordynatora o zaliczeniu. \r\n                                <div class=\"mt-3\"><\/div>\r\n                            <\/div>\r\n                            \r\n                            <div class=\"text-modules__img\"><img src=\"https:\/\/us.edu.pl\/szkola-doktorska\/wp-content\/uploads\/sites\/50\/Nieprzypisane\/silhouette-of-person-holding-glass-mason-jar-1274260a-300x200.jpg\" alt=\"img\"><\/div>\r\n                        <\/div>\r\n                    <\/div>\r\n                <\/div>[\/vc_column][\/vc_row]<\/p>","protected":false},"excerpt":{"rendered":"<p>[vc_row][vc_column][\/vc_column][\/vc_row] [&#8230;]<\/p>\n<p><a class=\"btn btn-secondary understrap-read-more-link\" href=\"https:\/\/us.edu.pl\/szkola-doktorska\/harmonogram-zajec-semestr-letni-2024-2025\/autoprezentacja-i-upowszechnianie-badan-2024-2025\/\">Read More&#8230;<\/a><\/p>\n","protected":false},"author":42,"featured_media":1333,"parent":13699,"menu_order":0,"comment_status":"closed","ping_status":"closed","template":"","meta":{"_expiration-date-status":"","_expiration-date":0,"_expiration-date-type":"","_expiration-date-categories":[],"_expiration-date-options":[]},"acf":[],"_links":{"self":[{"href":"https:\/\/us.edu.pl\/szkola-doktorska\/wp-json\/wp\/v2\/pages\/13840"}],"collection":[{"href":"https:\/\/us.edu.pl\/szkola-doktorska\/wp-json\/wp\/v2\/pages"}],"about":[{"href":"https:\/\/us.edu.pl\/szkola-doktorska\/wp-json\/wp\/v2\/types\/page"}],"author":[{"embeddable":true,"href":"https:\/\/us.edu.pl\/szkola-doktorska\/wp-json\/wp\/v2\/users\/42"}],"replies":[{"embeddable":true,"href":"https:\/\/us.edu.pl\/szkola-doktorska\/wp-json\/wp\/v2\/comments?post=13840"}],"version-history":[{"count":4,"href":"https:\/\/us.edu.pl\/szkola-doktorska\/wp-json\/wp\/v2\/pages\/13840\/revisions"}],"predecessor-version":[{"id":13867,"href":"https:\/\/us.edu.pl\/szkola-doktorska\/wp-json\/wp\/v2\/pages\/13840\/revisions\/13867"}],"up":[{"embeddable":true,"href":"https:\/\/us.edu.pl\/szkola-doktorska\/wp-json\/wp\/v2\/pages\/13699"}],"wp:featuredmedia":[{"embeddable":true,"href":"https:\/\/us.edu.pl\/szkola-doktorska\/wp-json\/wp\/v2\/media\/1333"}],"wp:attachment":[{"href":"https:\/\/us.edu.pl\/szkola-doktorska\/wp-json\/wp\/v2\/media?parent=13840"}],"curies":[{"name":"wp","href":"https:\/\/api.w.org\/{rel}","templated":true}]}}