{"id":13895,"date":"2025-02-19T13:48:32","date_gmt":"2025-02-19T12:48:32","guid":{"rendered":"https:\/\/us.edu.pl\/szkola-doktorska\/?page_id=13895"},"modified":"2025-02-19T14:05:28","modified_gmt":"2025-02-19T13:05:28","slug":"wokol-sejmu-slaskiego-1922-1939","status":"publish","type":"page","link":"https:\/\/us.edu.pl\/szkola-doktorska\/seminaria-obszarowe-w-roku-akademickim-2024-2025\/wokol-sejmu-slaskiego-1922-1939\/","title":{"rendered":"Wok\u00f3\u0142 Sejmu \u015al\u0105skiego 1922-1939"},"content":{"rendered":"<p>[vc_row][vc_column]\r\n                <div class=\"text-modules \">\r\n                    <div class=\"container\">\r\n                        <h3 class=\"section-title section-title_border-bottom\">Wok\u00f3\u0142 Sejmu \u015al\u0105skiego 1922-1939<\/h3> \r\n                        <div class=\"row m-0\">\r\n                            <div class=\"text-modules__content\">\r\n                                Wydzia\u0142 Nauk Spo\u0142ecznych<br \/>\nul. Bankowa 11, Katowice<br \/>\nSala 141 (1 pi\u0119tro)<\/p>\n<p>1. 6 maja 2025 r. godz. 17.00 &#8211; Marcin Wieloch &#8211; Pos\u0142owie niemieccy w Sejmie \u015al\u0105skim w latach 1922-1935<br \/>\n2. 6 maja 2025 r. godz. 17:30 &#8211; Bartosz Szostek &#8211; Jan K\u0119dzior (1880-1955) &#8211; polityk i dzia\u0142acz spo\u0142eczny z G\u00f3rnego \u015al\u0105ska<\/p>\n<p>Opiekun: dr Miros\u0142aw W\u0119cki \r\n                                <div class=\"mt-3\"><\/div>\r\n                            <\/div>\r\n                            \r\n                            <div class=\"text-modules__img\"><img src=\"https:\/\/us.edu.pl\/szkola-doktorska\/wp-content\/uploads\/sites\/50\/Bez-kategorii\/1200x1200_ogolny_SD_Seminaria_Obszarowe_Doktorant-w-2.png\" alt=\"img\"><\/div>\r\n                        <\/div>\r\n                    <\/div>\r\n                <\/div>[\/vc_column][\/vc_row]<\/p>","protected":false},"excerpt":{"rendered":"<p>[vc_row][vc_column][\/vc_column][\/vc_row] [&#8230;]<\/p>\n<p><a class=\"btn btn-secondary understrap-read-more-link\" href=\"https:\/\/us.edu.pl\/szkola-doktorska\/seminaria-obszarowe-w-roku-akademickim-2024-2025\/wokol-sejmu-slaskiego-1922-1939\/\">Read More&#8230;<\/a><\/p>\n","protected":false},"author":205,"featured_media":0,"parent":7779,"menu_order":0,"comment_status":"closed","ping_status":"closed","template":"","meta":{"_expiration-date-status":"","_expiration-date":0,"_expiration-date-type":"","_expiration-date-categories":[],"_expiration-date-options":[]},"acf":[],"_links":{"self":[{"href":"https:\/\/us.edu.pl\/szkola-doktorska\/wp-json\/wp\/v2\/pages\/13895"}],"collection":[{"href":"https:\/\/us.edu.pl\/szkola-doktorska\/wp-json\/wp\/v2\/pages"}],"about":[{"href":"https:\/\/us.edu.pl\/szkola-doktorska\/wp-json\/wp\/v2\/types\/page"}],"author":[{"embeddable":true,"href":"https:\/\/us.edu.pl\/szkola-doktorska\/wp-json\/wp\/v2\/users\/205"}],"replies":[{"embeddable":true,"href":"https:\/\/us.edu.pl\/szkola-doktorska\/wp-json\/wp\/v2\/comments?post=13895"}],"version-history":[{"count":2,"href":"https:\/\/us.edu.pl\/szkola-doktorska\/wp-json\/wp\/v2\/pages\/13895\/revisions"}],"predecessor-version":[{"id":13912,"href":"https:\/\/us.edu.pl\/szkola-doktorska\/wp-json\/wp\/v2\/pages\/13895\/revisions\/13912"}],"up":[{"embeddable":true,"href":"https:\/\/us.edu.pl\/szkola-doktorska\/wp-json\/wp\/v2\/pages\/7779"}],"wp:attachment":[{"href":"https:\/\/us.edu.pl\/szkola-doktorska\/wp-json\/wp\/v2\/media?parent=13895"}],"curies":[{"name":"wp","href":"https:\/\/api.w.org\/{rel}","templated":true}]}}