{"id":13919,"date":"2025-02-19T14:11:12","date_gmt":"2025-02-19T13:11:12","guid":{"rendered":"https:\/\/us.edu.pl\/szkola-doktorska\/?page_id=13919"},"modified":"2025-02-19T14:11:35","modified_gmt":"2025-02-19T13:11:35","slug":"jezyk-tozsamosc-komunikacja-zroznicowanie-jezyka-w-xxi-wieku-w-kontekscie-spolecznym-i-kulturowym","status":"publish","type":"page","link":"https:\/\/us.edu.pl\/szkola-doktorska\/seminaria-obszarowe-w-roku-akademickim-2024-2025\/jezyk-tozsamosc-komunikacja-zroznicowanie-jezyka-w-xxi-wieku-w-kontekscie-spolecznym-i-kulturowym\/","title":{"rendered":"J\u0119zyk \u2013 to\u017csamo\u015b\u0107 \u2013 komunikacja. Zr\u00f3\u017cnicowanie j\u0119zyka w XXI wieku w kontek\u015bcie spo\u0142ecznym i kulturowym"},"content":{"rendered":"<p>[vc_row][vc_column]\r\n                <div class=\"text-modules \">\r\n                    <div class=\"container\">\r\n                        <h3 class=\"section-title section-title_border-bottom\">J\u0119zyk \u2013 to\u017csamo\u015b\u0107 \u2013 komunikacja. Zr\u00f3\u017cnicowanie j\u0119zyka w XXI wieku w kontek\u015bcie spo\u0142ecznym i kulturowym<\/h3> \r\n                        <div class=\"row m-0\">\r\n                            <div class=\"text-modules__content\">\r\n                                1. 27.02.2025, 16:30 \u2013 mgr Magdalena CHOWANIEC \u2013 \u201e\u015al\u0105sk, Normandia, Busan. Od przetrwania po emancypacj\u0119 \u2014 Rewitalizacja j\u0119zykowa oczami aktywist\u00f3w\u201d; sala B.038, Wydzia\u0142 Humanistyczny w Katowicach, ul. Uniwersytecka 4, 40-007 Katowice.<br \/>\n2. 5.03.2025, 15:15 \u2013 mgr Katarzyna DZIEKAN \u2013 \u201ePrzek\u0142ad a mowa niestandardowa jako element charakterystyki bohatera\u201d; sala \u201eAkwarium\u201d, Wydzia\u0142 Humanistyczny w Sosnowcu, ul. Gen. Stefana Grota-Roweckiego 5, 41-205 Sosnowiec.<\/p>\n<p>Opiekun: dr Pawe\u0142 Golda \r\n                                <div class=\"mt-3\"><\/div>\r\n                            <\/div>\r\n                            \r\n                            <div class=\"text-modules__img\"><img src=\"https:\/\/us.edu.pl\/szkola-doktorska\/wp-content\/uploads\/sites\/50\/Bez-kategorii\/1200x1200_ogolny_SD_Seminaria_Obszarowe_Doktorant-w-2.png\" alt=\"img\"><\/div>\r\n                        <\/div>\r\n                    <\/div>\r\n                <\/div>[\/vc_column][\/vc_row]<\/p>","protected":false},"excerpt":{"rendered":"<p>[vc_row][vc_column][\/vc_column][\/vc_row] [&#8230;]<\/p>\n<p><a class=\"btn btn-secondary understrap-read-more-link\" href=\"https:\/\/us.edu.pl\/szkola-doktorska\/seminaria-obszarowe-w-roku-akademickim-2024-2025\/jezyk-tozsamosc-komunikacja-zroznicowanie-jezyka-w-xxi-wieku-w-kontekscie-spolecznym-i-kulturowym\/\">Read More&#8230;<\/a><\/p>\n","protected":false},"author":205,"featured_media":0,"parent":7779,"menu_order":0,"comment_status":"closed","ping_status":"closed","template":"","meta":{"_expiration-date-status":"","_expiration-date":0,"_expiration-date-type":"","_expiration-date-categories":[],"_expiration-date-options":[]},"acf":[],"_links":{"self":[{"href":"https:\/\/us.edu.pl\/szkola-doktorska\/wp-json\/wp\/v2\/pages\/13919"}],"collection":[{"href":"https:\/\/us.edu.pl\/szkola-doktorska\/wp-json\/wp\/v2\/pages"}],"about":[{"href":"https:\/\/us.edu.pl\/szkola-doktorska\/wp-json\/wp\/v2\/types\/page"}],"author":[{"embeddable":true,"href":"https:\/\/us.edu.pl\/szkola-doktorska\/wp-json\/wp\/v2\/users\/205"}],"replies":[{"embeddable":true,"href":"https:\/\/us.edu.pl\/szkola-doktorska\/wp-json\/wp\/v2\/comments?post=13919"}],"version-history":[{"count":1,"href":"https:\/\/us.edu.pl\/szkola-doktorska\/wp-json\/wp\/v2\/pages\/13919\/revisions"}],"predecessor-version":[{"id":13923,"href":"https:\/\/us.edu.pl\/szkola-doktorska\/wp-json\/wp\/v2\/pages\/13919\/revisions\/13923"}],"up":[{"embeddable":true,"href":"https:\/\/us.edu.pl\/szkola-doktorska\/wp-json\/wp\/v2\/pages\/7779"}],"wp:attachment":[{"href":"https:\/\/us.edu.pl\/szkola-doktorska\/wp-json\/wp\/v2\/media?parent=13919"}],"curies":[{"name":"wp","href":"https:\/\/api.w.org\/{rel}","templated":true}]}}