{"id":13935,"date":"2025-02-19T14:23:39","date_gmt":"2025-02-19T13:23:39","guid":{"rendered":"https:\/\/us.edu.pl\/szkola-doktorska\/?page_id=13935"},"modified":"2025-02-19T14:24:06","modified_gmt":"2025-02-19T13:24:06","slug":"unoszac-sie-na-skrzydlach-fantazji-narracja-i-plec-w-basniach-niemieckich-pisarek-przelomu-osiemnastego-i-dziewietnastego-wieku-przedmiot-badan-i-perspektywy","status":"publish","type":"page","link":"https:\/\/us.edu.pl\/szkola-doktorska\/seminaria-obszarowe-w-roku-akademickim-2024-2025\/unoszac-sie-na-skrzydlach-fantazji-narracja-i-plec-w-basniach-niemieckich-pisarek-przelomu-osiemnastego-i-dziewietnastego-wieku-przedmiot-badan-i-perspektywy\/","title":{"rendered":"Unosz\u0105c si\u0119 na skrzyd\u0142ach fantazji.\u201d Narracja i p\u0142e\u0107 w ba\u015bniach niemieckich pisarek prze\u0142omu osiemnastego i dziewi\u0119tnastego wieku. Przedmiot bada\u0144 i perspektywy"},"content":{"rendered":"<p>[vc_row][vc_column]\r\n                <div class=\"text-modules \">\r\n                    <div class=\"container\">\r\n                        <h3 class=\"section-title section-title_border-bottom\">\u201eAuf den Fl\u00fcgeln der Phantasie schweben\u201c. Narration und Geschlecht in den M\u00e4rchen deutscher Schriftstellerinnen des 18. und 19. Jahrhunderts. Forschungsstand und Perspektiven. (\u201eUnosz\u0105c si\u0119 na skrzyd\u0142ach fantazji.\u201d Narracja i p\u0142e\u0107 w ba\u015bniach niemieckich pisarek prze\u0142omu osiemnastego i dziewi\u0119tnastego wieku. Przedmiot bada\u0144 i perspektywy)<\/h3> \r\n                        <div class=\"row m-0\">\r\n                            <div class=\"text-modules__content\">\r\n                                Prelegent: Bo\u017cena Turzyniecka<br \/>\nTytu\u0142 wyst\u0105pienia: \u201eAuf den Fl\u00fcgeln der Phantasie schweben\u201c. Narration und Geschlecht in den M\u00e4rchen deutscher Schriftstellerinnen des 18. und 19. Jahrhunderts. Forschungsstand und Perspektiven. (\u201eUnosz\u0105c si\u0119 na skrzyd\u0142ach fantazji.\u201d Narracja i p\u0142e\u0107 w ba\u015bniach niemieckich pisarek prze\u0142omu osiemnastego i dziewi\u0119tnastego wieku. Przedmiot bada\u0144 i perspektywy.)<br \/>\nPlanowany termin: marzec &#8211; maj<br \/>\nMiejsce odbywania si\u0119 seminarium: Sosnowiec, ul. Grota Roweckiego 5 lub te\u017c w formule online<\/p>\n<p>Opiekun: prof. dr hab. Renata Dampc-Jarosz \r\n                                <div class=\"mt-3\"><\/div>\r\n                            <\/div>\r\n                            \r\n                            <div class=\"text-modules__img\"><img src=\"https:\/\/us.edu.pl\/szkola-doktorska\/wp-content\/uploads\/sites\/50\/Bez-kategorii\/1200x1200_ogolny_SD_Seminaria_Obszarowe_Doktorant-w-2.png\" alt=\"img\"><\/div>\r\n                        <\/div>\r\n                    <\/div>\r\n                <\/div>[\/vc_column][\/vc_row]<\/p>","protected":false},"excerpt":{"rendered":"<p>[vc_row][vc_column][\/vc_column][\/vc_row] [&#8230;]<\/p>\n<p><a class=\"btn btn-secondary understrap-read-more-link\" href=\"https:\/\/us.edu.pl\/szkola-doktorska\/seminaria-obszarowe-w-roku-akademickim-2024-2025\/unoszac-sie-na-skrzydlach-fantazji-narracja-i-plec-w-basniach-niemieckich-pisarek-przelomu-osiemnastego-i-dziewietnastego-wieku-przedmiot-badan-i-perspektywy\/\">Read More&#8230;<\/a><\/p>\n","protected":false},"author":205,"featured_media":0,"parent":7779,"menu_order":0,"comment_status":"closed","ping_status":"closed","template":"","meta":{"_expiration-date-status":"","_expiration-date":0,"_expiration-date-type":"","_expiration-date-categories":[],"_expiration-date-options":[]},"acf":[],"_links":{"self":[{"href":"https:\/\/us.edu.pl\/szkola-doktorska\/wp-json\/wp\/v2\/pages\/13935"}],"collection":[{"href":"https:\/\/us.edu.pl\/szkola-doktorska\/wp-json\/wp\/v2\/pages"}],"about":[{"href":"https:\/\/us.edu.pl\/szkola-doktorska\/wp-json\/wp\/v2\/types\/page"}],"author":[{"embeddable":true,"href":"https:\/\/us.edu.pl\/szkola-doktorska\/wp-json\/wp\/v2\/users\/205"}],"replies":[{"embeddable":true,"href":"https:\/\/us.edu.pl\/szkola-doktorska\/wp-json\/wp\/v2\/comments?post=13935"}],"version-history":[{"count":1,"href":"https:\/\/us.edu.pl\/szkola-doktorska\/wp-json\/wp\/v2\/pages\/13935\/revisions"}],"predecessor-version":[{"id":13939,"href":"https:\/\/us.edu.pl\/szkola-doktorska\/wp-json\/wp\/v2\/pages\/13935\/revisions\/13939"}],"up":[{"embeddable":true,"href":"https:\/\/us.edu.pl\/szkola-doktorska\/wp-json\/wp\/v2\/pages\/7779"}],"wp:attachment":[{"href":"https:\/\/us.edu.pl\/szkola-doktorska\/wp-json\/wp\/v2\/media?parent=13935"}],"curies":[{"name":"wp","href":"https:\/\/api.w.org\/{rel}","templated":true}]}}