{"id":13955,"date":"2025-02-19T14:32:56","date_gmt":"2025-02-19T13:32:56","guid":{"rendered":"https:\/\/us.edu.pl\/szkola-doktorska\/?page_id=13955"},"modified":"2025-02-19T14:33:21","modified_gmt":"2025-02-19T13:33:21","slug":"prawoslawna-teologia-zwierzat-w-eseistyce-tatiany-goriczewej","status":"publish","type":"page","link":"https:\/\/us.edu.pl\/szkola-doktorska\/seminaria-obszarowe-w-roku-akademickim-2024-2025\/prawoslawna-teologia-zwierzat-w-eseistyce-tatiany-goriczewej\/","title":{"rendered":"Prawos\u0142awna teologia zwierz\u0105t w eseistyce Tatiany Goriczewej"},"content":{"rendered":"<p>[vc_row][vc_column]\r\n                <div class=\"text-modules \">\r\n                    <div class=\"container\">\r\n                        <h3 class=\"section-title section-title_border-bottom\">Prawos\u0142awna teologia zwierz\u0105t w eseistyce Tatiany Goriczewej<\/h3> \r\n                        <div class=\"row m-0\">\r\n                            <div class=\"text-modules__content\">\r\n                                mgr Krzysztof Ma\u0142ek<\/p>\n<p>05.02.2025, godzina 12:00, Wydzia\u0142 Humanistyczny w Sosnowcu, sala 1.20, temat: Prawos\u0142awna teologia zwierz\u0105t w eseistyce Tatiany Goriczewej<\/p>\n<p>Opiekun: dr hab. Justyna Tymieniecka-Suchanek, prof. U\u015a \r\n                                <div class=\"mt-3\"><\/div>\r\n                            <\/div>\r\n                            \r\n                            <div class=\"text-modules__img\"><img src=\"https:\/\/us.edu.pl\/szkola-doktorska\/wp-content\/uploads\/sites\/50\/Bez-kategorii\/1200x1200_ogolny_SD_Seminaria_Obszarowe_Doktorant-w-2.png\" alt=\"img\"><\/div>\r\n                        <\/div>\r\n                    <\/div>\r\n                <\/div>[\/vc_column][\/vc_row]<\/p>","protected":false},"excerpt":{"rendered":"<p>[vc_row][vc_column][\/vc_column][\/vc_row] [&#8230;]<\/p>\n<p><a class=\"btn btn-secondary understrap-read-more-link\" href=\"https:\/\/us.edu.pl\/szkola-doktorska\/seminaria-obszarowe-w-roku-akademickim-2024-2025\/prawoslawna-teologia-zwierzat-w-eseistyce-tatiany-goriczewej\/\">Read More&#8230;<\/a><\/p>\n","protected":false},"author":205,"featured_media":0,"parent":7779,"menu_order":0,"comment_status":"closed","ping_status":"closed","template":"","meta":{"_expiration-date-status":"","_expiration-date":0,"_expiration-date-type":"","_expiration-date-categories":[],"_expiration-date-options":[]},"acf":[],"_links":{"self":[{"href":"https:\/\/us.edu.pl\/szkola-doktorska\/wp-json\/wp\/v2\/pages\/13955"}],"collection":[{"href":"https:\/\/us.edu.pl\/szkola-doktorska\/wp-json\/wp\/v2\/pages"}],"about":[{"href":"https:\/\/us.edu.pl\/szkola-doktorska\/wp-json\/wp\/v2\/types\/page"}],"author":[{"embeddable":true,"href":"https:\/\/us.edu.pl\/szkola-doktorska\/wp-json\/wp\/v2\/users\/205"}],"replies":[{"embeddable":true,"href":"https:\/\/us.edu.pl\/szkola-doktorska\/wp-json\/wp\/v2\/comments?post=13955"}],"version-history":[{"count":1,"href":"https:\/\/us.edu.pl\/szkola-doktorska\/wp-json\/wp\/v2\/pages\/13955\/revisions"}],"predecessor-version":[{"id":13959,"href":"https:\/\/us.edu.pl\/szkola-doktorska\/wp-json\/wp\/v2\/pages\/13955\/revisions\/13959"}],"up":[{"embeddable":true,"href":"https:\/\/us.edu.pl\/szkola-doktorska\/wp-json\/wp\/v2\/pages\/7779"}],"wp:attachment":[{"href":"https:\/\/us.edu.pl\/szkola-doktorska\/wp-json\/wp\/v2\/media?parent=13955"}],"curies":[{"name":"wp","href":"https:\/\/api.w.org\/{rel}","templated":true}]}}