{"id":13984,"date":"2025-02-19T14:54:40","date_gmt":"2025-02-19T13:54:40","guid":{"rendered":"https:\/\/us.edu.pl\/szkola-doktorska\/?page_id=13984"},"modified":"2025-02-19T14:55:04","modified_gmt":"2025-02-19T13:55:04","slug":"droga-do-dlugowiecznosci-efekty-oddzialywania-resweratrolu-i-wybranych-nanoczastek-na-aktywnosc-sirtuin-u-acheta-domesticus","status":"publish","type":"page","link":"https:\/\/us.edu.pl\/szkola-doktorska\/seminaria-obszarowe-w-roku-akademickim-2024-2025\/droga-do-dlugowiecznosci-efekty-oddzialywania-resweratrolu-i-wybranych-nanoczastek-na-aktywnosc-sirtuin-u-acheta-domesticus\/","title":{"rendered":"Droga do d\u0142ugowieczno\u015bci \u2013 Efekty oddzia\u0142ywania resweratrolu i wybranych nanocz\u0105stek na aktywno\u015b\u0107 sirtuin u Acheta domesticus"},"content":{"rendered":"<p>[vc_row][vc_column]\r\n                <div class=\"text-modules \">\r\n                    <div class=\"container\">\r\n                        <h3 class=\"section-title section-title_border-bottom\">Droga do d\u0142ugowieczno\u015bci \u2013 Efekty oddzia\u0142ywania resweratrolu i wybranych nanocz\u0105stek na aktywno\u015b\u0107 sirtuin u Acheta domesticus<\/h3> \r\n                        <div class=\"row m-0\">\r\n                            <div class=\"text-modules__content\">\r\n                                Miejsce odbywania seminarium: Wydzia\u0142 Nauk Przyrodniczych, ul Bankowa 9 Katowice, s.304.<br \/>\n1. 10.06.2025 r. godz. 12:00 &#8211; Patrycja Zi\u0119tara-Krzyk, Droga do d\u0142ugowieczno\u015bci \u2013 Efekty oddzia\u0142ywania resweratrolu i wybranych nanocz\u0105stek na aktywno\u015b\u0107 sirtuin u Acheta domesticus.<\/p>\n<p>Opiekun: prof. dr hab. Maria Augustyniak \r\n                                <div class=\"mt-3\"><\/div>\r\n                            <\/div>\r\n                            \r\n                            <div class=\"text-modules__img\"><img src=\"https:\/\/us.edu.pl\/szkola-doktorska\/wp-content\/uploads\/sites\/50\/Bez-kategorii\/1200x1200_ogolny_SD_Seminaria_Obszarowe_Doktorant-w-2.png\" alt=\"img\"><\/div>\r\n                        <\/div>\r\n                    <\/div>\r\n                <\/div>[\/vc_column][\/vc_row]<\/p>","protected":false},"excerpt":{"rendered":"<p>[vc_row][vc_column][\/vc_column][\/vc_row] [&#8230;]<\/p>\n<p><a class=\"btn btn-secondary understrap-read-more-link\" href=\"https:\/\/us.edu.pl\/szkola-doktorska\/seminaria-obszarowe-w-roku-akademickim-2024-2025\/droga-do-dlugowiecznosci-efekty-oddzialywania-resweratrolu-i-wybranych-nanoczastek-na-aktywnosc-sirtuin-u-acheta-domesticus\/\">Read More&#8230;<\/a><\/p>\n","protected":false},"author":205,"featured_media":0,"parent":7779,"menu_order":0,"comment_status":"closed","ping_status":"closed","template":"","meta":{"_expiration-date-status":"","_expiration-date":0,"_expiration-date-type":"","_expiration-date-categories":[],"_expiration-date-options":[]},"acf":[],"_links":{"self":[{"href":"https:\/\/us.edu.pl\/szkola-doktorska\/wp-json\/wp\/v2\/pages\/13984"}],"collection":[{"href":"https:\/\/us.edu.pl\/szkola-doktorska\/wp-json\/wp\/v2\/pages"}],"about":[{"href":"https:\/\/us.edu.pl\/szkola-doktorska\/wp-json\/wp\/v2\/types\/page"}],"author":[{"embeddable":true,"href":"https:\/\/us.edu.pl\/szkola-doktorska\/wp-json\/wp\/v2\/users\/205"}],"replies":[{"embeddable":true,"href":"https:\/\/us.edu.pl\/szkola-doktorska\/wp-json\/wp\/v2\/comments?post=13984"}],"version-history":[{"count":1,"href":"https:\/\/us.edu.pl\/szkola-doktorska\/wp-json\/wp\/v2\/pages\/13984\/revisions"}],"predecessor-version":[{"id":13988,"href":"https:\/\/us.edu.pl\/szkola-doktorska\/wp-json\/wp\/v2\/pages\/13984\/revisions\/13988"}],"up":[{"embeddable":true,"href":"https:\/\/us.edu.pl\/szkola-doktorska\/wp-json\/wp\/v2\/pages\/7779"}],"wp:attachment":[{"href":"https:\/\/us.edu.pl\/szkola-doktorska\/wp-json\/wp\/v2\/media?parent=13984"}],"curies":[{"name":"wp","href":"https:\/\/api.w.org\/{rel}","templated":true}]}}