{"id":13994,"date":"2025-02-19T15:11:25","date_gmt":"2025-02-19T14:11:25","guid":{"rendered":"https:\/\/us.edu.pl\/szkola-doktorska\/?page_id=13994"},"modified":"2025-02-19T15:11:55","modified_gmt":"2025-02-19T14:11:55","slug":"hemipterologiczne-seminarium-obszarowe","status":"publish","type":"page","link":"https:\/\/us.edu.pl\/szkola-doktorska\/seminaria-obszarowe-w-roku-akademickim-2024-2025\/hemipterologiczne-seminarium-obszarowe\/","title":{"rendered":"Hemipterologiczne seminarium obszarowe"},"content":{"rendered":"<p>[vc_row][vc_column]\r\n                <div class=\"text-modules \">\r\n                    <div class=\"container\">\r\n                        <h3 class=\"section-title section-title_border-bottom\">Hemipterologiczne seminarium obszarowe<\/h3> \r\n                        <div class=\"row m-0\">\r\n                            <div class=\"text-modules__content\">\r\n                                Hemipterologiczne seminarium obszarowe<br \/>\nInstytut Biologii, Biotechnologii i Ochrony \u015arodowiska, Bankowa 9 Katowice, Sala Rady Wydzia\u0142u<br \/>\n1. 06.06.2025, 10:00 &#8211; Joanna Zyga\u0142a \u201cBudowa morfologiczna aparatu strydulacyjnego<br \/>\noraz powi\u0105zanych z nim struktur sensorycznych u wybranych przedstawicieli zajadkowatych (Hemiptera, Heteroptera: Reduviidae)\u201d<br \/>\n2. 06.06.2025, 10:30 &#8211; Kamila Malik \u201cRewizja taksonomiczna i pokrewie\u0144stwa w\u015br\u00f3d mszyc z rodzaju Drepanaphis del Guercio (Hemiptera, Aphidoidea: Drepanosiphinae) w oparciu o analizy morfologiczne i molekularne\u201d<br \/>\n3. 06.06.2025, 11:00 &#8211; Anna Romaniak Morfologia i ewolucyjne modyfikacje chemosensilli u pluskwiak\u00f3w z podrz\u0119du Fulgoromorpha (Hemiptera: Insecta) z uwzgl\u0119dnieniem ram filogenetycznych i specjalizacji troficznej<br \/>\n4. 06.06.2025, 11:30 &#8211; Bartosz Og\u0142aza P\u00f3\u017anokredowo-paleoge\u0144ski etap w ewolucji mszyc (Hemiptera, Sternorrhyncha, Aphidomorpha)<br \/>\n5. 06.06.2025, 12:00 &#8211; Adrian Mas\u0142owski \u201cUltramorfologia i dywersyfikacja odn\u00f3\u017cy pluskwiak\u00f3w r\u00f3\u017cnoskrzyd\u0142ych z wybranych grup infrarz\u0119du Cimicomorpha (Insecta: Hemiptera: Heteroptera) z uwzgl\u0119dnieniem specjalizacji siedliskowej i troficznej.\u201d<\/p>\n<p>Opiekun: prof. dr hab. Karina Wieczorek \r\n                                <div class=\"mt-3\"><\/div>\r\n                            <\/div>\r\n                            \r\n                            <div class=\"text-modules__img\"><img src=\"https:\/\/us.edu.pl\/szkola-doktorska\/wp-content\/uploads\/sites\/50\/Bez-kategorii\/1200x1200_ogolny_SD_Seminaria_Obszarowe_Doktorant-w-2.png\" alt=\"img\"><\/div>\r\n                        <\/div>\r\n                    <\/div>\r\n                <\/div>[\/vc_column][\/vc_row]<\/p>","protected":false},"excerpt":{"rendered":"<p>[vc_row][vc_column][\/vc_column][\/vc_row] [&#8230;]<\/p>\n<p><a class=\"btn btn-secondary understrap-read-more-link\" href=\"https:\/\/us.edu.pl\/szkola-doktorska\/seminaria-obszarowe-w-roku-akademickim-2024-2025\/hemipterologiczne-seminarium-obszarowe\/\">Read More&#8230;<\/a><\/p>\n","protected":false},"author":205,"featured_media":0,"parent":7779,"menu_order":0,"comment_status":"closed","ping_status":"closed","template":"","meta":{"_expiration-date-status":"","_expiration-date":0,"_expiration-date-type":"","_expiration-date-categories":[],"_expiration-date-options":[]},"acf":[],"_links":{"self":[{"href":"https:\/\/us.edu.pl\/szkola-doktorska\/wp-json\/wp\/v2\/pages\/13994"}],"collection":[{"href":"https:\/\/us.edu.pl\/szkola-doktorska\/wp-json\/wp\/v2\/pages"}],"about":[{"href":"https:\/\/us.edu.pl\/szkola-doktorska\/wp-json\/wp\/v2\/types\/page"}],"author":[{"embeddable":true,"href":"https:\/\/us.edu.pl\/szkola-doktorska\/wp-json\/wp\/v2\/users\/205"}],"replies":[{"embeddable":true,"href":"https:\/\/us.edu.pl\/szkola-doktorska\/wp-json\/wp\/v2\/comments?post=13994"}],"version-history":[{"count":1,"href":"https:\/\/us.edu.pl\/szkola-doktorska\/wp-json\/wp\/v2\/pages\/13994\/revisions"}],"predecessor-version":[{"id":13995,"href":"https:\/\/us.edu.pl\/szkola-doktorska\/wp-json\/wp\/v2\/pages\/13994\/revisions\/13995"}],"up":[{"embeddable":true,"href":"https:\/\/us.edu.pl\/szkola-doktorska\/wp-json\/wp\/v2\/pages\/7779"}],"wp:attachment":[{"href":"https:\/\/us.edu.pl\/szkola-doktorska\/wp-json\/wp\/v2\/media?parent=13994"}],"curies":[{"name":"wp","href":"https:\/\/api.w.org\/{rel}","templated":true}]}}