{"id":14003,"date":"2025-02-19T15:15:47","date_gmt":"2025-02-19T14:15:47","guid":{"rendered":"https:\/\/us.edu.pl\/szkola-doktorska\/?page_id=14003"},"modified":"2025-02-19T15:16:10","modified_gmt":"2025-02-19T14:16:10","slug":"kwas-l-askorbinowy-i-glutamina-jako-suplementy-diety-pszczoly-miodnej-apis-mellifera-przeciwdzialajace-negatywnym-skutkom-inwazji-pasozyta-drecza-pszczelego-varroa-destructor","status":"publish","type":"page","link":"https:\/\/us.edu.pl\/szkola-doktorska\/seminaria-obszarowe-w-roku-akademickim-2024-2025\/kwas-l-askorbinowy-i-glutamina-jako-suplementy-diety-pszczoly-miodnej-apis-mellifera-przeciwdzialajace-negatywnym-skutkom-inwazji-pasozyta-drecza-pszczelego-varroa-destructor\/","title":{"rendered":"Kwas L-askorbinowy i glutamina jako suplementy diety pszczo\u0142y miodnej (Apis mellifera) przeciwdzia\u0142aj\u0105ce negatywnym skutkom inwazji paso\u017cyta dr\u0119cza pszczelego (Varroa destructor)"},"content":{"rendered":"<p>[vc_row][vc_column]\r\n                <div class=\"text-modules \">\r\n                    <div class=\"container\">\r\n                        <h3 class=\"section-title section-title_border-bottom\">Kwas L-askorbinowy i glutamina jako suplementy diety pszczo\u0142y miodnej (Apis mellifera) przeciwdzia\u0142aj\u0105ce negatywnym skutkom inwazji paso\u017cyta dr\u0119cza pszczelego (Varroa destructor)<\/h3> \r\n                        <div class=\"row m-0\">\r\n                            <div class=\"text-modules__content\">\r\n                                Miejsce odbywania seminarium: Wydzia\u0142 Nauk Przyrodniczych; Instytut Biologii, Biotechnologii i Ochrony \u015arodowiska; Katowice, ul. Bankowa 9; sala 304 | 212 | 121 lub inna sala multimedialna.<br \/>\n30.06.2025 &#8211; Patrycja Paw\u0142owska &#8211; &#8222;Kwas L-askorbinowy i glutamina jako suplementy diety pszczo\u0142y miodnej (Apis mellifera) przeciwdzia\u0142aj\u0105ce negatywnym skutkom inwazji paso\u017cyta dr\u0119cza pszczelego (Varroa destructor)&#8221;<\/p>\n<p>Opiekun: dr hab. Miros\u0142aw Nakonieczny, prof. U\u015a \r\n                                <div class=\"mt-3\"><\/div>\r\n                            <\/div>\r\n                            \r\n                            <div class=\"text-modules__img\"><img src=\"https:\/\/us.edu.pl\/szkola-doktorska\/wp-content\/uploads\/sites\/50\/Bez-kategorii\/1200x1200_ogolny_SD_Seminaria_Obszarowe_Doktorant-w-2.png\" alt=\"img\"><\/div>\r\n                        <\/div>\r\n                    <\/div>\r\n                <\/div>[\/vc_column][\/vc_row]<\/p>","protected":false},"excerpt":{"rendered":"<p>[vc_row][vc_column][\/vc_column][\/vc_row] [&#8230;]<\/p>\n<p><a class=\"btn btn-secondary understrap-read-more-link\" href=\"https:\/\/us.edu.pl\/szkola-doktorska\/seminaria-obszarowe-w-roku-akademickim-2024-2025\/kwas-l-askorbinowy-i-glutamina-jako-suplementy-diety-pszczoly-miodnej-apis-mellifera-przeciwdzialajace-negatywnym-skutkom-inwazji-pasozyta-drecza-pszczelego-varroa-destructor\/\">Read More&#8230;<\/a><\/p>\n","protected":false},"author":205,"featured_media":0,"parent":7779,"menu_order":0,"comment_status":"closed","ping_status":"closed","template":"","meta":{"_expiration-date-status":"","_expiration-date":0,"_expiration-date-type":"","_expiration-date-categories":[],"_expiration-date-options":[]},"acf":[],"_links":{"self":[{"href":"https:\/\/us.edu.pl\/szkola-doktorska\/wp-json\/wp\/v2\/pages\/14003"}],"collection":[{"href":"https:\/\/us.edu.pl\/szkola-doktorska\/wp-json\/wp\/v2\/pages"}],"about":[{"href":"https:\/\/us.edu.pl\/szkola-doktorska\/wp-json\/wp\/v2\/types\/page"}],"author":[{"embeddable":true,"href":"https:\/\/us.edu.pl\/szkola-doktorska\/wp-json\/wp\/v2\/users\/205"}],"replies":[{"embeddable":true,"href":"https:\/\/us.edu.pl\/szkola-doktorska\/wp-json\/wp\/v2\/comments?post=14003"}],"version-history":[{"count":1,"href":"https:\/\/us.edu.pl\/szkola-doktorska\/wp-json\/wp\/v2\/pages\/14003\/revisions"}],"predecessor-version":[{"id":14007,"href":"https:\/\/us.edu.pl\/szkola-doktorska\/wp-json\/wp\/v2\/pages\/14003\/revisions\/14007"}],"up":[{"embeddable":true,"href":"https:\/\/us.edu.pl\/szkola-doktorska\/wp-json\/wp\/v2\/pages\/7779"}],"wp:attachment":[{"href":"https:\/\/us.edu.pl\/szkola-doktorska\/wp-json\/wp\/v2\/media?parent=14003"}],"curies":[{"name":"wp","href":"https:\/\/api.w.org\/{rel}","templated":true}]}}