{"id":14011,"date":"2025-02-19T15:19:48","date_gmt":"2025-02-19T14:19:48","guid":{"rendered":"https:\/\/us.edu.pl\/szkola-doktorska\/?page_id=14011"},"modified":"2025-02-19T15:20:15","modified_gmt":"2025-02-19T14:20:15","slug":"seminarium-doktorantow-nauk-biologicznych-2","status":"publish","type":"page","link":"https:\/\/us.edu.pl\/szkola-doktorska\/seminaria-obszarowe-w-roku-akademickim-2024-2025\/seminarium-doktorantow-nauk-biologicznych-2\/","title":{"rendered":"Seminarium doktorant\u00f3w nauk biologicznych"},"content":{"rendered":"<p>[vc_row][vc_column]\r\n                <div class=\"text-modules \">\r\n                    <div class=\"container\">\r\n                        <h3 class=\"section-title section-title_border-bottom\">Seminarium doktorant\u00f3w nauk biologicznych<\/h3> \r\n                        <div class=\"row m-0\">\r\n                            <div class=\"text-modules__content\">\r\n                                Instytut Biologii, Biotechnologii i Ochrony \u015arodowiska, Wydzia\u0142 Nauk Przyrodniczych, Uniwersytet \u015al\u0105ski w Katowicach, ul. Jagiello\u0144ska 28, 40-032 Katowice<br \/>\nSala B-100<\/p>\n<p>24.07.2025, godzina 11:00<br \/>\nIryna Bodnaruk &#8211; Interakcje p\u0119cherzyk\u00f3w zewn\u0105trzkom\u00f3rkowych metaloopornych bakterii endofitycznych z Zea mays<br \/>\nKlaudia Peczyk &#8211; Wp\u0142yw bakterii wspomagaj\u0105cych rozw\u00f3j mykoryz na wzrost i rozw\u00f3j grzyb\u00f3w mykoryzy arbuskularnej oraz ro\u015blin w \u015brodowisku zanieczyszczonym toksycznymi zwi\u0105zkami organicznymi<br \/>\nAdam Krain &#8211; Aktywno\u015b\u0107 biologiczna i charakterystyka chemiczna wydzielin gutacyjnych grzyb\u00f3w ze \u015brodowisk zwi\u0105zanych z w\u0119glem kamiennym \r\n                                <div class=\"mt-3\"><\/div>\r\n                            <\/div>\r\n                            \r\n                            <div class=\"text-modules__img\"><img src=\"https:\/\/us.edu.pl\/szkola-doktorska\/wp-content\/uploads\/sites\/50\/Bez-kategorii\/1200x1200_ogolny_SD_Seminaria_Obszarowe_Doktorant-w-2.png\" alt=\"img\"><\/div>\r\n                        <\/div>\r\n                    <\/div>\r\n                <\/div>[\/vc_column][\/vc_row]<\/p>","protected":false},"excerpt":{"rendered":"<p>[vc_row][vc_column][\/vc_column][\/vc_row] [&#8230;]<\/p>\n<p><a class=\"btn btn-secondary understrap-read-more-link\" href=\"https:\/\/us.edu.pl\/szkola-doktorska\/seminaria-obszarowe-w-roku-akademickim-2024-2025\/seminarium-doktorantow-nauk-biologicznych-2\/\">Read More&#8230;<\/a><\/p>\n","protected":false},"author":205,"featured_media":0,"parent":7779,"menu_order":0,"comment_status":"closed","ping_status":"closed","template":"","meta":{"_expiration-date-status":"","_expiration-date":0,"_expiration-date-type":"","_expiration-date-categories":[],"_expiration-date-options":[]},"acf":[],"_links":{"self":[{"href":"https:\/\/us.edu.pl\/szkola-doktorska\/wp-json\/wp\/v2\/pages\/14011"}],"collection":[{"href":"https:\/\/us.edu.pl\/szkola-doktorska\/wp-json\/wp\/v2\/pages"}],"about":[{"href":"https:\/\/us.edu.pl\/szkola-doktorska\/wp-json\/wp\/v2\/types\/page"}],"author":[{"embeddable":true,"href":"https:\/\/us.edu.pl\/szkola-doktorska\/wp-json\/wp\/v2\/users\/205"}],"replies":[{"embeddable":true,"href":"https:\/\/us.edu.pl\/szkola-doktorska\/wp-json\/wp\/v2\/comments?post=14011"}],"version-history":[{"count":1,"href":"https:\/\/us.edu.pl\/szkola-doktorska\/wp-json\/wp\/v2\/pages\/14011\/revisions"}],"predecessor-version":[{"id":14014,"href":"https:\/\/us.edu.pl\/szkola-doktorska\/wp-json\/wp\/v2\/pages\/14011\/revisions\/14014"}],"up":[{"embeddable":true,"href":"https:\/\/us.edu.pl\/szkola-doktorska\/wp-json\/wp\/v2\/pages\/7779"}],"wp:attachment":[{"href":"https:\/\/us.edu.pl\/szkola-doktorska\/wp-json\/wp\/v2\/media?parent=14011"}],"curies":[{"name":"wp","href":"https:\/\/api.w.org\/{rel}","templated":true}]}}