{"id":14020,"date":"2025-02-19T15:23:46","date_gmt":"2025-02-19T14:23:46","guid":{"rendered":"https:\/\/us.edu.pl\/szkola-doktorska\/?page_id=14020"},"modified":"2025-02-19T15:24:07","modified_gmt":"2025-02-19T14:24:07","slug":"struktura-i-funkcjonowanie-jajnikow-dzdzownic-porownanie-rodzin-lumbricidae-i-eudrilidae","status":"publish","type":"page","link":"https:\/\/us.edu.pl\/szkola-doktorska\/seminaria-obszarowe-w-roku-akademickim-2024-2025\/struktura-i-funkcjonowanie-jajnikow-dzdzownic-porownanie-rodzin-lumbricidae-i-eudrilidae\/","title":{"rendered":"Struktura i funkcjonowanie jajnik\u00f3w d\u017cd\u017cownic &#8211; por\u00f3wnanie rodzin Lumbricidae i Eudrilidae"},"content":{"rendered":"<p>[vc_row][vc_column]\r\n                <div class=\"text-modules \">\r\n                    <div class=\"container\">\r\n                        <h3 class=\"section-title section-title_border-bottom\">Struktura i funkcjonowanie jajnik\u00f3w d\u017cd\u017cownic - por\u00f3wnanie rodzin Lumbricidae i Eudrilidae<\/h3> \r\n                        <div class=\"row m-0\">\r\n                            <div class=\"text-modules__content\">\r\n                                Tytu\u0142 cyklu seminari\u00f3w: &#8222;Prezentacja dotychczasowych wynik\u00f3w prac doktorskich Doktorantek Zespo\u0142u Histologii i Embriologii Zwierz\u0105t&#8221;<br \/>\nSeminarium odby\u0142o si\u0119 w ramach XXXV Konferencji Embriologicznej w Katowicach na Wydziale Nauk Przyrodniczych, IBBiO\u015a, Bankowa 9 w Katowicach. Konferencj\u0119 organizowali Pracownicy i Doktoranci Zespo\u0142u HiEZ.<br \/>\nData seminarium: 23.05.2024<br \/>\n1. mgr Hanna Gorol &#8211; Analiza wp\u0142ywu bisfenolu A na ultrastruktur\u0119 i struktur\u0119 narz\u0105d\u00f3w: jelita \u015brodkowego i w\u0105trobotrzustki s\u0142odkowodnej krewetki Neocaridina davidi<br \/>\n2. mgr Patrycja Mermer &#8211; Wp\u0142yw konsumpcji polipropylenu na poszczeg\u00f3lne narz\u0105dy larw Galleria mellonella (Insecta, Lepidoptera)<br \/>\n3. mgr Aleksandra Miernik &#8211; Ocena skutk\u00f3w ekspozycji niesporczaka Paramacrobiotus experimentalis na ibuprofen<br \/>\n4. mgr Dominika Ra\u015b &#8211; Struktura i funkcjonowanie jajnik\u00f3w d\u017cd\u017cownic &#8211; por\u00f3wnanie rodzin Lumbricidae i Eudrilidae \r\n                                <div class=\"mt-3\"><\/div>\r\n                            <\/div>\r\n                            \r\n                            <div class=\"text-modules__img\"><img src=\"https:\/\/us.edu.pl\/szkola-doktorska\/wp-content\/uploads\/sites\/50\/Bez-kategorii\/1200x1200_ogolny_SD_Seminaria_Obszarowe_Doktorant-w-2.png\" alt=\"img\"><\/div>\r\n                        <\/div>\r\n                    <\/div>\r\n                <\/div>[\/vc_column][\/vc_row]<\/p>","protected":false},"excerpt":{"rendered":"<p>[vc_row][vc_column][\/vc_column][\/vc_row] [&#8230;]<\/p>\n<p><a class=\"btn btn-secondary understrap-read-more-link\" href=\"https:\/\/us.edu.pl\/szkola-doktorska\/seminaria-obszarowe-w-roku-akademickim-2024-2025\/struktura-i-funkcjonowanie-jajnikow-dzdzownic-porownanie-rodzin-lumbricidae-i-eudrilidae\/\">Read More&#8230;<\/a><\/p>\n","protected":false},"author":205,"featured_media":0,"parent":7779,"menu_order":0,"comment_status":"closed","ping_status":"closed","template":"","meta":{"_expiration-date-status":"","_expiration-date":0,"_expiration-date-type":"","_expiration-date-categories":[],"_expiration-date-options":[]},"acf":[],"_links":{"self":[{"href":"https:\/\/us.edu.pl\/szkola-doktorska\/wp-json\/wp\/v2\/pages\/14020"}],"collection":[{"href":"https:\/\/us.edu.pl\/szkola-doktorska\/wp-json\/wp\/v2\/pages"}],"about":[{"href":"https:\/\/us.edu.pl\/szkola-doktorska\/wp-json\/wp\/v2\/types\/page"}],"author":[{"embeddable":true,"href":"https:\/\/us.edu.pl\/szkola-doktorska\/wp-json\/wp\/v2\/users\/205"}],"replies":[{"embeddable":true,"href":"https:\/\/us.edu.pl\/szkola-doktorska\/wp-json\/wp\/v2\/comments?post=14020"}],"version-history":[{"count":1,"href":"https:\/\/us.edu.pl\/szkola-doktorska\/wp-json\/wp\/v2\/pages\/14020\/revisions"}],"predecessor-version":[{"id":14024,"href":"https:\/\/us.edu.pl\/szkola-doktorska\/wp-json\/wp\/v2\/pages\/14020\/revisions\/14024"}],"up":[{"embeddable":true,"href":"https:\/\/us.edu.pl\/szkola-doktorska\/wp-json\/wp\/v2\/pages\/7779"}],"wp:attachment":[{"href":"https:\/\/us.edu.pl\/szkola-doktorska\/wp-json\/wp\/v2\/media?parent=14020"}],"curies":[{"name":"wp","href":"https:\/\/api.w.org\/{rel}","templated":true}]}}