{"id":14031,"date":"2025-02-20T08:59:42","date_gmt":"2025-02-20T07:59:42","guid":{"rendered":"https:\/\/us.edu.pl\/szkola-doktorska\/?page_id=14031"},"modified":"2025-02-20T09:00:08","modified_gmt":"2025-02-20T08:00:08","slug":"medioznawstwo-wobec-imperializmu","status":"publish","type":"page","link":"https:\/\/us.edu.pl\/szkola-doktorska\/seminaria-obszarowe-w-roku-akademickim-2024-2025\/medioznawstwo-wobec-imperializmu\/","title":{"rendered":"Medioznawstwo wobec imperializmu"},"content":{"rendered":"<p>[vc_row][vc_column]\r\n                <div class=\"text-modules \">\r\n                    <div class=\"container\">\r\n                        <h3 class=\"section-title section-title_border-bottom\">Medioznawstwo wobec imperializmu<\/h3> \r\n                        <div class=\"row m-0\">\r\n                            <div class=\"text-modules__content\">\r\n                                1. 24.06.2025 &#8211; Anna S\u0142ania &#8211; Dziennikarstwo wojenne czy pokojowe? Relacjonowanie konfliktu izraelsko-palesty\u0144skiego w najpopularniejszych mediach ameryka\u0144skich, arabskich oraz izraelskich w 2021 roku<br \/>\n2. 24.06.2025 &#8211; Micha\u0142 Rams-\u0141ugowski &#8211; Kontrpodmiotowo\u015b\u0107, kontrpubliczno\u015b\u0107 i dobro wsp\u00f3lne. Ekonomia polityczna polskich medi\u00f3w anarchistycznych<\/p>\n<p>Miejsce: Wydzia\u0142 Nauk Spo\u0142ecznych U\u015a, s. 310<\/p>\n<p>Opiekun: dr hab. Mariusz Kolczy\u0144ski, prof. U\u015a \r\n                                <div class=\"mt-3\"><\/div>\r\n                            <\/div>\r\n                            \r\n                            <div class=\"text-modules__img\"><img src=\"https:\/\/us.edu.pl\/szkola-doktorska\/wp-content\/uploads\/sites\/50\/Bez-kategorii\/1200x1200_ogolny_SD_Seminaria_Obszarowe_Doktorant-w-2.png\" alt=\"img\"><\/div>\r\n                        <\/div>\r\n                    <\/div>\r\n                <\/div>[\/vc_column][\/vc_row]<\/p>","protected":false},"excerpt":{"rendered":"<p>[vc_row][vc_column][\/vc_column][\/vc_row] [&#8230;]<\/p>\n<p><a class=\"btn btn-secondary understrap-read-more-link\" href=\"https:\/\/us.edu.pl\/szkola-doktorska\/seminaria-obszarowe-w-roku-akademickim-2024-2025\/medioznawstwo-wobec-imperializmu\/\">Read More&#8230;<\/a><\/p>\n","protected":false},"author":205,"featured_media":0,"parent":7779,"menu_order":0,"comment_status":"closed","ping_status":"closed","template":"","meta":{"_expiration-date-status":"","_expiration-date":0,"_expiration-date-type":"","_expiration-date-categories":[],"_expiration-date-options":[]},"acf":[],"_links":{"self":[{"href":"https:\/\/us.edu.pl\/szkola-doktorska\/wp-json\/wp\/v2\/pages\/14031"}],"collection":[{"href":"https:\/\/us.edu.pl\/szkola-doktorska\/wp-json\/wp\/v2\/pages"}],"about":[{"href":"https:\/\/us.edu.pl\/szkola-doktorska\/wp-json\/wp\/v2\/types\/page"}],"author":[{"embeddable":true,"href":"https:\/\/us.edu.pl\/szkola-doktorska\/wp-json\/wp\/v2\/users\/205"}],"replies":[{"embeddable":true,"href":"https:\/\/us.edu.pl\/szkola-doktorska\/wp-json\/wp\/v2\/comments?post=14031"}],"version-history":[{"count":1,"href":"https:\/\/us.edu.pl\/szkola-doktorska\/wp-json\/wp\/v2\/pages\/14031\/revisions"}],"predecessor-version":[{"id":14034,"href":"https:\/\/us.edu.pl\/szkola-doktorska\/wp-json\/wp\/v2\/pages\/14031\/revisions\/14034"}],"up":[{"embeddable":true,"href":"https:\/\/us.edu.pl\/szkola-doktorska\/wp-json\/wp\/v2\/pages\/7779"}],"wp:attachment":[{"href":"https:\/\/us.edu.pl\/szkola-doktorska\/wp-json\/wp\/v2\/media?parent=14031"}],"curies":[{"name":"wp","href":"https:\/\/api.w.org\/{rel}","templated":true}]}}