{"id":14047,"date":"2025-02-20T09:09:27","date_gmt":"2025-02-20T08:09:27","guid":{"rendered":"https:\/\/us.edu.pl\/szkola-doktorska\/?page_id=14047"},"modified":"2025-02-20T09:09:50","modified_gmt":"2025-02-20T08:09:50","slug":"seminarium-doktoranckie-pedagogow","status":"publish","type":"page","link":"https:\/\/us.edu.pl\/szkola-doktorska\/seminaria-obszarowe-w-roku-akademickim-2024-2025\/seminarium-doktoranckie-pedagogow\/","title":{"rendered":"Seminarium doktoranckie pedagog\u00f3w"},"content":{"rendered":"<p>[vc_row][vc_column]\r\n                <div class=\"text-modules \">\r\n                    <div class=\"container\">\r\n                        <h3 class=\"section-title section-title_border-bottom\">Seminarium doktoranckie pedagog\u00f3w<\/h3> \r\n                        <div class=\"row m-0\">\r\n                            <div class=\"text-modules__content\">\r\n                                Seminarium obszarowe b\u0119dzie mia\u0142o charakter zdalny ze wzgl\u0119du na ch\u0119\u0107 skierowania zaproszenia na nie r\u00f3wnie\u017c do cz\u0142onk\u00f3w zrzeszonych w Komitecie Nauk Pedagogicznych PAN oraz uniwersytet\u00f3w Konsorcjum Europejskiego Miasta Nauki 2024.<br \/>\n1. 24.02.2025 r. 9.00 &#8211; mgr Patryk St\u0119pie\u0144 &#8211; Niy godej, czyli relfeksje o to\u017csamo\u015bci \u015bl\u0105skiej w do\u015bwiadczeniu czterech pokole\u0144 G\u00f3rno\u015bl\u0105zak\u00f3w<br \/>\n2. 24.02.2025 r. 9.20 &#8211; mgr Krzysztof Kasperek &#8211; Propedeutyka samorz\u0105dno\u015bci uczni\u00f3w w edukacji wczesnoszkolnej<br \/>\n3. 24.02.2025 r. 9.40 &#8211; mgr Aleksandra Soba\u0144ska &#8211; Biblioteka emocji. Studium kultury emocjonalnej bibliotek szk\u00f3\u0142 podstawowych<br \/>\n4. 24.02.2025 r. 10.00 &#8211; panel dyskusyjny<br \/>\n5. 24.02.2025 r. 10.30 &#8211; zako\u0144czenie seminarium obszarowego pedagog\u00f3w<\/p>\n<p>Opiekun: dr Magdalena Marekwia \r\n                                <div class=\"mt-3\"><\/div>\r\n                            <\/div>\r\n                            \r\n                            <div class=\"text-modules__img\"><img src=\"https:\/\/us.edu.pl\/szkola-doktorska\/wp-content\/uploads\/sites\/50\/Bez-kategorii\/1200x1200_ogolny_SD_Seminaria_Obszarowe_Doktorant-w-2.png\" alt=\"img\"><\/div>\r\n                        <\/div>\r\n                    <\/div>\r\n                <\/div>[\/vc_column][\/vc_row]<\/p>","protected":false},"excerpt":{"rendered":"<p>[vc_row][vc_column][\/vc_column][\/vc_row] [&#8230;]<\/p>\n<p><a class=\"btn btn-secondary understrap-read-more-link\" href=\"https:\/\/us.edu.pl\/szkola-doktorska\/seminaria-obszarowe-w-roku-akademickim-2024-2025\/seminarium-doktoranckie-pedagogow\/\">Read More&#8230;<\/a><\/p>\n","protected":false},"author":205,"featured_media":0,"parent":7779,"menu_order":0,"comment_status":"closed","ping_status":"closed","template":"","meta":{"_expiration-date-status":"","_expiration-date":0,"_expiration-date-type":"","_expiration-date-categories":[],"_expiration-date-options":[]},"acf":[],"_links":{"self":[{"href":"https:\/\/us.edu.pl\/szkola-doktorska\/wp-json\/wp\/v2\/pages\/14047"}],"collection":[{"href":"https:\/\/us.edu.pl\/szkola-doktorska\/wp-json\/wp\/v2\/pages"}],"about":[{"href":"https:\/\/us.edu.pl\/szkola-doktorska\/wp-json\/wp\/v2\/types\/page"}],"author":[{"embeddable":true,"href":"https:\/\/us.edu.pl\/szkola-doktorska\/wp-json\/wp\/v2\/users\/205"}],"replies":[{"embeddable":true,"href":"https:\/\/us.edu.pl\/szkola-doktorska\/wp-json\/wp\/v2\/comments?post=14047"}],"version-history":[{"count":1,"href":"https:\/\/us.edu.pl\/szkola-doktorska\/wp-json\/wp\/v2\/pages\/14047\/revisions"}],"predecessor-version":[{"id":14051,"href":"https:\/\/us.edu.pl\/szkola-doktorska\/wp-json\/wp\/v2\/pages\/14047\/revisions\/14051"}],"up":[{"embeddable":true,"href":"https:\/\/us.edu.pl\/szkola-doktorska\/wp-json\/wp\/v2\/pages\/7779"}],"wp:attachment":[{"href":"https:\/\/us.edu.pl\/szkola-doktorska\/wp-json\/wp\/v2\/media?parent=14047"}],"curies":[{"name":"wp","href":"https:\/\/api.w.org\/{rel}","templated":true}]}}