{"id":14067,"date":"2025-02-20T10:57:45","date_gmt":"2025-02-20T09:57:45","guid":{"rendered":"https:\/\/us.edu.pl\/szkola-doktorska\/?page_id=14067"},"modified":"2025-02-20T10:58:13","modified_gmt":"2025-02-20T09:58:13","slug":"chemia-w-nowoczesnych-technologiach-od-nanostruktur-weglowych-do-obrazowania-hiperspektralnego","status":"publish","type":"page","link":"https:\/\/us.edu.pl\/szkola-doktorska\/seminaria-obszarowe-w-roku-akademickim-2024-2025\/chemia-w-nowoczesnych-technologiach-od-nanostruktur-weglowych-do-obrazowania-hiperspektralnego\/","title":{"rendered":"Chemia w nowoczesnych technologiach. Od nanostruktur w\u0119glowych do obrazowania hiperspektralnego"},"content":{"rendered":"<p>[vc_row][vc_column]\r\n                <div class=\"text-modules \">\r\n                    <div class=\"container\">\r\n                        <h3 class=\"section-title section-title_border-bottom\">Chemia w nowoczesnych technologiach. Od nanostruktur w\u0119glowych do obrazowania hiperspektralnego<\/h3> \r\n                        <div class=\"row m-0\">\r\n                            <div class=\"text-modules__content\">\r\n                                Wydzia\u0142 Nauk \u015acis\u0142ych i Technicznych, Bankowa 14, sala 116<br \/>\n16.04.2025 Pawe\u0142 Dziki &#8211; Kontrola jako\u015bci produkt\u00f3w poligraficznych przy u\u017cyciu kamer hiperspektralnych ze szczeg\u00f3lnym uwzgl\u0119dnieniem barwy, godz. 16.00-16.30<br \/>\n16.04.2025 Krzysztof Cwynar &#8211; Charakterystyka nanofluid\u00f3w jonowych z funkcjonalizowanymi wielo\u015bciennymi nanorurkami w\u0119glowymi, godz. 16.30-17.00<br \/>\n16.04.2025 Patrycja Filipek &#8211; Nowe nanografeny na potrzeby nowoczesnych technologii &#8211; synteza (elektro)chemiczna i badanie w\u0142a\u015bciwo\u015bci, godz. 17.00-17.30.<\/p>\n<p>Opiekun: dr \u0141ukasz Pieszczek \r\n                                <div class=\"mt-3\"><\/div>\r\n                            <\/div>\r\n                            \r\n                            <div class=\"text-modules__img\"><img src=\"https:\/\/us.edu.pl\/szkola-doktorska\/wp-content\/uploads\/sites\/50\/Bez-kategorii\/1200x1200_ogolny_SD_Seminaria_Obszarowe_Doktorant-w-2.png\" alt=\"img\"><\/div>\r\n                        <\/div>\r\n                    <\/div>\r\n                <\/div>[\/vc_column][\/vc_row]<\/p>","protected":false},"excerpt":{"rendered":"<p>[vc_row][vc_column][\/vc_column][\/vc_row] [&#8230;]<\/p>\n<p><a class=\"btn btn-secondary understrap-read-more-link\" href=\"https:\/\/us.edu.pl\/szkola-doktorska\/seminaria-obszarowe-w-roku-akademickim-2024-2025\/chemia-w-nowoczesnych-technologiach-od-nanostruktur-weglowych-do-obrazowania-hiperspektralnego\/\">Read More&#8230;<\/a><\/p>\n","protected":false},"author":205,"featured_media":0,"parent":7779,"menu_order":0,"comment_status":"closed","ping_status":"closed","template":"","meta":{"_expiration-date-status":"","_expiration-date":0,"_expiration-date-type":"","_expiration-date-categories":[],"_expiration-date-options":[]},"acf":[],"_links":{"self":[{"href":"https:\/\/us.edu.pl\/szkola-doktorska\/wp-json\/wp\/v2\/pages\/14067"}],"collection":[{"href":"https:\/\/us.edu.pl\/szkola-doktorska\/wp-json\/wp\/v2\/pages"}],"about":[{"href":"https:\/\/us.edu.pl\/szkola-doktorska\/wp-json\/wp\/v2\/types\/page"}],"author":[{"embeddable":true,"href":"https:\/\/us.edu.pl\/szkola-doktorska\/wp-json\/wp\/v2\/users\/205"}],"replies":[{"embeddable":true,"href":"https:\/\/us.edu.pl\/szkola-doktorska\/wp-json\/wp\/v2\/comments?post=14067"}],"version-history":[{"count":1,"href":"https:\/\/us.edu.pl\/szkola-doktorska\/wp-json\/wp\/v2\/pages\/14067\/revisions"}],"predecessor-version":[{"id":14071,"href":"https:\/\/us.edu.pl\/szkola-doktorska\/wp-json\/wp\/v2\/pages\/14067\/revisions\/14071"}],"up":[{"embeddable":true,"href":"https:\/\/us.edu.pl\/szkola-doktorska\/wp-json\/wp\/v2\/pages\/7779"}],"wp:attachment":[{"href":"https:\/\/us.edu.pl\/szkola-doktorska\/wp-json\/wp\/v2\/media?parent=14067"}],"curies":[{"name":"wp","href":"https:\/\/api.w.org\/{rel}","templated":true}]}}