{"id":14074,"date":"2025-02-20T11:02:57","date_gmt":"2025-02-20T10:02:57","guid":{"rendered":"https:\/\/us.edu.pl\/szkola-doktorska\/?page_id=14074"},"modified":"2025-02-20T11:03:20","modified_gmt":"2025-02-20T10:03:20","slug":"interdyscypilnarne-seminarium-obszarowe-badania-nowoczesnych-materialow-funkcjonalnych-i-farmaceutycznych-substancji-aktywnych","status":"publish","type":"page","link":"https:\/\/us.edu.pl\/szkola-doktorska\/seminaria-obszarowe-w-roku-akademickim-2024-2025\/interdyscypilnarne-seminarium-obszarowe-badania-nowoczesnych-materialow-funkcjonalnych-i-farmaceutycznych-substancji-aktywnych\/","title":{"rendered":"Interdyscypilnarne seminarium obszarowe. Badania nowoczesnych materia\u0142\u00f3w funkcjonalnych i farmaceutycznych substancji aktywnych"},"content":{"rendered":"<p>[vc_row][vc_column]\r\n                <div class=\"text-modules \">\r\n                    <div class=\"container\">\r\n                        <h3 class=\"section-title section-title_border-bottom\">Interdyscypilnarne seminarium obszarowe. Badania nowoczesnych materia\u0142\u00f3w funkcjonalnych i farmaceutycznych substancji aktywnych<\/h3> \r\n                        <div class=\"row m-0\">\r\n                            <div class=\"text-modules__content\">\r\n                                Nazwa seminarium: &#8221;Interdyscypilnarne seminarium obszarowe. Badania nowoczesnych materia\u0142\u00f3w funkcjonalnych i farmaceutycznych substancji aktywnych&#8221;<\/p>\n<p>\u015al\u0105skie Mi\u0119dzyuczelniane Centrum Edukacji i Bada\u0144 Interdyscyplinarnych, Instytut Fizyki im. Augusta Che\u0142kowskiego 75 Pu\u0142ku Piechoty 1A, 41-500 Chorz\u00f3w<br \/>\nOpiekun: dr in\u017c. Roksana Bernat , Wydzia\u0142 Nauk \u015acis\u0142ych i Technicznych Sala: (do usrtalenia) Godzina spotka\u0144: (do ustalenia)<\/p>\n<p>04.04.25 &#8211; \u0141ukasz Scheller &#8211; &#8222;Rola symetrii i struktury krystalicznej w analizie wydajno\u015bci materia\u0142\u00f3w porowatych u\u017cywanych do magazynowania energii. Badania ex-situ i in-operando.&#8221;<br \/>\n04.04.25 &#8211; Dominik Dreszer &#8211; &#8222;Synteza i badanie w\u0142a\u015bciwo\u015bci biologicznych rozpuszczalnych w wodzie nanomateria\u0142\u00f3w fullerenowych&#8221;<br \/>\n11.04.25 &#8211; Paulina Jesionek-Ratka &#8211; &#8222;Badanie dynamiki i oddzia\u0142ywa\u0144 molekularnych w substancjach aktywnych tworz\u0105cych struktury supramolekularne w r\u00f3\u017cnych warunkach termodynamicznych.&#8221;<br \/>\n11.04.25 &#8211; Sara Zimny &#8211; &#8222;Badanie dynamiki molekularnej wybranych polimer\u00f3w w wysokim ci\u015bnieniu, jak r\u00f3wnie\u017c w uk\u0142adach mezoporowatych.&#8221;<\/p>\n<p>Opiekun: dr in\u017c. Roksana Bernat \r\n                                <div class=\"mt-3\"><\/div>\r\n                            <\/div>\r\n                            \r\n                            \r\n                        <\/div>\r\n                    <\/div>\r\n                <\/div>[\/vc_column][\/vc_row]<\/p>","protected":false},"excerpt":{"rendered":"<p>[vc_row][vc_column][\/vc_column][\/vc_row] [&#8230;]<\/p>\n<p><a class=\"btn btn-secondary understrap-read-more-link\" href=\"https:\/\/us.edu.pl\/szkola-doktorska\/seminaria-obszarowe-w-roku-akademickim-2024-2025\/interdyscypilnarne-seminarium-obszarowe-badania-nowoczesnych-materialow-funkcjonalnych-i-farmaceutycznych-substancji-aktywnych\/\">Read More&#8230;<\/a><\/p>\n","protected":false},"author":205,"featured_media":0,"parent":7779,"menu_order":0,"comment_status":"closed","ping_status":"closed","template":"","meta":{"_expiration-date-status":"","_expiration-date":0,"_expiration-date-type":"","_expiration-date-categories":[],"_expiration-date-options":[]},"acf":[],"_links":{"self":[{"href":"https:\/\/us.edu.pl\/szkola-doktorska\/wp-json\/wp\/v2\/pages\/14074"}],"collection":[{"href":"https:\/\/us.edu.pl\/szkola-doktorska\/wp-json\/wp\/v2\/pages"}],"about":[{"href":"https:\/\/us.edu.pl\/szkola-doktorska\/wp-json\/wp\/v2\/types\/page"}],"author":[{"embeddable":true,"href":"https:\/\/us.edu.pl\/szkola-doktorska\/wp-json\/wp\/v2\/users\/205"}],"replies":[{"embeddable":true,"href":"https:\/\/us.edu.pl\/szkola-doktorska\/wp-json\/wp\/v2\/comments?post=14074"}],"version-history":[{"count":1,"href":"https:\/\/us.edu.pl\/szkola-doktorska\/wp-json\/wp\/v2\/pages\/14074\/revisions"}],"predecessor-version":[{"id":14078,"href":"https:\/\/us.edu.pl\/szkola-doktorska\/wp-json\/wp\/v2\/pages\/14074\/revisions\/14078"}],"up":[{"embeddable":true,"href":"https:\/\/us.edu.pl\/szkola-doktorska\/wp-json\/wp\/v2\/pages\/7779"}],"wp:attachment":[{"href":"https:\/\/us.edu.pl\/szkola-doktorska\/wp-json\/wp\/v2\/media?parent=14074"}],"curies":[{"name":"wp","href":"https:\/\/api.w.org\/{rel}","templated":true}]}}