{"id":14088,"date":"2025-02-20T11:07:31","date_gmt":"2025-02-20T10:07:31","guid":{"rendered":"https:\/\/us.edu.pl\/szkola-doktorska\/?page_id=14088"},"modified":"2025-04-14T13:19:02","modified_gmt":"2025-04-14T11:19:02","slug":"badania-wlasciwosci-dynamiki-i-struktury-polimerow-i-cieklych-krysztalow","status":"publish","type":"page","link":"https:\/\/us.edu.pl\/szkola-doktorska\/seminaria-obszarowe-w-roku-akademickim-2024-2025\/badania-wlasciwosci-dynamiki-i-struktury-polimerow-i-cieklych-krysztalow\/","title":{"rendered":"Badania w\u0142a\u015bciwo\u015bci, dynamiki i struktury polimer\u00f3w i ciek\u0142ych kryszta\u0142\u00f3w"},"content":{"rendered":"<p>[vc_row][vc_column]\r\n                <div class=\"text-modules \">\r\n                    <div class=\"container\">\r\n                        <h3 class=\"section-title section-title_border-bottom\">Badania w\u0142a\u015bciwo\u015bci, dynamiki i struktury polimer\u00f3w i ciek\u0142ych kryszta\u0142\u00f3w<\/h3> \r\n                        <div class=\"row m-0\">\r\n                            <div class=\"text-modules__content\">\r\n                                \u015al\u0105skie Mi\u0119dzyuczelniane Centrum Edukacji i Bada\u0144 Interdyscyplinarnych, 75 Pu\u0142ku Piechoty 1A, 41-500 Chorz\u00f3w, sala A\/1\/02.<\/p>\n<p>1. 15.04.25 godz. 10:00 Bogumi\u0142a Szostak &#8222;Molekularna spektroskopia si\u0142 \u0142a\u0144cuch\u00f3w polimerowych&#8221;<br \/>\n2. 15.04.25 godz 10:45 Barbara Loska &#8222;Rola oddzia\u0142ywa\u0144 mi\u0119dzycz\u0105steczkowych, molekularnego k\u0105ta zgi\u0119cia i dwuosiowo\u015bci w stabilizacji struktury fazy twist-bend materia\u0142\u00f3w ciek\u0142okrystalicznych&#8221;<\/p>\n<p>Opiekun: dr hab. Jaros\u0142aw Paturej, prof. U\u015a \r\n                                <div class=\"mt-3\"><\/div>\r\n                            <\/div>\r\n                            \r\n                            \r\n                        <\/div>\r\n                    <\/div>\r\n                <\/div>[\/vc_column][\/vc_row]<\/p>","protected":false},"excerpt":{"rendered":"<p>[vc_row][vc_column][\/vc_column][\/vc_row] [&#8230;]<\/p>\n<p><a class=\"btn btn-secondary understrap-read-more-link\" href=\"https:\/\/us.edu.pl\/szkola-doktorska\/seminaria-obszarowe-w-roku-akademickim-2024-2025\/badania-wlasciwosci-dynamiki-i-struktury-polimerow-i-cieklych-krysztalow\/\">Read More&#8230;<\/a><\/p>\n","protected":false},"author":205,"featured_media":0,"parent":7779,"menu_order":0,"comment_status":"closed","ping_status":"closed","template":"","meta":{"_expiration-date-status":"","_expiration-date":0,"_expiration-date-type":"","_expiration-date-categories":[],"_expiration-date-options":[]},"acf":[],"_links":{"self":[{"href":"https:\/\/us.edu.pl\/szkola-doktorska\/wp-json\/wp\/v2\/pages\/14088"}],"collection":[{"href":"https:\/\/us.edu.pl\/szkola-doktorska\/wp-json\/wp\/v2\/pages"}],"about":[{"href":"https:\/\/us.edu.pl\/szkola-doktorska\/wp-json\/wp\/v2\/types\/page"}],"author":[{"embeddable":true,"href":"https:\/\/us.edu.pl\/szkola-doktorska\/wp-json\/wp\/v2\/users\/205"}],"replies":[{"embeddable":true,"href":"https:\/\/us.edu.pl\/szkola-doktorska\/wp-json\/wp\/v2\/comments?post=14088"}],"version-history":[{"count":2,"href":"https:\/\/us.edu.pl\/szkola-doktorska\/wp-json\/wp\/v2\/pages\/14088\/revisions"}],"predecessor-version":[{"id":17016,"href":"https:\/\/us.edu.pl\/szkola-doktorska\/wp-json\/wp\/v2\/pages\/14088\/revisions\/17016"}],"up":[{"embeddable":true,"href":"https:\/\/us.edu.pl\/szkola-doktorska\/wp-json\/wp\/v2\/pages\/7779"}],"wp:attachment":[{"href":"https:\/\/us.edu.pl\/szkola-doktorska\/wp-json\/wp\/v2\/media?parent=14088"}],"curies":[{"name":"wp","href":"https:\/\/api.w.org\/{rel}","templated":true}]}}