{"id":14102,"date":"2025-02-21T11:03:24","date_gmt":"2025-02-21T10:03:24","guid":{"rendered":"https:\/\/us.edu.pl\/szkola-doktorska\/?page_id=14102"},"modified":"2025-02-21T11:06:18","modified_gmt":"2025-02-21T10:06:18","slug":"prawo-karne","status":"publish","type":"page","link":"https:\/\/us.edu.pl\/szkola-doktorska\/seminaria-obszarowe-w-roku-akademickim-2024-2025\/prawo-karne\/","title":{"rendered":"Prawo karne"},"content":{"rendered":"<p>[vc_row][vc_column]\r\n                <div class=\"text-modules \">\r\n                    <div class=\"container\">\r\n                        <h3 class=\"section-title section-title_border-bottom\">Prawo karne<\/h3> \r\n                        <div class=\"row m-0\">\r\n                            <div class=\"text-modules__content\">\r\n                                mgr Jakub Hanc<\/p>\n<p>3 marca 2025 r. &#8211; Wydzia\u0142 Prawa i Administracji Uniwersytetu \u015al\u0105skiego ul. Bankowa 11B (pok. 3.16) &#8211; Przeobra\u017cenia zasad odpowiedzialno\u015bci karnej za przest\u0119pstwa skutkowe pope\u0142nione przez zaniechanie w prawie polskim i niemieckoj\u0119zycznym (stacjonarnie lub zdalnie &#8211; https:\/\/teams.microsoft.com\/l\/channel\/19%3aY-iu_YcvTYRndbGCz7Sajq0m-b7vXI9hJnAGlKN8qkA1%40thread.tacv2\/Og%25C3%25B3lny?groupId=2f86a263-869f-4074-a07b-da7a23b57e72&amp;tenantId=50c76291-0c80-4444-a2fb-4f8ab168c311)<\/p>\n<p>Opiekun: dr hab. Olga Sitarz, prof. U\u015a \r\n                                <div class=\"mt-3\"><\/div>\r\n                            <\/div>\r\n                            \r\n                            <div class=\"text-modules__img\"><img src=\"https:\/\/us.edu.pl\/szkola-doktorska\/wp-content\/uploads\/sites\/50\/Bez-kategorii\/1200x1200_ogolny_SD_Seminaria_Obszarowe_Doktorant-w-2.png\" alt=\"img\"><\/div>\r\n                        <\/div>\r\n                    <\/div>\r\n                <\/div>[\/vc_column][\/vc_row]<\/p>","protected":false},"excerpt":{"rendered":"<p>[vc_row][vc_column][\/vc_column][\/vc_row] [&#8230;]<\/p>\n<p><a class=\"btn btn-secondary understrap-read-more-link\" href=\"https:\/\/us.edu.pl\/szkola-doktorska\/seminaria-obszarowe-w-roku-akademickim-2024-2025\/prawo-karne\/\">Read More&#8230;<\/a><\/p>\n","protected":false},"author":205,"featured_media":0,"parent":7779,"menu_order":0,"comment_status":"closed","ping_status":"closed","template":"","meta":{"_expiration-date-status":"","_expiration-date":0,"_expiration-date-type":"","_expiration-date-categories":[],"_expiration-date-options":[]},"acf":[],"_links":{"self":[{"href":"https:\/\/us.edu.pl\/szkola-doktorska\/wp-json\/wp\/v2\/pages\/14102"}],"collection":[{"href":"https:\/\/us.edu.pl\/szkola-doktorska\/wp-json\/wp\/v2\/pages"}],"about":[{"href":"https:\/\/us.edu.pl\/szkola-doktorska\/wp-json\/wp\/v2\/types\/page"}],"author":[{"embeddable":true,"href":"https:\/\/us.edu.pl\/szkola-doktorska\/wp-json\/wp\/v2\/users\/205"}],"replies":[{"embeddable":true,"href":"https:\/\/us.edu.pl\/szkola-doktorska\/wp-json\/wp\/v2\/comments?post=14102"}],"version-history":[{"count":2,"href":"https:\/\/us.edu.pl\/szkola-doktorska\/wp-json\/wp\/v2\/pages\/14102\/revisions"}],"predecessor-version":[{"id":14110,"href":"https:\/\/us.edu.pl\/szkola-doktorska\/wp-json\/wp\/v2\/pages\/14102\/revisions\/14110"}],"up":[{"embeddable":true,"href":"https:\/\/us.edu.pl\/szkola-doktorska\/wp-json\/wp\/v2\/pages\/7779"}],"wp:attachment":[{"href":"https:\/\/us.edu.pl\/szkola-doktorska\/wp-json\/wp\/v2\/media?parent=14102"}],"curies":[{"name":"wp","href":"https:\/\/api.w.org\/{rel}","templated":true}]}}