{"id":14111,"date":"2025-02-21T11:16:04","date_gmt":"2025-02-21T10:16:04","guid":{"rendered":"https:\/\/us.edu.pl\/szkola-doktorska\/?page_id=14111"},"modified":"2025-02-21T11:16:35","modified_gmt":"2025-02-21T10:16:35","slug":"wspolczesne-wyzwania-prawa-prywatnego","status":"publish","type":"page","link":"https:\/\/us.edu.pl\/szkola-doktorska\/seminaria-obszarowe-w-roku-akademickim-2024-2025\/wspolczesne-wyzwania-prawa-prywatnego\/","title":{"rendered":"Wsp\u00f3\u0142czesne wyzwania prawa prywatnego"},"content":{"rendered":"<p>[vc_row][vc_column]\r\n                <div class=\"text-modules \">\r\n                    <div class=\"container\">\r\n                        <h3 class=\"section-title section-title_border-bottom\">Wsp\u00f3\u0142czesne wyzwania prawa prywatnego<\/h3> \r\n                        <div class=\"row m-0\">\r\n                            <div class=\"text-modules__content\">\r\n                                Wydzia\u0142 Prawa i Administracji, Uniwersytet \u015al\u0105ski w Katowicach, Bankowa 11B, 40-007 Katowice<\/p>\n<p>26 kwietnia 2024, godz. 16:00-18:00, aula nr 3<br \/>\nmgr Jakub Wyczik: \u201ePrawa w\u0142asno\u015bci (intelektualnej) do danych wygenerowanych przez sztuczn\u0105<br \/>\ninteligencj\u0119\u201d<br \/>\nmgr Maciej Langer: \u201eTokeny cyfrowe jako \u015brodki symbolizuj\u0105ce prawa podmiotowe\u201d<\/p>\n<p>8 maja 2024, godz. 16:00-18:00, sala nr 3.48<br \/>\nmgr Alicja Walkarz: \u201ePoj\u0119cie i w\u0142asno\u015b\u0107 nieruchomo\u015bci opuszczonych w prawie cywilnym\u201d<br \/>\nmgr Ma\u0142gorzata Roj: \u201ePrzest\u0119pstwo w prawie cywilnym\u201d \r\n                                <div class=\"mt-3\"><\/div>\r\n                            <\/div>\r\n                            \r\n                            <div class=\"text-modules__img\"><img src=\"https:\/\/us.edu.pl\/szkola-doktorska\/wp-content\/uploads\/sites\/50\/Bez-kategorii\/1200x1200_ogolny_SD_Seminaria_Obszarowe_Doktorant-w-2.png\" alt=\"img\"><\/div>\r\n                        <\/div>\r\n                    <\/div>\r\n                <\/div>[\/vc_column][\/vc_row]<\/p>","protected":false},"excerpt":{"rendered":"<p>[vc_row][vc_column][\/vc_column][\/vc_row] [&#8230;]<\/p>\n<p><a class=\"btn btn-secondary understrap-read-more-link\" href=\"https:\/\/us.edu.pl\/szkola-doktorska\/seminaria-obszarowe-w-roku-akademickim-2024-2025\/wspolczesne-wyzwania-prawa-prywatnego\/\">Read More&#8230;<\/a><\/p>\n","protected":false},"author":205,"featured_media":0,"parent":7779,"menu_order":0,"comment_status":"closed","ping_status":"closed","template":"","meta":{"_expiration-date-status":"","_expiration-date":0,"_expiration-date-type":"","_expiration-date-categories":[],"_expiration-date-options":[]},"acf":[],"_links":{"self":[{"href":"https:\/\/us.edu.pl\/szkola-doktorska\/wp-json\/wp\/v2\/pages\/14111"}],"collection":[{"href":"https:\/\/us.edu.pl\/szkola-doktorska\/wp-json\/wp\/v2\/pages"}],"about":[{"href":"https:\/\/us.edu.pl\/szkola-doktorska\/wp-json\/wp\/v2\/types\/page"}],"author":[{"embeddable":true,"href":"https:\/\/us.edu.pl\/szkola-doktorska\/wp-json\/wp\/v2\/users\/205"}],"replies":[{"embeddable":true,"href":"https:\/\/us.edu.pl\/szkola-doktorska\/wp-json\/wp\/v2\/comments?post=14111"}],"version-history":[{"count":1,"href":"https:\/\/us.edu.pl\/szkola-doktorska\/wp-json\/wp\/v2\/pages\/14111\/revisions"}],"predecessor-version":[{"id":14115,"href":"https:\/\/us.edu.pl\/szkola-doktorska\/wp-json\/wp\/v2\/pages\/14111\/revisions\/14115"}],"up":[{"embeddable":true,"href":"https:\/\/us.edu.pl\/szkola-doktorska\/wp-json\/wp\/v2\/pages\/7779"}],"wp:attachment":[{"href":"https:\/\/us.edu.pl\/szkola-doktorska\/wp-json\/wp\/v2\/media?parent=14111"}],"curies":[{"name":"wp","href":"https:\/\/api.w.org\/{rel}","templated":true}]}}