{"id":14122,"date":"2025-02-21T11:20:39","date_gmt":"2025-02-21T10:20:39","guid":{"rendered":"https:\/\/us.edu.pl\/szkola-doktorska\/?page_id=14122"},"modified":"2025-02-21T11:21:00","modified_gmt":"2025-02-21T10:21:00","slug":"seminarium-prawa-klimatycznego-i-energetycznego","status":"publish","type":"page","link":"https:\/\/us.edu.pl\/szkola-doktorska\/seminaria-obszarowe-w-roku-akademickim-2024-2025\/seminarium-prawa-klimatycznego-i-energetycznego\/","title":{"rendered":"Seminarium prawa klimatycznego i energetycznego"},"content":{"rendered":"<p>[vc_row][vc_column]\r\n                <div class=\"text-modules \">\r\n                    <div class=\"container\">\r\n                        <h3 class=\"section-title section-title_border-bottom\">Seminarium prawa klimatycznego i energetycznego<\/h3> \r\n                        <div class=\"row m-0\">\r\n                            <div class=\"text-modules__content\">\r\n                                Wydzia\u0142 Prawa i Administracji Uniwersytetu \u015al\u0105skiego w Katowicach<br \/>\n1. 4 marca 2025 r., godz. 15.00 &#8211; Ma\u0142gorzata Bryk-Zwolska &#8211; Mechanizm dostosowania cen na granicy z uwzgl\u0119dnieniem emisji CO2 jako instrument prawny ochrony klimatu w Unii Europejskiej<br \/>\n2. 4 marca 2025 r., godz. 15.20 &#8211; Jakub Kmie\u0107 &#8211; Klaster energii jako prawny instrument realizacji polityki energetycznej pa\u0144stwa<br \/>\n3. 4 marca 2025 r., godz. 15.40 &#8211; Artur J. Ty\u0144ski &#8211; Nadz\u00f3r Prezesa Pa\u0144stwowej Agencji Atomistyki nad operatorami elektrowni j\u0105drowych<br \/>\n4. 4 marca 2025 r., godz. 16.00 zamkni\u0119cie seminarium \r\n                                <div class=\"mt-3\"><\/div>\r\n                            <\/div>\r\n                            \r\n                            <div class=\"text-modules__img\"><img src=\"https:\/\/us.edu.pl\/szkola-doktorska\/wp-content\/uploads\/sites\/50\/Bez-kategorii\/1200x1200_ogolny_SD_Seminaria_Obszarowe_Doktorant-w-2.png\" alt=\"img\"><\/div>\r\n                        <\/div>\r\n                    <\/div>\r\n                <\/div>[\/vc_column][\/vc_row]<\/p>","protected":false},"excerpt":{"rendered":"<p>[vc_row][vc_column][\/vc_column][\/vc_row] [&#8230;]<\/p>\n<p><a class=\"btn btn-secondary understrap-read-more-link\" href=\"https:\/\/us.edu.pl\/szkola-doktorska\/seminaria-obszarowe-w-roku-akademickim-2024-2025\/seminarium-prawa-klimatycznego-i-energetycznego\/\">Read More&#8230;<\/a><\/p>\n","protected":false},"author":205,"featured_media":0,"parent":7779,"menu_order":0,"comment_status":"closed","ping_status":"closed","template":"","meta":{"_expiration-date-status":"","_expiration-date":0,"_expiration-date-type":"","_expiration-date-categories":[],"_expiration-date-options":[]},"acf":[],"_links":{"self":[{"href":"https:\/\/us.edu.pl\/szkola-doktorska\/wp-json\/wp\/v2\/pages\/14122"}],"collection":[{"href":"https:\/\/us.edu.pl\/szkola-doktorska\/wp-json\/wp\/v2\/pages"}],"about":[{"href":"https:\/\/us.edu.pl\/szkola-doktorska\/wp-json\/wp\/v2\/types\/page"}],"author":[{"embeddable":true,"href":"https:\/\/us.edu.pl\/szkola-doktorska\/wp-json\/wp\/v2\/users\/205"}],"replies":[{"embeddable":true,"href":"https:\/\/us.edu.pl\/szkola-doktorska\/wp-json\/wp\/v2\/comments?post=14122"}],"version-history":[{"count":1,"href":"https:\/\/us.edu.pl\/szkola-doktorska\/wp-json\/wp\/v2\/pages\/14122\/revisions"}],"predecessor-version":[{"id":14126,"href":"https:\/\/us.edu.pl\/szkola-doktorska\/wp-json\/wp\/v2\/pages\/14122\/revisions\/14126"}],"up":[{"embeddable":true,"href":"https:\/\/us.edu.pl\/szkola-doktorska\/wp-json\/wp\/v2\/pages\/7779"}],"wp:attachment":[{"href":"https:\/\/us.edu.pl\/szkola-doktorska\/wp-json\/wp\/v2\/media?parent=14122"}],"curies":[{"name":"wp","href":"https:\/\/api.w.org\/{rel}","templated":true}]}}