{"id":1417,"date":"2020-05-22T20:46:43","date_gmt":"2020-05-22T18:46:43","guid":{"rendered":"https:\/\/us.edu.pl\/szkola-doktorska\/?page_id=1417"},"modified":"2026-02-04T09:19:35","modified_gmt":"2026-02-04T08:19:35","slug":"indywidualny-plan-badawczy","status":"publish","type":"page","link":"https:\/\/us.edu.pl\/szkola-doktorska\/indywidualny-plan-badawczy\/","title":{"rendered":"Indywidualny plan badawczy"},"content":{"rendered":"<p>[vc_row][vc_column]\r\n                <div class=\"text-modules\">\r\n                    <div class=\"container\">\r\n                        <h3 class=\"page-title text__title\">Indywidualny plan badawczy<\/h3>\r\n                        <div class=\"text-modules__content\"><p>Indywidualny plan badawczy (IPB) jest wi\u0105\u017c\u0105cym katalogiem zada\u0144 badawczych i rozwojowych, kt\u00f3rych celem jest przygotowanie rozprawy doktorskiej. Doktorant przedstawia dziekanowi Szko\u0142y Doktorskiej sw\u00f3j plan badawczy nie p\u00f3\u017aniej ni\u017c w 12 miesi\u0119cy od dnia rozpocz\u0119cia kszta\u0142cenia, w wersji polskoj\u0119zycznej lub wersji angloj\u0119zycznej. IPB i sprawozdania z jego realizacji s\u0105 najwa\u017cniejszymi dokumentami w trakcie oceny \u015br\u00f3dokresowej doktoranta.<\/p>\n<p>IPB zawiera opisowe informacje o planowanej rozprawie doktorskiej, harmonogram prac nad rozpraw\u0105 doktorsk\u0105 (w tym planowany termin jej z\u0142o\u017cenia), a tak\u017ce planowane publikacje, wyst\u0105pienia konferencyjne, kwerendy, sta\u017ce i inne dzia\u0142ania o charakterze istotnym dla planowanej rozprawy, a tak\u017ce bud\u017cet. Plan zawiera ponadto opini\u0119 promotora (promotor\u00f3w, promotora pomocniczego).<\/p>\n<p>Po pozytywnym zaopiniowaniu przez odpowiedniego koordynatora obszarowej w Szkole Doktorskiej, IPB podlega ocenie komisji ewaluacyjnej. Ta ocena jest elementem zaliczenia pierwszego roku kszta\u0142cenia.<\/p>\n<p>Zar\u00f3wno komisja, jak i koordynator obszarowy mog\u0105 proponowa\u0107 lub wymaga\u0107 zmian do wprowadzenia w planie przed jego ostatecznym zatwierdzeniem przez dziekana Szko\u0142y Doktorskiej. Szczeg\u00f3\u0142owa procedura jest przedstawiana w postaci zarz\u0105dzenia lub informacji od dziekana, oddzielnie dla ka\u017cdego rocznika doktorant\u00f3w Szko\u0142y Doktorskiej.<\/p>\n<\/div>\r\n                    <\/div>\r\n                <\/div>\r\n                <div class=\"tiles-section\" style=\"background: \">\r\n                    <div class=\"container\">\r\n                        <h3 class=\"page-title\">Wzory i procedury pracy z IPB dla kolejnych rocznik\u00f3w doktorant\u00f3w<\/h3>\r\n                        <div class=\"tiles tiles-3\">\r\n                            <a href=\"\/szkola-doktorska\/indywidualny-plan-badawczy\/indywidualny-plan-badawczy-2019-2020\/\" class=\"tile tile_ justify-content-center\" style=\"background-color: #002E5A; font-weight: ; color: #ffffff;  \">\r\n                                \r\n                                   \r\n                               \r\n                                <div class=\"tile__name\">rozpocz\u0119cie kszta\u0142cenia: 2019\/2020<\/div>\r\n                            <\/a>\r\n                            <a href=\"\/szkola-doktorska\/indywidualny-plan-badawczy\/indywidualny-plan-badawczy-2020-2021\/\" class=\"tile tile_ justify-content-center\" style=\"background-color: #002E5A; font-weight: ; color: #ffffff;  \">\r\n                                \r\n                                   \r\n                               \r\n                                <div class=\"tile__name\">rozpocz\u0119cie kszta\u0142cenia: 2020\/2021<\/div>\r\n                            <\/a>\r\n                            <a href=\"\/szkola-doktorska\/indywidualny-plan-badawczy\/indywidualny-plan-badawczy-2021-2022\/\" class=\"tile tile_ justify-content-center\" style=\"background-color: #002E5A; font-weight: ; color: #ffffff;  \">\r\n                                \r\n                                   \r\n                               \r\n                                <div class=\"tile__name\">rozpocz\u0119cie kszta\u0142cenia: 2021\/2022<\/div>\r\n                            <\/a>\r\n                            <a href=\"\/szkola-doktorska\/indywidualny-plan-badawczy\/indywidualny-plan-badawczy-2022-2023\/\" class=\"tile tile_ justify-content-center\" style=\"background-color: #002E5A; font-weight: ; color: #ffffff;  \">\r\n                                \r\n                                   \r\n                               \r\n                                <div class=\"tile__name\">rozpocz\u0119cie kszta\u0142cenia: 2022\/2023<\/div>\r\n                            <\/a>\r\n                            <a href=\"\/szkola-doktorska\/indywidualny-plan-badawczy\/indywidualny-plan-badawczy-2023-2024\/\" class=\"tile tile_ justify-content-center\" style=\"background-color: #002E5A; font-weight: ; color: #ffffff;  \">\r\n                                \r\n                                   \r\n                               \r\n                                <div class=\"tile__name\">rozpocz\u0119cie kszta\u0142cenia: 2023\/2024<\/div>\r\n                            <\/a>\r\n                            <a href=\"\/szkola-doktorska\/indywidualny-plan-badawczy\/indywidualny-plan-badawczy-2024-2025\/\" class=\"tile tile_ justify-content-center\" style=\"background-color: #002E5A; font-weight: ; color: #ffffff;  \">\r\n                                \r\n                                   \r\n                               \r\n                                <div class=\"tile__name\">rozpocz\u0119cie kszta\u0142cenia: 2024\/2025<\/div>\r\n                            <\/a>\r\n                            <a href=\"https:\/\/us.edu.pl\/szkola-doktorska\/indywidualny-plan-badawczy\/indywidualny-plan-badawczy-2025-2026-2\/\" class=\"tile tile_ justify-content-center\" style=\"background-color: #002E5A; font-weight: ; color: #ffffff;  \">\r\n                                \r\n                                   \r\n                               \r\n                                <div class=\"tile__name\">rozpocz\u0119cie kszta\u0142cenia 2025\/2026<\/div>\r\n                            <\/a><\/div>\r\n                    <\/div>\r\n                <\/div>[\/vc_column][\/vc_row]<\/p>","protected":false},"excerpt":{"rendered":"<p>[vc_row][vc_column][\/vc_column][\/vc_row] [&#8230;]<\/p>\n<p><a class=\"btn btn-secondary understrap-read-more-link\" href=\"https:\/\/us.edu.pl\/szkola-doktorska\/indywidualny-plan-badawczy\/\">Read More&#8230;<\/a><\/p>\n","protected":false},"author":42,"featured_media":0,"parent":0,"menu_order":0,"comment_status":"closed","ping_status":"closed","template":"","meta":{"_expiration-date-status":"","_expiration-date":0,"_expiration-date-type":"","_expiration-date-categories":[],"_expiration-date-options":[]},"acf":[],"_links":{"self":[{"href":"https:\/\/us.edu.pl\/szkola-doktorska\/wp-json\/wp\/v2\/pages\/1417"}],"collection":[{"href":"https:\/\/us.edu.pl\/szkola-doktorska\/wp-json\/wp\/v2\/pages"}],"about":[{"href":"https:\/\/us.edu.pl\/szkola-doktorska\/wp-json\/wp\/v2\/types\/page"}],"author":[{"embeddable":true,"href":"https:\/\/us.edu.pl\/szkola-doktorska\/wp-json\/wp\/v2\/users\/42"}],"replies":[{"embeddable":true,"href":"https:\/\/us.edu.pl\/szkola-doktorska\/wp-json\/wp\/v2\/comments?post=1417"}],"version-history":[{"count":10,"href":"https:\/\/us.edu.pl\/szkola-doktorska\/wp-json\/wp\/v2\/pages\/1417\/revisions"}],"predecessor-version":[{"id":24365,"href":"https:\/\/us.edu.pl\/szkola-doktorska\/wp-json\/wp\/v2\/pages\/1417\/revisions\/24365"}],"wp:attachment":[{"href":"https:\/\/us.edu.pl\/szkola-doktorska\/wp-json\/wp\/v2\/media?parent=1417"}],"curies":[{"name":"wp","href":"https:\/\/api.w.org\/{rel}","templated":true}]}}