{"id":1443,"date":"2020-05-27T11:57:02","date_gmt":"2020-05-27T09:57:02","guid":{"rendered":"https:\/\/us.edu.pl\/szkola-doktorska\/?page_id=1443"},"modified":"2020-07-10T11:32:42","modified_gmt":"2020-07-10T09:32:42","slug":"znajdz-promotora","status":"publish","type":"page","link":"https:\/\/us.edu.pl\/szkola-doktorska\/znajdz-promotora\/","title":{"rendered":"Znajd\u017a promotora"},"content":{"rendered":"<p>[vc_row][vc_column]\r\n                <div class=\"text-modules\">\r\n                    <div class=\"container\">\r\n                        <h3 class=\"page-title text__title\">Kandydaci na promotor\u00f3w w Szkole Doktorskiej<\/h3>\r\n                        <div class=\"text-modules__content\"><p>Poni\u017csze zestawienie zawiera osoby, kt\u00f3re zadeklarowa\u0142y ch\u0119\u0107 pracy jako promotorzy w Szkole Doktorskiej. Nie jest to lista zamkni\u0119ta &#8211; kandydaci mog\u0105 na w\u0142asn\u0105 r\u0119k\u0119 porozumiewa\u0107 si\u0119 z innymi pracownikami Uniwersytetu \u015al\u0105skiego, kt\u00f3rzy spe\u0142niaj\u0105 wymagania stawiane promotorom w Szkole Doktorskiej.<\/p>\n<p>Zobacz: <a href=\"\/szkola-doktorska\/promotor\/tryby-wyznaczenia-promotora\/\">kto mo\u017ce by\u0107 promotorem doktoranta w Szkole Doktorskiej<\/a>.<\/p>\n<p>Zestawienie jest uporz\u0105dkowane wed\u0142ug dyscyplin reprezentowanych przez badaczy. Cz\u0119\u015b\u0107 os\u00f3b mo\u017ce reprezentowa\u0107 r\u00f3\u017cne dyscypliny, wi\u0119c pojawia si\u0119 w zestawieniu kilka razy.<\/p>\n<\/div>\r\n                    <\/div>\r\n                <\/div>\r\n                <div class=\"tiles-section\" style=\"background: \">\r\n                    <div class=\"container\">\r\n                        <h3 class=\"page-title\">Obszar nauk przyrodniczych i \u015bcis\u0142ych oraz in\u017cynieryjno-technicznych<\/h3>\r\n                        <div class=\"tiles tiles-4\">\r\n                            <a href=\"\/szkola-doktorska\/znajdz-promotora-informatyka-techniczna-i-telekomunikacyjna\/\" class=\"tile tile_ justify-content-center\" style=\"background-color: #ffffff; font-weight: ; color: #002E5A;  \">\r\n                                \r\n                                   \r\n                               \r\n                                <div class=\"tile__name\">informatyka techniczna i telekomunikacja<\/div>\r\n                            <\/a>\r\n                            <a href=\"\/szkola-doktorska\/znajdz-promotora-inzynieria-materialowa\/\" class=\"tile tile_ justify-content-center\" style=\"background-color: #ffffff; font-weight: ; color: #002E5A;  \">\r\n                                \r\n                                   \r\n                               \r\n                                <div class=\"tile__name\">in\u017cynieria materia\u0142owa<\/div>\r\n                            <\/a>\r\n                            <a href=\"\/szkola-doktorska\/znajdz-promotora-matematyka\/\" class=\"tile tile_ justify-content-center\" style=\"background-color: #ffffff; font-weight: ; color: #002E5A;  \">\r\n                                \r\n                                   \r\n                               \r\n                                <div class=\"tile__name\">matematyka<\/div>\r\n                            <\/a>\r\n                            <a href=\"\/szkola-doktorska\/znajdz-promotora-nauki-biologiczne\/\" class=\"tile tile_ justify-content-center\" style=\"background-color: #ffffff; font-weight: ; color: #002E5A;  \">\r\n                                \r\n                                   \r\n                               \r\n                                <div class=\"tile__name\">nauki biologiczne<\/div>\r\n                            <\/a>\r\n                            <a href=\"\/szkola-doktorska\/znajdz-promotora-nauki-chemiczne\/\" class=\"tile tile_ justify-content-center\" style=\"background-color: #ffffff; font-weight: ; color: #002E5A;  \">\r\n                                \r\n                                   \r\n                               \r\n                                <div class=\"tile__name\">nauki chemiczne<\/div>\r\n                            <\/a>\r\n                            <a href=\"\/szkola-doktorska\/znajdz-promotora-nauki-fizyczne\/\" class=\"tile tile_ justify-content-center\" style=\"background-color: #ffffff; font-weight: ; color: #002E5A;  \">\r\n                                \r\n                                   \r\n                               \r\n                                <div class=\"tile__name\">nauki fizyczne<\/div>\r\n                            <\/a>\r\n                            <a href=\"\/szkola-doktorska\/nauki-o-ziemi-i-srodowisku-znajdz-promotora\/\" class=\"tile tile_ justify-content-center\" style=\"background-color: #ffffff; font-weight: ; color: #002E5A;  \">\r\n                                \r\n                                   \r\n                               \r\n                                <div class=\"tile__name\">nauki o Ziemi i \u015brodowisku<\/div>\r\n                            <\/a><\/div>\r\n                    <\/div>\r\n                <\/div>\r\n                <div class=\"tiles-section\" style=\"background: \">\r\n                    <div class=\"container\">\r\n                        <h3 class=\"page-title\">obszar nauk spo\u0142ecznych<\/h3>\r\n                        <div class=\"tiles tiles-4\">\r\n                            <a href=\"\/szkola-doktorska\/znajdz-promotora-nauki-o-komunikacji-spolecznej-i-mediach\/\" class=\"tile tile_ justify-content-center\" style=\"background-color: #ffffff; font-weight: ; color: #002E5A;  \">\r\n                                \r\n                                   \r\n                               \r\n                                <div class=\"tile__name\">nauki o komunikacji spo\u0142ecznej i mediach<\/div>\r\n                            <\/a>\r\n                            <a href=\"\/szkola-doktorska\/znajdz-promotora-nauki-o-polityce-i-administracji\/\" class=\"tile tile_ justify-content-center\" style=\"background-color: #ffffff; font-weight: ; color: #002E5A;  \">\r\n                                \r\n                                   \r\n                               \r\n                                <div class=\"tile__name\">nauki o polityce i administracji<\/div>\r\n                            <\/a>\r\n                            <a href=\"\/szkola-doktorska\/znajdz-promotora-nauki-prawne\/\" class=\"tile tile_ justify-content-center\" style=\"background-color: #ffffff; font-weight: ; color: #002E5A;  \">\r\n                                \r\n                                   \r\n                               \r\n                                <div class=\"tile__name\">nauki prawne<\/div>\r\n                            <\/a>\r\n                            <a href=\"\/szkola-doktorska\/znajdz-promotora-nauki-socjologiczne\/\" class=\"tile tile_ justify-content-center\" style=\"background-color: #ffffff; font-weight: ; color: #002E5A;  \">\r\n                                \r\n                                   \r\n                               \r\n                                <div class=\"tile__name\">nauki socjologiczne<\/div>\r\n                            <\/a>\r\n                            <a href=\"\/szkola-doktorska\/promotorzy-oferty-pedagogika\/\" class=\"tile tile_ justify-content-center\" style=\"background-color: #ffffff; font-weight: ; color: #002E5A;  \">\r\n                                \r\n                                   \r\n                               \r\n                                <div class=\"tile__name\">pedagogika<\/div>\r\n                            <\/a>\r\n                            <a href=\"szkola-doktorska\/znajdz-promotora\/znajdz-promotora-psychologia\/\" class=\"tile tile_ justify-content-center\" style=\"background-color: #ffffff; font-weight: ; color: #002E5A;  \">\r\n                                \r\n                                   \r\n                               \r\n                                <div class=\"tile__name\">psychologia<\/div>\r\n                            <\/a><\/div>\r\n                    <\/div>\r\n                <\/div>\r\n                <div class=\"tiles-section\" style=\"background: \">\r\n                    <div class=\"container\">\r\n                        <h3 class=\"page-title\">Obszar nauk humanistycznych, nauk teologicznych i sztuki<\/h3>\r\n                        <div class=\"tiles tiles-4\">\r\n                            <a href=\"\/szkola-doktorska\/1980-2\/\" class=\"tile tile_ justify-content-center\" style=\"background-color: #ffffff; font-weight: ; color: #002E5A;  \">\r\n                                \r\n                                   \r\n                               \r\n                                <div class=\"tile__name\">filozofia<\/div>\r\n                            <\/a>\r\n                            <a href=\"\/szkola-doktorska\/znajdz-promotora-historia\/\" class=\"tile tile_ justify-content-center\" style=\"background-color: #ffffff; font-weight: ; color: #002E5A;  \">\r\n                                \r\n                                   \r\n                               \r\n                                <div class=\"tile__name\">historia<\/div>\r\n                            <\/a>\r\n                            <a href=\"\/szkola-doktorska\/znajdz-promotora-jezykoznawstwo\/\" class=\"tile tile_ justify-content-center\" style=\"background-color: #ffffff; font-weight: ; color: #002E5A;  \">\r\n                                \r\n                                   \r\n                               \r\n                                <div class=\"tile__name\">j\u0119zykoznawstwo<\/div>\r\n                            <\/a>\r\n                            <a href=\"\/szkola-doktorska\/znajdz-promotora-literaturoznawstwo\/\" class=\"tile tile_ justify-content-center\" style=\"background-color: #ffffff; font-weight: ; color: #002E5A;  \">\r\n                                \r\n                                   \r\n                               \r\n                                <div class=\"tile__name\">literaturoznawstwo<\/div>\r\n                            <\/a>\r\n                            <a href=\"\/szkola-doktorska\/znajdz-promotora-nauki-o-kulturze-i-religii\/\" class=\"tile tile_ justify-content-center\" style=\"background-color: #ffffff; font-weight: ; color: #002E5A;  \">\r\n                                \r\n                                   \r\n                               \r\n                                <div class=\"tile__name\">nauki o kulturze i religii<\/div>\r\n                            <\/a>\r\n                            <a href=\"\/szkola-doktorska\/znajdz-promotora-nauki-teologiczne\/\" class=\"tile tile_ justify-content-center\" style=\"background-color: #ffffff; font-weight: ; color: #002E5A;  \">\r\n                                \r\n                                   \r\n                               \r\n                                <div class=\"tile__name\">nauki teologiczne<\/div>\r\n                            <\/a>\r\n                            <a href=\"\/szkola-doktorska\/znajdz-promotora-sztuki-filmowe-i-teatralne\/\" class=\"tile tile_ justify-content-center\" style=\"background-color: #ffffff; font-weight: ; color: #002E5A;  \">\r\n                                \r\n                                   \r\n                               \r\n                                <div class=\"tile__name\">sztuki filmowe i teatralne<\/div>\r\n                            <\/a>\r\n                            <a href=\"\" class=\"tile tile_ justify-content-center\" style=\"background-color: #ffffff; font-weight: ; color: #002E5A;  \">\r\n                                \r\n                                   \r\n                               \r\n                                <div class=\"tile__name\">sztuki plastyczne i konserwacja dzie\u0142 sztuki<\/div>\r\n                            <\/a><\/div>\r\n                    <\/div>\r\n                <\/div>[\/vc_column][\/vc_row]<\/p>","protected":false},"excerpt":{"rendered":"<p>[vc_row][vc_column][\/vc_column][\/vc_row] [&#8230;]<\/p>\n<p><a class=\"btn btn-secondary understrap-read-more-link\" href=\"https:\/\/us.edu.pl\/szkola-doktorska\/znajdz-promotora\/\">Read More&#8230;<\/a><\/p>\n","protected":false},"author":42,"featured_media":0,"parent":0,"menu_order":0,"comment_status":"closed","ping_status":"closed","template":"","meta":{"_expiration-date-status":"saved","_expiration-date":0,"_expiration-date-type":"","_expiration-date-categories":[],"_expiration-date-options":[]},"acf":[],"_links":{"self":[{"href":"https:\/\/us.edu.pl\/szkola-doktorska\/wp-json\/wp\/v2\/pages\/1443"}],"collection":[{"href":"https:\/\/us.edu.pl\/szkola-doktorska\/wp-json\/wp\/v2\/pages"}],"about":[{"href":"https:\/\/us.edu.pl\/szkola-doktorska\/wp-json\/wp\/v2\/types\/page"}],"author":[{"embeddable":true,"href":"https:\/\/us.edu.pl\/szkola-doktorska\/wp-json\/wp\/v2\/users\/42"}],"replies":[{"embeddable":true,"href":"https:\/\/us.edu.pl\/szkola-doktorska\/wp-json\/wp\/v2\/comments?post=1443"}],"version-history":[{"count":20,"href":"https:\/\/us.edu.pl\/szkola-doktorska\/wp-json\/wp\/v2\/pages\/1443\/revisions"}],"predecessor-version":[{"id":3638,"href":"https:\/\/us.edu.pl\/szkola-doktorska\/wp-json\/wp\/v2\/pages\/1443\/revisions\/3638"}],"wp:attachment":[{"href":"https:\/\/us.edu.pl\/szkola-doktorska\/wp-json\/wp\/v2\/media?parent=1443"}],"curies":[{"name":"wp","href":"https:\/\/api.w.org\/{rel}","templated":true}]}}