{"id":1599,"date":"2020-06-03T11:16:49","date_gmt":"2020-06-03T09:16:49","guid":{"rendered":"https:\/\/us.edu.pl\/szkola-doktorska\/?page_id=1599"},"modified":"2020-08-15T11:35:47","modified_gmt":"2020-08-15T09:35:47","slug":"znajdz-promotora-jezykoznawstwo","status":"publish","type":"page","link":"https:\/\/us.edu.pl\/szkola-doktorska\/znajdz-promotora\/znajdz-promotora-jezykoznawstwo\/","title":{"rendered":"znajd\u017a promotora &#8211; j\u0119zykoznawstwo"},"content":{"rendered":"<p>[vc_row][vc_column]\r\n                <div class=\"text-modules\">\r\n                    <div class=\"container\">\r\n                        \r\n                        <div class=\"text-modules__content\"><p>Poni\u017cej znajduje si\u0119 lista os\u00f3b, kt\u00f3re zadeklarowa\u0142y gotowo\u015b\u0107 pracy jako promotorzy w dyscyplinie j\u0119zykoznawstwo. Promotorem doktoranta w Szkole Doktorskiej mo\u017ce by\u0107 ka\u017cdy pracownik naukowy ze stopniem doktora habilitowanego lub tytu\u0142em profesora, kt\u00f3ry jest aktywny naukowo i jego zainteresowania naukowe s\u0105 zbli\u017cone do plan\u00f3w naukowych doktoranta. Kompletna lista nauczycieli akademickich prowadz\u0105cych badania w dyscyplinie j\u0119zykoznawstwo znajduje si\u0119 na stronie internetowej <a href=\"https:\/\/us.edu.pl\/instytut\/ij\/\">Instytutu J\u0119zykoznawstwa<\/a>.<\/p>\n<\/div>\r\n                    <\/div>\r\n                <\/div>\r\n                <div class=\"text-modules \">\r\n                    <div class=\"container\">\r\n                        <h3 class=\"section-title section-title_border-bottom\">dr hab. Robert Bo\u0144kowski, prof. U\u015a<\/h3> <h3 class=\"subtitle text-modules__subtitle\">Wydzia\u0142 Humanistyczny<\/h3>\r\n                        <div class=\"row m-0\">\r\n                            <div class=\"text-modules__content\">\r\n                                <strong>Dyscypliny:<\/strong><\/p>\n<p>j\u0119zykoznawstwo<\/p>\n<p><strong>Zainteresowania naukowe:<\/strong><\/p>\n<p>socjolingwistyka, semantyka, morfologia, leksykologia<\/p>\n<p><strong>Zobacz wi\u0119cej:<\/strong><\/p>\n<p><a href=\"https:\/\/orcid.org\/0000-0002-8115-3222\">ORCID<\/a><\/p>\n<p><strong>Kontakt<\/strong>:<\/p>\n<p><a href=\"mailto:robert.bonkowski@us.edu.pl\">robert.bonkowski@us.edu.pl<\/a> \r\n                                <div class=\"mt-3\"><\/div>\r\n                            <\/div>\r\n                            \r\n                            \r\n                        <\/div>\r\n                    <\/div>\r\n                <\/div>\r\n                <div class=\"text-modules \">\r\n                    <div class=\"container\">\r\n                        <h3 class=\"section-title section-title_border-bottom\">dr hab. Bo\u017cena Cetnarowska, prof. U\u015a<\/h3> <h3 class=\"subtitle text-modules__subtitle\">Wydzia\u0142 Humanistyczny<\/h3>\r\n                        <div class=\"row m-0\">\r\n                            <div class=\"text-modules__content\">\r\n                                <strong>Dyscypliny:<\/strong><\/p>\n<p>j\u0119zykoznawstwo<\/p>\n<p><strong>Zainteresowania naukowe:<\/strong><\/p>\n<p>morfologia konstrukcyjna, s\u0142owotw\u00f3rstwo j\u0119zyka angielskiego, leksemy wielowyrazowe, sk\u0142adnia frazy nominalnej<\/p>\n<p><strong>Zobacz wi\u0119cej:<\/strong><\/p>\n<p><a href=\"https:\/\/orcid.org\/0000-0001-8642-6827\">ORCID<\/a><\/p>\n<p><a href=\"https:\/\/www.researchgate.net\/profile\/Bozena_Cetnarowska\">ResearchGate<\/a><\/p>\n<p><a href=\"https:\/\/silesian.academia.edu\/BozenaCetnarowska\">Silesianacademia<\/a><\/p>\n<p><strong>Kontakt<\/strong>:<\/p>\n<p><a href=\"mailto:bozena.cetnarowska@us.edu.pl\">bozena.cetnarowska@us.edu.pl<\/a> \r\n                                <div class=\"mt-3\"><\/div>\r\n                            <\/div>\r\n                            \r\n                            \r\n                        <\/div>\r\n                    <\/div>\r\n                <\/div>\r\n                <div class=\"text-modules \">\r\n                    <div class=\"container\">\r\n                        <h3 class=\"section-title section-title_border-bottom\">prof. dr hab. Danuta Gabry\u015b-Barker<\/h3> <h3 class=\"subtitle text-modules__subtitle\">Wydzia\u0142 Humanistyczny<\/h3>\r\n                        <div class=\"row m-0\">\r\n                            <div class=\"text-modules__content\">\r\n                                <strong>Dyscypliny:<\/strong><\/p>\n<p>j\u0119zykoznawstwo<\/p>\n<p><strong>Zainteresowania naukowe:<\/strong><\/p>\n<p>Przyswajanie j\u0119zyka drugiego\/obcego, wieloj\u0119zyczno\u015b\u0107, psychologia pozytywna, kszta\u0142cenie nauczycieli j\u0119zyk\u00f3w obcych<\/p>\n<p><strong>Zobacz wi\u0119cej:<\/strong><\/p>\n<p><a href=\"https:\/\/orcid.org\/0000-0003-0626-0703\">ORCID<\/a><\/p>\n<p><a href=\"https:\/\/www.researchgate.net\/profile\/Danuta_Gabrys-Barker\">ResearchGate<\/a><\/p>\n<p><a href=\"https:\/\/scholar.google.com\/citations?user=x2acPOAAAAAJ&amp;hl=pl\">Google Scholar<\/a><\/p>\n<p><strong>Kontakt<\/strong>:<\/p>\n<p><a href=\"mailto:danuta.gabrys-barker@us.edu.pl\">danuta.gabrys-barker@us.edu.pl<\/a> \r\n                                <div class=\"mt-3\"><\/div>\r\n                            <\/div>\r\n                            \r\n                            \r\n                        <\/div>\r\n                    <\/div>\r\n                <\/div>\r\n                <div class=\"text-modules \">\r\n                    <div class=\"container\">\r\n                        <h3 class=\"section-title section-title_border-bottom\">dr hab. Ewa Gumul, prof. U\u015a<\/h3> <h3 class=\"subtitle text-modules__subtitle\">Wydzia\u0142 Humanistyczny<\/h3>\r\n                        <div class=\"row m-0\">\r\n                            <div class=\"text-modules__content\">\r\n                                <strong>Dyscypliny:<\/strong><\/p>\n<p>j\u0119zykoznawstwo<\/p>\n<p><strong>Zainteresowania naukowe:<\/strong><\/p>\n<p>translatoryka, t\u0142umaczenie symultaniczne, proces przek\u0142adu, metoda protoko\u0142\u00f3w retrospektywnych, uniwersalia przek\u0142adowe, eksplicytacja, ideologia w przek\u0142adzie<\/p>\n<p><strong>Zobacz wi\u0119cej:<\/strong><\/p>\n<p><a href=\"https:\/\/orcid.org\/0000-0003-0859-6067\">ORCID<\/a><\/p>\n<p><a href=\"https:\/\/www.researchgate.net\/profile\/Ewa_Gumul\">ResearchGate<\/a><\/p>\n<p><a href=\"https:\/\/silesian.academia.edu\/EWAGUMUL\">Silesianacademia<\/a><\/p>\n<p><strong>Kontakt<\/strong>:<\/p>\n<p><a href=\"https:\/\/silesian.academia.edu\/EWAGUMUL\">ewa.gumul@us.edu.pl<\/a> \r\n                                <div class=\"mt-3\"><\/div>\r\n                            <\/div>\r\n                            \r\n                            \r\n                        <\/div>\r\n                    <\/div>\r\n                <\/div>\r\n                <div class=\"text-modules \">\r\n                    <div class=\"container\">\r\n                        <h3 class=\"section-title section-title_border-bottom\">prof. dr hab. Hristo Kyuchukov<\/h3> <h3 class=\"subtitle text-modules__subtitle\">Wydzia\u0142 Sztuki i Nauk o Edukacji<\/h3>\r\n                        <div class=\"row m-0\">\r\n                            <div class=\"text-modules__content\">\r\n                                <strong>Dyscypliny:<\/strong><\/p>\n<p>j\u0119zykoznawstwo<br \/>\npedagogika<br \/>\npsychologia<\/p>\n<p><strong>Zainteresowania naukowe:<\/strong><\/p>\n<p>bilingualism, Roma children, intercultural education, psycholinguistics, minorities\/migrants\/refugees education, child psychology<\/p>\n<p><strong>Zobacz wi\u0119cej:<\/strong><\/p>\n<p><a href=\"https:\/\/orcid.org\/0000-0002-1965-8908\">ORCID<\/a><\/p>\n<p><a href=\"https:\/\/www.researchgate.net\/profile\/Hristo_Kyuchukov\">ResearchGate<\/a><\/p>\n<p><strong>Kontakt<\/strong>:<\/p>\n<p><a href=\"mailto:hristo.kyuchukov@us.edu.pl\">hristo.kyuchukov@us.edu.pl<\/a> \r\n                                <div class=\"mt-3\"><\/div>\r\n                            <\/div>\r\n                            \r\n                            \r\n                        <\/div>\r\n                    <\/div>\r\n                <\/div>\r\n                <div class=\"text-modules \">\r\n                    <div class=\"container\">\r\n                        <h3 class=\"section-title section-title_border-bottom\">dr hab. Jaros\u0142aw Pacu\u0142a, prof. U\u015a<\/h3> <h3 class=\"subtitle text-modules__subtitle\">Wydzia\u0142 Humanistyczny<\/h3>\r\n                        <div class=\"row m-0\">\r\n                            <div class=\"text-modules__content\">\r\n                                <strong>Dyscypliny:<\/strong><\/p>\n<p>j\u0119zykoznawstwo<\/p>\n<p><strong>Zainteresowania naukowe:<\/strong><\/p>\n<p>socjolekty \u015brodowisk przest\u0119pczych (w uj\u0119ciu historycznym), s\u0142ownictwo erotyczne (zw\u0142aszcza w historii polszczyzny), j\u0119zyk polityki, edukacja polonistyczna, kompetencja j\u0119zykowa<\/p>\n<p><strong>Zobacz wi\u0119cej:<\/strong><\/p>\n<p><a href=\"https:\/\/orcid.org\/0000-0002-9972-7925\">ORCID<\/a><\/p>\n<p><strong>Kontakt<\/strong>:<\/p>\n<p><a href=\"mailto:jaroslaw.pacula@us.edu.pl\">jaroslaw.pacula@us.edu.pl<\/a> \r\n                                <div class=\"mt-3\"><\/div>\r\n                            <\/div>\r\n                            \r\n                            \r\n                        <\/div>\r\n                    <\/div>\r\n                <\/div>\r\n                <div class=\"text-modules \">\r\n                    <div class=\"container\">\r\n                        <h3 class=\"section-title section-title_border-bottom\">dr hab. Arkadiusz Rojczyk, prof. U\u015a<\/h3> <h3 class=\"subtitle text-modules__subtitle\">Wydzia\u0142 Humanistyczny<\/h3>\r\n                        <div class=\"row m-0\">\r\n                            <div class=\"text-modules__content\">\r\n                                <strong>Dyscypliny:<\/strong><\/p>\n<p>j\u0119zykoznawstwo<\/p>\n<p><strong>Zainteresowania naukowe:<\/strong><\/p>\n<p>fonetyka, artykulacja mowy, percepcja mowy, j\u0119zyk obcy<\/p>\n<p><strong>Zobacz wi\u0119cej:<\/strong><\/p>\n<p><a href=\"https:\/\/orcid.org\/0000-0002-7328-5911\">ORCID<\/a><\/p>\n<p><a href=\"https:\/\/www.researchgate.net\/profile\/Arkadiusz_Rojczyk\">ResearchGate<\/a><\/p>\n<p><a href=\"http:\/\/www.prospeech.pl\/kategorie\/arkadiusz_rojczyk_research_profile\">Prospeech<\/a><\/p>\n<p><strong>Kontakt<\/strong>:<\/p>\n<p><a href=\"mailto:arkadiusz.rojczyk@us.edu.pl\">arkadiusz.rojczyk@us.edu.pl<\/a> \r\n                                <div class=\"mt-3\"><\/div>\r\n                            <\/div>\r\n                            \r\n                            \r\n                        <\/div>\r\n                    <\/div>\r\n                <\/div>\r\n                <div class=\"text-modules \">\r\n                    <div class=\"container\">\r\n                        <h3 class=\"section-title section-title_border-bottom\">dr hab. Monika Su\u0142kowska, prof. U\u015a<\/h3> <h3 class=\"subtitle text-modules__subtitle\">Wydzia\u0142 Humanistyczny<\/h3>\r\n                        <div class=\"row m-0\">\r\n                            <div class=\"text-modules__content\">\r\n                                <strong>Dyscypliny:<\/strong><\/p>\n<p>j\u0119zykoznawstwo<\/p>\n<p><strong>Zainteresowania naukowe:<\/strong><\/p>\n<p>frazeologia teoretyczna, kontrastywna i stosowana, frazeodydaktyka, frazeotranslacja<\/p>\n<p><strong>Zobacz wi\u0119cej:<\/strong><\/p>\n<p><a href=\"https:\/\/orcid.org\/0000-0001-9254-5443\">ORCID<\/a><\/p>\n<p><strong>Kontakt<\/strong>:<\/p>\n<p><a href=\"mailto:monika.sulkowska@us.edu.pl\">monika.sulkowska@us.edu.pl<\/a> \r\n                                <div class=\"mt-3\"><\/div>\r\n                            <\/div>\r\n                            \r\n                            \r\n                        <\/div>\r\n                    <\/div>\r\n                <\/div>\r\n                <div class=\"text-modules \">\r\n                    <div class=\"container\">\r\n                        <h3 class=\"section-title section-title_border-bottom\">dr hab. Konrad Szcze\u015bniak<\/h3> <h3 class=\"subtitle text-modules__subtitle\">Wydzia\u0142 Humanistyczny<\/h3>\r\n                        <div class=\"row m-0\">\r\n                            <div class=\"text-modules__content\">\r\n                                <strong>Dyscypliny:<\/strong><\/p>\n<p>j\u0119zykoznawstwo<\/p>\n<p><strong>Zainteresowania naukowe:<\/strong><\/p>\n<p>Construction Grammar, formulaic language<\/p>\n<p><strong>Zobacz wi\u0119cej:<\/strong><\/p>\n<p><a href=\"https:\/\/orcid.org\/0000-0003-3669-4983\">ORCID<\/a><\/p>\n<p><a href=\"https:\/\/www.researchgate.net\/profile\/Konrad_Szczesniak\">ResearchGate<\/a><\/p>\n<p><a href=\"http:\/\/www.ija.us.edu.pl\/index.php\/pracownicy\/4-szczesniak-konrad\">Index<\/a><\/p>\n<p><strong>Kontakt<\/strong>:<\/p>\n<p><a href=\"mailto:konrad.szczesniak@us.edu.pl\">konrad.szczesniak@us.edu.pl<\/a> \r\n                                <div class=\"mt-3\"><\/div>\r\n                            <\/div>\r\n                            \r\n                            \r\n                        <\/div>\r\n                    <\/div>\r\n                <\/div>\r\n                <div class=\"text-modules \">\r\n                    <div class=\"container\">\r\n                        <h3 class=\"section-title section-title_border-bottom\">dr hab. Dariusz Tkaczewski, prof. U\u015a<\/h3> <h3 class=\"subtitle text-modules__subtitle\">Wydzia\u0142 Humanistyczny<\/h3>\r\n                        <div class=\"row m-0\">\r\n                            <div class=\"text-modules__content\">\r\n                                <strong>Dyscypliny:<\/strong><\/p>\n<p>j\u0119zykoznawstwo<\/p>\n<p><strong>Zainteresowania naukowe:<\/strong><\/p>\n<p>bohemistyka, polsko-czeskie kontakty j\u0119zykowe, historia j\u0119zyka czeskiego, encyklopedystyka czeska i czechos\u0142owacka, wsp\u00f3\u0142czesna czeszczyzna i jej rozwarstwienie stylistyczne, j\u0119zyk czeskich mass medi\u00f3w, manipulacja j\u0119zykowa<\/p>\n<p><strong>Zobacz wi\u0119cej:<\/strong><\/p>\n<p><a href=\"https:\/\/orcid.org\/0000-0001-9622-4161\">ORCID<\/a><\/p>\n<p><strong>Kontakt<\/strong>:<\/p>\n<p><a href=\"mailto:danuta.gabrys-barker@us.edu.pl\">dariusz.tkaczewski@us.edu.pl<\/a> \r\n                                <div class=\"mt-3\"><\/div>\r\n                            <\/div>\r\n                            \r\n                            \r\n                        <\/div>\r\n                    <\/div>\r\n                <\/div>\r\n                <div class=\"text-modules \">\r\n                    <div class=\"container\">\r\n                        <h3 class=\"section-title section-title_border-bottom\">prof. dr hab. Joanna Wilk-Raci\u0119ska<\/h3> <h3 class=\"subtitle text-modules__subtitle\">Wydzia\u0142 Humanistyczny<\/h3>\r\n                        <div class=\"row m-0\">\r\n                            <div class=\"text-modules__content\">\r\n                                <strong>Dyscypliny:<\/strong><\/p>\n<p>j\u0119zykoznawstwo<\/p>\n<p><strong>Zainteresowania naukowe:<\/strong><\/p>\n<p>j\u0119zykoznawstwo og\u00f3lne, semantyka, pragmatyka, kognitywizm,analiza dyskursu, gramatykalizacja, zmiana semantyczna, j\u0119zyki i kultury Ameryki Centralnej i Pd., j\u0119zykoznawstwo kulturowe, traduktologia<\/p>\n<p><strong>Zobacz wi\u0119cej:<\/strong><\/p>\n<p><a href=\"https:\/\/orcid.org\/0000-0002-9183-3766\">ORCID<\/a><\/p>\n<p><strong>Kontakt<\/strong>:<\/p>\n<p><a href=\"mailto:danuta.gabrys-barker@us.edu.pl\">joanna.wilk-racieska@us.edu.pl<\/a> \r\n                                <div class=\"mt-3\"><\/div>\r\n                            <\/div>\r\n                            \r\n                            \r\n                        <\/div>\r\n                    <\/div>\r\n                <\/div>\r\n                <div class=\"text-modules \">\r\n                    <div class=\"container\">\r\n                        <h3 class=\"section-title section-title_border-bottom\">dr hab. Adam Wojtaszek, prof. U\u015a<\/h3> <h3 class=\"subtitle text-modules__subtitle\">Wydzia\u0142 Humanistyczny<\/h3>\r\n                        <div class=\"row m-0\">\r\n                            <div class=\"text-modules__content\">\r\n                                <strong>Dyscypliny:<\/strong><\/p>\n<p>j\u0119zykoznawstwo<\/p>\n<p><strong>Zainteresowania naukowe:<\/strong><\/p>\n<p>pragmatyka j\u0119zykowa (linguistic pragmatics), rejestry specjalistyczne (specialised registers), dyskurs reklamy (advertising discourse), j\u0119zykoznawstwo kontrastywne (contrastive linguistics), zmiany j\u0119zykowe (language change), badania t\u0142umaczeniowe (translation studies)<\/p>\n<p><strong>Zobacz wi\u0119cej:<\/strong><\/p>\n<p><a href=\"https:\/\/orcid.org\/0000-0003-0308-4337\">ORCID<\/a><\/p>\n<p><a href=\"http:\/\/scholar.google.pl\/citations?user=_bHhmXwAAAAJ&amp;hl=pl\">Google Scholar<\/a><\/p>\n<p><strong>Kontakt<\/strong>:<\/p>\n<p><a href=\"mailto:adam.wojtaszek@us.edu.pl\">adam.wojtaszek@us.edu.pl<\/a> \r\n                                <div class=\"mt-3\"><\/div>\r\n                            <\/div>\r\n                            \r\n                            \r\n                        <\/div>\r\n                    <\/div>\r\n                <\/div>[\/vc_column][\/vc_row]<\/p>","protected":false},"excerpt":{"rendered":"<p>[vc_row][vc_column][\/vc_column][\/vc_row] [&#8230;]<\/p>\n<p><a class=\"btn btn-secondary understrap-read-more-link\" href=\"https:\/\/us.edu.pl\/szkola-doktorska\/znajdz-promotora\/znajdz-promotora-jezykoznawstwo\/\">Read More&#8230;<\/a><\/p>\n","protected":false},"author":205,"featured_media":0,"parent":1443,"menu_order":0,"comment_status":"closed","ping_status":"closed","template":"page-templates\/page-with-sidebar.php","meta":{"_expiration-date-status":"saved","_expiration-date":0,"_expiration-date-type":"","_expiration-date-categories":[],"_expiration-date-options":[]},"acf":[],"_links":{"self":[{"href":"https:\/\/us.edu.pl\/szkola-doktorska\/wp-json\/wp\/v2\/pages\/1599"}],"collection":[{"href":"https:\/\/us.edu.pl\/szkola-doktorska\/wp-json\/wp\/v2\/pages"}],"about":[{"href":"https:\/\/us.edu.pl\/szkola-doktorska\/wp-json\/wp\/v2\/types\/page"}],"author":[{"embeddable":true,"href":"https:\/\/us.edu.pl\/szkola-doktorska\/wp-json\/wp\/v2\/users\/205"}],"replies":[{"embeddable":true,"href":"https:\/\/us.edu.pl\/szkola-doktorska\/wp-json\/wp\/v2\/comments?post=1599"}],"version-history":[{"count":22,"href":"https:\/\/us.edu.pl\/szkola-doktorska\/wp-json\/wp\/v2\/pages\/1599\/revisions"}],"predecessor-version":[{"id":3942,"href":"https:\/\/us.edu.pl\/szkola-doktorska\/wp-json\/wp\/v2\/pages\/1599\/revisions\/3942"}],"up":[{"embeddable":true,"href":"https:\/\/us.edu.pl\/szkola-doktorska\/wp-json\/wp\/v2\/pages\/1443"}],"wp:attachment":[{"href":"https:\/\/us.edu.pl\/szkola-doktorska\/wp-json\/wp\/v2\/media?parent=1599"}],"curies":[{"name":"wp","href":"https:\/\/api.w.org\/{rel}","templated":true}]}}