{"id":1672,"date":"2020-06-05T09:02:39","date_gmt":"2020-06-05T07:02:39","guid":{"rendered":"https:\/\/us.edu.pl\/szkola-doktorska\/?page_id=1672"},"modified":"2020-10-30T13:03:21","modified_gmt":"2020-10-30T12:03:21","slug":"znajdz-promotora-nauki-biologiczne","status":"publish","type":"page","link":"https:\/\/us.edu.pl\/szkola-doktorska\/znajdz-promotora\/znajdz-promotora-nauki-biologiczne\/","title":{"rendered":"znajd\u017a promotora &#8211; nauki biologiczne"},"content":{"rendered":"<p>[vc_row][vc_column]\r\n                <div class=\"text-modules\">\r\n                    <div class=\"container\">\r\n                        \r\n                        <div class=\"text-modules__content\"><p>Poni\u017cej znajduje si\u0119 lista os\u00f3b, kt\u00f3re zadeklarowa\u0142y gotowo\u015b\u0107 pracy jako promotorzy w dyscyplinie nauki biologiczne. Promotorem doktoranta w Szkole Doktorskiej mo\u017ce by\u0107 ka\u017cdy pracownik naukowy ze stopniem doktora habilitowanego lub tytu\u0142em profesora, kt\u00f3ry jest aktywny naukowo i jego zainteresowania naukowe s\u0105 zbli\u017cone do plan\u00f3w naukowych doktoranta. Kompletna lista nauczycieli akademickich prowadz\u0105cych badania w dyscyplinie pedagogika znajduje si\u0119 na stronie internetowej <a href=\"\/instytut\/ibbios\/\">Instytutu Biologii, Biotechnologii i Ochrony \u015arodowiska<\/a>.<\/p>\n<p>\n<\/div>\r\n                    <\/div>\r\n                <\/div>\r\n                <div class=\"text-modules \">\r\n                    <div class=\"container\">\r\n                        <h3 class=\"section-title section-title_border-bottom\">dr hab. Jolanta Bro\u017cek, prof. U\u015a<\/h3> <h3 class=\"subtitle text-modules__subtitle\">Wydzia\u0142 Nauk Przyrodniczych<\/h3>\r\n                        <div class=\"row m-0\">\r\n                            <div class=\"text-modules__content\">\r\n                                <strong>Dyscypliny:<\/strong><\/p>\n<p>nauki biologiczne<\/p>\n<p><strong>Zainteresowania naukowe:<\/strong><\/p>\n<p>Hemiptera: ewolucja, bior\u00f3\u017cnorodno\u015b\u0107 morfologiczna, filogeneza<\/p>\n<p><strong>Zobacz wi\u0119cej:<\/strong><\/p>\n<p><a href=\"https:\/\/orcid.org\/0000-0002-3721-0031\">ORCID<\/a><\/p>\n<p><a href=\"https:\/\/www.researchgate.net\/profile\/Jolanta_Brozek\">ResearchGate<\/a><\/p>\n<p><strong>Kontakt<\/strong>:<\/p>\n<p><a href=\"mailto:jolanta.brozek@us.edu.pl\">jolanta.brozek@us.edu.pl<\/a> \r\n                                <div class=\"mt-3\"><\/div>\r\n                            <\/div>\r\n                            \r\n                            \r\n                        <\/div>\r\n                    <\/div>\r\n                <\/div>\r\n                <div class=\"text-modules \">\r\n                    <div class=\"container\">\r\n                        <h3 class=\"section-title section-title_border-bottom\">dr hab. Dominik Ch\u0142ond, prof. U\u015a<\/h3> <h3 class=\"subtitle text-modules__subtitle\">Wydzia\u0142 Nauk Przyrodniczych<\/h3>\r\n                        <div class=\"row m-0\">\r\n                            <div class=\"text-modules__content\">\r\n                                <strong>Dyscypliny:<\/strong><\/p>\n<p>nauki biologiczne<\/p>\n<p><strong>Zainteresowania naukowe:<\/strong><\/p>\n<p>taksonomia, FIlogeneza, Heteroptera, Reduviidae, Afryka, Madagaskar<\/p>\n<p><strong>Zobacz wi\u0119cej:<\/strong><\/p>\n<p><a href=\"https:\/\/orcid.org\/0000-0002-9530-3463\">ORCID<\/a><\/p>\n<p><a href=\"https:\/\/www.researchgate.net\/profile\/Dominik_Chlond\">ResearchGate<\/a><\/p>\n<p><strong>Kontakt<\/strong>:<\/p>\n<p><a href=\"mailto:dominik.chlond@us.edu.pl\">dominik.chlond@us.edu.pl<\/a> \r\n                                <div class=\"mt-3\"><\/div>\r\n                            <\/div>\r\n                            \r\n                            \r\n                        <\/div>\r\n                    <\/div>\r\n                <\/div>\r\n                <div class=\"text-modules \">\r\n                    <div class=\"container\">\r\n                        <h3 class=\"section-title section-title_border-bottom\">dr hab. Damian Gruszka, prof. U\u015a<\/h3> <h3 class=\"subtitle text-modules__subtitle\">Wydzia\u0142 Nauk Przyrodniczych<\/h3>\r\n                        <div class=\"row m-0\">\r\n                            <div class=\"text-modules__content\">\r\n                                <strong>Dyscypliny:<\/strong><\/p>\n<p>nauki biologiczne<\/p>\n<p><strong>Zainteresowania naukowe:<\/strong><\/p>\n<p>genetyka ro\u015blin, j\u0119czmie\u0144 (Hordeum vulgare), mutanty p\u00f3\u0142kar\u0142owe zb\u00f3\u017c, hormony ro\u015blinne, brasinosteroidy, reakcja ro\u015blin na stresy \u015brodowiskowe, susza<\/p>\n<p><strong>Zobacz wi\u0119cej:<\/strong><\/p>\n<p><a href=\"https:\/\/orcid.org\/0000-0002-9544-6106\">ORCID<\/a><\/p>\n<p><a href=\"https:\/\/www.researchgate.net\/profile\/Damian_Gruszka\">ResearchGate<\/a><\/p>\n<p><a href=\"https:\/\/scholar.google.com\/citations?user=ClftnnwAAAAJ&amp;hl=en\">Google Scholar<\/a><\/p>\n<p><strong>Kontakt<\/strong>:<\/p>\n<p><a href=\"mailto:damian.gruszka@us.edu.pl\">damian.gruszka@us.edu.pl<\/a> \r\n                                <div class=\"mt-3\"><\/div>\r\n                            <\/div>\r\n                            \r\n                            \r\n                        <\/div>\r\n                    <\/div>\r\n                <\/div>\r\n                <div class=\"text-modules \">\r\n                    <div class=\"container\">\r\n                        <h3 class=\"section-title section-title_border-bottom\">dr hab. Urszula Guzik, prof. U\u015a<\/h3> <h3 class=\"subtitle text-modules__subtitle\">Wydzia\u0142 Nauk Przyrodniczych<\/h3>\r\n                        <div class=\"row m-0\">\r\n                            <div class=\"text-modules__content\">\r\n                                <strong>Dyscypliny:<\/strong><\/p>\n<p>nauki biologiczne<\/p>\n<p><strong>Zainteresowania naukowe:<\/strong><\/p>\n<p>biodegradacja ksenobiotyk\u00f3w, immobilizacja, enzymologia, bakterie<\/p>\n<p><strong>Zobacz wi\u0119cej:<\/strong><\/p>\n<p><a href=\"https:\/\/orcid.org\/0000-0001-6349-3808\">ORCID<\/a><\/p>\n<p><a href=\"https:\/\/www.researchgate.net\/profile\/Urszula_Guzik\">ResearchGate<\/a><\/p>\n<p><strong>Kontakt<\/strong>:<\/p>\n<p><a href=\"mailto:urszula.guzik@us.edu.pl\">urszula.guzik@us.edu.pl<\/a> \r\n                                <div class=\"mt-3\"><\/div>\r\n                            <\/div>\r\n                            \r\n                            \r\n                        <\/div>\r\n                    <\/div>\r\n                <\/div>\r\n                <div class=\"text-modules \">\r\n                    <div class=\"container\">\r\n                        <h3 class=\"section-title section-title_border-bottom\">prof. dr hab. Robert Hasterok<\/h3> <h3 class=\"subtitle text-modules__subtitle\">Wydzia\u0142 Nauk Przyrodniczych<\/h3>\r\n                        <div class=\"row m-0\">\r\n                            <div class=\"text-modules__content\">\r\n                                <strong>Dyscypliny:<\/strong><\/p>\n<p>nauki biologiczne<\/p>\n<p><strong>Zainteresowania naukowe:<\/strong><\/p>\n<p>cytogenetyka molekularna ro\u015blin; wykorzystanie systemu modelowego Brachypodium do analizy struktury, ewolucji i stabilno\u015bci ro\u015blinnego genomu j\u0105drowego na poziomie cytomolekularnym<\/p>\n<p><strong>Zobacz wi\u0119cej:<\/strong><\/p>\n<p><a href=\"https:\/\/orcid.org\/0000-0001-6667-2721\">ORCID<\/a><\/p>\n<p><a href=\"https:\/\/www.researchgate.net\/profile\/Robert_Hasterok\">ResearchGate<\/a><\/p>\n<p><a href=\"https:\/\/www.facebook.com\/ZCBMR.IBBOS.WNP.US\">Facebook<\/a><\/p>\n<p><strong>Kontakt<\/strong>:<\/p>\n<p><a href=\"mailto:robert.hasterok@us.edu.pl\">robert.hasterok@us.edu.pl<\/a> \r\n                                <div class=\"mt-3\"><\/div>\r\n                            <\/div>\r\n                            \r\n                            \r\n                        <\/div>\r\n                    <\/div>\r\n                <\/div>\r\n                <div class=\"text-modules \">\r\n                    <div class=\"container\">\r\n                        <h3 class=\"section-title section-title_border-bottom\">prof. dr hab. Dorota Kwiatkowska<\/h3> <h3 class=\"subtitle text-modules__subtitle\">Wydzia\u0142 Nauk Przyrodniczych<\/h3>\r\n                        <div class=\"row m-0\">\r\n                            <div class=\"text-modules__content\">\r\n                                <strong>Dyscypliny:<\/strong><\/p>\n<p>nauki biologiczne<\/p>\n<p><strong>Zainteresowania naukowe:<\/strong><\/p>\n<p>biologia rozwoju ro\u015blin, morfogeneza ro\u015blin, biomechanika ro\u015blin, merystem apikalny, wzrost, \u015bciana kom\u00f3rkowa<\/p>\n<p><strong>Zobacz wi\u0119cej:<\/strong><\/p>\n<p><a href=\"https:\/\/orcid.org\/0000-0002-0102-6988\">ORCID<\/a><\/p>\n<p><a href=\"https:\/\/www.researchgate.net\/profile\/Dorota_Kwiatkowska\">ResearchGate<\/a><\/p>\n<p><strong>Kontakt<\/strong>:<\/p>\n<p><a href=\"mailto:dorota.kwiatkowska@us.edu.pl\">dorota.kwiatkowska@us.edu.pl<\/a> \r\n                                <div class=\"mt-3\"><\/div>\r\n                            <\/div>\r\n                            \r\n                            \r\n                        <\/div>\r\n                    <\/div>\r\n                <\/div>\r\n                <div class=\"text-modules \">\r\n                    <div class=\"container\">\r\n                        <h3 class=\"section-title section-title_border-bottom\">dr hab. Anna Mrozek-Wilczkiewicz, prof. U\u015a<\/h3> <h3 class=\"subtitle text-modules__subtitle\">Wydzia\u0142 Nauk \u015acis\u0142ych i Technicznych<\/h3>\r\n                        <div class=\"row m-0\">\r\n                            <div class=\"text-modules__content\">\r\n                                <strong>Dyscypliny:<\/strong><\/p>\n<p>nauki biologiczne\u00a0 \u00a0 \u00a0 \u00a0 \u00a0 \u00a0 \u00a0 \u00a0 \u00a0 \u00a0 \u00a0 \u00a0 \u00a0 \u00a0 \u00a0 \u00a0 \u00a0 \u00a0 \u00a0 \u00a0 \u00a0 \u00a0 \u00a0 \u00a0 \u00a0 \u00a0 \u00a0 \u00a0 \u00a0 \u00a0 \u00a0 \u00a0 \u00a0 \u00a0 \u00a0 \u00a0 \u00a0 \u00a0 \u00a0 \u00a0 \u00a0 nauki chemiczne\u00a0 \u00a0 \u00a0 \u00a0 \u00a0 \u00a0 \u00a0 \u00a0 \u00a0 \u00a0 \u00a0 \u00a0 \u00a0 \u00a0 \u00a0 \u00a0 \u00a0 \u00a0 \u00a0 \u00a0 \u00a0 \u00a0 \u00a0 \u00a0 \u00a0 \u00a0 \u00a0 \u00a0 \u00a0 \u00a0 \u00a0 \u00a0 \u00a0 \u00a0 \u00a0 \u00a0 \u00a0 \u00a0 \u00a0 \u00a0 \u00a0 \u00a0 nauki fizyczne<\/p>\n<p>&nbsp;<\/p>\n<p><strong>Zainteresowania naukowe:<\/strong><\/p>\n<p>potencjalne leki, aktywno\u015b\u0107 antynowotworowa, chelatory metali, glejak, farmacja<\/p>\n<p><strong>Zobacz wi\u0119cej:<\/strong><\/p>\n<p><a href=\"https:\/\/orcid.org\/0000-0003-2228-1475\">ORCID<\/a><\/p>\n<p><a href=\"https:\/\/www.researchgate.net\/profile\/Anna_Mrozek-Wilczkiewicz\">ResearchGate<\/a><\/p>\n<p><a href=\"https:\/\/scholar.google.com\/citations?user=dRv0BB8AAAAJ&amp;hl=pl&amp;oi=ao\">Google Scholar<\/a><\/p>\n<p><strong>Kontakt<\/strong>:<\/p>\n<p><a href=\"mailto:anna.mrozek-wilczkiewicz@us.edu.pl\">anna.mrozek-wilczkiewicz@us.edu.pl<\/a> \r\n                                <div class=\"mt-3\"><\/div>\r\n                            <\/div>\r\n                            \r\n                            \r\n                        <\/div>\r\n                    <\/div>\r\n                <\/div>\r\n                <div class=\"text-modules \">\r\n                    <div class=\"container\">\r\n                        <h3 class=\"section-title section-title_border-bottom\">dr hab. Izabela Poprawa<\/h3> <h3 class=\"subtitle text-modules__subtitle\">Wydzia\u0142 Nauk Przyrodniczych<\/h3>\r\n                        <div class=\"row m-0\">\r\n                            <div class=\"text-modules__content\">\r\n                                <strong>Dyscypliny:<\/strong><\/p>\n<p>nauki biologiczne<\/p>\n<p><strong>Zainteresowania naukowe:<\/strong><\/p>\n<p>strategie rozrodcze, gametogeneza (oogeneza,spermatogeneza), niesporczaki (Tardigrada), stawonogi, kryptobioza, encystacja, stres \u015brodowiskowy, ultrastruktura<\/p>\n<p><strong>Zobacz wi\u0119cej:<\/strong><\/p>\n<p><a href=\"https:\/\/orcid.org\/0000-0002-8930-1592\">ORCID<\/a><\/p>\n<p><a href=\"https:\/\/www.researchgate.net\/profile\/Izabela_Poprawa\">ResearchGate<\/a><\/p>\n<p><strong>Kontakt<\/strong>:<\/p>\n<p><a href=\"mailto:izabela.poprawa@us.edu.pl\">izabela.poprawa@us.edu.pl<\/a> \r\n                                <div class=\"mt-3\"><\/div>\r\n                            <\/div>\r\n                            \r\n                            \r\n                        <\/div>\r\n                    <\/div>\r\n                <\/div>\r\n                <div class=\"text-modules \">\r\n                    <div class=\"container\">\r\n                        <h3 class=\"section-title section-title_border-bottom\">prof. dr hab. Magdalena Rost-Roszkowska<\/h3> <h3 class=\"subtitle text-modules__subtitle\">Wydzia\u0142 Nauk Przyrodniczych<\/h3>\r\n                        <div class=\"row m-0\">\r\n                            <div class=\"text-modules__content\">\r\n                                <strong>Dyscypliny:<\/strong><\/p>\n<p>nauki biologiczne<\/p>\n<p><strong>Zainteresowania naukowe:<\/strong><\/p>\n<p>\u015bmier\u0107 kom\u00f3rkowa, apoptoza, autofagia, nekroza, nab\u0142onki uk\u0142ad\u00f3w pokarmowych, uk\u0142ad pokarmowy, kom\u00f3rki regeneracyjne, proliferacja kom\u00f3rek, ultrastruktura, metale ci\u0119\u017ckie, mikroskopia elektronowa, mikroskopia konfokalna, cytometria przep\u0142ywowa<\/p>\n<p><strong>Zobacz wi\u0119cej:<\/strong><\/p>\n<p><a href=\"https:\/\/orcid.org\/0000-0001-7124-8423\">ORCID<\/a><\/p>\n<p><a href=\"https:\/\/www.researchgate.net\/profile\/Magdalena_Rost-Roszkowska\">ResearchGate<\/a><\/p>\n<p><strong>Kontakt<\/strong>:<\/p>\n<p><a href=\"magdalena.rost-roszkowska@us.edu.pl\">magdalena.rost-roszkowska@us.edu.pl<\/a> \r\n                                <div class=\"mt-3\"><\/div>\r\n                            <\/div>\r\n                            \r\n                            \r\n                        <\/div>\r\n                    <\/div>\r\n                <\/div>\r\n                <div class=\"text-modules \">\r\n                    <div class=\"container\">\r\n                        <h3 class=\"section-title section-title_border-bottom\">dr hab. Joanna Szymanowska-Pu\u0142ka, prof. U\u015a<\/h3> <h3 class=\"subtitle text-modules__subtitle\">Wydzia\u0142 Nauk Przyrodniczych<\/h3>\r\n                        <div class=\"row m-0\">\r\n                            <div class=\"text-modules__content\">\r\n                                <strong>Dyscypliny:<\/strong><\/p>\n<p>nauki biologiczne<\/p>\n<p><strong>Zainteresowania naukowe:<\/strong><\/p>\n<p>morfogeneza ro\u015blin, w\u0142asno\u015bci mechaniczne tkanek ro\u015blinnych, modelowanie wzrostu ro\u015blin<\/p>\n<p><strong>Zobacz wi\u0119cej:<\/strong><\/p>\n<p><a href=\"https:\/\/orcid.org\/0000-0001-7793-7238\">ORCID<\/a><\/p>\n<p><a href=\"https:\/\/www.researchgate.net\/profile\/Joanna_Szymanowska-Pulka\">ResearchGate<\/a><\/p>\n<p><strong>Kontakt<\/strong>:<\/p>\n<p><a href=\"mailto:joanna.szymanowska-pulka@us.edu.pl\">joanna.szymanowska-pulka@us.edu.pl<\/a> \r\n                                <div class=\"mt-3\"><\/div>\r\n                            <\/div>\r\n                            \r\n                            \r\n                        <\/div>\r\n                    <\/div>\r\n                <\/div>\r\n                <div class=\"text-modules \">\r\n                    <div class=\"container\">\r\n                        <h3 class=\"section-title section-title_border-bottom\">prof. dr hab. Piotr \u015awi\u0105tek<\/h3> <h3 class=\"subtitle text-modules__subtitle\">Wydzia\u0142 Nauk Przyrodniczych<\/h3>\r\n                        <div class=\"row m-0\">\r\n                            <div class=\"text-modules__content\">\r\n                                <strong>Dyscypliny:<\/strong><\/p>\n<p>nauki biologiczne<\/p>\n<p><strong>Zainteresowania naukowe:<\/strong><\/p>\n<p>zwierzeta bezkregowe, pier\u015bcienice, owady, uk\u0142ady rozrodcze, gametogeneza, histologia, ultrastruktura<\/p>\n<p><strong>Zobacz wi\u0119cej:<\/strong><\/p>\n<p><a href=\"https:\/\/orcid.org\/0000-0001-9410-4510\">ORCID<\/a><\/p>\n<p><a href=\"https:\/\/www.researchgate.net\/profile\/Piotr_Swiatek2\">ResearchGate<\/a><\/p>\n<p><a href=\"https:\/\/scholar.google.com\/citations?user=3guJN64AAAAJ&amp;hl=pl&amp;oi=ao\">Google Scholar<\/a><\/p>\n<p><strong>Kontakt<\/strong>:<\/p>\n<p><a href=\"mailto:piotr.swiatek@us.edu.pl\">piotr.swiatek@us.edu.pl<\/a> \r\n                                <div class=\"mt-3\"><\/div>\r\n                            <\/div>\r\n                            \r\n                            \r\n                        <\/div>\r\n                    <\/div>\r\n                <\/div>\r\n                <div class=\"text-modules \">\r\n                    <div class=\"container\">\r\n                        <h3 class=\"section-title section-title_border-bottom\">prof. dr hab. Piotr W\u0119gierek<\/h3> <h3 class=\"subtitle text-modules__subtitle\">Wydzia\u0142 Nauk Przyrodniczych<\/h3>\r\n                        <div class=\"row m-0\">\r\n                            <div class=\"text-modules__content\">\r\n                                <strong>Dyscypliny:<\/strong><\/p>\n<p>nauki biologiczne<\/p>\n<p><strong>Zainteresowania naukowe:<\/strong><\/p>\n<p>fossil insects, Hemiptera, Sternorrhyncha, aphids, amber, comparative morphology<\/p>\n<p><strong>Zobacz wi\u0119cej:<\/strong><\/p>\n<p><a href=\"https:\/\/orcid.org\/0000-0001-9960-0433\">ORCID<\/a><\/p>\n<p><a href=\"https:\/\/www.researchgate.net\/profile\/Piotr_Wegierek\">ResearchGate<\/a><\/p>\n<p><a href=\"https:\/\/scholar.google.com\/citations?view_op=list_works&amp;hl=pl&amp;authuser=1&amp;user=M9puBncAAAAJ\">Google Scholar<\/a><\/p>\n<p><strong>Kontakt<\/strong>:<\/p>\n<p><a href=\"mailto:piotr.wegierek@us.edu.pl\">piotr.wegierek@us.edu.pl<\/a> \r\n                                <div class=\"mt-3\"><\/div>\r\n                            <\/div>\r\n                            \r\n                            \r\n                        <\/div>\r\n                    <\/div>\r\n                <\/div>\r\n                <div class=\"text-modules \">\r\n                    <div class=\"container\">\r\n                        <h3 class=\"section-title section-title_border-bottom\">prof. dr hab. Karina Wieczorek<\/h3> <h3 class=\"subtitle text-modules__subtitle\">Wydzia\u0142 Nauk Przyrodniczych<\/h3>\r\n                        <div class=\"row m-0\">\r\n                            <div class=\"text-modules__content\">\r\n                                <strong>Dyscypliny:<\/strong><\/p>\n<p>nauki biologiczne<\/p>\n<p><strong>Zainteresowania naukowe:<\/strong><\/p>\n<p>gatunki obce i inwazyjne; bior\u00f3\u017cnorodno\u015b\u0107, biologia i taksonomia mszyc;<\/p>\n<p><strong>Zobacz wi\u0119cej:<\/strong><\/p>\n<p><a href=\"https:\/\/orcid.org\/0000-0002-8331-5731\">ORCID<\/a><\/p>\n<p><a href=\"https:\/\/www.researchgate.net\/profile\/Karina_Wieczorek\">ResearchGate<\/a><\/p>\n<p><strong>Kontakt<\/strong>:<\/p>\n<p><a href=\"mailto:karina.wieczorek@us.edu.pl\">karina.wieczorek@us.edu.pl<\/a> \r\n                                <div class=\"mt-3\"><\/div>\r\n                            <\/div>\r\n                            \r\n                            \r\n                        <\/div>\r\n                    <\/div>\r\n                <\/div>[\/vc_column][\/vc_row]<\/p>","protected":false},"excerpt":{"rendered":"<p>[vc_row][vc_column][\/vc_column][\/vc_row] [&#8230;]<\/p>\n<p><a class=\"btn btn-secondary understrap-read-more-link\" href=\"https:\/\/us.edu.pl\/szkola-doktorska\/znajdz-promotora\/znajdz-promotora-nauki-biologiczne\/\">Read More&#8230;<\/a><\/p>\n","protected":false},"author":205,"featured_media":0,"parent":1443,"menu_order":0,"comment_status":"closed","ping_status":"closed","template":"page-templates\/page-with-sidebar.php","meta":{"_expiration-date-status":"saved","_expiration-date":0,"_expiration-date-type":"","_expiration-date-categories":[],"_expiration-date-options":[]},"acf":[],"_links":{"self":[{"href":"https:\/\/us.edu.pl\/szkola-doktorska\/wp-json\/wp\/v2\/pages\/1672"}],"collection":[{"href":"https:\/\/us.edu.pl\/szkola-doktorska\/wp-json\/wp\/v2\/pages"}],"about":[{"href":"https:\/\/us.edu.pl\/szkola-doktorska\/wp-json\/wp\/v2\/types\/page"}],"author":[{"embeddable":true,"href":"https:\/\/us.edu.pl\/szkola-doktorska\/wp-json\/wp\/v2\/users\/205"}],"replies":[{"embeddable":true,"href":"https:\/\/us.edu.pl\/szkola-doktorska\/wp-json\/wp\/v2\/comments?post=1672"}],"version-history":[{"count":22,"href":"https:\/\/us.edu.pl\/szkola-doktorska\/wp-json\/wp\/v2\/pages\/1672\/revisions"}],"predecessor-version":[{"id":4361,"href":"https:\/\/us.edu.pl\/szkola-doktorska\/wp-json\/wp\/v2\/pages\/1672\/revisions\/4361"}],"up":[{"embeddable":true,"href":"https:\/\/us.edu.pl\/szkola-doktorska\/wp-json\/wp\/v2\/pages\/1443"}],"wp:attachment":[{"href":"https:\/\/us.edu.pl\/szkola-doktorska\/wp-json\/wp\/v2\/media?parent=1672"}],"curies":[{"name":"wp","href":"https:\/\/api.w.org\/{rel}","templated":true}]}}