{"id":1806,"date":"2020-06-08T13:35:58","date_gmt":"2020-06-08T11:35:58","guid":{"rendered":"https:\/\/us.edu.pl\/szkola-doktorska\/?page_id=1806"},"modified":"2020-08-12T16:07:47","modified_gmt":"2020-08-12T14:07:47","slug":"znajdz-promotora-nauki-fizyczne","status":"publish","type":"page","link":"https:\/\/us.edu.pl\/szkola-doktorska\/znajdz-promotora\/znajdz-promotora-nauki-fizyczne\/","title":{"rendered":"znajd\u017a promotora &#8211; nauki fizyczne"},"content":{"rendered":"<p>[vc_row][vc_column]\r\n                <div class=\"text-modules\">\r\n                    <div class=\"container\">\r\n                        \r\n                        <div class=\"text-modules__content\"><p>Poni\u017cej znajduje si\u0119 lista os\u00f3b, kt\u00f3re zadeklarowa\u0142y gotowo\u015b\u0107 pracy jako promotorzy w dyscyplinie fizyki. Promotorem doktoranta w Szkole Doktorskiej mo\u017ce by\u0107 ka\u017cdy pracownik naukowy ze stopniem doktora habilitowanego lub tytu\u0142em profesora, kt\u00f3ry jest aktywny naukowo i jego zainteresowania naukowe s\u0105 zbli\u017cone do plan\u00f3w naukowych doktoranta. Kompletna lista nauczycieli akademickich prowadz\u0105cych badania w dyscyplinie fizyki znajduje si\u0119 na stronie internetowej <a href=\"\/instytut\/ifiz\/\">Instytutu Fizyki<\/a><\/p>\n<p>.<\/p>\n<\/div>\r\n                    <\/div>\r\n                <\/div>\r\n                <div class=\"text-modules \">\r\n                    <div class=\"container\">\r\n                        <h3 class=\"section-title section-title_border-bottom\">dr in\u017c. hab. Karolina Adrjanowicz, prof. U\u015a<\/h3> <h3 class=\"subtitle text-modules__subtitle\">Wydzia\u0142 Nauk \u015acis\u0142ych i Technicznych<\/h3>\r\n                        <div class=\"row m-0\">\r\n                            <div class=\"text-modules__content\">\r\n                                <strong>Dyscypliny:<\/strong><\/p>\n<p>nauki chemiczne<br \/>\nnauki fizyczne<br \/>\nin\u017cynieria materia\u0142owa<\/p>\n<p><strong>Zainteresowania naukowe:<\/strong><\/p>\n<p>glass transition, dielectric spectroscopy, nanoconfinement, thin films, surface effects, high-field, crystallization, molecular dynamics<\/p>\n<p>relaxation dynamics and crystallization behavior of glass-forming systems under high pressure, geometrical nanoconfinement and high electric fields, understanding factors responsible for physical and chemical instability of amorphous materials, developing strategies allowing to control it<\/p>\n<p><strong>Zobacz wi\u0119cej:<\/strong><\/p>\n<p><a href=\"https:\/\/orcid.org\/0000-0003-0212-5010\">ORCID<\/a><\/p>\n<p><a href=\"https:\/\/scholar.google.pl\/citations?user=z1hmFFYAAAAJ&amp;hl=pl\">Google Scholar<\/a><\/p>\n<p><strong>Kontakt<\/strong>:<\/p>\n<p><a href=\"mailto:karolina.adrjanowicz@us.edu.pl\">karolina.adrjanowicz@us.edu.pl<\/a> \r\n                                <div class=\"mt-3\"><\/div>\r\n                            <\/div>\r\n                            \r\n                            \r\n                        <\/div>\r\n                    <\/div>\r\n                <\/div>\r\n                <div class=\"text-modules \">\r\n                    <div class=\"container\">\r\n                        <h3 class=\"section-title section-title_border-bottom\">dr hab. Anna Bajorek, prof. U\u015a<\/h3> <h3 class=\"subtitle text-modules__subtitle\">Wydzia\u0142 Nauk \u015acis\u0142ych i Technicznych<\/h3>\r\n                        <div class=\"row m-0\">\r\n                            <div class=\"text-modules__content\">\r\n                                <strong>Dyscypliny:<\/strong><\/p>\n<p>nauki fizyczne<\/p>\n<p><strong>Zainteresowania naukowe:<\/strong><\/p>\n<p>nanofizyka, nanocz\u0105stki magnetyczne, nanokompozyty, zwi\u0105zki mi\u0119dzymetaliczne, efekt magetokaloryczny, superparamagnetyzm, koralacja struktury elektronowej i w\u0142a\u015bciwo\u015bci magnetycznych, spektroskopia fotoelektron\u00f3w,<\/p>\n<p><strong>Zobacz wi\u0119cej:<\/strong><\/p>\n<p><a href=\"https:\/\/orcid.org\/0000-0001-6393-1361\">ORCID<\/a><\/p>\n<p><a href=\"https:\/\/www.researchgate.net\/profile\/Anna_Bajorek\">ResearchGate<\/a><\/p>\n<p><strong>Kontakt<\/strong>:<\/p>\n<p><a href=\"mailto:anna.bajorek@us.edu.pl\">anna.bajorek@us.edu.pl<\/a> \r\n                                <div class=\"mt-3\"><\/div>\r\n                            <\/div>\r\n                            \r\n                            \r\n                        <\/div>\r\n                    <\/div>\r\n                <\/div>\r\n                <div class=\"text-modules \">\r\n                    <div class=\"container\">\r\n                        <h3 class=\"section-title section-title_border-bottom\">dr hab. Ilona Bednarek, prof. U\u015a<\/h3> <h3 class=\"subtitle text-modules__subtitle\">Wydzia\u0142 Nauk \u015acis\u0142ych i Technicznych<\/h3>\r\n                        <div class=\"row m-0\">\r\n                            <div class=\"text-modules__content\">\r\n                                <strong>Dyscypliny:<\/strong><\/p>\n<p>nauki fizyczne<\/p>\n<p><strong>Zainteresowania naukowe:<\/strong><\/p>\n<p>materia j\u0105drowa, gwiazdy neutronowe, r\u00f3wnania stanu gwiazd neutronowych<\/p>\n<p><strong>Zobacz wi\u0119cej:<\/strong><\/p>\n<p><a href=\"https:\/\/orcid.org\/0000-0002-2963-861X\">ORCID<\/a><\/p>\n<p><a href=\"https:\/\/www.researchgate.net\/profile\/Ilona_Bednarek\">ResearchGate<\/a><\/p>\n<p><strong>Kontakt<\/strong>:<\/p>\n<p><a href=\"mailto:ilona.bednarek@us.edu.pl\">ilona.bednarek@us.edu.pl<\/a> \r\n                                <div class=\"mt-3\"><\/div>\r\n                            <\/div>\r\n                            \r\n                            \r\n                        <\/div>\r\n                    <\/div>\r\n                <\/div>\r\n                <div class=\"text-modules \">\r\n                    <div class=\"container\">\r\n                        <h3 class=\"section-title section-title_border-bottom\">prof. dr hab. Janusz Gluza<\/h3> <h3 class=\"subtitle text-modules__subtitle\">Wydzia\u0142 Nauk \u015acis\u0142ych<\/h3>\r\n                        <div class=\"row m-0\">\r\n                            <div class=\"text-modules__content\">\r\n                                <strong>Dyscypliny:<\/strong><\/p>\n<p>nauki fizyczne<\/p>\n<p><strong>Zainteresowania naukowe:<\/strong><\/p>\n<p>fizyka neutrin, modelele niestandardowe oddzia\u0142ywa\u0144 elementarnych, fizyka niskich energii, precyzyjne obliczenia, akceleratory wysokich energii<\/p>\n<p><strong>Zobacz wi\u0119cej:<\/strong><\/p>\n<p><a href=\"https:\/\/orcid.org\/0000-0002-8709-8076\">ORCID<\/a><\/p>\n<p><a href=\"https:\/\/www.researchgate.net\/profile\/J_Gluza\">ResearchGate<\/a><\/p>\n<p><a href=\"https:\/\/inspirehep.net\/literature?sort=mostrecent&amp;size=25&amp;page=1&amp;q=f%20a%20gluza%2Cj#with-citation-summary\">Inspirehep<\/a><\/p>\n<p><strong>Kontakt<\/strong>:<\/p>\n<p><a href=\"mailto:janusz.gluza@us.edu.pl\">janusz.gluza@us.edu.pl<\/a> \r\n                                <div class=\"mt-3\"><\/div>\r\n                            <\/div>\r\n                            \r\n                            \r\n                        <\/div>\r\n                    <\/div>\r\n                <\/div>\r\n                <div class=\"text-modules \">\r\n                    <div class=\"container\">\r\n                        <h3 class=\"section-title section-title_border-bottom\">dr hab. Jerzy Goraus, prof. U\u015a<\/h3> <h3 class=\"subtitle text-modules__subtitle\">Wydzia\u0142 Nauk \u015acis\u0142ych<\/h3>\r\n                        <div class=\"row m-0\">\r\n                            <div class=\"text-modules__content\">\r\n                                <strong>Dyscypliny:<\/strong><\/p>\n<p>nauki fizyczne<\/p>\n<p><strong>Zainteresowania naukowe:<\/strong><\/p>\n<p>fizyka cia\u0142a sta\u0142ego, in\u017cynieria materia\u0142owa, struktura elektronowa, modelowanie materia\u0142\u00f3w na postawie teorii funkcjonalu g\u0119sto\u015bci, fizyka niskich temperatur, materia\u0142y termoelektryczne, materia\u0142y magnetokaloryczne, niekonwencjonalne p\u00f3lprzewodniki<\/p>\n<p><strong>Zobacz wi\u0119cej:<\/strong><\/p>\n<p><a href=\"https:\/\/orcid.org\/0000-0002-7711-727X\">ORCID<\/a><\/p>\n<p><a href=\"https:\/\/www.researchgate.net\/profile\/Jerzy_Goraus\">ResearchGate<\/a><\/p>\n<p><strong>Kontakt<\/strong>:<\/p>\n<p><a href=\"mailto:jerzy.goraus@us.edu.pl\">jerzy.goraus@us.edu.pl<\/a> \r\n                                <div class=\"mt-3\"><\/div>\r\n                            <\/div>\r\n                            \r\n                            \r\n                        <\/div>\r\n                    <\/div>\r\n                <\/div>\r\n                <div class=\"text-modules \">\r\n                    <div class=\"container\">\r\n                        <h3 class=\"section-title section-title_border-bottom\">prof. dr hab. Jan Kisiel<\/h3> <h3 class=\"subtitle text-modules__subtitle\">Wydzia\u0142 Nauk \u015acis\u0142ych i Technicznych<\/h3>\r\n                        <div class=\"row m-0\">\r\n                            <div class=\"text-modules__content\">\r\n                                <strong>Dyscypliny:<\/strong><\/p>\n<p>nauki fizyczne<\/p>\n<p><strong>Zainteresowania naukowe:<\/strong><\/p>\n<p>fizyka neutrin, podziemne laboratoria fizyki, promieniotw\u00f3rczo\u015b\u0107 naturalna<\/p>\n<p><strong>Zobacz wi\u0119cej:<\/strong><\/p>\n<p><a href=\"https:\/\/orcid.org\/0000-0001-6092-3307\">ORCID<\/a><\/p>\n<p><strong>Kontakt<\/strong>:<\/p>\n<p><a href=\"mailto:jan.kisiel@us.edu.pl\">jan.kisiel@us.edu.pl<\/a> \r\n                                <div class=\"mt-3\"><\/div>\r\n                            <\/div>\r\n                            \r\n                            \r\n                        <\/div>\r\n                    <\/div>\r\n                <\/div>\r\n                <div class=\"text-modules \">\r\n                    <div class=\"container\">\r\n                        <h3 class=\"section-title section-title_border-bottom\">dr hab. in\u017c. Micha\u0142 Mierzwa, prof. U\u015a<\/h3> <h3 class=\"subtitle text-modules__subtitle\">Wydzia\u0142 Nauk \u015acis\u0142ych i Technicznych<\/h3>\r\n                        <div class=\"row m-0\">\r\n                            <div class=\"text-modules__content\">\r\n                                <strong>Dyscypliny:<\/strong><\/p>\n<p>nauki fizyczne<\/p>\n<p><strong>Zainteresowania naukowe:<\/strong><\/p>\n<p>fizyka medyczna, in\u017cynieria biomedyczna, zastosowanie CAD 3D w medycynie<\/p>\n<p><strong>Zobacz wi\u0119cej:<\/strong><\/p>\n<p><a href=\"https:\/\/orcid.org\/0000-0002-6662-2609\">ORCID<\/a><\/p>\n<p><a href=\"https:\/\/www.researchgate.net\/profile\/Michal_Mierzwa\">ResearchGate<\/a><\/p>\n<p><a href=\"https:\/\/scholar.google.com\/citations?user=LEYyciQAAAAJ\">Google Scholar<\/a><\/p>\n<p><strong>Kontakt<\/strong>:<\/p>\n<p><a href=\"mailto:michal.mierzwa@us.edu.pl\">michal.mierzwa@us.edu.pl<\/a> \r\n                                <div class=\"mt-3\"><\/div>\r\n                            <\/div>\r\n                            \r\n                            \r\n                        <\/div>\r\n                    <\/div>\r\n                <\/div>\r\n                <div class=\"text-modules \">\r\n                    <div class=\"container\">\r\n                        <h3 class=\"section-title section-title_border-bottom\">prof. dr hab. Jan S\u0142adkowski<\/h3> <h3 class=\"subtitle text-modules__subtitle\">Wydzia\u0142 Nauk \u015acis\u0142ych i Technicznych<\/h3>\r\n                        <div class=\"row m-0\">\r\n                            <div class=\"text-modules__content\">\r\n                                <strong>Dyscypliny:<\/strong><\/p>\n<p>nauki fizyczne<\/p>\n<p><strong>Zainteresowania naukowe:<\/strong><\/p>\n<p>odzia\u0142ywania fundamentalne, teoria pola, fizyka teoretyczna, teoria gier, ekonofizyka<\/p>\n<p><strong>Zobacz wi\u0119cej:<\/strong><\/p>\n<p><a href=\"https:\/\/orcid.org\/0000-0002-1898-4824\">ORCID<\/a><\/p>\n<p><a href=\"https:\/\/www.researchgate.net\/profile\/Jan_Stadkowski\">ResearchGate<\/a><\/p>\n<p><strong>Kontakt<\/strong>:<\/p>\n<p><a href=\"mailto:jan.sladkowski@us.edu.pl\">jan.sladkowski@us.edu.pl<\/a> \r\n                                <div class=\"mt-3\"><\/div>\r\n                            <\/div>\r\n                            \r\n                            \r\n                        <\/div>\r\n                    <\/div>\r\n                <\/div>\r\n                <div class=\"text-modules \">\r\n                    <div class=\"container\">\r\n                        <h3 class=\"section-title section-title_border-bottom\">dr hab. El\u017cbieta Stephan, prof. U\u015a<\/h3> <h3 class=\"subtitle text-modules__subtitle\">Wydzia\u0142 Nauk \u015acis\u0142ych i Technicznych<\/h3>\r\n                        <div class=\"row m-0\">\r\n                            <div class=\"text-modules__content\">\r\n                                <strong>Dyscypliny:<\/strong><\/p>\n<p>nauki fizyczne<\/p>\n<p><strong>Zainteresowania naukowe:<\/strong><\/p>\n<p>eksperymentalna fizyka j\u0105drowa, badanie oddzia\u0142ywa\u0144 j\u0105drowych, uk\u0142ady kilku nukleon\u00f3w<\/p>\n<p><strong>Zobacz wi\u0119cej:<\/strong><\/p>\n<p><a href=\"https:\/\/orcid.org\/0000-0002-0757-1362\">ORCID<\/a><\/p>\n<p><strong>Kontakt<\/strong>:<\/p>\n<p><a href=\"mailto:elzbieta.stephan@us.edu.pl\">elzbieta.stephan@us.edu.pl<\/a> \r\n                                <div class=\"mt-3\"><\/div>\r\n                            <\/div>\r\n                            \r\n                            \r\n                        <\/div>\r\n                    <\/div>\r\n                <\/div>[\/vc_column][\/vc_row]<\/p>","protected":false},"excerpt":{"rendered":"<p>[vc_row][vc_column][\/vc_column][\/vc_row] [&#8230;]<\/p>\n<p><a class=\"btn btn-secondary understrap-read-more-link\" href=\"https:\/\/us.edu.pl\/szkola-doktorska\/znajdz-promotora\/znajdz-promotora-nauki-fizyczne\/\">Read More&#8230;<\/a><\/p>\n","protected":false},"author":205,"featured_media":0,"parent":1443,"menu_order":0,"comment_status":"closed","ping_status":"closed","template":"page-templates\/page-with-sidebar.php","meta":{"_expiration-date-status":"saved","_expiration-date":0,"_expiration-date-type":"","_expiration-date-categories":[],"_expiration-date-options":[]},"acf":[],"_links":{"self":[{"href":"https:\/\/us.edu.pl\/szkola-doktorska\/wp-json\/wp\/v2\/pages\/1806"}],"collection":[{"href":"https:\/\/us.edu.pl\/szkola-doktorska\/wp-json\/wp\/v2\/pages"}],"about":[{"href":"https:\/\/us.edu.pl\/szkola-doktorska\/wp-json\/wp\/v2\/types\/page"}],"author":[{"embeddable":true,"href":"https:\/\/us.edu.pl\/szkola-doktorska\/wp-json\/wp\/v2\/users\/205"}],"replies":[{"embeddable":true,"href":"https:\/\/us.edu.pl\/szkola-doktorska\/wp-json\/wp\/v2\/comments?post=1806"}],"version-history":[{"count":20,"href":"https:\/\/us.edu.pl\/szkola-doktorska\/wp-json\/wp\/v2\/pages\/1806\/revisions"}],"predecessor-version":[{"id":3827,"href":"https:\/\/us.edu.pl\/szkola-doktorska\/wp-json\/wp\/v2\/pages\/1806\/revisions\/3827"}],"up":[{"embeddable":true,"href":"https:\/\/us.edu.pl\/szkola-doktorska\/wp-json\/wp\/v2\/pages\/1443"}],"wp:attachment":[{"href":"https:\/\/us.edu.pl\/szkola-doktorska\/wp-json\/wp\/v2\/media?parent=1806"}],"curies":[{"name":"wp","href":"https:\/\/api.w.org\/{rel}","templated":true}]}}