{"id":1927,"date":"2020-06-09T11:49:03","date_gmt":"2020-06-09T09:49:03","guid":{"rendered":"https:\/\/us.edu.pl\/szkola-doktorska\/?page_id=1927"},"modified":"2020-06-29T12:57:36","modified_gmt":"2020-06-29T10:57:36","slug":"znajdz-promotora-nauki-o-polityce-i-administracji","status":"publish","type":"page","link":"https:\/\/us.edu.pl\/szkola-doktorska\/znajdz-promotora\/znajdz-promotora-nauki-o-polityce-i-administracji\/","title":{"rendered":"znajd\u017a promotora &#8211; nauki o polityce i administracji"},"content":{"rendered":"<p>[vc_row][vc_column]\r\n                <div class=\"text-modules \">\r\n                    <div class=\"container\">\r\n                         \r\n                        <div class=\"row m-0\">\r\n                            <div class=\"text-modules__content\">\r\n                                 \r\n                                <div class=\"mt-3\"><\/div>\r\n                            <\/div>\r\n                            \r\n                            \r\n                        <\/div>\r\n                    <\/div>\r\n                <\/div>\r\n                <div class=\"text-modules\">\r\n                    <div class=\"container\">\r\n                        \r\n                        <div class=\"text-modules__content\"><p>Poni\u017cej znajduje si\u0119 lista os\u00f3b, kt\u00f3re zadeklarowa\u0142y gotowo\u015b\u0107 pracy jako promotorzy w dyscyplinie nauki o polityce i administracji. Promotorem doktoranta w Szkole Doktorskiej mo\u017ce by\u0107 ka\u017cdy pracownik naukowy ze stopniem doktora habilitowanego lub tytu\u0142em profesora, kt\u00f3ry jest aktywny naukowo i jego zainteresowania naukowe s\u0105 zbli\u017cone do plan\u00f3w naukowych doktoranta. Kompletna lista nauczycieli akademickich prowadz\u0105cych badania w dyscyplinie nauki o polityce i administracji znajduje si\u0119 na stronie internetowej <a href=\"\/instytut\/inp\/\">Instytutu Nauk Politycznych<\/a>.<\/p>\n<\/div>\r\n                    <\/div>\r\n                <\/div>\r\n                <div class=\"text-modules \">\r\n                    <div class=\"container\">\r\n                        <h3 class=\"section-title section-title_border-bottom\">prof. dr hab. Marek Bara\u0144ski<\/h3> <h3 class=\"subtitle text-modules__subtitle\">Wydzia\u0142 Nauk Spo\u0142ecznych<\/h3>\r\n                        <div class=\"row m-0\">\r\n                            <div class=\"text-modules__content\">\r\n                                <strong>Dyscypliny:<\/strong><\/p>\n<p>nauki o polityce i administracji<\/p>\n<p><strong>Zainteresowania naukowe:<\/strong><\/p>\n<p>europejskie systemy polityczne, samorz\u0105d terytorialny, demokracja, zr\u00f3wnowa\u017cony rozw\u00f3j<\/p>\n<p><strong>Zobacz wi\u0119cej:<\/strong><\/p>\n<p><a href=\"https:\/\/orcid.org\/0000-0002-6986-7994\">ORCID<\/a><\/p>\n<p><strong>Kontakt<\/strong>:<\/p>\n<p><a href=\"mailto:marek.baranski@us.edu.pl\">marek.baranski@us.edu.pl<\/a> \r\n                                <div class=\"mt-3\"><\/div>\r\n                            <\/div>\r\n                            \r\n                            \r\n                        <\/div>\r\n                    <\/div>\r\n                <\/div>\r\n                <div class=\"text-modules \">\r\n                    <div class=\"container\">\r\n                        <h3 class=\"section-title section-title_border-bottom\">dr hab. Anna Czy\u017c, prof. U\u015a<\/h3> <h3 class=\"subtitle text-modules__subtitle\">Wydzia\u0142 Nauk Spo\u0142ecznych<\/h3>\r\n                        <div class=\"row m-0\">\r\n                            <div class=\"text-modules__content\">\r\n                                <strong>Dyscypliny:<\/strong><\/p>\n<p>nauki o polityce i administracji<\/p>\n<p><strong>Zainteresowania naukowe:<\/strong><\/p>\n<p>stosunki mi\u0119dzynarodowe, systemy polityczne pa\u0144stw Europy \u015arodkowo-Wschodniej, Grupa Wyszehradzka, obszar postradziecki, samorz\u0105d terytorialny<\/p>\n<p><strong>Zobacz wi\u0119cej:<\/strong><\/p>\n<p><a href=\"https:\/\/orcid.org\/0000-0003-2534-0733\">ORCID<\/a><\/p>\n<p><a href=\"https:\/\/www.researchgate.net\/profile\/Anna_Czyz5\">ResearchGate<\/a><\/p>\n<p><strong>Kontakt<\/strong>:<\/p>\n<p><a href=\"mailto:anna.czyz@us.edu.pl\">anna.czyz@us.edu.pl<\/a> \r\n                                <div class=\"mt-3\"><\/div>\r\n                            <\/div>\r\n                            \r\n                            \r\n                        <\/div>\r\n                    <\/div>\r\n                <\/div>\r\n                <div class=\"text-modules \">\r\n                    <div class=\"container\">\r\n                        <h3 class=\"section-title section-title_border-bottom\">dr hab. Ma\u0142gorzata My\u015bliwiec, prof. U\u015a<\/h3> <h3 class=\"subtitle text-modules__subtitle\">Wydzia\u0142 Nauk Spo\u0142ecznych<\/h3>\r\n                        <div class=\"row m-0\">\r\n                            <div class=\"text-modules__content\">\r\n                                <strong>Dyscypliny:<\/strong><\/p>\n<p>nauki o polityce i administracji<\/p>\n<p><strong>Zainteresowania naukowe:<\/strong><\/p>\n<p>systemy polityczne, systemy partyjne, regionalizm, mniejszo\u015bci etniczne, decentralizacja, administracja publiczna, Hiszpania, procesy polityczne w basenie Morza \u015ar\u00f3dziemnego<\/p>\n<p><strong>Zobacz wi\u0119cej:<\/strong><\/p>\n<p><a href=\"https:\/\/orcid.org\/0000-0002-7149-6977\">ORCID<\/a><\/p>\n<p><a href=\"https:\/\/www.researchgate.net\/profile\/Matgorzata_Mysliwiec\">ResearchGate<\/a><\/p>\n<p><a href=\"https:\/\/nauka-polska.pl\/#\/profile\/scientist?id=108489&amp;_k=fbt0ph\">Naukapolska<\/a><\/p>\n<p><strong>Kontakt<\/strong>:<\/p>\n<p><a href=\"mailto:malgorzata.mysliwiec@us.edu.pl\">malgorzata.mysliwiec@us.edu.pl<\/a> \r\n                                <div class=\"mt-3\"><\/div>\r\n                            <\/div>\r\n                            \r\n                            \r\n                        <\/div>\r\n                    <\/div>\r\n                <\/div>\r\n                <div class=\"text-modules \">\r\n                    <div class=\"container\">\r\n                        <h3 class=\"section-title section-title_border-bottom\">dr hab. Robert Pyka, prof. U\u015a<\/h3> <h3 class=\"subtitle text-modules__subtitle\">Wydzia\u0142 Nauk Spo\u0142ecznych<\/h3>\r\n                        <div class=\"row m-0\">\r\n                            <div class=\"text-modules__content\">\r\n                                <strong>Dyscypliny:<\/strong><\/p>\n<p>nauki o polityce i administracji<\/p>\n<p>nauki socjologiczne<\/p>\n<p><strong>Zainteresowania naukowe:<\/strong><\/p>\n<p>rozw\u00f3j terytorialny, metropolie, obszary metropolitalne, governance, samorz\u0105d terytorialny, reformy administracji terytorialnej, wyzwania globalizacji, przysz\u0142o\u015b\u0107 demokracji, problematyka z\u0142o\u017cono\u015bci<\/p>\n<p><strong>Zobacz wi\u0119cej:<\/strong><\/p>\n<p><a href=\"https:\/\/orcid.org\/0000-0001-6690-9207\">ORCID<\/a><\/p>\n<p><a href=\"http:\/\/www.researchgate.net\/profile\/Robert_Pyka\">ResearchGate<\/a><\/p>\n<p><strong>Kontakt<\/strong>:<\/p>\n<p><a href=\"mailto:robert.pyka@us.edu.pl\">robert.pyka@us.edu.pl<\/a> \r\n                                <div class=\"mt-3\"><\/div>\r\n                            <\/div>\r\n                            \r\n                            \r\n                        <\/div>\r\n                    <\/div>\r\n                <\/div>\r\n                <div class=\"text-modules \">\r\n                    <div class=\"container\">\r\n                        <h3 class=\"section-title section-title_border-bottom\">dr hab. Agnieszka Turska-Kawa, prof. U\u015a<\/h3> <h3 class=\"subtitle text-modules__subtitle\">Wydzia\u0142 Nauk Spo\u0142ecznych<\/h3>\r\n                        <div class=\"row m-0\">\r\n                            <div class=\"text-modules__content\">\r\n                                <strong>Dyscypliny:<\/strong><\/p>\n<p>nauki o polityce i administracji<\/p>\n<p><strong>Zainteresowania naukowe:<\/strong><\/p>\n<p>zachowania polityczne, spo\u0142ecze\u0144stwo obywatelskie, psychologia polityki, korupcja, przyw\u00f3dztwo polityczne, depolityzacja<\/p>\n<p><strong>Zobacz wi\u0119cej:<\/strong><\/p>\n<p><a href=\"https:\/\/orcid.org\/0000-0002-2748-7037\">ORCID<\/a><\/p>\n<p><a href=\"https:\/\/www.researchgate.net\/profile\/Agnieszka_Turska-Kawa\">ResearchGate<\/a><\/p>\n<p><a href=\"https:\/\/scholar.google.pl\/citations?user=xLhg54sAAAAJ&amp;hl=pl\">Google Scholar<\/a><\/p>\n<p><strong>Kontakt<\/strong>:<\/p>\n<p><a href=\"mailto:agnieszka.turska-kawa@us.edu.pl\">agnieszka.turska-kawa@us.edu.pl<\/a> \r\n                                <div class=\"mt-3\"><\/div>\r\n                            <\/div>\r\n                            \r\n                            \r\n                        <\/div>\r\n                    <\/div>\r\n                <\/div>[\/vc_column][\/vc_row]<\/p>","protected":false},"excerpt":{"rendered":"<p>[vc_row][vc_column][\/vc_column][\/vc_row] [&#8230;]<\/p>\n<p><a class=\"btn btn-secondary understrap-read-more-link\" href=\"https:\/\/us.edu.pl\/szkola-doktorska\/znajdz-promotora\/znajdz-promotora-nauki-o-polityce-i-administracji\/\">Read More&#8230;<\/a><\/p>\n","protected":false},"author":205,"featured_media":0,"parent":1443,"menu_order":0,"comment_status":"closed","ping_status":"closed","template":"page-templates\/page-with-sidebar.php","meta":{"_expiration-date-status":"saved","_expiration-date":0,"_expiration-date-type":"","_expiration-date-categories":[],"_expiration-date-options":[]},"acf":[],"_links":{"self":[{"href":"https:\/\/us.edu.pl\/szkola-doktorska\/wp-json\/wp\/v2\/pages\/1927"}],"collection":[{"href":"https:\/\/us.edu.pl\/szkola-doktorska\/wp-json\/wp\/v2\/pages"}],"about":[{"href":"https:\/\/us.edu.pl\/szkola-doktorska\/wp-json\/wp\/v2\/types\/page"}],"author":[{"embeddable":true,"href":"https:\/\/us.edu.pl\/szkola-doktorska\/wp-json\/wp\/v2\/users\/205"}],"replies":[{"embeddable":true,"href":"https:\/\/us.edu.pl\/szkola-doktorska\/wp-json\/wp\/v2\/comments?post=1927"}],"version-history":[{"count":9,"href":"https:\/\/us.edu.pl\/szkola-doktorska\/wp-json\/wp\/v2\/pages\/1927\/revisions"}],"predecessor-version":[{"id":2982,"href":"https:\/\/us.edu.pl\/szkola-doktorska\/wp-json\/wp\/v2\/pages\/1927\/revisions\/2982"}],"up":[{"embeddable":true,"href":"https:\/\/us.edu.pl\/szkola-doktorska\/wp-json\/wp\/v2\/pages\/1443"}],"wp:attachment":[{"href":"https:\/\/us.edu.pl\/szkola-doktorska\/wp-json\/wp\/v2\/media?parent=1927"}],"curies":[{"name":"wp","href":"https:\/\/api.w.org\/{rel}","templated":true}]}}