{"id":1966,"date":"2020-06-09T12:40:40","date_gmt":"2020-06-09T10:40:40","guid":{"rendered":"https:\/\/us.edu.pl\/szkola-doktorska\/?page_id=1966"},"modified":"2020-09-27T12:24:06","modified_gmt":"2020-09-27T10:24:06","slug":"znajdz-promotora-nauki-o-komunikacji-spolecznej-i-mediach","status":"publish","type":"page","link":"https:\/\/us.edu.pl\/szkola-doktorska\/znajdz-promotora\/znajdz-promotora-nauki-o-komunikacji-spolecznej-i-mediach\/","title":{"rendered":"znajd\u017a promotora &#8211; nauki o komunikacji spo\u0142ecznej i mediach"},"content":{"rendered":"<p>[vc_row][vc_column]\r\n                <div class=\"text-modules \">\r\n                    <div class=\"container\">\r\n                         \r\n                        <div class=\"row m-0\">\r\n                            <div class=\"text-modules__content\">\r\n                                 \r\n                                <div class=\"mt-3\"><\/div>\r\n                            <\/div>\r\n                            \r\n                            \r\n                        <\/div>\r\n                    <\/div>\r\n                <\/div>\r\n                <div class=\"text-modules\">\r\n                    <div class=\"container\">\r\n                        \r\n                        <div class=\"text-modules__content\"><p>Poni\u017cej znajduje si\u0119 lista os\u00f3b, kt\u00f3re zadeklarowa\u0142y gotowo\u015b\u0107 pracy jako promotorzy w dyscyplinie nauki o komunikacji spo\u0142ecznej i mediach. Promotorem doktoranta w Szkole Doktorskiej mo\u017ce by\u0107 ka\u017cdy pracownik naukowy ze stopniem doktora habilitowanego lub tytu\u0142em profesora, kt\u00f3ry jest aktywny naukowo i jego zainteresowania naukowe s\u0105 zbli\u017cone do plan\u00f3w naukowych doktoranta. Kompletna lista nauczycieli akademickich prowadz\u0105cych badania w dyscyplinie nauki o komunikacji spo\u0142ecznej i mediach znajduje si\u0119 na stronie internetowej <a href=\"\/instytut\/idkm\/\">Instytutu Dziennikarstwa i Komunikacji Medialnej<\/a>.<\/p>\n<\/div>\r\n                    <\/div>\r\n                <\/div>\r\n                <div class=\"text-modules \">\r\n                    <div class=\"container\">\r\n                        <h3 class=\"section-title section-title_border-bottom\">dr hab. Krystyna Doktorowicz, prof. U\u015a<\/h3> <h3 class=\"subtitle text-modules__subtitle\">Szko\u0142a Filmowa<\/h3>\r\n                        <div class=\"row m-0\">\r\n                            <div class=\"text-modules__content\">\r\n                                <strong>Dyscypliny:<\/strong><\/p>\n<p>nauki o komunikacji spo\u0142ecznej i mediach<\/p>\n<p>sztuki filmowe i teatralne<\/p>\n<p><strong>Zainteresowania naukowe:<\/strong><\/p>\n<p>media, dziennikarstwo, produkcja filmowa i telewizyjna<\/p>\n<p><strong>Zobacz wi\u0119cej:<\/strong><\/p>\n<p>&nbsp;<\/p>\n<p><strong>Kontakt<\/strong>:<\/p>\n<p><a href=\"mailto:krystyna.doktorowicz@us.edu.pl\">krystyna.doktorowicz@us.edu.pl<\/a> \r\n                                <div class=\"mt-3\"><\/div>\r\n                            <\/div>\r\n                            \r\n                            \r\n                        <\/div>\r\n                    <\/div>\r\n                <\/div>\r\n                <div class=\"text-modules \">\r\n                    <div class=\"container\">\r\n                        <h3 class=\"section-title section-title_border-bottom\">dr hab. Damian Guzek, prof. U\u015a<\/h3> <h3 class=\"subtitle text-modules__subtitle\">Wydzia\u0142 Nauk Spo\u0142ecznych<\/h3>\r\n                        <div class=\"row m-0\">\r\n                            <div class=\"text-modules__content\">\r\n                                <strong>Dyscypliny:<\/strong><\/p>\n<p>nauki o komunikacji spo\u0142ecznej i mediach<\/p>\n<p><strong>Zainteresowania naukowe:<\/strong><\/p>\n<p>media, religia i polityka; kartografia informacji; media w \u015brodowisku cyfrowym; odbi\u00f3r i u\u017cytkowanie medi\u00f3w; to\u017csamo\u015b\u0107 cyfrowa; religia w \u015brodowisku cyfrowym<\/p>\n<p><strong>Zobacz wi\u0119cej:<\/strong><\/p>\n<p><a href=\"https:\/\/orcid.org\/0000-0002-8138-8128\">ORCID<\/a><\/p>\n<p><a href=\"https:\/\/www.researchgate.net\/profile\/Damian_Guzek\">Researchgate<\/a><\/p>\n<p><strong>Kontakt<\/strong>:<\/p>\n<p><a href=\"mailto:damian.guzek@us.edu.pl\">damian.guzek@us.edu.pl<\/a> \r\n                                <div class=\"mt-3\"><\/div>\r\n                            <\/div>\r\n                            \r\n                            \r\n                        <\/div>\r\n                    <\/div>\r\n                <\/div>\r\n                <div class=\"text-modules \">\r\n                    <div class=\"container\">\r\n                        <h3 class=\"section-title section-title_border-bottom\">prof. dr hab. Dariusz Rott<\/h3> <h3 class=\"subtitle text-modules__subtitle\">Wydzia\u0142 Humanistyczny<\/h3>\r\n                        <div class=\"row m-0\">\r\n                            <div class=\"text-modules__content\">\r\n                                <strong>Dyscypliny:<\/strong><\/p>\n<p>literaturoznawstwo<\/p>\n<p>nauki o komunikacji spo\u0142ecznej i mediach<\/p>\n<p><strong>Zainteresowania naukowe:<\/strong><\/p>\n<p>kultura literacja dawnej Polski, polsko-czeskie zwi\u0105zku literackie do XVII w., reporta\u017c podr\u00f3\u017cniczy, rzecznictwo prasowe, pi\u015bmiennictwo regionalne na \u015al\u0105sku, wsp\u00f3\u0142czesne polskie pi\u015bmiennictwo dotycz\u0105ce Islandii, Rosji i Ukrainy<\/p>\n<p><strong>Zobacz wi\u0119cej:<\/strong><\/p>\n<p><a href=\"https:\/\/orcid.org\/0000-0001-5171-2794\">ORCID<\/a><\/p>\n<p><a href=\"https:\/\/www.researchgate.net\/profile\/Dariusz_Rott\">ResearchGate<\/a><\/p>\n<p><a href=\"https:\/\/scholar.google.com\/citations?hl=en&amp;user=uI11WiwAAAAJ\">Google_Scholar<\/a><\/p>\n<p><strong>Kontakt<\/strong>:<\/p>\n<p><a href=\"mailto:dariusz.rott@us.edu.pl\">dariusz.rott@us.edu.pl<\/a> \r\n                                <div class=\"mt-3\"><\/div>\r\n                            <\/div>\r\n                            \r\n                            \r\n                        <\/div>\r\n                    <\/div>\r\n                <\/div>\r\n                <div class=\"text-modules \">\r\n                    <div class=\"container\">\r\n                        <h3 class=\"section-title section-title_border-bottom\">dr hab. Eugenia Smyrnova-Trybulska, prof. U\u015a<\/h3> <h3 class=\"subtitle text-modules__subtitle\">Wydzia\u0142 Sztuki i Nauk o Edukacji<\/h3>\r\n                        <div class=\"row m-0\">\r\n                            <div class=\"text-modules__content\">\r\n                                <strong>Dyscypliny:<\/strong><\/p>\n<p>nauki o komunikacji spo\u0142ecznej i mediach<\/p>\n<p>pedagogika<\/p>\n<p><strong>Zainteresowania naukowe:<\/strong><\/p>\n<p>e-learning, kompetencje cyfrowe, multimedia, ICT w edukacji, szkolenie nauczycieli, kszta\u0142cenie na odleg\u0142o\u015b\u0107, STEM, STEAM, robotyka w edukacji, SMART uniwersytet, aplikacje edukacyjne, innowacyjne metody nauczania i uczenia si\u0119<\/p>\n<p><strong>Zobacz wi\u0119cej:<\/strong><\/p>\n<p><a href=\"https:\/\/orcid.org\/0000-0003-1227-014X\">ORCID<\/a><\/p>\n<p><a href=\"https:\/\/www.researchgate.net\/profile\/Eugenia_Smyrnova-Trybulska\">ResearchGate<\/a><\/p>\n<p><a href=\"https:\/\/scholar.google.com\/citations?user=o-k9zQkAAAAJ\">Google Scholar<\/a><\/p>\n<p><strong>Kontakt<\/strong>:<\/p>\n<p><a href=\"mailto:esmyrnova@us.edu.pl\">esmyrnova@us.edu.pl<\/a> \r\n                                <div class=\"mt-3\"><\/div>\r\n                            <\/div>\r\n                            \r\n                            \r\n                        <\/div>\r\n                    <\/div>\r\n                <\/div>[\/vc_column][\/vc_row]<\/p>","protected":false},"excerpt":{"rendered":"<p>[vc_row][vc_column][\/vc_column][\/vc_row] [&#8230;]<\/p>\n<p><a class=\"btn btn-secondary understrap-read-more-link\" href=\"https:\/\/us.edu.pl\/szkola-doktorska\/znajdz-promotora\/znajdz-promotora-nauki-o-komunikacji-spolecznej-i-mediach\/\">Read More&#8230;<\/a><\/p>\n","protected":false},"author":205,"featured_media":0,"parent":1443,"menu_order":0,"comment_status":"closed","ping_status":"closed","template":"page-templates\/page-with-sidebar.php","meta":{"_expiration-date-status":"saved","_expiration-date":0,"_expiration-date-type":"","_expiration-date-categories":[],"_expiration-date-options":[]},"acf":[],"_links":{"self":[{"href":"https:\/\/us.edu.pl\/szkola-doktorska\/wp-json\/wp\/v2\/pages\/1966"}],"collection":[{"href":"https:\/\/us.edu.pl\/szkola-doktorska\/wp-json\/wp\/v2\/pages"}],"about":[{"href":"https:\/\/us.edu.pl\/szkola-doktorska\/wp-json\/wp\/v2\/types\/page"}],"author":[{"embeddable":true,"href":"https:\/\/us.edu.pl\/szkola-doktorska\/wp-json\/wp\/v2\/users\/205"}],"replies":[{"embeddable":true,"href":"https:\/\/us.edu.pl\/szkola-doktorska\/wp-json\/wp\/v2\/comments?post=1966"}],"version-history":[{"count":15,"href":"https:\/\/us.edu.pl\/szkola-doktorska\/wp-json\/wp\/v2\/pages\/1966\/revisions"}],"predecessor-version":[{"id":4051,"href":"https:\/\/us.edu.pl\/szkola-doktorska\/wp-json\/wp\/v2\/pages\/1966\/revisions\/4051"}],"up":[{"embeddable":true,"href":"https:\/\/us.edu.pl\/szkola-doktorska\/wp-json\/wp\/v2\/pages\/1443"}],"wp:attachment":[{"href":"https:\/\/us.edu.pl\/szkola-doktorska\/wp-json\/wp\/v2\/media?parent=1966"}],"curies":[{"name":"wp","href":"https:\/\/api.w.org\/{rel}","templated":true}]}}